{"id":73,"date":"2017-07-03T15:52:08","date_gmt":"2017-07-03T13:52:08","guid":{"rendered":"https:\/\/www.hsu-hh.de\/vorlage\/?page_id=73"},"modified":"2024-01-19T08:38:09","modified_gmt":"2024-01-19T07:38:09","slug":"startseite","status":"publish","type":"page","link":"https:\/\/www.hsu-hh.de\/mb\/","title":{"rendered":"Willkommen in der Fakult\u00e4t f\u00fcr Maschinenbau und Bauingenieurwesen"},"content":{"rendered":"<p style=\"text-align: justify\">Der Fakult\u00e4t f\u00fcr Maschinenbau und Bauingenieurwesen geh\u00f6ren derzeit mehr als 25 Professuren an, die sich aus Gr\u00fcnden der F\u00e4cherstruktur und auch der Arbeitseffizienz vielfach zu <a href=\"https:\/\/www.hsu-hh.de\/mb\/institute\/\">Instituten<\/a> zusammengeschlossen haben. Die Fakult\u00e4t ist verantwortlich f\u00fcr den <a href=\"https:\/\/www.hsu-hh.de\/mb\/studium\/\">Bachelor-Studiengang Maschinenbau<\/a> und f\u00fcr vier darauf aufbauende <a href=\"https:\/\/www.hsu-hh.de\/mb\/studium\/\">Master-Studieng\u00e4nge<\/a> im Maschinenbau. Dar\u00fcber hinaus verantwortet die Fakult\u00e4t den <a href=\"https:\/\/www.hsu-hh.de\/mb\/studium\">Bachelor<\/a>&#8211; und <a href=\"https:\/\/www.hsu-hh.de\/mb\/studium\">Master-Studiengang<\/a> <a href=\"https:\/\/www.hsu-hh.de\/mb\/studium\">Bauingenieurwesen<\/a>. Sie wirkt au\u00dferdem im <a href=\"https:\/\/www.hsu-hh.de\/sbawi\">Studiengang Wirtschaftsingenieurwesen<\/a> mit. Zivile Studieninteressierte k\u00f6nnen sich auf der Seite des <a href=\"https:\/\/www.hsu-hh.de\/hsm\">Hochschulmarketings<\/a> \u00fcber Kooperationsangebote (u. a. Wasserstra\u00dfen- und Schifffahrtsverwaltung, Autobahn <abbr title=\"Gesellschaft mit beschr\u00e4nkter Haftung\">GmbH<\/abbr>, Deutsche Bahn) informieren.<\/p>\n<hr \/>\n<div class=\"content-block3\">\n<h2 style=\"text-align: center\">Fakult\u00e4t<\/h2>\n<hr \/>\n<p style=\"text-align: center\"><a href=\"https:\/\/www.hsu-hh.de\/mb\/ueberblick\">\u00dcberblick<\/a><br \/>\n<a href=\"https:\/\/www.hsu-hh.de\/mb\/institute\/\">Institute und Professuren<\/a><br \/>\n<a href=\"https:\/\/www.hsu-hh.de\/fkvmb\">Fakult\u00e4tsverwaltung<\/a><br \/>\n<a href=\"https:\/\/www.hsu-hh.de\/mb\/kontakt\">Kontakt<\/a><\/p>\n<\/div>\n<div class=\"content-block3\">\n<h2 style=\"text-align: center\">Studium<\/h2>\n<hr \/>\n<p style=\"text-align: center\"><a href=\"https:\/\/www.hsu-hh.de\/mb\/studium\/\"> Informationen f\u00fcr Studieninteressierte<\/a><br \/>\n<a href=\"https:\/\/www.hsu-hh.de\/mb\/studium\/\">Studienpl\u00e4ne<\/a><br \/>\n<a href=\"https:\/\/www.hsu-hh.de\/mb\/studium\/\">Modulhandb\u00fccher<\/a><br \/>\n<a href=\"https:\/\/www.hsu-hh.de\/mb\/studium\/\">Ordnungen<\/a><br \/>\n<a href=\"https:\/\/www.hsu-hh.de\/mb\/studium\/\">Formulare<\/a><\/p>\n<\/div>\n<div class=\"content-block3\">\n<h2 style=\"text-align: center\">Forschung<\/h2>\n<hr \/>\n<p style=\"text-align: center\"><a href=\"https:\/\/www.hsu-hh.de\/mb\/forschung\/\">Forschung der Professuren<\/a><br \/>\n<a href=\"https:\/\/www.hsu-hh.de\/mb\/forschung\/\">Nachhaltige Energieversorgung<\/a><br \/>\n<a href=\"https:\/\/www.hsu-hh.de\/mb\/forschung\/\">Promotion und Habilitation<\/a><\/p>\n<\/div>\n","protected":false},"excerpt":{"rendered":"<p>Der Fakult\u00e4t f\u00fcr Maschinenbau und Bauingenieurwesen geh\u00f6ren derzeit mehr als 25 Professuren an, die sich aus Gr\u00fcnden der F\u00e4cherstruktur und auch der Arbeitseffizienz vielfach zu Instituten zusammengeschlossen haben. Die Fakult\u00e4t [&hellip;]<\/p>\n","protected":false},"author":1,"featured_media":0,"parent":0,"menu_order":0,"comment_status":"closed","ping_status":"closed","template":"","meta":{"footnotes":""},"categories":[35],"tags":[],"class_list":["post-73","page","type-page","status-publish","hentry","category-startseite"],"_links":{"self":[{"href":"https:\/\/www.hsu-hh.de\/mb\/wp-json\/wp\/v2\/pages\/73","targetHints":{"allow":["GET"]}}],"collection":[{"href":"https:\/\/www.hsu-hh.de\/mb\/wp-json\/wp\/v2\/pages"}],"about":[{"href":"https:\/\/www.hsu-hh.de\/mb\/wp-json\/wp\/v2\/types\/page"}],"author":[{"embeddable":true,"href":"https:\/\/www.hsu-hh.de\/mb\/wp-json\/wp\/v2\/users\/1"}],"replies":[{"embeddable":true,"href":"https:\/\/www.hsu-hh.de\/mb\/wp-json\/wp\/v2\/comments?post=73"}],"version-history":[{"count":55,"href":"https:\/\/www.hsu-hh.de\/mb\/wp-json\/wp\/v2\/pages\/73\/revisions"}],"predecessor-version":[{"id":537,"href":"https:\/\/www.hsu-hh.de\/mb\/wp-json\/wp\/v2\/pages\/73\/revisions\/537"}],"wp:attachment":[{"href":"https:\/\/www.hsu-hh.de\/mb\/wp-json\/wp\/v2\/media?parent=73"}],"wp:term":[{"taxonomy":"category","embeddable":true,"href":"https:\/\/www.hsu-hh.de\/mb\/wp-json\/wp\/v2\/categories?post=73"},{"taxonomy":"post_tag","embeddable":true,"href":"https:\/\/www.hsu-hh.de\/mb\/wp-json\/wp\/v2\/tags?post=73"}],"curies":[{"name":"wp","href":"https:\/\/api.w.org\/{rel}","templated":true}]}}