{"id":685,"date":"2024-01-05T12:15:54","date_gmt":"2024-01-05T11:15:54","guid":{"rendered":"https:\/\/mig.hsu-hh.de\/mb\/?page_id=685"},"modified":"2025-06-16T10:15:40","modified_gmt":"2025-06-16T08:15:40","slug":"informationen-des-staendigen-promotionsausschusses-der-fakultaet-fuer-maschinenbau-und-bauingenieurwesen-zur-promotionsordnung-und-zum-zulassungsprozedere-2","status":"publish","type":"page","link":"https:\/\/www.hsu-hh.de\/mb\/informationen-des-staendigen-promotionsausschusses-der-fakultaet-fuer-maschinenbau-und-bauingenieurwesen-zur-promotionsordnung-und-zum-zulassungsprozedere-2","title":{"rendered":"Informationen des St\u00e4ndigen Promotionsausschusses der Fakult\u00e4t f\u00fcr Maschinenbau und Bauingenieurwesen zur Promotionsordnung und zum Zulassungsprozedere"},"content":{"rendered":"\n<p>F\u00fcr Promotionsverfahren, die zwischen 24.03.2021 bis 20.12.23 gem\u00e4\u00df \u00a74 begonnen wurden, gilt die <a href=\"https:\/\/www.hsu-hh.de\/asv\/wp-content\/uploads\/sites\/776\/2021\/05\/PromO-MB_2021_fuer_HSAHomepage.pdf\">Promotionsordnung in der Fassung vom 22.03.2021<\/a>. F\u00fcr Promotionen von Antragstellenden, die ab dem 21.12.23 als Besch\u00e4ftigte eingestellt wurden oder als Externe die Annahme als Doktorand*in beantragten wollen, gilt die <a href=\"http:\/\/hsu-hh.de\/asv\/wp-content\/uploads\/sites\/776\/2023\/12\/PromO-MBIW_Neufassung_in_Kraft_getreten_21.12.2023.pdf\" rel='nofollow'>Promotionsordnung in der Fassung vom 20.12.2023<\/a>. Antragstellende, die bereits vor dem 23.03.21 an der <abbr title=\"Helmut Schmidt Universit\u00e4t\">HSU<\/abbr> besch\u00e4ftigt wurden, unterliegen der <a href=\"https:\/\/www.hsu-hh.de\/asv\/wp-content\/uploads\/sites\/776\/2018\/02\/PromO_MB_Lesefassung_2015_asv.pdf\">Promotionsordnung in der Fassung vom 21.08.2015<\/a>.<\/p>\n\n\n\n<p><\/p>\n\n\n\n<p>Wissenschaftliche Mitarbeiterinnen und Mitarbeiter sowie externe Doktorandinnen und Doktoranden m\u00fcssen auf dem Weg zur Promotion definierte Vorg\u00e4nge und Fristen einhalten. Hierzu z\u00e4hlt u. a. die Zulassung zur Promotion sowie nach erfolgreicher Anfertigung der Dissertation die Er\u00f6ffnung des Promotionsverfahrens. Z.B. m\u00fcssen Doktorand*in nach Fassung der Promotionsordnung vom 22.3.2021 und 20.12.2023 mindestens 2 Jahre vor der Er\u00f6ffnung des Promotionsverfahren als Doktorand*in angenommen worden sein. Stellen Sie bitte daher rechtzeitig den erforderlichen Antrag. <\/p>\n\n\n\n<p>Bitte kontaktieren Sie als ersten Schritt und zum Erhalt der richtigen Formulare zun\u00e4chst Frau Dorka \u00fcber <a href=\"mailto:promotionsausschuss-mb-biw@hsu-hh.de\" target=\"_blank\" rel=\"noreferrer noopener\">promotionsausschuss-mb-biw@hsu-hh.de<\/a><\/p>\n\n\n\n<p><\/p>\n\n\n\n<p><strong>Abschlussgrad (<abbr title=\"Doktor\">Dr.<\/abbr>\u2013<abbr title=\"Ingenieur\">Ing.<\/abbr>, <abbr title=\"Doktor\">Dr.<\/abbr> <abbr title=\"rerum\">rer.<\/abbr> nat.):<\/strong><\/p>\n\n\n\n<ul class=\"wp-block-list\">\n<li>Die Kriterien sind in den Zulassungsvoraussetzungen (\u00a73) geregelt.<\/li>\n\n\n\n<li>Es ist zu beachten, dass <abbr title=\"gegebenenfalls\">ggf.<\/abbr> Auflagen zu erf\u00fcllen sind, wenn beispielsweise ein naturwissenschaftliches Studium absolviert wurde, aber ein <abbr title=\"Doktor\">Dr.<\/abbr>\u2013<abbr title=\"Ingenieur\">Ing.<\/abbr> angestrebt wird.<\/li>\n\n\n\n<li>\u00dcber Auflagen entscheidet der St\u00e4ndige Promotionsausschuss.<\/li>\n\n\n\n<li>Es gelten besondere Bestimmungen bei Studienabschl\u00fcssen aus dem nicht europ\u00e4ischen Ausland (wenn kein ECTS System vorliegt).<\/li>\n<\/ul>\n\n\n\n<p><\/p>\n\n\n\n<p><strong>Dissertation:<\/strong><\/p>\n\n\n\n<ul class=\"wp-block-list\">\n<li>Nach bisheriger Fassung der Promotionsordnung ist die Dissertation als Monographie zu verfassen.<\/li>\n\n\n\n<li>Die Novellierung erm\u00f6glicht f\u00fcr ab 21.12.2023 gem\u00e4\u00df \u00a74 begonnene Promotionsverfahren auch eine kumulative Dissertation (nach eng gefassten Regelungen).<\/li>\n<\/ul>\n\n\n\n<p>F\u00fcr jegliche Fragen rund um das Thema Promotion steht Ihnen der <a href=\"promotionsausschuss-mb-biw@hsu-hh.de\" data-type=\"link\" data-id=\"promotionsausschuss-mb-biw@hsu-hh.de\" rel='nofollow'>St\u00e4ndige Promotionsausschuss der Fakult\u00e4t f\u00fcr Maschinenbau und Bauingenieurwesen<\/a> jederzeit gerne zur Verf\u00fcgung.<\/p>\n\n\n\n<p><\/p>\n\n\n\n<p><abbr title=\"Universit\u00e4tsprofessor\">Univ.-Prof.<\/abbr> <abbr title=\"Doktor\">Dr.<\/abbr>\u2013<abbr title=\"Ingenieur\">Ing.<\/abbr> <abbr title=\"habilitatus\">habil.<\/abbr> Sascha Henke (Vorsitzender)<\/p>\n\n\n\n<p><abbr title=\"Universit\u00e4tsprofessor\">Univ.-Prof.<\/abbr> <abbr title=\"Doktor\">Dr.<\/abbr>\u2013<abbr title=\"Ingenieur\">Ing.<\/abbr> Markus Schatz<\/p>\n\n\n\n<p><abbr title=\"Universit\u00e4tsprofessor\">Univ.-Prof.<\/abbr> <abbr title=\"Doktor\">Dr.<\/abbr>\u2013<abbr title=\"Ingenieur\">Ing.<\/abbr> Max G\u00fcndel<\/p>\n\n\n\n<p><abbr title=\"Universit\u00e4tsprofessor\">Univ.-Prof.<\/abbr> <abbr title=\"Doktor\">Dr.<\/abbr> <abbr title=\"rerum\">rer.<\/abbr> nat. Sandra Afflerbach<\/p>\n\n\n\n<p><abbr title=\"Universit\u00e4tsprofessor\">Univ.-Prof.<\/abbr> <abbr title=\"Doktor\">Dr.<\/abbr> <abbr title=\"rerum\">rer.<\/abbr> nat. <abbr title=\"habilitatus\">habil.<\/abbr> Markus Bause (Stellvertretung)<\/p>\n\n\n\n<p>Dominik Thomas, <abbr title=\"Master of Science\">M.Sc.<\/abbr><\/p>\n\n\n\n<p>Rene Heesch, M.Eng.<\/p>\n\n\n\n<p><abbr title=\"Doktor\">Dr.<\/abbr>&#8211;<abbr title=\"Ingenieur\">Ing.<\/abbr> Alexander List  (<abbr title=\"Wissenschaftlicher Mitarbeiter\">WMA<\/abbr> Stellvertretung)<\/p>\n","protected":false},"excerpt":{"rendered":"<p>F\u00fcr Promotionsverfahren, die zwischen 24.03.2021 bis 20.12.23 gem\u00e4\u00df \u00a74 begonnen wurden, gilt die Promotionsordnung in der Fassung vom 22.03.2021. F\u00fcr Promotionen von Antragstellenden, die ab dem 21.12.23 als Besch\u00e4ftigte eingestellt [&hellip;]<\/p>\n","protected":false},"author":2428,"featured_media":0,"parent":0,"menu_order":0,"comment_status":"closed","ping_status":"closed","template":"","meta":{"footnotes":""},"categories":[4],"tags":[],"class_list":["post-685","page","type-page","status-publish","hentry","category-forschung"],"_links":{"self":[{"href":"https:\/\/www.hsu-hh.de\/mb\/wp-json\/wp\/v2\/pages\/685","targetHints":{"allow":["GET"]}}],"collection":[{"href":"https:\/\/www.hsu-hh.de\/mb\/wp-json\/wp\/v2\/pages"}],"about":[{"href":"https:\/\/www.hsu-hh.de\/mb\/wp-json\/wp\/v2\/types\/page"}],"author":[{"embeddable":true,"href":"https:\/\/www.hsu-hh.de\/mb\/wp-json\/wp\/v2\/users\/2428"}],"replies":[{"embeddable":true,"href":"https:\/\/www.hsu-hh.de\/mb\/wp-json\/wp\/v2\/comments?post=685"}],"version-history":[{"count":14,"href":"https:\/\/www.hsu-hh.de\/mb\/wp-json\/wp\/v2\/pages\/685\/revisions"}],"predecessor-version":[{"id":1113,"href":"https:\/\/www.hsu-hh.de\/mb\/wp-json\/wp\/v2\/pages\/685\/revisions\/1113"}],"wp:attachment":[{"href":"https:\/\/www.hsu-hh.de\/mb\/wp-json\/wp\/v2\/media?parent=685"}],"wp:term":[{"taxonomy":"category","embeddable":true,"href":"https:\/\/www.hsu-hh.de\/mb\/wp-json\/wp\/v2\/categories?post=685"},{"taxonomy":"post_tag","embeddable":true,"href":"https:\/\/www.hsu-hh.de\/mb\/wp-json\/wp\/v2\/tags?post=685"}],"curies":[{"name":"wp","href":"https:\/\/api.w.org\/{rel}","templated":true}]}}