{"id":576,"date":"2023-03-31T09:15:50","date_gmt":"2023-03-31T07:15:50","guid":{"rendered":"https:\/\/www.hsu-hh.de\/mb\/?page_id=576"},"modified":"2025-11-18T11:39:17","modified_gmt":"2025-11-18T10:39:17","slug":"informationen-des-staendigen-promotionsausschusses-der-fakultaet-fuer-maschinenbau-und-bauingenieurwesen-zur-promotionsordnung-und-zum-zulassungsprozedere","status":"publish","type":"page","link":"https:\/\/www.hsu-hh.de\/mb\/informationen-des-staendigen-promotionsausschusses-der-fakultaet-fuer-maschinenbau-und-bauingenieurwesen-zur-promotionsordnung-und-zum-zulassungsprozedere","title":{"rendered":"Informationen des St\u00e4ndigen Promotionsausschusses der Fakult\u00e4t f\u00fcr Maschinenbau und Bauingenieurwesen zur Promotionsordnung und zum Zulassungsprozedere"},"content":{"rendered":"\n<p>F\u00fcr Promotionsverfahren, die zwischen 24.03.2021 bis 20.12.23 gem\u00e4\u00df \u00a74 begonnen wurden, gilt die <a href=\"https:\/\/webbox.hsu-hh.de\/download-1.5.1.php?brick_id=BdE0cbmFXmCZAgWg\" rel='nofollow'>bisherige Promotionsordnung<\/a>. F\u00fcr Promotionen, die ab dem 21.12.23 entsprechend \u00a74 begonnen werden, gilt die <a href=\"http:\/\/hsu-hh.de\/asv\/wp-content\/uploads\/sites\/776\/2023\/12\/PromO-MBIW_Neufassung_in_Kraft_getreten_21.12.2023.pdf\" rel='nofollow'>neue Promotionsordnung<\/a>. Doktorand*innen, die vor dem 24.03.21 angenommen wurden, unterliegen der <a href=\"https:\/\/www.hsu-hh.de\/asv\/wp-content\/uploads\/sites\/776\/2018\/02\/PromO_MB_Lesefassung_2015_asv.pdf\">Promotionsordnung vom 21.08.2015<\/a>.<\/p>\n\n\n\n<p>Wissenschaftliche Mitarbeiterinnen und Mitarbeiter sowie externe Doktorandinnen und Doktoranden m\u00fcssen auf dem Weg zur Promotion definierte Vorg\u00e4nge und Fristen einhalten. Hierzu z\u00e4hlt u. a. die Zulassung zur Promotion sowie nach erfolgreicher Anfertigung der Dissertation die Er\u00f6ffnung des Promotionsverfahrens.<\/p>\n\n\n\n<p><strong>Zulassung:<\/strong> <\/p>\n\n\n\n<ul class=\"wp-block-list\">\n<li>Zu Beginn des Promotionsvorhabens ist nach \u00a73 und \u00a74 zu handeln: Bitte ber\u00fccksichtigen Sie, dass&nbsp; bei Promotionsverfahren ab dem 24.03.2021 der Antrag zur Annahme als Doktorand*in so gestellt wird, dass diese dem st\u00e4ndigen Promotionsausschuss mindestens 2 Jahre vor der Er\u00f6ffnung des Promotionsverfahrens vorliegt. Nehmen Sie hierzu bitte Kontakt zu Frau Dorka in der Fakult\u00e4tsverwaltung auf (Email: fkv-et-mb@hsu-hh.de Telefon: +49-40-6541-3877).<\/li>\n\n\n\n<li>Folgende Vorlagendokumente sind als Antrag zur Zulassung einzureichen: <a href=\"https:\/\/www.hsu-hh.de\/mb\/wp-content\/uploads\/sites\/672\/2023\/03\/Template_Annahme_Promotion_deu.zip\" data-type=\"attachment\" data-id=\"590\">Template Deutsch<\/a>, <a href=\"https:\/\/www.hsu-hh.de\/mb\/wp-content\/uploads\/sites\/672\/2023\/03\/Template_Annahme_Promotion_engl.zip\" data-type=\"attachment\" data-id=\"591\">Template English<\/a><\/li>\n<\/ul>\n\n\n\n<p><\/p>\n\n\n\n<p><strong>Abschlussgrad (<abbr title=\"Doktor\">Dr.<\/abbr>&#8211;<abbr title=\"Ingenieur\">Ing.<\/abbr>, <abbr title=\"Doktor\">Dr.<\/abbr> <abbr title=\"rerum\">rer.<\/abbr> nat.):<\/strong><\/p>\n\n\n\n<ul class=\"wp-block-list\">\n<li>Die Kriterien sind in den Zulassungsvoraussetzungen (\u00a73) geregelt.<\/li>\n\n\n\n<li>Es ist zu beachten, dass <abbr title=\"gegebenenfalls\">ggf.<\/abbr> Auflagen zu erf\u00fcllen sind, wenn beispielsweise ein naturwissenschaftliches Studium absolviert wurde, aber ein <abbr title=\"Doktor\">Dr.<\/abbr>&#8211;<abbr title=\"Ingenieur\">Ing.<\/abbr> angestrebt wird. <\/li>\n\n\n\n<li>\u00dcber Auflagen entscheidet der St\u00e4ndige Promotionsausschuss. <\/li>\n\n\n\n<li>Es gelten besondere Bestimmungen bei Studienabschl\u00fcssen aus dem nicht europ\u00e4ischen Ausland (wenn kein ECTS System vorliegt). <\/li>\n<\/ul>\n\n\n\n<p><\/p>\n\n\n\n<p><strong>Dissertation: <\/strong><\/p>\n\n\n\n<ul class=\"wp-block-list\">\n<li>Nach bisheriger Fassung der Promotionsordnung ist die Dissertation als Monographie zu verfassen.<\/li>\n\n\n\n<li>Die <a href=\"https:\/\/www.hsu-hh.de\/asv\/wp-content\/uploads\/sites\/776\/2023\/12\/PromO-MBIW_Neufassung_in_Kraft_getreten_21.12.2023.pdf\">Novellierung<\/a> erm\u00f6glicht f\u00fcr ab 21.12.2023 gem\u00e4\u00df \u00a74 begonnene Promotionsverfahren auch eine kumulative Dissertation (nach eng gefassten Regelungen).<\/li>\n<\/ul>\n\n\n\n<p><\/p>\n\n\n\n<p>F\u00fcr jegliche Fragen rund um das Thema Promotion steht Ihnen der St\u00e4ndige Promotionsausschuss der Fakult\u00e4t f\u00fcr Maschinenbau und Bauingenieurwesen jederzeit gerne zur Verf\u00fcgung. <\/p>\n\n\n\n<p><abbr title=\"Universit\u00e4tsprofessor\">Univ.-Prof.<\/abbr> <abbr title=\"Doktor\">Dr.<\/abbr> <abbr title=\"rerum\">rer.<\/abbr> nat. <abbr title=\"habilitatus\">habil.<\/abbr> Markus Bause (Vorsitzender)<\/p>\n\n\n\n<p><abbr title=\"Universit\u00e4tsprofessor\">Univ.-Prof.<\/abbr> <abbr title=\"Doktor\">Dr.<\/abbr>&#8211;<abbr title=\"Ingenieur\">Ing.<\/abbr> <abbr title=\"habilitatus\">habil.<\/abbr> Sascha Henke (Stellvertretender Vorsitzender)<\/p>\n\n\n\n<p><abbr title=\"Universit\u00e4tsprofessor\">Univ.-Prof.<\/abbr> <abbr title=\"Doktor\">Dr.<\/abbr>&#8211;<abbr title=\"Ingenieur\">Ing.<\/abbr> Markus Schatz<\/p>\n\n\n\n<p><abbr title=\"Universit\u00e4tsprofessor\">Univ.-Prof.<\/abbr> <abbr title=\"Doktor\">Dr.<\/abbr>&#8211;<abbr title=\"Ingenieur\">Ing.<\/abbr> <abbr title=\"Doktor\">Dr.<\/abbr> <abbr title=\"rerum\">rer.<\/abbr> nat. <abbr title=\"habilitatus\">habil.<\/abbr> Anne Jung <\/p>\n\n\n\n<p><abbr title=\"Doktor\">Dr.<\/abbr>&#8211;<abbr title=\"Ingenieur\">Ing.<\/abbr> Alexander List<\/p>\n\n\n\n<p>Rene Heesch, M.Eng.<\/p>\n\n\n\n<p>Dominik Thomas, <abbr title=\"Master of Science\">M.Sc.<\/abbr> (<abbr title=\"Wissenschaftlicher Mitarbeiter\">WMA<\/abbr> Stellvertretung)<\/p>\n","protected":false},"excerpt":{"rendered":"<p>F\u00fcr Promotionsverfahren, die zwischen 24.03.2021 bis 20.12.23 gem\u00e4\u00df \u00a74 begonnen wurden, gilt die bisherige Promotionsordnung. F\u00fcr Promotionen, die ab dem 21.12.23 entsprechend \u00a74 begonnen werden, gilt die neue Promotionsordnung. Doktorand*innen, [&hellip;]<\/p>\n","protected":false},"author":2919,"featured_media":0,"parent":0,"menu_order":0,"comment_status":"closed","ping_status":"closed","template":"","meta":{"footnotes":""},"categories":[38],"tags":[],"class_list":["post-576","page","type-page","status-publish","hentry","category-fakultaet-mb"],"_links":{"self":[{"href":"https:\/\/www.hsu-hh.de\/mb\/wp-json\/wp\/v2\/pages\/576","targetHints":{"allow":["GET"]}}],"collection":[{"href":"https:\/\/www.hsu-hh.de\/mb\/wp-json\/wp\/v2\/pages"}],"about":[{"href":"https:\/\/www.hsu-hh.de\/mb\/wp-json\/wp\/v2\/types\/page"}],"author":[{"embeddable":true,"href":"https:\/\/www.hsu-hh.de\/mb\/wp-json\/wp\/v2\/users\/2919"}],"replies":[{"embeddable":true,"href":"https:\/\/www.hsu-hh.de\/mb\/wp-json\/wp\/v2\/comments?post=576"}],"version-history":[{"count":15,"href":"https:\/\/www.hsu-hh.de\/mb\/wp-json\/wp\/v2\/pages\/576\/revisions"}],"predecessor-version":[{"id":1160,"href":"https:\/\/www.hsu-hh.de\/mb\/wp-json\/wp\/v2\/pages\/576\/revisions\/1160"}],"wp:attachment":[{"href":"https:\/\/www.hsu-hh.de\/mb\/wp-json\/wp\/v2\/media?parent=576"}],"wp:term":[{"taxonomy":"category","embeddable":true,"href":"https:\/\/www.hsu-hh.de\/mb\/wp-json\/wp\/v2\/categories?post=576"},{"taxonomy":"post_tag","embeddable":true,"href":"https:\/\/www.hsu-hh.de\/mb\/wp-json\/wp\/v2\/tags?post=576"}],"curies":[{"name":"wp","href":"https:\/\/api.w.org\/{rel}","templated":true}]}}