{"id":445,"date":"2023-01-31T11:54:55","date_gmt":"2023-01-31T10:54:55","guid":{"rendered":"https:\/\/mig.hsu-hh.de\/mb\/?page_id=445"},"modified":"2024-08-01T11:15:21","modified_gmt":"2024-08-01T09:15:21","slug":"fakultaet-fuer-maschinenbau-und-bauingenieurwesen-neu","status":"publish","type":"page","link":"https:\/\/www.hsu-hh.de\/mb\/fakultaet-fuer-maschinenbau-und-bauingenieurwesen-neu","title":{"rendered":"Fakult\u00e4t f\u00fcr Maschinenbau und Bauingenieurwesen NEU"},"content":{"rendered":"\n<div class=\"wp-block-columns is-layout-flex wp-container-core-columns-is-layout-9d6595d7 wp-block-columns-is-layout-flex\">\n<div class=\"wp-block-column is-layout-flow wp-block-column-is-layout-flow\">\n<div class=\"wp-block-columns is-layout-flex wp-container-core-columns-is-layout-9d6595d7 wp-block-columns-is-layout-flex\">\n<div class=\"wp-block-column is-layout-flow wp-block-column-is-layout-flow\">\n<figure class=\"wp-block-image size-full is-resized is-style-rounded\"><img decoding=\"async\" src=\"https:\/\/www.hsu-hh.de\/mb\/wp-content\/uploads\/sites\/672\/2021\/11\/HSU-Schild-e1639841073771.jpg\" alt=\"HSU Eingang\" class=\"wp-image-307\" style=\"width:270px;height:190px\" \/><figcaption class=\"wp-element-caption\"><strong>Professuren<\/strong><\/figcaption><\/figure>\n\n\n\n<p class=\"has-text-align-left\"><a href=\"https:\/\/mig.hsu-hh.de\/mb\/professuren-der-fakultaet-fuer-maschinenbau-und-bauingenieurwesen\" data-type=\"URL\" data-id=\"https:\/\/mig.hsu-hh.de\/mb\/professuren-der-fakultaet-fuer-maschinenbau-und-bauingenieurwesen\" rel='nofollow'>Professuren der Fakult\u00e4t<\/a> <\/p>\n\n\n\n<p><\/p>\n<\/div>\n\n\n\n<div class=\"wp-block-column is-layout-flow wp-block-column-is-layout-flow\">\n<figure class=\"wp-block-image size-large is-resized is-style-rounded\"><img decoding=\"async\" src=\"https:\/\/www.hsu-hh.de\/mb\/wp-content\/uploads\/sites\/672\/2023\/01\/admin-ajax_rezised-1024x768.jpg\" alt=\"\" class=\"wp-image-534\" style=\"width:270px;height:190px\" \/><figcaption class=\"wp-element-caption\"><strong>Forschung<\/strong><\/figcaption><\/figure>\n\n\n\n<p><a href=\"https:\/\/www.hsu-hh.de\/mb\/forschungsschwerpunkte-der-fakultaet-fuer-maschinenbau-und-bauingenieurwesen\" data-type=\"URL\" data-id=\"https:\/\/mig.hsu-hh.de\/mb\/forschungsschwerpunkte-der-fakultaet-fuer-maschinenbau-und-bauingenieurwesen\">Forschungsschwerpunkte<\/a><\/p>\n\n\n\n<p><a href=\"https:\/\/mig.hsu-hh.de\/mb\/institute-der-fakultaet-fuer-maschinenbau-und-bauingenieurwesen\" data-type=\"URL\" data-id=\"https:\/\/mig.hsu-hh.de\/mb\/institute-der-fakultaet-fuer-maschinenbau-und-bauingenieurwesen\" rel='nofollow'>Institute<\/a><\/p>\n\n\n\n<p><\/p>\n<\/div>\n<\/div>\n<\/div>\n\n\n\n<div class=\"wp-block-column is-layout-flow wp-block-column-is-layout-flow\">\n<div class=\"wp-block-columns is-layout-flex wp-container-core-columns-is-layout-9d6595d7 wp-block-columns-is-layout-flex\">\n<div class=\"wp-block-column is-layout-flow wp-block-column-is-layout-flow\">\n<figure class=\"wp-block-image size-full is-resized is-style-rounded\"><img decoding=\"async\" src=\"https:\/\/www.hsu-hh.de\/mb\/wp-content\/uploads\/sites\/672\/2022\/07\/kvalifik-5Q07sS54D0Q-unsplash-scaled-1.jpg\" alt=\"Studium\" class=\"wp-image-440\" style=\"width:270px;height:190px\" \/><figcaption class=\"wp-element-caption\"><strong>Studium<\/strong><\/figcaption><\/figure>\n\n\n\n<p>Bachelorstudieng\u00e4nge<\/p>\n\n\n\n<p>Masterstudieng\u00e4nge<\/p>\n\n\n\n<p><a href=\"https:\/\/www.hsu-hh.de\/hsm\/ziviles-studium\">Informationen f\u00fcr Studieninteressierte<\/a><\/p>\n\n\n\n<p>Berufsfelder<\/p>\n\n\n\n<p>Studienpl\u00e4ne<\/p>\n\n\n\n<p>Modulhandb\u00fccher<\/p>\n\n\n\n<p><a href=\"https:\/\/www.hsu-hh.de\/asv\/pruefungsordnungen\">Ordnungen<\/a><\/p>\n\n\n\n<p>Formulare<\/p>\n<\/div>\n\n\n\n<div class=\"wp-block-column is-layout-flow wp-block-column-is-layout-flow\">\n<figure class=\"wp-block-image size-full is-resized is-style-rounded\"><img loading=\"lazy\" decoding=\"async\" width=\"2560\" height=\"1920\" src=\"https:\/\/www.hsu-hh.de\/mb\/wp-content\/uploads\/sites\/672\/2022\/07\/H2_skaliert-scaled-1.jpg\" data-credit=\"\" alt=\"H2\" class=\"wp-image-453\" style=\"width:270px;height:190px\" srcset=\"https:\/\/www.hsu-hh.de\/mb\/wp-content\/uploads\/sites\/672\/2022\/07\/H2_skaliert-scaled-1.jpg 2560w, https:\/\/www.hsu-hh.de\/mb\/wp-content\/uploads\/sites\/672\/2022\/07\/H2_skaliert-scaled-1-300x225.jpg 300w, https:\/\/www.hsu-hh.de\/mb\/wp-content\/uploads\/sites\/672\/2022\/07\/H2_skaliert-scaled-1-1024x768.jpg 1024w, https:\/\/www.hsu-hh.de\/mb\/wp-content\/uploads\/sites\/672\/2022\/07\/H2_skaliert-scaled-1-768x576.jpg 768w, https:\/\/www.hsu-hh.de\/mb\/wp-content\/uploads\/sites\/672\/2022\/07\/H2_skaliert-scaled-1-1536x1152.jpg 1536w, https:\/\/www.hsu-hh.de\/mb\/wp-content\/uploads\/sites\/672\/2022\/07\/H2_skaliert-scaled-1-2048x1536.jpg 2048w, https:\/\/www.hsu-hh.de\/mb\/wp-content\/uploads\/sites\/672\/2022\/07\/H2_skaliert-scaled-1-1100x825.jpg 1100w\" sizes=\"auto, (max-width: 2560px) 100vw, 2560px\" \/><figcaption class=\"wp-element-caption\"><strong>Fakult\u00e4tsverwaltung<\/strong><\/figcaption><\/figure>\n\n\n\n<p>Dekanat<\/p>\n\n\n\n<p><a href=\"https:\/\/www.hsu-hh.de\/fkvmb\/\" data-type=\"URL\" data-id=\"https:\/\/www.hsu-hh.de\/fkvmb\/\">Fakult\u00e4tsverwaltung<\/a><\/p>\n\n\n\n<p>Promotionsverfahren<\/p>\n\n\n\n<p>Habilitation<\/p>\n\n\n\n<p><a href=\"https:\/\/www.hsu-hh.de\/karriere\/berufungsverfahren\/stand-der-berufungsverfahren\/maschinenbau-und-bauingenieurwesen\">Berufungsverfahren<\/a><\/p>\n\n\n\n<p><a href=\"https:\/\/www.hsu-hh.de\/karriere\/\">Stellenangebote<\/a><\/p>\n<\/div>\n<\/div>\n<\/div>\n<\/div>\n\n\n\n<p><\/p>\n","protected":false},"excerpt":{"rendered":"<p>Professuren der Fakult\u00e4t Forschungsschwerpunkte Institute Bachelorstudieng\u00e4nge Masterstudieng\u00e4nge Informationen f\u00fcr Studieninteressierte Berufsfelder Studienpl\u00e4ne Modulhandb\u00fccher Ordnungen Formulare Dekanat Fakult\u00e4tsverwaltung Promotionsverfahren Habilitation Berufungsverfahren Stellenangebote<\/p>\n","protected":false},"author":2428,"featured_media":0,"parent":0,"menu_order":0,"comment_status":"closed","ping_status":"closed","template":"","meta":{"footnotes":""},"categories":[4],"tags":[],"class_list":["post-445","page","type-page","status-publish","hentry","category-forschung"],"_links":{"self":[{"href":"https:\/\/www.hsu-hh.de\/mb\/wp-json\/wp\/v2\/pages\/445","targetHints":{"allow":["GET"]}}],"collection":[{"href":"https:\/\/www.hsu-hh.de\/mb\/wp-json\/wp\/v2\/pages"}],"about":[{"href":"https:\/\/www.hsu-hh.de\/mb\/wp-json\/wp\/v2\/types\/page"}],"author":[{"embeddable":true,"href":"https:\/\/www.hsu-hh.de\/mb\/wp-json\/wp\/v2\/users\/2428"}],"replies":[{"embeddable":true,"href":"https:\/\/www.hsu-hh.de\/mb\/wp-json\/wp\/v2\/comments?post=445"}],"version-history":[{"count":5,"href":"https:\/\/www.hsu-hh.de\/mb\/wp-json\/wp\/v2\/pages\/445\/revisions"}],"predecessor-version":[{"id":893,"href":"https:\/\/www.hsu-hh.de\/mb\/wp-json\/wp\/v2\/pages\/445\/revisions\/893"}],"wp:attachment":[{"href":"https:\/\/www.hsu-hh.de\/mb\/wp-json\/wp\/v2\/media?parent=445"}],"wp:term":[{"taxonomy":"category","embeddable":true,"href":"https:\/\/www.hsu-hh.de\/mb\/wp-json\/wp\/v2\/categories?post=445"},{"taxonomy":"post_tag","embeddable":true,"href":"https:\/\/www.hsu-hh.de\/mb\/wp-json\/wp\/v2\/tags?post=445"}],"curies":[{"name":"wp","href":"https:\/\/api.w.org\/{rel}","templated":true}]}}