{"id":226,"date":"2017-11-11T15:14:57","date_gmt":"2017-11-11T14:14:57","guid":{"rendered":"https:\/\/www.hsu-hh.de\/mb\/?page_id=226"},"modified":"2024-02-09T13:22:55","modified_gmt":"2024-02-09T12:22:55","slug":"ueberblick","status":"publish","type":"page","link":"https:\/\/www.hsu-hh.de\/mb\/ueberblick","title":{"rendered":"\u00dcberblick"},"content":{"rendered":"<p style=\"text-align: justify;\">Der Fakult\u00e4t f\u00fcr Maschinenbau geh\u00f6ren derzeit 18 Professoren an, die sich aus Gr\u00fcnden der F\u00e4cherstruktur und auch der Arbeitseffizienz vielfach zu\u00a0<a href=\"https:\/\/www.hsu-hh.de\/mb\/institute\/\">Instituten<\/a>\u00a0zusammengeschlossen haben.<\/p>\n<p style=\"text-align: justify;\">Auf dem Gebiet der Lehre ist die Fakult\u00e4t verantwortlich f\u00fcr den\u00a0<a href=\"https:\/\/www.hsu-hh.de\/mb\/studium\/\">Bachelor-Studiengang<\/a>\u00a0Maschinenbau und f\u00fcr vier darauf aufbauende\u00a0<a href=\"https:\/\/www.hsu-hh.de\/mb\/studium\/\">Master-Studieng\u00e4nge<\/a>. Sie wirkt au\u00dferdem im Studiengang Wirtschaftsingenieurwesen mit. Dar\u00fcber hinaus f\u00f6rdert sie den wissenschaftlichen Nachwuchs, indem den wissenschaftlichen Mitarbeitern Gelegenheit zur Promotion oder Habilitation gegeben wird.<\/p>\n<p style=\"text-align: justify;\">Das konsekutive Studium setzt sich aus dem sieben trimestrigen Bachelor- Studiengang und einem der f\u00fcnftrimestrigen Masterstudieng\u00e4nge zusammen. Als Regelabschluss wird der Masterabschluss somit nach 4 Jahren erworben. Der berufsqualifizierende Bachelor Abschluss wird im konsekutiven Verlauf,\u00a0<abbr title=\"das hei\u00dft\">d.h.<\/abbr>\u00a0mit Ziel zum Regelabschluss Master, nach bereits 2 \u00bc Jahren erreicht. Falls erforderlich kann der Bachelor Abschluss auch sp\u00e4testens nach 3 \u00bd Jahren erreicht werden.<\/p>\n<p style=\"text-align: justify;\">Die F\u00e4cher im Bachelor Studium und ihr Umfang sind durch die Empfehlungen des Fakult\u00e4tentags f\u00fcr Maschinenbau und Verfahrenstechnik, dem die Fakult\u00e4t angeh\u00f6rt, weitgehend festgelegt.<\/p>\n<p style=\"text-align: justify;\">Das sich anschlie\u00dfende Master-Studium umfasst im Pflichtteil theoriebezogene Anwendungsf\u00e4cher und einem breiten Angebot an Wahlpflichtf\u00e4chern, aus dem die je nach Interesse und Neigung des Studierenden Schwerpunkte ausgew\u00e4hlt werden k\u00f6nnen. Es werden die Studieng\u00e4nge<\/p>\n<p>\u2022 <a href=\"https:\/\/www.hsu-hh.de\/mb\/studium\/\">Energie und Umwelttechnik<\/a>,<br \/>\n\u2022 <a href=\"https:\/\/www.hsu-hh.de\/mb\/studium\/\">Fahrzeugtechnik<\/a> (einschlie\u00dflich Schiffsmaschinenbau),<br \/>\n\u2022 <a href=\"https:\/\/www.hsu-hh.de\/mb\/studium\/\">Mechatronik<\/a> (einschlie\u00dflich Wehrtechnik) sowie<br \/>\n\u2022 <a href=\"https:\/\/www.hsu-hh.de\/mb\/studium\/\">Produktentstehung und Logistik<\/a>,<\/p>\n<p>die zum Master-Abschluss f\u00fchren, angeboten.<\/p>\n<p>Ein Grund- und ein Fachpraktikum (siehe\u00a0<a href=\"https:\/\/www.hsu-hh.de\/pamting\">Praktikantenamt<\/a>) von insgesamt 26 Wochen erg\u00e4nzen das vielseitige und anspruchsvolle Studium, ebenso die erziehungs- und gesellschaftswissenschaftlichen interdisziplin\u00e4ren Studienanteile (ISA), in denen der Student Handlungskompetenz \u00fcber sein Fachstudium hinaus erwerben soll.<\/p>\n<p style=\"text-align: justify;\">Wie an jeder Universit\u00e4t hat die Forschung einen ebenso hohen Stellenwert wie die Lehre. Sie ist frei und \u00f6ffentlich und dient der Gewinnung wissenschaftlicher Erkenntnisse und deren Anwendung in der Praxis. Die Ergebnisse der Forschungs- und Entwicklungsvorhaben werden in Fachzeitschriften publiziert und auf wissenschaftlichen Tagungen und Kongressen sowie auf Ausstellungen und Messen der interessierten Fachwelt national und international vorgestellt.<\/p>\n<p style=\"text-align: justify;\">Ein erheblicher Anteil der Forschungs- und Entwicklungsvorhaben in der Fakult\u00e4t f\u00fcr Maschinenbau wird aus Drittmitteln bestritten: verschiedene Institutionen, wie beispielsweise die\u00a0<a href=\"http:\/\/www.dfg.de\" rel='nofollow'>Deutsche Forschungsgemeinschaft<\/a>\u00a0(DFG), die\u00a0<a href=\"http:\/\/www.aif.de\" rel='nofollow'>Arbeitsgemeinschaft industrieller Forschungsvereinigungen<\/a>\u00a0(AIF) oder die\u00a0<a href=\"https:\/\/www.volkswagenstiftung.de\/\" rel='nofollow'>Stiftung Volkswagenwerk<\/a>\u00a0stellen Mittel zur F\u00f6rderung zeitlich und thematisch begrenzter Forschungsvorhaben bereit. Auch das\u00a0<a href=\"https:\/\/www.bmbf.de\" rel='nofollow'>Bundesministerium f\u00fcr Bildung\u00a0und Forschung<\/a>, das\u00a0\u00a0<a href=\"http:\/\/www.bmwi.de\" rel='nofollow'>Bundesministerium f\u00fcr Wirtschaft und Energie<\/a>\u00a0sowie das\u00a0<a href=\"https:\/\/www.bmvg.de\" rel='nofollow'>Bundesministerium der Verteidigung<\/a>\u00a0und andere Tr\u00e4ger der \u00f6ffentlichen Auftragsforschung f\u00f6rdern entsprechende Forschungs- und Entwicklungsprojekte.<\/p>\n<p style=\"text-align: justify;\">Schlie\u00dflich nimmt traditionsgem\u00e4\u00df aufgrund der guten Ausstattung die direkte Zusammenarbeit mit der Industrie einen breiten Raum ein. Dabei werden sowohl grundlegende als auch ganz konkrete anwendungsbezogene Problemstellungen untersucht, deren Forschungsergebnisse direkt in die Entwicklungen der Industrie einflie\u00dfen.<\/p>\n<p style=\"text-align: justify;\">F\u00fcr Fragen stehen Ihnen der\u00a0<a href=\"https:\/\/www.hsu-hh.de\/mb\/kontakt\/\">Dekan<\/a>\u00a0oder der\u00a0<a href=\"https:\/\/www.hsu-hh.de\/mb\/kontakt\/\">Studiendekan<\/a>\u00a0der Fakult\u00e4t f\u00fcr Maschinenbau gerne zur Verf\u00fcgung.<\/p>\n<p style=\"text-align: justify;\"><img loading=\"lazy\" decoding=\"async\" class=\"wp-image-278 aligncenter\" src=\"https:\/\/mig.hsu-hh.de\/mb\/wp-content\/uploads\/sites\/672\/2017\/11\/H2-e1510569311669.jpg\" alt=\"H2\" width=\"386\" height=\"258\" \/><\/p>\n","protected":false},"excerpt":{"rendered":"<p>Der Fakult\u00e4t f\u00fcr Maschinenbau geh\u00f6ren derzeit 18 Professoren an, die sich aus Gr\u00fcnden der F\u00e4cherstruktur und auch der Arbeitseffizienz vielfach zu\u00a0Instituten\u00a0zusammengeschlossen haben. Auf dem Gebiet der Lehre ist die Fakult\u00e4t [&hellip;]<\/p>\n","protected":false},"author":33,"featured_media":0,"parent":0,"menu_order":0,"comment_status":"closed","ping_status":"closed","template":"","meta":{"footnotes":""},"categories":[4],"tags":[],"class_list":["post-226","page","type-page","status-publish","hentry","category-forschung"],"_links":{"self":[{"href":"https:\/\/www.hsu-hh.de\/mb\/wp-json\/wp\/v2\/pages\/226","targetHints":{"allow":["GET"]}}],"collection":[{"href":"https:\/\/www.hsu-hh.de\/mb\/wp-json\/wp\/v2\/pages"}],"about":[{"href":"https:\/\/www.hsu-hh.de\/mb\/wp-json\/wp\/v2\/types\/page"}],"author":[{"embeddable":true,"href":"https:\/\/www.hsu-hh.de\/mb\/wp-json\/wp\/v2\/users\/33"}],"replies":[{"embeddable":true,"href":"https:\/\/www.hsu-hh.de\/mb\/wp-json\/wp\/v2\/comments?post=226"}],"version-history":[{"count":27,"href":"https:\/\/www.hsu-hh.de\/mb\/wp-json\/wp\/v2\/pages\/226\/revisions"}],"predecessor-version":[{"id":867,"href":"https:\/\/www.hsu-hh.de\/mb\/wp-json\/wp\/v2\/pages\/226\/revisions\/867"}],"wp:attachment":[{"href":"https:\/\/www.hsu-hh.de\/mb\/wp-json\/wp\/v2\/media?parent=226"}],"wp:term":[{"taxonomy":"category","embeddable":true,"href":"https:\/\/www.hsu-hh.de\/mb\/wp-json\/wp\/v2\/categories?post=226"},{"taxonomy":"post_tag","embeddable":true,"href":"https:\/\/www.hsu-hh.de\/mb\/wp-json\/wp\/v2\/tags?post=226"}],"curies":[{"name":"wp","href":"https:\/\/api.w.org\/{rel}","templated":true}]}}