{"id":117,"date":"2017-10-08T16:19:36","date_gmt":"2017-10-08T14:19:36","guid":{"rendered":"https:\/\/www.hsu-hh.de\/mb\/?page_id=117"},"modified":"2025-11-18T12:29:56","modified_gmt":"2025-11-18T11:29:56","slug":"forschung","status":"publish","type":"page","link":"https:\/\/www.hsu-hh.de\/mb\/forschung","title":{"rendered":"Forschung"},"content":{"rendered":"<h3>Promotion und Habilitation<\/h3>\n<p><a href=\"https:\/\/www.hsu-hh.de\/mb\/informationen-des-staendigen-promotionsausschusses-der-fakultaet-fuer-maschinenbau-und-bauingenieurwesen-zur-promotionsordnung-und-zum-zulassungsprozedere\">&lt;&lt;&lt; Informationen zur Promotionsordnung und zum Zulassungsprozedere &gt;&gt;&gt;<\/a><\/p>\n<p><a href=\"https:\/\/www.hsu-hh.de\/mb\/informationen-des-staendigen-habilitationsausschusses-der-fakultaet-fuer-maschinenbau-und-bauingenieurwesen-zur-habilitationsordnung-und-zum-zulassungsprozedere\">&lt;&lt;&lt; Informationen zur Habilitation und zum Zulassungsprozedere &gt;&gt;&gt;<\/a><\/p>\n<div class=\"col-xs-12 downloads-item\">\n<div class=\"row border-line\">\n<div class=\"thumbnail-area\"><img decoding=\"async\" class=\"download-image\" src=\"\/wp-content\/themes\/hsu\/img\/dummy\/downloads_dummy.png\" alt=\"\" \/><\/div>\n<div class=\"text-area\"><b>Promotionsordnung der Fakult\u00e4t f\u00fcr Maschinenbau und Bauingenieurwesen (ab 21.12.2023)<\/b><\/div>\n<div class=\"download-area\"><a class=\"download-link\" href=\"https:\/\/www.hsu-hh.de\/asv\/wp-content\/uploads\/sites\/776\/2023\/12\/PromO-MBIW_Neufassung_in_Kraft_getreten_21.12.2023.pdf\"><span class=\"download-name\">pdf laden<\/span><span class=\"donwload-icon\"><img decoding=\"async\" class=\"download-icon\" src=\"\/wp-content\/themes\/hsu\/img\/icons\/download_icon.png\" alt=\"download icon\" \/><\/span><span class=\"download-size\">261 kB<\/span><\/a><\/div>\n<\/div>\n<\/div>\n<div class=\"col-xs-12 downloads-item\">\n<div class=\"row border-line\">\n<div class=\"thumbnail-area\"><img decoding=\"async\" class=\"download-image\" src=\"\/wp-content\/themes\/hsu\/img\/dummy\/downloads_dummy.png\" alt=\"\" \/><\/div>\n<div class=\"text-area\"><span class=\"download-text\">Promotionsordnung (21.08.2015)<\/span><\/div>\n<div class=\"download-area\"><a class=\"download-link\" href=\"https:\/\/www.hsu-hh.de\/asv\/wp-content\/uploads\/sites\/776\/2018\/02\/PromO_MB_Lesefassung_2015_asv.pdf\"><span class=\"download-name\">pdf laden<\/span><span class=\"donwload-icon\"><img decoding=\"async\" class=\"download-icon\" src=\"\/wp-content\/themes\/hsu\/img\/icons\/download_icon.png\" alt=\"download icon\" \/><\/span><span class=\"download-size\">354 KB<\/span><\/a><\/div>\n<\/div>\n<\/div>\n<div class=\"col-xs-12 downloads-item\">\n<div class=\"row border-line\">\n<div class=\"thumbnail-area\"><img decoding=\"async\" class=\"download-image\" src=\"\/wp-content\/themes\/hsu\/img\/dummy\/downloads_dummy.png\" alt=\"\" \/><\/div>\n<div class=\"text-area\"><span class=\"download-text\">Promotionsordnung (ab 24.03.2021)<\/span><\/div>\n<div class=\"download-area\"><a class=\"download-link\" href=\"https:\/\/www.hsu-hh.de\/asv\/wp-content\/uploads\/sites\/776\/2021\/05\/PromO-MB_2021_fuer_HSAHomepage.pdf\"><span class=\"download-name\">pdf laden<\/span><span class=\"donwload-icon\"><img decoding=\"async\" class=\"download-icon\" src=\"\/wp-content\/themes\/hsu\/img\/icons\/download_icon.png\" alt=\"download icon\" \/><\/span><span class=\"download-size\">133 KB<\/span><\/a><\/div>\n<\/div>\n<\/div>\n<div class=\"col-xs-12 downloads-item\">\n<div class=\"row border-line\">\n<div class=\"thumbnail-area\"><img decoding=\"async\" class=\"download-image\" src=\"\/wp-content\/themes\/hsu\/img\/dummy\/downloads_dummy.png\" alt=\"\" \/><\/div>\n<div class=\"text-area\"><span class=\"download-text\">Habilitationsordnung (15.01.1981)<\/span><\/div>\n<div class=\"download-area\"><a class=\"download-link\" href=\"https:\/\/www.hsu-hh.de\/asv\/wp-content\/uploads\/sites\/776\/2018\/02\/Habilitationsordnung-MB.pdf\"><span class=\"download-name\">pdf laden<\/span><span class=\"donwload-icon\"><img decoding=\"async\" class=\"download-icon\" src=\"\/wp-content\/themes\/hsu\/img\/icons\/download_icon.png\" alt=\"download icon\" \/><\/span><span class=\"download-size\">80 KB<\/span><\/a><\/div>\n<\/div>\n<\/div>\n<div class=\"col-xs-12 downloads-item\">\n<div class=\"row border-line\">\n<div class=\"thumbnail-area\"><img decoding=\"async\" class=\"download-image\" src=\"\/wp-content\/themes\/hsu\/img\/dummy\/downloads_dummy.png\" alt=\"\" \/><\/div>\n<div class=\"text-area\"><strong><span class=\"download-text\">Habilitationsordnung der Fakult\u00e4t f\u00fcr Maschinenbau und Bauingenieurwesen (ab 20.02.2025) *neu*<\/span><\/strong><\/div>\n<div class=\"download-area\"><a class=\"download-link\" href=\"https:\/\/www.hsu-hh.de\/mb\/wp-content\/uploads\/sites\/672\/2025\/11\/Habilitationsordnung-05-2025.pdf\"><span class=\"download-name\">pdf laden<\/span><span class=\"donwload-icon\"><img decoding=\"async\" class=\"download-icon\" src=\"\/wp-content\/themes\/hsu\/img\/icons\/download_icon.png\" alt=\"download icon\" \/><\/span><span class=\"download-size\">203 kB<\/span><\/a><\/div>\n<\/div>\n<\/div>\n<h3>Forschung der Professuren<\/h3>\n<p>\u2192 <a href=\"https:\/\/www.hsu-hh.de\/am\/category\/forschung\">Angewandte Mathematik<\/a><\/p>\n<p>\u2192 <a href=\"https:\/\/www.hsu-hh.de\/awt\/forschung\">Angewandte Werkstofftechnik<\/a><\/p>\n<p>\u2192 <a href=\"https:\/\/www.hsu-hh.de\/ast\/forschung\">Antriebssystemtechnik<\/a><\/p>\n<p>\u2192 <a href=\"https:\/\/www.hsu-hh.de\/aut\/forschung\/forschungsthemen\">Automatisierungstechnik<\/a><\/p>\n<p>\u2192 <a href=\"https:\/\/www.hsu-hh.de\/baubetrieb\/forschung\/\">Baubetrieb und Baumanagement von Gro\u00dfprojekten<\/a><\/p>\n<p>\u2192 <a href=\"https:\/\/www.hsu-hh.de\/cmd\/en\/startpage\/research\/\">Computational Material Design<\/a><\/p>\n<p>\u2192 <a href=\"https:\/\/www.hsu-hh.de\/ft\/forschung\">Fahrzeugtechnik<\/a><\/p>\n<p>\u2192 <a href=\"https:\/\/www.hsu-hh.de\/mechanik\/forschung\">Festk\u00f6rpermechanik<\/a><\/p>\n<p>\u2192 <a href=\"https:\/\/www.hsu-hh.de\/geot\/forschung\/\">Geotechnik<\/a><\/p>\n<p>\u2192<a href=\"https:\/\/www.hsu-hh.de\/hpc\/research\/\"> High Performance Computing<\/a><\/p>\n<p>\u2192 <a href=\"https:\/\/www.hsu-hh.de\/hmech\/forschung\/\">Hydromechanik<\/a><\/p>\n<p>\u2192 <a href=\"https:\/\/www.hsu-hh.de\/imb\/\">Informatik im Maschinenbau<\/a><\/p>\n<p>\u2192 <a href=\"https:\/\/www.hsu-hh.de\/kwb\/forschung\/\">Konstruktionswerkstoffe und Bauwerkserhaltung<\/a><\/p>\n<p>\u2192 <a href=\"https:\/\/www.hsu-hh.de\/laft\/forschung\">Laboratorium Fertigungstechnik<\/a><\/p>\n<p>\u2192 <a href=\"https:\/\/www.hsu-hh.de\/werkstoffkunde\/forschung\">Laboratorium f\u00fcr Werkstofftechnik<\/a><\/p>\n<p>\u2192 <a href=\"https:\/\/www.hsu-hh.de\/mrp\/category\/forschung\">Maschinenelemente und Rechnergest\u00fctzte Produktentwicklung<\/a><\/p>\n<p>\u2192 <a href=\"https:\/\/www.hsu-hh.de\/mtl\/forschung\">Maschinenelemente und Technische Logistik<\/a><\/p>\n<p>\u2192 <a href=\"https:\/\/www.hsu-hh.de\/massivb\/forschung\/\">Massivbau<\/a><\/p>\n<p>\u2192 <a href=\"https:\/\/www.hsu-hh.de\/mathematik\/forschung\/\">Mathematik im Bauingenieurwesen<\/a><\/p>\n<p>\u2192 <a href=\"https:\/\/www.hsu-hh.de\/mechatronik\/forschung\">Mechatronik<\/a><\/p>\n<p>\u2192 <a href=\"https:\/\/www.hsu-hh.de\/mt\/forschung\/\">Messtechnik<\/a><\/p>\n<p>\u2192 <a href=\"https:\/\/www.hsu-hh.de\/mbm\/research\">Numerische Mathematik<\/a><\/p>\n<p>\u2192 <a href=\"https:\/\/www.hsu-hh.de\/schutz\/forschung\/\">Schutzsysteme<\/a><\/p>\n<p>\u2192 <a href=\"https:\/\/www.hsu-hh.de\/stahlbau\/forschung\/\">Stahlbau<\/a><\/p>\n<p>\u2192 <a href=\"https:\/\/www.hsu-hh.de\/statdyn\/forschung\/\">Statik und Dynamik<\/a><\/p>\n<p>\u2192 <a href=\"https:\/\/www.hsu-hh.de\/strabau\/forschung\/\">Stra\u00dfenbau und Wegebau<\/a><\/p>\n<p>\u2192 <a href=\"https:\/\/www.hsu-hh.de\/lsm\/forschung\">Str\u00f6mungsmaschinen in der Energietechnik<\/a><\/p>\n<p>\u2192 <a href=\"https:\/\/www.hsu-hh.de\/pfs\/forschung\">Str\u00f6mungsmechanik<\/a><\/p>\n<p>\u2192 <a href=\"https:\/\/www.hsu-hh.de\/thermodynamik\/forschung\">Thermodynamik<\/a><\/p>\n<p>\u2192 <a href=\"https:\/\/www.hsu-hh.de\/log\/forschung\/\">Technologie von Logistiksystemen<\/a><\/p>\n<p>\u2192 <a href=\"https:\/\/www.hsu-hh.de\/evt\/forschung\">Energieverfahrenstechnik<\/a><\/p>\n<p>\u2192 <a href=\"https:\/\/www.hsu-hh.de\/wasserbau\/forschung\/\">Wasserbau<\/a><\/p>\n<h3>Forschungscluster &gt;Nachhaltige Energieversorgung&lt;<\/h3>\n<p>Thematisches Ziel des interdisziplin\u00e4ren Forschungsclusters \u201eNachhaltige Energieversorgung\u201c ist die wissenschaftliche Begleitung des Transformationsprozesses von dem jetzt noch zentral aufgebauten deutschen Energieversorgungssystem hin zu einem regenerativen Zeitalter mit \u00fcberwiegend dezentraler Energieversorgung. Innerhalb der n\u00e4chsten Jahre sind neue technische L\u00f6sungen zu erarbeiten, die eine sichere Energieversorgung gew\u00e4hrleisten, volkswirtschaftlich sinnvoll sind und auch f\u00fcr kommende Generationen das Gebot der Nachhaltigkeit erf\u00fcllen.<\/p>\n<p>\u2192 <a href=\"https:\/\/www.hsu-hh.de\/ees\/nev\">Weiter<\/a><\/p>\n<p>Es haben sich mehrere <a href=\"https:\/\/www.hsu-hh.de\/mb\/forschungsschwerpunkte-der-fakultaet-fuer-maschinenbau-und-bauingenieurwesen\">Forschungsschwerpunkte<\/a> an der Fakult\u00e4t f\u00fcr Maschinenbau und Bauingenieurwesen etabliert.<\/p>\n","protected":false},"excerpt":{"rendered":"<p>Promotion und Habilitation &lt;&lt;&lt; Informationen zur Promotionsordnung und zum Zulassungsprozedere &gt;&gt;&gt; &lt;&lt;&lt; Informationen zur Habilitation und zum Zulassungsprozedere &gt;&gt;&gt; Promotionsordnung der Fakult\u00e4t f\u00fcr Maschinenbau und Bauingenieurwesen (ab 21.12.2023) pdf laden261 [&hellip;]<\/p>\n","protected":false},"author":33,"featured_media":0,"parent":0,"menu_order":0,"comment_status":"closed","ping_status":"closed","template":"","meta":{"footnotes":""},"categories":[4],"tags":[],"class_list":["post-117","page","type-page","status-publish","hentry","category-forschung"],"_links":{"self":[{"href":"https:\/\/www.hsu-hh.de\/mb\/wp-json\/wp\/v2\/pages\/117","targetHints":{"allow":["GET"]}}],"collection":[{"href":"https:\/\/www.hsu-hh.de\/mb\/wp-json\/wp\/v2\/pages"}],"about":[{"href":"https:\/\/www.hsu-hh.de\/mb\/wp-json\/wp\/v2\/types\/page"}],"author":[{"embeddable":true,"href":"https:\/\/www.hsu-hh.de\/mb\/wp-json\/wp\/v2\/users\/33"}],"replies":[{"embeddable":true,"href":"https:\/\/www.hsu-hh.de\/mb\/wp-json\/wp\/v2\/comments?post=117"}],"version-history":[{"count":71,"href":"https:\/\/www.hsu-hh.de\/mb\/wp-json\/wp\/v2\/pages\/117\/revisions"}],"predecessor-version":[{"id":1177,"href":"https:\/\/www.hsu-hh.de\/mb\/wp-json\/wp\/v2\/pages\/117\/revisions\/1177"}],"wp:attachment":[{"href":"https:\/\/www.hsu-hh.de\/mb\/wp-json\/wp\/v2\/media?parent=117"}],"wp:term":[{"taxonomy":"category","embeddable":true,"href":"https:\/\/www.hsu-hh.de\/mb\/wp-json\/wp\/v2\/categories?post=117"},{"taxonomy":"post_tag","embeddable":true,"href":"https:\/\/www.hsu-hh.de\/mb\/wp-json\/wp\/v2\/tags?post=117"}],"curies":[{"name":"wp","href":"https:\/\/api.w.org\/{rel}","templated":true}]}}