{"id":1153,"date":"2025-11-18T11:30:23","date_gmt":"2025-11-18T10:30:23","guid":{"rendered":"https:\/\/www.hsu-hh.de\/mb\/?page_id=1153"},"modified":"2025-12-10T09:25:53","modified_gmt":"2025-12-10T08:25:53","slug":"informationen-des-staendigen-habilitationsausschusses-der-fakultaet-fuer-maschinenbau-und-bauingenieurwesen-zur-habilitationsordnung-und-zum-zulassungsprozedere","status":"publish","type":"page","link":"https:\/\/www.hsu-hh.de\/mb\/informationen-des-staendigen-habilitationsausschusses-der-fakultaet-fuer-maschinenbau-und-bauingenieurwesen-zur-habilitationsordnung-und-zum-zulassungsprozedere","title":{"rendered":"Informationen des St\u00e4ndigen Habilitationsausschusses der Fakult\u00e4t f\u00fcr Maschinenbau und Bauingenieurwesen zur Habilitationsordnung und zum Zulassungsprozedere"},"content":{"rendered":"\n<p>F\u00fcr Habilitationsverfahren gilt ab sofort die neue Habilitationsordnung der Fakult\u00e4t Maschinenbau und Bauingenieurwesen (<a href=\"https:\/\/www.hsu-hh.de\/mb\/wp-content\/uploads\/sites\/672\/2025\/11\/Habilitationsordnung-05-2025.pdf\" data-type=\"link\" data-id=\"https:\/\/www.hsu-hh.de\/mb\/wp-content\/uploads\/sites\/672\/2025\/11\/Habilitationsordnung-05-2025.pdf\" target=\"_blank\" rel=\"noreferrer noopener\">HabilO MB<\/a>) in der Neufassung vom 20.02.2025 (im Hochschulanzeiger Nr. 05\/2025 ver\u00f6ffentlicht). Gleichzeitig tritt die bisheriger Habilitationsordnung vom 15.01.1981 au\u00dfer Kraft.<\/p>\n\n\n\n<p>Auf dem Weg zur Habilitation sind definierte Vorg\u00e4nge und Fristen einhalten. Hierzu z\u00e4hlt u. a. die Annahme als Habilitandin oder Habilitand; hierf\u00fcr gelten definierte Voraussetzungen nach \u00a73. Die Er\u00f6ffnung des Habilitationsverfahrens regelt \u00a74. Die zu erbringenden Leistungen unterteilen sich in eine schriftliche Habilitationsleistung (\u00a76), sowie in eine m\u00fcndliche Habilitationsleistung (\u00a78). <\/p>\n\n\n\n<p><strong>Annahme als Habilitandin oder als Habilitand:<\/strong><\/p>\n\n\n\n<ul class=\"wp-block-list\">\n<li>Zu Beginn des Habilitationsvorhabens ist nach \u00a73 zu handeln. Dabei muss in der Regel eine Zulassung als Habilitandin oder Habilitand zwei Jahre vor Er\u00f6ffnung des Habilitationsverfahrens erfolgen. \u00dcber abweichende Fristen, z. B. beim Wechsel in die neue Habilitationsordnung, entscheidet der St\u00e4ndige Habilitationsausschuss auf Antrag. <\/li>\n\n\n\n<li>Nehmen Sie bzgl. der Annahme als Habilitandin oder Habilitand bitte Kontakt mit dem Vorsitzenden des St\u00e4ndigen Habilitationsausschusses auf (Email: mario.oertel(at)hsu-hh.de).<\/li>\n\n\n\n<li>Folgende Vorlagendokumente sind als Antrag zur Zulassung einzureichen: <em><a href=\"https:\/\/www.hsu-hh.de\/mb\/wp-content\/uploads\/sites\/672\/2025\/12\/Template_Habilitation_deu.zip\" data-type=\"link\" data-id=\"https:\/\/www.hsu-hh.de\/mb\/wp-content\/uploads\/sites\/672\/2025\/12\/Template_Habilitation_deu.zip\" target=\"_blank\" rel=\"noreferrer noopener\">Template deutsch<\/a><\/em><\/li>\n<\/ul>\n\n\n\n<p><strong>Er\u00f6ffnung des Habilitationsverfahrens: <\/strong><\/p>\n\n\n\n<ul class=\"wp-block-list\">\n<li>Das Habilitationsverfahren kann er\u00f6ffnet werden, wenn die schriftliche Habilitationsleistung fertiggestellt wurde und Lehre im Umfang von 9 TWS (davon 6 TWS eigenst\u00e4ndig) nachgewiesen werden kann. N\u00e4heres regelt \u00a74.<\/li>\n\n\n\n<li>Der St\u00e4ndige Habilitationsausschuss er\u00f6ffnet das Verfahren (\u00a74); der Fakult\u00e4tsrat bestimmt anschlie\u00dfend die Habilitationskommission (\u00a75).<\/li>\n<\/ul>\n\n\n\n<p><strong>Habilitationsleistungen: <\/strong><\/p>\n\n\n\n<ul class=\"wp-block-list\">\n<li>Die schriftliche Habilitationsleistung kann als Monographie oder auch als kumulative Habilitation eingereicht werden. Details regelt \u00a76.<\/li>\n\n\n\n<li>Die m\u00fcndliche Habilitationsleistung nach \u00a78 erfolgt nach dem Einsetzen der Habilitationskommission sowie nach erfolgreicher Begutachtung der schriftlichen Habilitationsleistung.  <\/li>\n<\/ul>\n\n\n\n<p><\/p>\n\n\n\n<p>F\u00fcr jegliche Fragen rund um das Thema Promotion steht Ihnen der St\u00e4ndige Habilitationsausschuss der Fakult\u00e4t f\u00fcr Maschinenbau und Bauingenieurwesen jederzeit gerne zur Verf\u00fcgung.<\/p>\n\n\n\n<p><abbr title=\"Universit\u00e4tsprofessor\">Univ.-Prof.<\/abbr> <abbr title=\"Doktor\">Dr.<\/abbr>&#8211;<abbr title=\"Ingenieur\">Ing.<\/abbr> <abbr title=\"habilitatus\">habil.<\/abbr> Mario Oertel (Vorsitzender)<\/p>\n\n\n\n<p><abbr title=\"Universit\u00e4tsprofessor\">Univ.-Prof.<\/abbr> <abbr title=\"Doktor\">Dr.<\/abbr>&#8211;<abbr title=\"Ingenieur\">Ing.<\/abbr> <abbr title=\"habilitatus\">habil.<\/abbr> Wolfgang Weber (Stellvertretender Vorsitzender)<\/p>\n\n\n\n<p><abbr title=\"Universit\u00e4tsprofessor\">Univ.-Prof.<\/abbr> <abbr title=\"Doktor\">Dr.<\/abbr>&#8211;<abbr title=\"Ingenieur\">Ing.<\/abbr> Denis Kramer<\/p>\n\n\n\n<p><abbr title=\"Universit\u00e4tsprofessor\">Univ.-Prof.<\/abbr> <abbr title=\"Doktor\">Dr.<\/abbr> <abbr title=\"rerum\">rer.<\/abbr> nat. <abbr title=\"habilitatus\">habil.<\/abbr> Markus Bause<\/p>\n\n\n\n<p><\/p>\n","protected":false},"excerpt":{"rendered":"<p>F\u00fcr Habilitationsverfahren gilt ab sofort die neue Habilitationsordnung der Fakult\u00e4t Maschinenbau und Bauingenieurwesen (HabilO MB) in der Neufassung vom 20.02.2025 (im Hochschulanzeiger Nr. 05\/2025 ver\u00f6ffentlicht). Gleichzeitig tritt die bisheriger Habilitationsordnung [&hellip;]<\/p>\n","protected":false},"author":2919,"featured_media":0,"parent":0,"menu_order":0,"comment_status":"closed","ping_status":"closed","template":"","meta":{"footnotes":""},"categories":[4],"tags":[],"class_list":["post-1153","page","type-page","status-publish","hentry","category-forschung"],"_links":{"self":[{"href":"https:\/\/www.hsu-hh.de\/mb\/wp-json\/wp\/v2\/pages\/1153","targetHints":{"allow":["GET"]}}],"collection":[{"href":"https:\/\/www.hsu-hh.de\/mb\/wp-json\/wp\/v2\/pages"}],"about":[{"href":"https:\/\/www.hsu-hh.de\/mb\/wp-json\/wp\/v2\/types\/page"}],"author":[{"embeddable":true,"href":"https:\/\/www.hsu-hh.de\/mb\/wp-json\/wp\/v2\/users\/2919"}],"replies":[{"embeddable":true,"href":"https:\/\/www.hsu-hh.de\/mb\/wp-json\/wp\/v2\/comments?post=1153"}],"version-history":[{"count":7,"href":"https:\/\/www.hsu-hh.de\/mb\/wp-json\/wp\/v2\/pages\/1153\/revisions"}],"predecessor-version":[{"id":1183,"href":"https:\/\/www.hsu-hh.de\/mb\/wp-json\/wp\/v2\/pages\/1153\/revisions\/1183"}],"wp:attachment":[{"href":"https:\/\/www.hsu-hh.de\/mb\/wp-json\/wp\/v2\/media?parent=1153"}],"wp:term":[{"taxonomy":"category","embeddable":true,"href":"https:\/\/www.hsu-hh.de\/mb\/wp-json\/wp\/v2\/categories?post=1153"},{"taxonomy":"post_tag","embeddable":true,"href":"https:\/\/www.hsu-hh.de\/mb\/wp-json\/wp\/v2\/tags?post=1153"}],"curies":[{"name":"wp","href":"https:\/\/api.w.org\/{rel}","templated":true}]}}