{"id":114,"date":"2017-10-08T16:17:54","date_gmt":"2017-10-08T14:17:54","guid":{"rendered":"https:\/\/www.hsu-hh.de\/mb\/?page_id=114"},"modified":"2026-01-21T16:22:06","modified_gmt":"2026-01-21T15:22:06","slug":"studium","status":"publish","type":"page","link":"https:\/\/www.hsu-hh.de\/mb\/studium","title":{"rendered":"Studium"},"content":{"rendered":"\n<h3 class=\"wp-block-heading\">Bachelor- und Masterstudieng\u00e4nge<\/h3>\n\n\n\n<p>Das Studium des <strong>Maschinenbaus<\/strong> ist in zwei Teilen zu absolvieren. Das Bachelor-Studium f\u00fchrt grundlegend in die Disziplinen des Maschinenbaus ein und der Bachelor-Abschluss ist berufsqualifizierend. Im darauf folgenden Master-Studium, das auf die Grundlagenf\u00e4cher mit wissenschaftlicher Tiefe aufbaut, kann aus vier verschiedenen Studieng\u00e4ngen gew\u00e4hlt werden. Mit Energie- und Umwelttechnik, Fahrzeugtechnik, Produktentstehung und Logistik oder Mechatronik stehen Studieng\u00e4nge zur Verf\u00fcgung, die f\u00fcr jedes Interesse einen Schwerpunkt bieten.<br>Das Studium des <strong>Bauingenieurwesens<\/strong> gliedert sich ebenfalls in zwei Teile: ein berufsqualifizierendes Bachelor-Studium sowie ein darauf aufbauendes Master-Studium. Als Vertiefungsrichtungen werden im Bachelor-Studium Konstruktiver Ingenieurbau und Wasserbau angeboten. Im Master-Studium gibt es erg\u00e4nzend zu den beiden zuvor genannten noch die Vertiefung Verkehrsbau.<\/p>\n\n\n\n<h2 class=\"wp-block-heading\"><strong>Informationen f\u00fcr Studieninteressierte<\/strong><\/h2>\n\n\n\n<div class=\"wp-block-hsu-downloadblock\"><div class=\"thumbnail-area\"><img decoding=\"async\" src=\"\/wp-content\/themes\/hsu\/img\/dummy\/downloads_dummy.png\" alt=\"Download Symbol-Icon\" \/><\/div><div class=\"text-area\"><strong><a href=\"https:\/\/www.hsu-hh.de\/mb\/wp-content\/uploads\/sites\/672\/2023\/11\/2019_09_10_Flyer_Bachelor_Maschinenbau-1.pdf\">Flyer f\u00fcr Studieninteressierte Bachelor Maschinenbau<\/a><\/strong><\/div><div class=\"download-area\"><a class=\"download-link\" href=\"https:\/\/www.hsu-hh.de\/mb\/wp-content\/uploads\/sites\/672\/2023\/11\/2019_09_10_Flyer_Bachelor_Maschinenbau-1.pdf\"><span class=\"download-name\">pdf laden<\/span><span class=\"download-icon\"><img decoding=\"async\" class=\"download-icon\" alt=\"download icon\" src=\"\/wp-content\/themes\/hsu\/img\/icons\/download_icon.png\" \/><\/span><span class=\"download-size\">399 kB<\/span><\/a><\/div><\/div>\n\n\n\n<div class=\"wp-block-hsu-downloadblock\"><div class=\"thumbnail-area\"><img decoding=\"async\" src=\"\/wp-content\/themes\/hsu\/img\/dummy\/downloads_dummy.png\" alt=\"Download Symbol-Icon\" \/><\/div><div class=\"text-area\"><strong><a href=\"https:\/\/www.hsu-hh.de\/mb\/wp-content\/uploads\/sites\/672\/2018\/09\/BauIng.pdf\">Flyer f\u00fcr Studieninteressierte Bachelor Bauingenieurwesen<\/a><\/strong><\/div><div class=\"download-area\"><a class=\"download-link\" href=\"https:\/\/www.hsu-hh.de\/mb\/wp-content\/uploads\/sites\/672\/2018\/09\/BauIng.pdf\"><span class=\"download-name\">pdf laden<\/span><span class=\"download-icon\"><img decoding=\"async\" class=\"download-icon\" alt=\"download icon\" src=\"\/wp-content\/themes\/hsu\/img\/icons\/download_icon.png\" \/><\/span><span class=\"download-size\">570 kB<\/span><\/a><\/div><\/div>\n\n\n\n<div class=\"wp-block-hsu-downloadblock\"><div class=\"thumbnail-area\"><img decoding=\"async\" src=\"\/wp-content\/themes\/hsu\/img\/dummy\/downloads_dummy.png\" alt=\"Download Symbol-Icon\" \/><\/div><div class=\"text-area\"><strong><a href=\"https:\/\/www.hsu-hh.de\/mb\/wp-content\/uploads\/sites\/672\/2023\/11\/2019_09_10_Flyer_Master_Energie-_und_Umwelttechnik-1.pdf\">Flyer f\u00fcr Studieninteressierte Master Energie- und Umwelttechnik<\/a><\/strong><\/div><div class=\"download-area\"><a class=\"download-link\" href=\"https:\/\/www.hsu-hh.de\/mb\/wp-content\/uploads\/sites\/672\/2023\/11\/2019_09_10_Flyer_Master_Energie-_und_Umwelttechnik-1.pdf\"><span class=\"download-name\">pdf laden<\/span><span class=\"download-icon\"><img decoding=\"async\" class=\"download-icon\" alt=\"download icon\" src=\"\/wp-content\/themes\/hsu\/img\/icons\/download_icon.png\" \/><\/span><span class=\"download-size\">397 kB<\/span><\/a><\/div><\/div>\n\n\n\n<div class=\"wp-block-hsu-downloadblock\"><div class=\"thumbnail-area\"><img decoding=\"async\" src=\"\/wp-content\/themes\/hsu\/img\/dummy\/downloads_dummy.png\" alt=\"Download Symbol-Icon\" \/><\/div><div class=\"text-area\"><span><a style=\"font-weight: bold\" href=\"https:\/\/www.hsu-hh.de\/mb\/wp-content\/uploads\/sites\/672\/2023\/11\/2019_09_10_Flyer_Master_Fahrzeugtechnik-1.pdf\"><strong>Flyer f\u00fcr Studieninteressierte Master Fahrzeugtechnik<\/strong><\/a><\/span><\/div><div class=\"download-area\"><a class=\"download-link\" href=\"https:\/\/www.hsu-hh.de\/mb\/wp-content\/uploads\/sites\/672\/2023\/11\/2019_09_10_Flyer_Master_Fahrzeugtechnik-1.pdf\"><span class=\"download-name\">pdf laden<\/span><span class=\"download-icon\"><img decoding=\"async\" class=\"download-icon\" alt=\"download icon\" src=\"\/wp-content\/themes\/hsu\/img\/icons\/download_icon.png\" \/><\/span><span class=\"download-size\">397 kB<\/span><\/a><\/div><\/div>\n\n\n\n<div class=\"wp-block-hsu-downloadblock\"><div class=\"thumbnail-area\"><img decoding=\"async\" src=\"\/wp-content\/themes\/hsu\/img\/dummy\/downloads_dummy.png\" alt=\"Download Symbol-Icon\" \/><\/div><div class=\"text-area\"><a href=\"https:\/\/www.hsu-hh.de\/mb\/wp-content\/uploads\/sites\/672\/2023\/11\/2019_09_10_Flyer_Master_Mechatronik-1.pdf\"><strong>Flyer f\u00fcr Studieninteressierte Master Mechatronik<\/strong><\/a><\/div><div class=\"download-area\"><a class=\"download-link\" href=\"https:\/\/www.hsu-hh.de\/mb\/wp-content\/uploads\/sites\/672\/2023\/11\/2019_09_10_Flyer_Master_Mechatronik-1.pdf\"><span class=\"download-name\">pdf laden<\/span><span class=\"download-icon\"><img decoding=\"async\" class=\"download-icon\" alt=\"download icon\" src=\"\/wp-content\/themes\/hsu\/img\/icons\/download_icon.png\" \/><\/span><span class=\"download-size\">397 kB<\/span><\/a><\/div><\/div>\n\n\n\n<div class=\"wp-block-hsu-downloadblock\"><div class=\"thumbnail-area\"><img decoding=\"async\" src=\"\/wp-content\/themes\/hsu\/img\/dummy\/downloads_dummy.png\" alt=\"Download Symbol-Icon\" \/><\/div><div class=\"text-area\"><strong><a href=\"https:\/\/www.hsu-hh.de\/mb\/wp-content\/uploads\/sites\/672\/2023\/11\/2019_09_10_Flyer_Master_Produktentstehung_und_Logistik.pdf\">Flyer f\u00fcr Studieninteressierte Produktentstehung und Logistik<\/a><\/strong><\/div><div class=\"download-area\"><a class=\"download-link\" href=\"https:\/\/www.hsu-hh.de\/mb\/wp-content\/uploads\/sites\/672\/2023\/11\/2019_09_10_Flyer_Master_Produktentstehung_und_Logistik.pdf\"><span class=\"download-name\">pdf laden<\/span><span class=\"download-icon\"><img decoding=\"async\" class=\"download-icon\" alt=\"download icon\" src=\"\/wp-content\/themes\/hsu\/img\/icons\/download_icon.png\" \/><\/span><span class=\"download-size\">456 kB<\/span><\/a><\/div><\/div>\n\n\n\n<p><\/p>\n\n\n\n<p><\/p>\n\n\n\n<p>\u2192 <a href=\"https:\/\/www.ftmv.de\/studieninformationssystem\/\" rel='nofollow'>Studien-Informationssystem des FTMV<\/a><\/p>\n\n\n\n<p><\/p>\n\n\n\n<h2 class=\"wp-block-heading\">Studienpl\u00e4ne<\/h2>\n\n\n\n<p>siehe Fachspezifische Studien- und Pr\u00fcfungsordnung (FSPO) auf Seiten der <a href=\"https:\/\/www.hsu-hh.de\/asv\/studiengaenge\/\">Akademischen Selbstverwaltung<\/a><\/p>\n\n\n\n<p><\/p>\n\n\n\n<h2 class=\"wp-block-heading\">Modulhandb\u00fccher<\/h2>\n\n\n\n<div class=\"wp-block-hsu-downloadblock\"><div class=\"thumbnail-area\"><img decoding=\"async\" src=\"\/wp-content\/themes\/hsu\/img\/dummy\/downloads_dummy.png\" alt=\"Download Symbol-Icon\" \/><\/div><div class=\"text-area\"><strong><a href=\"https:\/\/www.hsu-hh.de\/mb\/wp-content\/uploads\/sites\/672\/2024\/04\/MHB_BSc_MB.pdf\">B.Sc. Maschinenbau<\/a><\/strong><\/div><div class=\"download-area\"><a class=\"download-link\" href=\"https:\/\/www.hsu-hh.de\/mb\/wp-content\/uploads\/sites\/672\/2024\/04\/MHB_BSc_MB.pdf\"><span class=\"download-name\">pdf laden<\/span><span class=\"download-icon\"><img decoding=\"async\" class=\"download-icon\" alt=\"download icon\" src=\"\/wp-content\/themes\/hsu\/img\/icons\/download_icon.png\" \/><\/span><span class=\"download-size\">3 MB<\/span><\/a><\/div><\/div>\n\n\n\n<div class=\"wp-block-hsu-downloadblock\"><div class=\"thumbnail-area\"><img decoding=\"async\" src=\"\/wp-content\/themes\/hsu\/img\/dummy\/downloads_dummy.png\" alt=\"Download Symbol-Icon\" \/><\/div><div class=\"text-area\"><strong><a href=\"https:\/\/www.hsu-hh.de\/mb\/wp-content\/uploads\/sites\/672\/2024\/04\/MHB-MB-PF2023.pdf\"><abbr title=\"Master of Science\">M.Sc.<\/abbr> vier Masterstudieng\u00e4nge Pflichtf\u00e4cher (bis\u00a0 einschlie\u00dflich Master-Studienantritt <abbr title=\"Wintertrimester\">WT<\/abbr>2025)<\/a><\/strong><\/div><div class=\"download-area\"><a class=\"download-link\" href=\"https:\/\/www.hsu-hh.de\/mb\/wp-content\/uploads\/sites\/672\/2024\/04\/MHB-MB-PF2023.pdf\"><span class=\"download-name\">pdf laden<\/span><span class=\"download-icon\"><img decoding=\"async\" class=\"download-icon\" alt=\"download icon\" src=\"\/wp-content\/themes\/hsu\/img\/icons\/download_icon.png\" \/><\/span><span class=\"download-size\">3 MB<\/span><\/a><\/div><\/div>\n\n\n\n<div class=\"wp-block-hsu-downloadblock\"><div class=\"thumbnail-area\"><img decoding=\"async\" src=\"\/wp-content\/themes\/hsu\/img\/dummy\/downloads_dummy.png\" alt=\"Download Symbol-Icon\" \/><\/div><div class=\"text-area\"><strong><a href=\"https:\/\/www.hsu-hh.de\/mb\/wp-content\/uploads\/sites\/672\/2024\/04\/MHB-MB-WP2020.pdf\"><abbr title=\"Master of Science\">M.Sc.<\/abbr> vier Masterstudieng\u00e4nge Wahlpflichtf\u00e4cher (bis\u00a0 einschlie\u00dflich <strong>Master-<\/strong>Studienantritt <abbr title=\"Wintertrimester\">WT<\/abbr>2025)<\/a><\/strong><\/div><div class=\"download-area\"><a class=\"download-link\" href=\"https:\/\/www.hsu-hh.de\/mb\/wp-content\/uploads\/sites\/672\/2024\/04\/MHB-MB-WP2020.pdf\"><span class=\"download-name\">pdf laden<\/span><span class=\"download-icon\"><img decoding=\"async\" class=\"download-icon\" alt=\"download icon\" src=\"\/wp-content\/themes\/hsu\/img\/icons\/download_icon.png\" \/><\/span><span class=\"download-size\">9 MB<\/span><\/a><\/div><\/div>\n\n\n\n<div class=\"wp-block-hsu-downloadblock\"><div class=\"thumbnail-area\"><img decoding=\"async\" src=\"\/wp-content\/themes\/hsu\/img\/dummy\/downloads_dummy.png\" alt=\"Download Symbol-Icon\" \/><\/div><div class=\"text-area\"><strong><a href=\"https:\/\/www.hsu-hh.de\/mb\/wp-content\/uploads\/sites\/672\/2025\/10\/MHB-Master-MB-PF-ab-Januar-2026.pdf\"><abbr title=\"Master of Science\">M.Sc.<\/abbr> vier Masterstudieng\u00e4nge Pflichtf\u00e4cher (ab\u00a0 Master-Studienantritt <abbr title=\"Wintertrimester\">WT<\/abbr>2025)<\/a><\/strong><\/div><div class=\"download-area\"><a class=\"download-link\" href=\"https:\/\/www.hsu-hh.de\/mb\/wp-content\/uploads\/sites\/672\/2025\/10\/MHB-Master-MB-PF-ab-Januar-2026.pdf\"><span class=\"download-name\">pdf laden<\/span><span class=\"download-icon\"><img decoding=\"async\" class=\"download-icon\" alt=\"download icon\" src=\"\/wp-content\/themes\/hsu\/img\/icons\/download_icon.png\" \/><\/span><span class=\"download-size\">3 MB<\/span><\/a><\/div><\/div>\n\n\n\n<div class=\"wp-block-hsu-downloadblock\"><div class=\"thumbnail-area\"><img decoding=\"async\" src=\"\/wp-content\/themes\/hsu\/img\/dummy\/downloads_dummy.png\" alt=\"Download Symbol-Icon\" \/><\/div><div class=\"text-area\"><a href=\"https:\/\/www.hsu-hh.de\/mb\/wp-content\/uploads\/sites\/672\/2025\/10\/MHB-Master-MB-WPF-ab-Januar-2026.pdf\"><strong><abbr title=\"Master of Science\">M.Sc.<\/abbr> vier Masterstudieng\u00e4nge Wahlflichtf\u00e4cher (ab\u00a0 Master-Studienantritt <abbr title=\"Wintertrimester\">WT<\/abbr>2025<\/strong>)<\/a><\/div><div class=\"download-area\"><a class=\"download-link\" href=\"https:\/\/www.hsu-hh.de\/mb\/wp-content\/uploads\/sites\/672\/2025\/10\/MHB-Master-MB-WPF-ab-Januar-2026.pdf\"><span class=\"download-name\">pdf laden<\/span><span class=\"download-icon\"><img decoding=\"async\" class=\"download-icon\" alt=\"download icon\" src=\"\/wp-content\/themes\/hsu\/img\/icons\/download_icon.png\" \/><\/span><span class=\"download-size\">8 MB<\/span><\/a><\/div><\/div>\n\n\n\n<div class=\"wp-block-hsu-downloadblock\"><div class=\"thumbnail-area\"><img decoding=\"async\" src=\"\/wp-content\/themes\/hsu\/img\/dummy\/downloads_dummy.png\" alt=\"Download Symbol-Icon\" \/><\/div><div class=\"text-area\"><strong><a href=\"https:\/\/www.hsu-hh.de\/mb\/wp-content\/uploads\/sites\/672\/2026\/01\/MHB_BSc_BIW_Jahrgang_2021_bis_einschl_Jahrgang_2024.pdf\">B.Sc. Bauingenieurwesen (bis einschlie\u00dflich Studienantritt <abbr title=\"Herbsttrimester\">HT<\/abbr>2024)<\/a><\/strong><\/div><div class=\"download-area\"><a class=\"download-link\" href=\"https:\/\/www.hsu-hh.de\/mb\/wp-content\/uploads\/sites\/672\/2023\/11\/MHB_BSc_BIW23.pdf\"><span class=\"download-name\">pdf laden<\/span><span class=\"download-icon\"><img decoding=\"async\" class=\"download-icon\" alt=\"download icon\" src=\"\/wp-content\/themes\/hsu\/img\/icons\/download_icon.png\" \/><\/span><span class=\"download-size\">3 MB<\/span><\/a><\/div><\/div>\n\n\n\n<div class=\"wp-block-hsu-downloadblock\"><div class=\"thumbnail-area\"><img decoding=\"async\" src=\"\/wp-content\/themes\/hsu\/img\/dummy\/downloads_dummy.png\" alt=\"Download Symbol-Icon\" \/><\/div><div class=\"text-area\"><strong><a href=\"https:\/\/www.hsu-hh.de\/mb\/wp-content\/uploads\/sites\/672\/2026\/01\/MHB_BSc_BIW_ab_einschl_Jahrgang_2025.pdf\">B.Sc. Bauingenieurwesen (ab  Studienantritt <abbr title=\"Herbsttrimester\">HT<\/abbr>2025)<\/a><\/strong><\/div><div class=\"download-area\"><a class=\"download-link\" href=\"https:\/\/www.hsu-hh.de\/mb\/wp-content\/uploads\/sites\/672\/2025\/10\/Modulhandbuch-Bsc-BIW-ab-einschl-Jahrgang-2025-1.pdf\"><span class=\"download-name\">pdf laden<\/span><span class=\"download-icon\"><img decoding=\"async\" class=\"download-icon\" alt=\"download icon\" src=\"\/wp-content\/themes\/hsu\/img\/icons\/download_icon.png\" \/><\/span><span class=\"download-size\">3 MB<\/span><\/a><\/div><\/div>\n\n\n\n<div class=\"wp-block-hsu-downloadblock\"><div class=\"thumbnail-area\"><img decoding=\"async\" src=\"\/wp-content\/themes\/hsu\/img\/dummy\/downloads_dummy.png\" alt=\"Download Symbol-Icon\" \/><\/div><div class=\"text-area\"><strong><a href=\"https:\/\/www.hsu-hh.de\/mb\/wp-content\/uploads\/sites\/672\/2024\/04\/MHB_MSc_BIW.pdf\"><abbr title=\"Master of Science\">M.Sc.<\/abbr> Bauingenieurwesen<\/a><\/strong><\/div><div class=\"download-area\"><a class=\"download-link\" href=\"https:\/\/www.hsu-hh.de\/mb\/wp-content\/uploads\/sites\/672\/2024\/04\/MHB_MSc_BIW.pdf\"><span class=\"download-name\">pdf laden<\/span><span class=\"download-icon\"><img decoding=\"async\" class=\"download-icon\" alt=\"download icon\" src=\"\/wp-content\/themes\/hsu\/img\/icons\/download_icon.png\" \/><\/span><span class=\"download-size\">3 MB<\/span><\/a><\/div><\/div>\n\n\n\n<h2 class=\"wp-block-heading\">Ordnungen<\/h2>\n\n\n\n<ul class=\"wp-block-list\">\n<li><a href=\"https:\/\/www.hsu-hh.de\/asv\/fakultaet-maschinenbau-2\/\">Praktikumsordnungen Bachelor MB und BIW<\/a><\/li>\n\n\n\n<li><\/li>\n\n\n\n<li><a href=\"https:\/\/www.hsu-hh.de\/asv\/allgemeine-pruefungsordnung-alt\/\">Allgemeine Pr\u00fcfungsordnung (APO)<\/a><\/li>\n\n\n\n<li><\/li>\n\n\n\n<li><a href=\"https:\/\/www.hsu-hh.de\/asv\/studiengaenge\/\">Fachspezifische Studien- und Pr\u00fcfungsordnung (FSPO)<\/a><\/li>\n<\/ul>\n\n\n<h3>\u00a0<\/h3>\n<h3>Formulare<\/h3>\n<p>\u2192 <a href=\"https:\/\/www.hsu-hh.de\/campusinfo\/wichtige-formulare\">Formblatt \u00dcbernahme Bachelor-\/Masterarbeit<\/a><\/p>\n<h3>Studienbereich Wirtschaftsingenieurwesen<\/h3>\n<p>\u2192 Hier finden Sie weitere Informationen zum <a href=\"https:\/\/www.hsu-hh.de\/sbawi\">Studienbereich Wirtschaftsingenieurwesen<\/a>.<\/p>\n<h3>Studienbereich Logistik<\/h3>\n<p>\u2192 Hier finden Sie weitere Informationen zum <a href=\"https:\/\/www.hsu-hh.de\/wiso\/logistik\">Studienbereich Logistik<\/a>.<\/p>\n<h3>Engineering Science<\/h3>\n<p>\u2192 Hier finden Sie weitere Informationen zum <a href=\"https:\/\/www.hsu-hh.de\/studium\/engineering-science\">Studiengang Engineering Science<\/a>.<\/p>\n<p><a href=\"https:\/\/www.hsu-hh.de\/hsm\/ziviles-studium\">Informationen \u00fcber ziviles Studieren an der <abbr title=\"Helmut Schmidt Universit\u00e4t\">HSU<\/abbr><\/a><\/p>","protected":false},"excerpt":{"rendered":"<p>Bachelor- und Masterstudieng\u00e4nge Das Studium des Maschinenbaus ist in zwei Teilen zu absolvieren. Das Bachelor-Studium f\u00fchrt grundlegend in die Disziplinen des Maschinenbaus ein und der Bachelor-Abschluss ist berufsqualifizierend. Im darauf [&hellip;]<\/p>\n","protected":false},"author":33,"featured_media":0,"parent":0,"menu_order":0,"comment_status":"closed","ping_status":"closed","template":"","meta":{"footnotes":""},"categories":[42],"tags":[],"class_list":["post-114","page","type-page","status-publish","hentry","category-studium"],"_links":{"self":[{"href":"https:\/\/www.hsu-hh.de\/mb\/wp-json\/wp\/v2\/pages\/114","targetHints":{"allow":["GET"]}}],"collection":[{"href":"https:\/\/www.hsu-hh.de\/mb\/wp-json\/wp\/v2\/pages"}],"about":[{"href":"https:\/\/www.hsu-hh.de\/mb\/wp-json\/wp\/v2\/types\/page"}],"author":[{"embeddable":true,"href":"https:\/\/www.hsu-hh.de\/mb\/wp-json\/wp\/v2\/users\/33"}],"replies":[{"embeddable":true,"href":"https:\/\/www.hsu-hh.de\/mb\/wp-json\/wp\/v2\/comments?post=114"}],"version-history":[{"count":113,"href":"https:\/\/www.hsu-hh.de\/mb\/wp-json\/wp\/v2\/pages\/114\/revisions"}],"predecessor-version":[{"id":1193,"href":"https:\/\/www.hsu-hh.de\/mb\/wp-json\/wp\/v2\/pages\/114\/revisions\/1193"}],"wp:attachment":[{"href":"https:\/\/www.hsu-hh.de\/mb\/wp-json\/wp\/v2\/media?parent=114"}],"wp:term":[{"taxonomy":"category","embeddable":true,"href":"https:\/\/www.hsu-hh.de\/mb\/wp-json\/wp\/v2\/categories?post=114"},{"taxonomy":"post_tag","embeddable":true,"href":"https:\/\/www.hsu-hh.de\/mb\/wp-json\/wp\/v2\/tags?post=114"}],"curies":[{"name":"wp","href":"https:\/\/api.w.org\/{rel}","templated":true}]}}