{"id":107,"date":"2017-10-08T15:54:21","date_gmt":"2017-10-08T13:54:21","guid":{"rendered":"https:\/\/www.hsu-hh.de\/mb\/?page_id=107"},"modified":"2026-01-22T16:42:28","modified_gmt":"2026-01-22T15:42:28","slug":"kontakt","status":"publish","type":"page","link":"https:\/\/www.hsu-hh.de\/mb\/kontakt","title":{"rendered":"Kontakt"},"content":{"rendered":"<h3>Dekanin<\/h3>\n<h2><abbr title=\"Universit\u00e4tsprofessor\">Univ.-Prof.<\/abbr> <abbr title=\"Doktor\">Dr.<\/abbr>&#8211;<abbr title=\"Ingenieur\">Ing.<\/abbr> <abbr title=\"Doktor\">Dr.<\/abbr> <abbr title=\"rerum\">rer.<\/abbr> nat. Anne Jung<\/h2>\n<p>Helmut-Schmidt-Universit\u00e4t Hamburg<br \/>\nFakult\u00e4t f\u00fcr Maschinenbau und Bauingenieurwesen<br \/>\nHolstenhofweg 85<br \/>\n22043 Hamburg<br \/>\nE-Mail: anne.jung(at)hsu-hh.de<\/p>\n<h3>Prodekan<\/h3>\n<h2><abbr title=\"Universit\u00e4tsprofessor\">Univ.-Prof.<\/abbr> <abbr title=\"Doktor\">Dr.<\/abbr>&#8211;<abbr title=\"Ingenieur\">Ing.<\/abbr> <abbr title=\"habilitatus\">habil.<\/abbr> Mario Oertel<\/h2>\n<p>Helmut-Schmidt-Universit\u00e4t Hamburg<br \/>\nFakult\u00e4t f\u00fcr Maschinenbau und Bauingenieurwesen<br \/>\nHolstenhofweg 85<br \/>\n22043 Hamburg<br \/>\nE-Mail: mario.oertel(at)hsu-hh.de<\/p>\n<h3>Studiendekan Maschinenbau<\/h3>\n<h2><abbr title=\"Universit\u00e4tsprofessor\">Univ.-Prof.<\/abbr> <abbr title=\"Doktor\">Dr.<\/abbr>&#8211;<abbr title=\"Ingenieur\">Ing.<\/abbr> <abbr title=\"habilitatus\">habil.<\/abbr> Karsten Meier<\/h2>\n<p>Helmut-Schmidt-Universit\u00e4t Hamburg<br \/>\nFakult\u00e4t f\u00fcr Maschinenbau und Bauingenieurwesen<br \/>\nHolstenhofweg 85<br \/>\n22043 Hamburg<br \/>\nRaum: 126<br \/>\nTelefon: +49 40 6541 2735<br \/>\nE-Mail: meierk(at)hsu-hh.de<\/p>\n<h3>Studiendekan Bauingenieurwesen<\/h3>\n<h2><abbr title=\"Universit\u00e4tsprofessor\">Univ.-Prof.<\/abbr> <abbr title=\"Doktor\">Dr.<\/abbr>&#8211;<abbr title=\"Ingenieur\">Ing.<\/abbr> <abbr title=\"habilitatus\">habil.<\/abbr> Wolfgang Weber<\/h2>\n<p>Helmut-Schmidt-Universit\u00e4t Hamburg<br \/>\nFakult\u00e4t f\u00fcr Maschinenbau und Bauingenieurwesen<br \/>\nHolstenhofweg 85<br \/>\n22043 Hamburg<br \/>\nRaum: OE054 (Campus Nord)<br \/>\nTelefon: +49 40 6541 2148<br \/>\nE-Mail: wolfgang.weber(at)hsu-hh.de<\/p>\n<hr \/>\n<p>\u2192<a href=\"https:\/\/www.hsu-hh.de\/fkvmb\">Fakult\u00e4tsverwaltung<\/a><\/p>\n<p>\u2192<a href=\"https:\/\/www.hsu-hh.de\/mb\/?page_id=654\">Fakult\u00e4tsmanager<\/a><\/p>\n<p>\u2192<a href=\"https:\/\/www.hsu-hh.de\/pamting\">Praktikantenamt<\/a><\/p>\n<p>\u2192<a href=\"https:\/\/www.hsu-hh.de\/universitaet\/\">Campusplan<\/a><\/p>\n","protected":false},"excerpt":{"rendered":"<p>Dekanin Univ.-Prof. Dr.&#8211;Ing. Dr. rer. nat. Anne Jung Helmut-Schmidt-Universit\u00e4t Hamburg Fakult\u00e4t f\u00fcr Maschinenbau und Bauingenieurwesen Holstenhofweg 85 22043 Hamburg E-Mail: anne.jung(at)hsu-hh.de Prodekan Univ.-Prof. Dr.&#8211;Ing. habil. Mario Oertel Helmut-Schmidt-Universit\u00e4t Hamburg Fakult\u00e4t [&hellip;]<\/p>\n","protected":false},"author":2919,"featured_media":0,"parent":0,"menu_order":0,"comment_status":"closed","ping_status":"closed","template":"","meta":{"footnotes":""},"categories":[38],"tags":[],"class_list":["post-107","page","type-page","status-publish","hentry","category-fakultaet-mb"],"_links":{"self":[{"href":"https:\/\/www.hsu-hh.de\/mb\/wp-json\/wp\/v2\/pages\/107","targetHints":{"allow":["GET"]}}],"collection":[{"href":"https:\/\/www.hsu-hh.de\/mb\/wp-json\/wp\/v2\/pages"}],"about":[{"href":"https:\/\/www.hsu-hh.de\/mb\/wp-json\/wp\/v2\/types\/page"}],"author":[{"embeddable":true,"href":"https:\/\/www.hsu-hh.de\/mb\/wp-json\/wp\/v2\/users\/2919"}],"replies":[{"embeddable":true,"href":"https:\/\/www.hsu-hh.de\/mb\/wp-json\/wp\/v2\/comments?post=107"}],"version-history":[{"count":61,"href":"https:\/\/www.hsu-hh.de\/mb\/wp-json\/wp\/v2\/pages\/107\/revisions"}],"predecessor-version":[{"id":1191,"href":"https:\/\/www.hsu-hh.de\/mb\/wp-json\/wp\/v2\/pages\/107\/revisions\/1191"}],"wp:attachment":[{"href":"https:\/\/www.hsu-hh.de\/mb\/wp-json\/wp\/v2\/media?parent=107"}],"wp:term":[{"taxonomy":"category","embeddable":true,"href":"https:\/\/www.hsu-hh.de\/mb\/wp-json\/wp\/v2\/categories?post=107"},{"taxonomy":"post_tag","embeddable":true,"href":"https:\/\/www.hsu-hh.de\/mb\/wp-json\/wp\/v2\/tags?post=107"}],"curies":[{"name":"wp","href":"https:\/\/api.w.org\/{rel}","templated":true}]}}