{"id":717,"date":"2018-04-19T11:15:25","date_gmt":"2018-04-19T09:15:25","guid":{"rendered":"https:\/\/www.hsu-hh.de\/mathstat\/?page_id=717"},"modified":"2026-02-17T11:15:02","modified_gmt":"2026-02-17T10:15:02","slug":"forecastingrisk","status":"publish","type":"page","link":"https:\/\/www.hsu-hh.de\/mathstat\/en\/research\/projects\/forecastingrisk","title":{"rendered":"Coherent Forecasting and Risk Analysis for Count Processes"},"content":{"rendered":"\n<h3 class=\"wp-block-heading\">Project partners:<\/h3>\n\n\n\n<ul class=\"wp-block-list\">\n<li><a href=\"https:\/\/uwm.edu\/business\/people\/alwan-layth-c\/\" rel='nofollow'><abbr title=\"Professor\">Prof.<\/abbr> <abbr title=\"Doktor\">Dr.<\/abbr> Layth C. Alwan<\/a>, University of Wisconsin, USA,<\/li>\n\n\n\n<li><a href=\"https:\/\/www.hsu-hh.de\/stochastik\/univ-prof-dr-gabriel-frahm\"><abbr title=\"Professor\">Prof.<\/abbr> <abbr title=\"Doktor\">Dr.<\/abbr> Gabriel Frahm<\/a>, <abbr title=\"Helmut Schmidt Universit\u00e4t\">HSU<\/abbr> Hamburg,<\/li>\n\n\n\n<li><a href=\"https:\/\/www.mathematik.uni-wuerzburg.de\/statistics\/mitarbeiter\/prof-dr-rainer-goeb\/\" rel='nofollow'><abbr title=\"Professor\">Prof.<\/abbr> <abbr title=\"Doktor\">Dr.<\/abbr> Rainer G\u00f6b<\/a>, Universit\u00e4t W\u00fcrzburg.<\/li>\n<\/ul>\n\n\n\n<h2 class=\"wp-block-heading\">DFG Project<\/h2>\n\n\n\n<p>&nbsp;<br>Three-years project, funded by <a href=\"http:\/\/www.dfg.de\/\" rel='nofollow'>Deutsche Forschungsgemeinschaft (DFG)<\/a> \u2013 Projektnummer <a href=\"https:\/\/gepris.dfg.de\/gepris\/projekt\/394832307?language=en\" rel='nofollow'>394832307<\/a>, and prepared during an <a href=\"#iff\" rel='nofollow'>IFF Project<\/a>.<\/p>\n\n\n\n<h3 class=\"wp-block-heading\">Project aims:<\/h3>\n\n\n\n<p>The project considers the coherent forecasting of count processes. For generating a coherent prediction, we always systematically compare a model-based and an approximative forecasting approach: &#8222;Does the model-based forecasting approach lead to a notable added value for the prediction of count data?&#8220;. For this purpose (among others), appropriate criteria for the evaluation and efficient comparison of the forecast performance are to be specified. Also the effect of estimated model parameters is to be investigated.<\/p>\n\n\n\n<p>Extreme quantiles are also need for risk analysis. The aim is to predict a risk by a quantile forecast and corresponding deduced risk measures (also under estimation uncertainty), and also the evaluation of the &#8222;goodness&#8220; of the risk prection (&#8222;How accurate are prediction and forecasted risk?&#8220;).<\/p>\n\n\n\n<p>For the model-based approach, a multitude of models shall be considered such that the coherent forecasting is examined in an yet unprecedented breadth. Besides INAR(\ud835\udc5d) models with rather general marginal distributions (e.g., to consider the phenomena of overdispersion and zero inflation, which are quite common in real applications) and models for the case of a bounded support of the form {0,&#8230;,n}, also models beyond an ARMA-like autocorrelation structure shall be included. Here, it is intended to use regression approaches being able to deal with trend and seasonality.<\/p>\n\n\n\n<h3 class=\"wp-block-heading\">Project duration:<\/h3>\n\n\n\n<p>October 2018 &#8211; September 2021.<\/p>\n\n\n\n<h3 class=\"wp-block-heading\">Project results:<\/h3>\n\n\n\n<ul class=\"wp-block-list\">\n<li>Homburg, A., Wei\u00df, C.H., Alwan, L.C., Frahm, G., G\u00f6b, R. (2019):<br>Evaluating Approximate Point Forecasting of Count Processes.<br><a href=\"https:\/\/www.mdpi.com\/2225-1146\/7\/3\" rel='nofollow'>Econometrics<\/a> 7(3), 30 (<a href=\"https:\/\/www.mdpi.com\/2225-1146\/7\/3\/30\" rel='nofollow'>open access<\/a>),<br><a href=\"https:\/\/www.mdpi.com\/journal\/econometrics\/special_issues\/count_data\" rel='nofollow'>Special Issue &#8222;Discrete-Valued Time Series: Modelling, Estimation and Forecasting&#8220;<\/a>.<br>\u00a0<br><em>Abstract:<\/em> In forecasting count processes, practitioners often ignore the discreteness of counts and compute forecasts based on Gaussian approximations instead. For both central and non-central point forecasts, and for various types of count processes, the performance of such approximate point forecasts is analyzed. The considered data-generating processes include different autoregressive schemes with varying model orders, count models with overdispersion or zero inflation, counts with a bounded range, and counts exhibiting trend or seasonality. We conclude that Gaussian forecast approximations should be avoided.<br>\u00a0<br><em>Supplementary material:<\/em> <a href=\"https:\/\/www.hsu-hh.de\/mathstat\/wp-content\/uploads\/sites\/781\/2019\/03\/Plot-Appendix.zip\">Plot-Appendix.zip<\/a>.<br>\u00a0<\/li>\n\n\n\n<li>Nik, S., Wei\u00df, C.H. (2020):<br>CLAR(1) Point Forecasting under Estimation Uncertainty.<br><a href=\"https:\/\/onlinelibrary.wiley.com\/toc\/14679574\/2020\/74\/4\" rel='nofollow'>Statistica Neerlandica<\/a> 74(4), pp. 489-516 (<a href=\"https:\/\/onlinelibrary.wiley.com\/doi\/10.1111\/stan.12206\" rel='nofollow'>open access<\/a>).<br>\u00a0<br><em>Abstract:<\/em> Forecast error is not only caused by the randomness of the data-generating process, but also by the uncertainty due to estimated model parameters. We investigate these different sources of forecast error for a popular type of count process, the Poisson first-order integer-valued autoregressive (INAR(1)) process. But many of our analytical derivations also hold for the more general family of conditional linear AR(1) (CLAR(1)) processes. In addition, results from a simulation study are presented, to verify and complement our asymptotic approximations.<br>\u00a0<\/li>\n\n\n\n<li>Homburg, A., Wei\u00df, C.H., Alwan, L.C., Frahm, G., G\u00f6b, R. (2021):<br>A Performance Analysis of Prediction Intervals for Count Time Series.<br><a href=\"https:\/\/onlinelibrary.wiley.com\/toc\/1099131x\/2021\/40\/4\" rel='nofollow'>Journal of Forecasting<\/a> 40(4), pp. 603-625 (<a href=\"https:\/\/onlinelibrary.wiley.com\/doi\/10.1002\/for.2729\" rel='nofollow'>open access<\/a>).<br>\u00a0<br><em>Abstract:<\/em> One of the major motivations for the analysis and modeling of time series data is the forecasting of future outcomes. The use of interval forecasts instead of point forecasts allows us to incorporate the apparent forecast uncertainty. When forecasting count time series, one also has to account for the discreteness of the range, which is done by using coherent prediction intervals (PIs) relying on a count model. We provide a comprehensive performance analysis of coherent PIs for diverse types of count processes. We also compare them to approximate PIs that are computed based on a Gaussian approximation. Our analyses rely on an extensive simulation study. It turns out that the Gaussian approximations do considerably worse than the coherent PIs. Furthermore, special characteristics such as overdispersion, zero inflation, or trend clearly affect the PIs&#8216; performance. We conclude by presenting two empirical applications of PIs for count time series: the demand for blood bags in a hospital, and the number of company liquidations in Germany.<br>\u00a0<br><em>Supplementary material:<\/em> <a href=\"https:\/\/www.hsu-hh.de\/mathstat\/wp-content\/uploads\/sites\/781\/2020\/04\/Supplement-Material.zip\">Supplement-Material.zip<\/a>.<br>\u00a0<\/li>\n\n\n\n<li>Wei\u00df, C.H., Homburg, A., Alwan, L.C., Frahm, G., G\u00f6b, R. (2022):<br>Efficient Accounting for Estimation Uncertainty in Coherent Forecasting of Count Processes.<br><a href=\"https:\/\/www.tandfonline.com\/toc\/cjas20\/49\/8\" rel='nofollow'>Journal of Applied Statistics<\/a> 49(8), pp. 1957-1978 (<a href=\"https:\/\/www.tandfonline.com\/doi\/full\/10.1080\/02664763.2021.1887104\" rel='nofollow'>open access<\/a>).<br>\u00a0<br><em>Abstract:<\/em> Coherent forecasting techniques for count processes generate forecasts that consist of count values themselves. In practice, forecasting always relies on a fitted model and so the obtained forecast values are affected by estimation uncertainty. Thus, they may differ from the true forecast values as they would have been obtained from the true data generating process. We propose a computationally efficient resampling scheme that allows to express the uncertainty in common types of coherent forecasts for count processes. The performance of the resampling scheme, which results in ensembles of forecast values, is investigated in a simulation study. A real-data example is used to demonstrate the application of the proposed approach in practice. It is shown that the obtained ensembles of forecast values can be presented in a visual way that allows for an intuitive interpretation.<br>\u00a0<\/li>\n\n\n\n<li>Homburg, A., Wei\u00df, C.H., Frahm, G., Alwan, L.C., G\u00f6b, R. (2021):<br>Analysis and Forecasting of Risk in Count Processes.<br><a href=\"https:\/\/www.mdpi.com\/1911-8074\/14\/4\" rel='nofollow'>Journal of Risk and Financial Management<\/a> 14(4), 182 (<a href=\"https:\/\/www.mdpi.com\/1911-8074\/14\/4\/182\" rel='nofollow'>open access<\/a>).<br>\u00a0<br><em>Abstract:<\/em> Risk measures are commonly used to prepare for a prospective occurrence of an adverse event. If we are concerned with discrete risk phenomena such as counts of natural disasters, counts of infections by a serious disease, or counts of certain economic events, then the required risk forecasts are to be computed for an underlying count process. In practice, however, the discrete nature of count data is sometimes ignored and risk forecasts are calculated based on Gaussian time series models. But even if methods from count time series analysis are used in an adequate manner, the performance of risk forecasting is affected by estimation uncertainty as well as certain discreteness phenomena. To get a thorough overview of the aforementioned issues in risk forecasting of count processes, a comprehensive simulation study was done considering a broad variety of risk measures and count time series models. It becomes clear that Gaussian approximate risk forecasts substantially distort risk assessment and, thus, should be avoided. In order to account for the apparent estimation uncertainty in risk forecasting, we use bootstrap approaches for count time series. The relevance and the application of the proposed approaches are illustrated by real data examples about counts of storm surges and counts of financial transactions.<br>\u00a0<br><em>Supplementary material:<\/em> <a href=\"https:\/\/www.hsu-hh.de\/mathstat\/wp-content\/uploads\/sites\/781\/2021\/02\/RiskPredCountTS_suppl.zip\">RiskPredCountTS_suppl.zip<\/a>.<br>\u00a0<\/li>\n\n\n\n<li>Homburg, A., Wei\u00df, C.H., Alwan, L.C., Frahm, G., G\u00f6b, R. (2023):<br>PMF-Forecasting for Count Processes: A Comprehensive Performance Analysis.<br><a href=\"https:\/\/link.springer.com\/book\/9783031141966\" rel='nofollow'>Theory and Applications of Time Series Analysis and Forecasting: Selected Contributions from ITISE 2021<\/a>, Contributions to Statistics, Springer, pp. 79-90 (<a href=\"https:\/\/link.springer.com\/chapter\/10.1007\/978-3-031-14197-3_6\" rel='nofollow'>direct access<\/a>).<br>\u00a0<br><em>Abstract:<\/em> Coherent forecasting techniques account for the discrete nature of count processes. Besides point and interval forecasts, a third way for achieving coherent forecasts is to consider the full predictive probability mass function (PMF) the actual forecast value. For a large variety of count processes, the performance of PMF forecasting under estimation uncertainty is analyzed. Furthermore, also Gaussian approximate PMF forecasting is investigated. Different approaches for performance evaluation are taken into consideration, with the main focus on mean squared errors computed for either the full PMF, or its lower and upper tails, respectively. A real-world example from finance is presented for illustration.<br>\u00a0<br><em>Supplementary material:<\/em> Full simulation results <a href=\"https:\/\/www.hsu-hh.de\/mathstat\/wp-content\/uploads\/sites\/781\/2022\/05\/PmfPredCountTS_suppl.zip\">PmfPredCountTS_suppl.zip<\/a>.<br>\u00a0<br>Corresponding <strong>plenary talk<\/strong> &#8222;On PMF-Forecasting for Count Processes&#8220; at the 7th International conference on Time Series and Forecasting (ITISE 2021), Granada, 19. &#8211; 21. Juli, 2021, see the <a href=\"https:\/\/www.hsu-hh.de\/mathstat\/wp-content\/uploads\/sites\/781\/2021\/06\/PlenaryTalk_ChristianWeiss.mp4\">video<\/a> and the <a href=\"https:\/\/www.hsu-hh.de\/mathstat\/wp-content\/uploads\/sites\/781\/2021\/06\/Folien_07_21.pdf\">slides<\/a>.<br>\u00a0<\/li>\n<\/ul>\n\n\n\n<h2 class=\"wp-block-heading\" id=\"iff\">IFF Project<\/h2>\n\n\n\n<p>&nbsp;<br>Einj\u00e4hriges Projekt, gef\u00f6rdert durch die <a href=\"https:\/\/www.hsu-hh.de\/forschung\/\">Interne Forschungsf\u00f6rderung (IFF2016)<\/a> der <abbr title=\"Helmut Schmidt Universit\u00e4t\">HSU<\/abbr> Hamburg.<\/p>\n\n\n\n<h3 class=\"wp-block-heading\">Projektresultate:<\/h3>\n\n\n\n<p>Die einj\u00e4hrige IFF-F\u00f6rderung des Projektes erm\u00f6glichte die Zwischenfinanzierung einer Stelle, welche mit einer Nachwuchswissenschaftlerin besetzt wurde. Im Rahmen dieser F\u00f6rderung wurden exemplarisch f\u00fcr Poisson-INAR(1)-Prozesse Konzepte entwickelt und Codes in der Programmiersprache R implementiert, mit denen die exakte \u210e-Schritt-Vorhersageverteilung und diverse Gau\u00df-AR(1)-Approximationen berechnet werden k\u00f6nnen. Insbesondere wurden diverse Kenngr\u00f6\u00dfen und grafische Werkzeuge zur Bewertung der G\u00fcte der Approximation implementiert. Ein Teil der Resultate wurde von der gef\u00f6rderten Nachwuchswissenschaftlerin in einem Arbeitspapier zusammengefasst. Auch konnten diverse reale Datens\u00e4tze gesammelt werden, welche die praktische Bedeutung der Vorhersageproblematik illustrieren.<\/p>\n\n\n\n<p>Mithilfe der IFF-Stelle konnte ein inhaltlich wesentlich erweiterter Projektantrag unter dem gleichlautenden Titel \u201eKoh\u00e4rente Vorhersage und Risikoanalyse f\u00fcr Z\u00e4hldatenprozesse\u201c erarbeitet werden, welcher die koh\u00e4rente Prognose und Risikoanalyse in einer bisher nicht dagewesenen Breite beleuchten soll. Dieser Projektantrag wurde am 05.04.2018 von der Deutschen Forschungsgemeinschaft (DFG) bewilligt.<\/p>\n\n\n\n<p>Einen \u00dcberblick \u00fcber das IFF-Projekt bietet folgendes <a href=\"https:\/\/www.hsu-hh.de\/mathstat\/wp-content\/uploads\/sites\/781\/2018\/04\/Poster_IFF16_Weiss_A1Design.pdf\">Poster<\/a>.<\/p>\n\n\n\n<h3 class=\"wp-block-heading\">Projektlaufzeit:<\/h3>\n\n\n\n<p>Juli 2016 &#8211; Juni 2017.<\/p>\n\n\n\n<h3 class=\"wp-block-heading\">Publikationen:<\/h3>\n\n\n\n<ul class=\"wp-block-list\">\n<li>Homburg, A. (2020) Criteria for evaluating approximations of count distributions.<br><a href=\"https:\/\/www.tandfonline.com\/toc\/lssp20\/49\/12?nav=tocList\" rel='nofollow'>Communications in Statistics &#8211; Simulation and Computation<\/a> 49(12), pp. 3152-3170, 2020.<\/li>\n<\/ul>\n","protected":false},"excerpt":{"rendered":"<p>Project partners: DFG Project &nbsp;Three-years project, funded by Deutsche Forschungsgemeinschaft (DFG) \u2013 Projektnummer 394832307, and prepared during an IFF Project. Project aims: The project considers the coherent forecasting of count [&hellip;]<\/p>\n","protected":false},"author":98,"featured_media":0,"parent":713,"menu_order":1,"comment_status":"closed","ping_status":"closed","template":"","meta":{"footnotes":""},"categories":[7],"tags":[],"class_list":["post-717","page","type-page","status-publish","hentry","category-research"],"_links":{"self":[{"href":"https:\/\/www.hsu-hh.de\/mathstat\/wp-json\/wp\/v2\/pages\/717","targetHints":{"allow":["GET"]}}],"collection":[{"href":"https:\/\/www.hsu-hh.de\/mathstat\/wp-json\/wp\/v2\/pages"}],"about":[{"href":"https:\/\/www.hsu-hh.de\/mathstat\/wp-json\/wp\/v2\/types\/page"}],"author":[{"embeddable":true,"href":"https:\/\/www.hsu-hh.de\/mathstat\/wp-json\/wp\/v2\/users\/98"}],"replies":[{"embeddable":true,"href":"https:\/\/www.hsu-hh.de\/mathstat\/wp-json\/wp\/v2\/comments?post=717"}],"version-history":[{"count":47,"href":"https:\/\/www.hsu-hh.de\/mathstat\/wp-json\/wp\/v2\/pages\/717\/revisions"}],"predecessor-version":[{"id":2753,"href":"https:\/\/www.hsu-hh.de\/mathstat\/wp-json\/wp\/v2\/pages\/717\/revisions\/2753"}],"up":[{"embeddable":true,"href":"https:\/\/www.hsu-hh.de\/mathstat\/wp-json\/wp\/v2\/pages\/713"}],"wp:attachment":[{"href":"https:\/\/www.hsu-hh.de\/mathstat\/wp-json\/wp\/v2\/media?parent=717"}],"wp:term":[{"taxonomy":"category","embeddable":true,"href":"https:\/\/www.hsu-hh.de\/mathstat\/wp-json\/wp\/v2\/categories?post=717"},{"taxonomy":"post_tag","embeddable":true,"href":"https:\/\/www.hsu-hh.de\/mathstat\/wp-json\/wp\/v2\/tags?post=717"}],"curies":[{"name":"wp","href":"https:\/\/api.w.org\/{rel}","templated":true}]}}