{"id":649,"date":"2018-04-17T13:34:15","date_gmt":"2018-04-17T11:34:15","guid":{"rendered":"https:\/\/www.hsu-hh.de\/mathstat\/?page_id=649"},"modified":"2026-02-17T09:35:53","modified_gmt":"2026-02-17T08:35:53","slug":"diskretwertigezeitreihen","status":"publish","type":"page","link":"https:\/\/www.hsu-hh.de\/mathstat\/forschung\/projekte\/diskretwertigezeitreihen","title":{"rendered":"Diskretwertige Zeitreihen"},"content":{"rendered":"\n<p>Unter einer <strong>Zeitreihe<\/strong> versteht man eine zeitlich geordnete Folge von Beobachtungen, von der man annimmt, dass sie Realisation eines zugrundeliegenden stochastischen Prozesses ist. Um in der Lage zu sein, zuk\u00fcnftige Werte vorherzusagen, oder um den weiteren Verlauf des Prozesses mit dem Ziel zu \u00fcberwachen, strukturelle \u00c4nderungen schnellstm\u00f6glich aufzudecken, ist eine Modellierung des Prozesses von zentraler Bedeutung, welche wiederum eine eingehende statistische Analyse der verf\u00fcgbaren Zeitreihe voraussetzt.<\/p>\n\n\n\n<p>Sp\u00e4testens mit dem wegweisenden Buch von Box &amp; Jenkins (1970) ist die <strong>Zeitreihenanalyse<\/strong> zu einer etablierten Disziplin in Forschung, Lehre und Anwendung geworden. Allerdings wurde \u00fcber lange Zeit hinweg eine Zeitreihe automatisch als reellwertig angenommen, so dass sich Fachb\u00fccher zur Zeitreihenanalyse bis zum heutigen Tag nahezu ausschlie\u00dflich mit diesem Fall befassen. In Anwendungen dagegen ist man h\u00e4ufig mit Zeitreihen aus diskretwertigen Beobachtungen konfrontiert, etwa mit Zeitreihen aus Z\u00e4hldaten oder gar qualitativen Zeitreihen mit nominalem oder ordinalem Wertebereich. In derartigen F\u00e4lle k\u00f6nnen die \u00fcblichen Modelle und Verfahren f\u00fcr reellwertige Zeitreihen nicht angewandt werden.<\/p>\n\n\n\n<p>Erst in den vergangenen etwa 25 Jahren hat sich ein stetig wachsendes Interesse in Forschung und Praxis bez\u00fcglich <strong>diskretwertiger Zeitreihen<\/strong> entwickelt. Dabei wurden zahlreiche Modelle und Ans\u00e4tze zur statistischen Analyse diverser Typen von diskretwertigen Zeitreihen entwickelt.<\/p>\n\n\n\n<h2 class=\"wp-block-heading\">Einf\u00fchrendes Buch zu diskretwertigen Zeitreihen:<\/h2>\n\n\n\n<div class=\"wp-block-hsu-publicationblock\"><div class=\"img-area download-image\"><img decoding=\"async\" src=\"https:\/\/www.hsu-hh.de\/mathstat\/wp-content\/uploads\/sites\/781\/2017\/11\/9781119096962_mittel-100x100.png\" alt=\"\" \/><\/div><div class=\"content-area\">Christian H. Wei\u00df<br \/><strong>An Introduction to Discrete-Valued Time Series<\/strong><br \/>John Wiley &amp; Sons, Inc., Chichester, 2018.<br \/>304 pages, hardcover. <abbr title=\"International Standard Book Number\">ISBN<\/abbr> 978-1-119-09696-2<br \/><br \/><a href=\"https:\/\/www.wiley.com\/go\/weiss\/discrete-valuedtimeseries\" rel='nofollow'>Publisher&#8217;s website \u00bb<\/a><br \/><a href=\"https:\/\/www.hsu-hh.de\/mathstat\/wp-content\/uploads\/sites\/781\/2021\/04\/Rcodes.zip\">R codes \u00bb<\/a><br \/><a href=\"https:\/\/www.hsu-hh.de\/mathstat\/wp-content\/uploads\/sites\/781\/2017\/11\/Datasets.zip\">Datasets \u00bb<\/a><\/div><\/div>\n\n\n\n<h3 class=\"wp-block-heading\">Open-Access-\u00dcberblicksartikel in &#8222;WIREs Computational Statistics&#8220;:<\/h3>\n\n\n\n<p>Wei\u00df, C.H.: Stationary Count Time Series Models.<br><a href=\"https:\/\/onlinelibrary.wiley.com\/toc\/19390068\/2021\/13\/1\" rel='nofollow'>WIREs Computational Statistics<\/a> 13(1), e1502, 2021.<\/p>\n\n\n\n<h3 class=\"wp-block-heading\">Beitr\u00e4ge zur Enzyklop\u00e4die &#8222;Wiley StatsRef&#8220;:<\/h3>\n\n\n\n<p>In der Enzyklop\u00e4die <a href=\"https:\/\/onlinelibrary.wiley.com\/doi\/book\/10.1002\/9781118445112\" rel='nofollow'>Wiley StatsRef: Statistics Reference Online<\/a> (Balakrishnan et al. (eds.), John Wiley &amp; Sons Ltd) sind 2018 f\u00fcnf Beitr\u00e4ge \u00fcber diskretwertige Zeitreihen erschienen:<\/p>\n\n\n\n<ul class=\"wp-block-list\">\n<li><a href=\"http:\/\/onlinelibrary.wiley.com\/doi\/10.1002\/9781118445112.stat08132\/full\" rel='nofollow'>Categorical Time Series Analysis<\/a><\/li>\n\n\n\n<li><a href=\"http:\/\/onlinelibrary.wiley.com\/doi\/10.1002\/9781118445112.stat08131\/full\" rel='nofollow'>Count Time Series Analysis<\/a><\/li>\n\n\n\n<li><a href=\"http:\/\/onlinelibrary.wiley.com\/doi\/10.1002\/9781118445112.stat08133\/full\" rel='nofollow'>Integer-valued Autoregressive Moving-Average (INARMA) Models<\/a><\/li>\n\n\n\n<li><a href=\"http:\/\/onlinelibrary.wiley.com\/doi\/10.1002\/9781118445112.stat08134\/full\" rel='nofollow'>INGARCH and Regression Models for Count Time Series<\/a><\/li>\n\n\n\n<li><a href=\"http:\/\/onlinelibrary.wiley.com\/doi\/10.1002\/9781118445112.stat08135\/full\" rel='nofollow'>Hidden-Markov Models for Count Time Series<\/a><\/li>\n<\/ul>\n","protected":false},"excerpt":{"rendered":"<p>Unter einer Zeitreihe versteht man eine zeitlich geordnete Folge von Beobachtungen, von der man annimmt, dass sie Realisation eines zugrundeliegenden stochastischen Prozesses ist. Um in der Lage zu sein, zuk\u00fcnftige [&hellip;]<\/p>\n","protected":false},"author":98,"featured_media":0,"parent":647,"menu_order":0,"comment_status":"closed","ping_status":"closed","template":"","meta":{"footnotes":""},"categories":[4],"tags":[],"class_list":["post-649","page","type-page","status-publish","hentry","category-forschung"],"_links":{"self":[{"href":"https:\/\/www.hsu-hh.de\/mathstat\/wp-json\/wp\/v2\/pages\/649","targetHints":{"allow":["GET"]}}],"collection":[{"href":"https:\/\/www.hsu-hh.de\/mathstat\/wp-json\/wp\/v2\/pages"}],"about":[{"href":"https:\/\/www.hsu-hh.de\/mathstat\/wp-json\/wp\/v2\/types\/page"}],"author":[{"embeddable":true,"href":"https:\/\/www.hsu-hh.de\/mathstat\/wp-json\/wp\/v2\/users\/98"}],"replies":[{"embeddable":true,"href":"https:\/\/www.hsu-hh.de\/mathstat\/wp-json\/wp\/v2\/comments?post=649"}],"version-history":[{"count":17,"href":"https:\/\/www.hsu-hh.de\/mathstat\/wp-json\/wp\/v2\/pages\/649\/revisions"}],"predecessor-version":[{"id":2749,"href":"https:\/\/www.hsu-hh.de\/mathstat\/wp-json\/wp\/v2\/pages\/649\/revisions\/2749"}],"up":[{"embeddable":true,"href":"https:\/\/www.hsu-hh.de\/mathstat\/wp-json\/wp\/v2\/pages\/647"}],"wp:attachment":[{"href":"https:\/\/www.hsu-hh.de\/mathstat\/wp-json\/wp\/v2\/media?parent=649"}],"wp:term":[{"taxonomy":"category","embeddable":true,"href":"https:\/\/www.hsu-hh.de\/mathstat\/wp-json\/wp\/v2\/categories?post=649"},{"taxonomy":"post_tag","embeddable":true,"href":"https:\/\/www.hsu-hh.de\/mathstat\/wp-json\/wp\/v2\/tags?post=649"}],"curies":[{"name":"wp","href":"https:\/\/api.w.org\/{rel}","templated":true}]}}