{"id":647,"date":"2018-04-17T12:19:26","date_gmt":"2018-04-17T10:19:26","guid":{"rendered":"https:\/\/www.hsu-hh.de\/mathstat\/?page_id=647"},"modified":"2026-02-17T09:30:13","modified_gmt":"2026-02-17T08:30:13","slug":"projekte","status":"publish","type":"page","link":"https:\/\/www.hsu-hh.de\/mathstat\/forschung\/projekte","title":{"rendered":"Projekte"},"content":{"rendered":"\n<ul class=\"wp-block-list\">\n<li><a href=\"https:\/\/www.hsu-hh.de\/mathstat\/forschung\/projekte\/diskretwertigezeitreihen\">Diskretwertige Zeitreihen<\/a><\/li>\n\n\n\n<li><a href=\"https:\/\/www.hsu-hh.de\/mathstat\/forschung\/projekte\/vorhersagerisiko\">Koh\u00e4rente Vorhersage und Risikoanalyse f\u00fcr Z\u00e4hldatenprozesse<\/a><\/li>\n\n\n\n<li><a href=\"https:\/\/www.hsu-hh.de\/mathstat\/forschung\/projekte\/modelldiagnostik\">Modelldiagnostik f\u00fcr Z\u00e4hldatenzeitreihen<\/a><\/li>\n\n\n\n<li><a href=\"https:\/\/www.hsu-hh.de\/mathstat\/forschung\/projekte\/ordinale-zeitreihen\">Ordinale Zeitreihen: Modellierung, Vorhersage und Kontrolle<\/a><\/li>\n\n\n\n<li><a href=\"https:\/\/www.hsu-hh.de\/mathstat\/forschung\/projekte\/statmodell\">Statistische Modellierung ganzzahliger Zeitreihen und Anwendungen<\/a><\/li>\n<\/ul>\n","protected":false},"excerpt":{"rendered":"","protected":false},"author":98,"featured_media":0,"parent":170,"menu_order":4,"comment_status":"closed","ping_status":"closed","template":"","meta":{"footnotes":""},"categories":[4],"tags":[],"class_list":["post-647","page","type-page","status-publish","hentry","category-forschung"],"_links":{"self":[{"href":"https:\/\/www.hsu-hh.de\/mathstat\/wp-json\/wp\/v2\/pages\/647","targetHints":{"allow":["GET"]}}],"collection":[{"href":"https:\/\/www.hsu-hh.de\/mathstat\/wp-json\/wp\/v2\/pages"}],"about":[{"href":"https:\/\/www.hsu-hh.de\/mathstat\/wp-json\/wp\/v2\/types\/page"}],"author":[{"embeddable":true,"href":"https:\/\/www.hsu-hh.de\/mathstat\/wp-json\/wp\/v2\/users\/98"}],"replies":[{"embeddable":true,"href":"https:\/\/www.hsu-hh.de\/mathstat\/wp-json\/wp\/v2\/comments?post=647"}],"version-history":[{"count":4,"href":"https:\/\/www.hsu-hh.de\/mathstat\/wp-json\/wp\/v2\/pages\/647\/revisions"}],"predecessor-version":[{"id":2746,"href":"https:\/\/www.hsu-hh.de\/mathstat\/wp-json\/wp\/v2\/pages\/647\/revisions\/2746"}],"up":[{"embeddable":true,"href":"https:\/\/www.hsu-hh.de\/mathstat\/wp-json\/wp\/v2\/pages\/170"}],"wp:attachment":[{"href":"https:\/\/www.hsu-hh.de\/mathstat\/wp-json\/wp\/v2\/media?parent=647"}],"wp:term":[{"taxonomy":"category","embeddable":true,"href":"https:\/\/www.hsu-hh.de\/mathstat\/wp-json\/wp\/v2\/categories?post=647"},{"taxonomy":"post_tag","embeddable":true,"href":"https:\/\/www.hsu-hh.de\/mathstat\/wp-json\/wp\/v2\/tags?post=647"}],"curies":[{"name":"wp","href":"https:\/\/api.w.org\/{rel}","templated":true}]}}