{"id":170,"date":"2017-10-04T17:43:36","date_gmt":"2017-10-04T15:43:36","guid":{"rendered":"https:\/\/www.hsu-hh.de\/mathstat\/?page_id=170"},"modified":"2026-02-18T09:32:20","modified_gmt":"2026-02-18T08:32:20","slug":"forschung","status":"publish","type":"page","link":"https:\/\/www.hsu-hh.de\/mathstat\/forschung","title":{"rendered":"Forschung"},"content":{"rendered":"\n<p>&#8230; siehe auch die <a href=\"https:\/\/www.hsu-hh.de\/mathstat\/forschung\/publikationen\/\">Publikationen &amp; Vortr\u00e4ge<\/a>, die <a href=\"https:\/\/www.hsu-hh.de\/mathstat\/forschung\/monographien\/\">Monographien<\/a>, die <a href=\"https:\/\/www.hsu-hh.de\/mathstat\/forschung\/projekte\/\">Projekte<\/a> sowie die <a href=\"https:\/\/www.hsu-hh.de\/mathstat\/forschung\/betreute-doktorarbeiten\">Betreuten Doktorarbeiten<\/a> der Professur.<\/p>\n\n\n\n<h2 class=\"wp-block-heading\"><\/h2>\n\n\n\n<h2 class=\"wp-block-heading\">Forschungsgebiete<\/h2>\n\n\n\n<p>Die <strong>Forschungsschwerpunkte<\/strong> der Professur liegen in den Bereichen<\/p>\n\n\n\n<ul class=\"wp-block-list\">\n<li>Kategoriale Prozesse und Zeitreihen ( <abbr title=\"zum Beispiel\">z.B.<\/abbr> NDARMA-Modelle)<\/li>\n\n\n\n<li>Z\u00e4hldatenprozesse und -zeitreihen ( <abbr title=\"zum Beispiel\">z.B.<\/abbr> INARMA- und INGARCH-Modelle)<\/li>\n\n\n\n<li>Compositional Data (CoDa)<\/li>\n\n\n\n<li>Statistische Prozesskontrolle<\/li>\n\n\n\n<li>Statistische Qualit\u00e4tskontrolle<\/li>\n\n\n\n<li>Data Mining<\/li>\n<\/ul>\n\n\n\n<p><strong>Poster zu den Forschungsgebieten<\/strong> der Professur f\u00fcr<br>Quantitative Methoden der Wirtschaftswissenschaften: <a href=\"https:\/\/www.hsu-hh.de\/mathstat\/wp-content\/uploads\/sites\/781\/2018\/04\/Poster_Professur_Weiss.pdf\">Poster<\/a>.<\/p>\n\n\n\n<h2 class=\"wp-block-heading\"><strong>Weitere Interessengebiete:<\/strong><\/h2>\n\n\n\n<ul class=\"wp-block-list\">\n<li>Associate Editor von <a href=\"https:\/\/journals.sagepub.com\/editorial-board\/SMJ\" rel='nofollow'>Statistical Modelling<\/a><\/li>\n\n\n\n<li>Associate Editor von <a href=\"https:\/\/www.sciencedirect.com\/journal\/statistics-and-probability-letters\/about\/editorial-board\" rel='nofollow'>Statistics &amp; Probability Letters<\/a><\/li>\n\n\n\n<li>Associate Editor von <a href=\"https:\/\/revstat.ine.pt\/index.php\/REVSTAT\/about\/editorialTeam\" rel='nofollow'>REVSTAT-Statistical Journal<\/a><\/li>\n\n\n\n<li>Editorial Board von <a href=\"https:\/\/www.tandfonline.com\/action\/journalInformation?show=editorialBoard&amp;journalCode=lqen20\" rel='nofollow'>Quality Engineering<\/a><\/li>\n\n\n\n<li>Sprecherrat der <a href=\"http:\/\/agzqs.stochastik.rwth-aachen.de\/Math2Go\/index.php?id=ag-fuer-zuverlaessigkeit-qualitaet-und-sicherheit\" rel='nofollow'>Arbeitsgemeinschaft Stochastische Modelle f\u00fcr Zuverl\u00e4ssigkeit, Qualit\u00e4t und Sicherheit e.V.<\/a><\/li>\n<\/ul>\n\n\n\n<h2 class=\"wp-block-heading\">Weitere Aktivit\u00e4ten:<\/h2>\n\n\n\n<ul class=\"wp-block-list\">\n<li>Associate Editor von <a href=\"https:\/\/journals.sagepub.com\/editorial-board\/SMJ\" rel='nofollow'>Statistical Modelling<\/a><\/li>\n\n\n\n<li>Associate Editor von <a href=\"https:\/\/www.sciencedirect.com\/journal\/statistics-and-probability-letters\/about\/editorial-board\" rel='nofollow'>Statistics &amp; Probability Letters<\/a><\/li>\n\n\n\n<li>Associate Editor von <a href=\"https:\/\/revstat.ine.pt\/index.php\/REVSTAT\/about\/editorialTeam\" rel='nofollow'>REVSTAT-Statistical Journal<\/a><\/li>\n\n\n\n<li>Editorial Board von <a href=\"https:\/\/www.tandfonline.com\/action\/journalInformation?show=editorialBoard&amp;journalCode=lqen20\" rel='nofollow'>Quality Engineering<\/a><\/li>\n\n\n\n<li>Sprecherrat der <a href=\"http:\/\/agzqs.stochastik.rwth-aachen.de\/Math2Go\/index.php?id=ag-fuer-zuverlaessigkeit-qualitaet-und-sicherheit\" rel='nofollow'>Arbeitsgemeinschaft Stochastische Modelle f\u00fcr Zuverl\u00e4ssigkeit, Qualit\u00e4t und Sicherheit e.V.<\/a><\/li>\n<\/ul>\n","protected":false},"excerpt":{"rendered":"<p>&#8230; siehe auch die Publikationen &amp; Vortr\u00e4ge, die Monographien, die Projekte sowie die Betreuten Doktorarbeiten der Professur. Forschungsgebiete Die Forschungsschwerpunkte der Professur liegen in den Bereichen Poster zu den Forschungsgebieten [&hellip;]<\/p>\n","protected":false},"author":98,"featured_media":0,"parent":0,"menu_order":0,"comment_status":"closed","ping_status":"closed","template":"","meta":{"footnotes":""},"categories":[4],"tags":[],"class_list":["post-170","page","type-page","status-publish","hentry","category-forschung"],"_links":{"self":[{"href":"https:\/\/www.hsu-hh.de\/mathstat\/wp-json\/wp\/v2\/pages\/170","targetHints":{"allow":["GET"]}}],"collection":[{"href":"https:\/\/www.hsu-hh.de\/mathstat\/wp-json\/wp\/v2\/pages"}],"about":[{"href":"https:\/\/www.hsu-hh.de\/mathstat\/wp-json\/wp\/v2\/types\/page"}],"author":[{"embeddable":true,"href":"https:\/\/www.hsu-hh.de\/mathstat\/wp-json\/wp\/v2\/users\/98"}],"replies":[{"embeddable":true,"href":"https:\/\/www.hsu-hh.de\/mathstat\/wp-json\/wp\/v2\/comments?post=170"}],"version-history":[{"count":31,"href":"https:\/\/www.hsu-hh.de\/mathstat\/wp-json\/wp\/v2\/pages\/170\/revisions"}],"predecessor-version":[{"id":2827,"href":"https:\/\/www.hsu-hh.de\/mathstat\/wp-json\/wp\/v2\/pages\/170\/revisions\/2827"}],"wp:attachment":[{"href":"https:\/\/www.hsu-hh.de\/mathstat\/wp-json\/wp\/v2\/media?parent=170"}],"wp:term":[{"taxonomy":"category","embeddable":true,"href":"https:\/\/www.hsu-hh.de\/mathstat\/wp-json\/wp\/v2\/categories?post=170"},{"taxonomy":"post_tag","embeddable":true,"href":"https:\/\/www.hsu-hh.de\/mathstat\/wp-json\/wp\/v2\/tags?post=170"}],"curies":[{"name":"wp","href":"https:\/\/api.w.org\/{rel}","templated":true}]}}