{"id":117,"date":"2017-10-04T13:14:16","date_gmt":"2017-10-04T11:14:16","guid":{"rendered":"https:\/\/www.hsu-hh.de\/mathstat\/?page_id=117"},"modified":"2026-02-18T09:26:00","modified_gmt":"2026-02-18T08:26:00","slug":"moellert","status":"publish","type":"page","link":"https:\/\/www.hsu-hh.de\/mathstat\/mitarbeiter\/moellert","title":{"rendered":"Dr. rer. nat. Tobias A. M\u00f6ller"},"content":{"rendered":"\n<h2 class=\"wp-block-heading\">Lehrveranstaltungen<\/h2>\n\n\n\n<ul class=\"wp-block-list\">\n<li>Statistik II &#8211; \u00dcbung (<abbr title=\"Fr\u00fchjahrstrimester\">FT<\/abbr> 2018)<\/li>\n\n\n\n<li>Mathematik f\u00fcr Wirtschaftswissenschaftler &#8211; \u00dcbung (<abbr title=\"Herbsttrimester\">HT<\/abbr> 2015, 2017)<\/li>\n\n\n\n<li>Fortgeschrittene Mathematik f\u00fcr \u00d6konomen &#8211; Vorlesung (<abbr title=\"Wintertrimester\">WT<\/abbr> 2017)<\/li>\n\n\n\n<li>Mathematik f\u00fcr Wirtschaftswissenschaftler &#8211; Vorlesung (<abbr title=\"Herbsttrimester\">HT<\/abbr> 2016)<\/li>\n\n\n\n<li>Fortgeschrittene Mathematik f\u00fcr \u00d6konomen &#8211; \u00dcbung (<abbr title=\"Wintertrimester\">WT<\/abbr> 2015, 2016)<\/li>\n\n\n\n<li>Grundlagen der Zeitreihenanalyse &#8211; \u00dcbung (<abbr title=\"Fr\u00fchjahrstrimester\">FT<\/abbr> 2015)<\/li>\n<\/ul>\n\n\n\n<h2 class=\"wp-block-heading\">Publikationen<\/h2>\n\n\n\n<p><a href=\"https:\/\/orcid.org\/0000-0002-6581-0376\" rel='nofollow'>orcid.org\/0000-0002-6581-0376<\/a><\/p>\n\n\n\n<ul class=\"wp-block-list\">\n<li><a href=\"https:\/\/doi.org\/10.1007\/s00180-020-00980-6\" rel='nofollow'>Kim, H.-Y., Wei\u00df, C.H., M\u00f6ller, T.A. [2020] Models for Autoregressive Processes of Bounded Counts: How Different Are They?<br>Computational Statistics 35(4), pp. 1715-1736.<\/a><\/li>\n\n\n\n<li><a href=\"https:\/\/doi.org\/10.1002%2Fasmb.2520\" rel='nofollow'>M\u00f6ller, T.A., Wei\u00df, C.H. [2020] Generalized Discrete ARMA Models.<br>Applied Stochastic Models in Business and Industry 36(4), pp. 641-659.<\/a><\/li>\n\n\n\n<li><a href=\"https:\/\/journals.sagepub.com\/doi\/abs\/10.1177\/1471082X18800514\" rel='nofollow'>M\u00f6ller, T.A., Wei\u00df, C.H., Kim, H.-Y.: Modeling Counts with State-Dependent Zero Inflation.<br><a href=\"https:\/\/journals.sagepub.com\/toc\/smja\/20\/2\" rel='nofollow'>Statistical Modelling<\/a> 20(2), pp. 127-147, 2020.<\/a><\/li>\n\n\n\n<li><a href=\"https:\/\/doi.org\/10.1007\/978-3-030-28665-1_23\" rel='nofollow'>M\u00f6ller, T.M. [2019] An Application of the Max-INAR(1) Model to Counts of Cinema Visitors.<br>In Steland et al. (eds.): Stochastic Models, Statistics and Their Applications, Springer Proceedings in Mathematics &amp; Statistics, Vol. 294, Springer International Publishing, pp. 315-322.<\/a><\/li>\n\n\n\n<li><a href=\"https:\/\/www.sciencedirect.com\/science\/article\/pii\/S0167715218302554\" rel='nofollow'>Wei\u00df, C.H., Scotto, M.G., M\u00f6ller, T.A., Gouveia, S. [2018] &#8218;The max-BARMA models for counts with bounded support&#8216;, Statistics &amp; Probability Letters 143, pp. 28-36.<\/a><\/li>\n\n\n\n<li><a href=\"https:\/\/rdcu.be\/3jWx\" rel='nofollow'>Gouveia, S., M\u00f6ller, T.A., Wei\u00df, C.H., Scotto, M.G. [2018] &#8218;A full ARMA model for counts with bounded support and its application to rainy-days time series&#8216;, Stochastic Environmental Research and Risk Assessment 32(9), pp. 2495-2514.<\/a><\/li>\n\n\n\n<li><a href=\"https:\/\/rdcu.be\/2rwM\" rel='nofollow'>Kim, H.-Y., Wei\u00df, C.H., M\u00f6ller, T.A. [2018] &#8218;Testing for an excessive number of zeros in time series of bounded counts&#8216;, Statistical Methods and Applications 27(4), pp. 689-714.<\/a><\/li>\n\n\n\n<li><a href=\"https:\/\/link.springer.com\/article\/10.1007\/s11009-017-9577-0\" rel='nofollow'>M\u00f6ller, T.A., Wei\u00df, C.H., Kim, H.-Y., Sirchenko, A. [2018] &#8218;Modeling Zero Inflation in Count Data Time Series with Bounded Support&#8216;, Methodology and Computing in Applied Probability 20(2), pp. 589-609.<\/a><\/li>\n\n\n\n<li><a href=\"https:\/\/link.springer.com\/article\/10.1007\/s11749-017-0573-z\" rel='nofollow'>Scotto, M.G., Wei\u00df, C.H., M\u00f6ller, T.A., Gouveia, S. [2018] &#8218;The Max-INAR(1) model for count processes&#8216;, TEST 27(4), pp. 850-870.<\/a><\/li>\n\n\n\n<li><a href=\"https:\/\/link.springer.com\/article\/10.1007\/s10182-015-0264-6\" rel='nofollow'>M\u00f6ller, T.A., Silva, M.E., Wei\u00df, C.H., Scotto, M.G., Pereira, I. [2016] &#8218;Self-Exciting Threshold Binomial Autoregressive Processes&#8216;. AStA Advances in Statistical Analysis 100(4), pp. 369-400.<\/a><\/li>\n\n\n\n<li><a href=\"http:\/\/www.tandfonline.com\/doi\/full\/10.1080\/15326349.2015.1085319\" rel='nofollow'>M\u00f6ller, T.A. [2016] &#8218;Self-Exciting Threshold Models for Time Series of Counts with a Finite Range&#8216;, Stochastic Models 32(1), pp. 77-98.<\/a><\/li>\n\n\n\n<li><a href=\"https:\/\/link.springer.com\/chapter\/10.1007\/978-3-319-13881-7_36\" rel='nofollow'>M\u00f6ller, T. A. and Wei\u00df, C. H. [2015] &#8218;Threshold models for integer-valued time series with<br>infinite or finite range&#8216; in A. Steland, E. Rafajlowicz and K. Szajowski, eds, &#8218;Stochastic<br>Models, Statistics and Their Applications&#8216;, Vol. 122 of Springer Proceedings in Mathematics<br>&amp; Statistics, Springer International Publishing, pp. 327-334.<\/a><\/li>\n<\/ul>\n\n\n\n<h2 class=\"wp-block-heading\">Vortr\u00e4ge<\/h2>\n\n\n\n<ul class=\"wp-block-list\">\n<li>A Full ARMA Model for Counts with Bounded Support and its Application to Rainy-Days Time Series (<a href=\"http:\/\/spe2017.iscte-iul.pt\/\" rel='nofollow'> XXIII Congresso<br>da Sociedade Portuguesa de Estat\u00edstica<\/a>, Lissabon &#8211; Oktober 2017)<\/li>\n\n\n\n<li>A Full ARMA Model for Counts with Bounded Support (Workshop SMSA 2017, Berlin &#8211; Februar 2017)<\/li>\n\n\n\n<li>Zero-Inflation Models for Count Data Time Series with a Finite Range (DAGStat, G\u00f6ttingen &#8211; M\u00e4rz 2016)<\/li>\n\n\n\n<li>On Some Models for Count Data Time Series with a Finite Range (Invited Talk, Aveiro &#8211; November 2015)<\/li>\n\n\n\n<li>Self-Exciting Threshold Binomial INARCH(1) Process (Statistische Woche, <abbr title=\"Helmut Schmidt Universit\u00e4t\">HSU<\/abbr> Hamburg &#8211; September 2015)<\/li>\n\n\n\n<li>Self-Exciting Threshold Models for Integer-Valued Time Series with Inifinite or Finite Range (Workshop SMSA, Breslau &#8211; Februar 2015)<\/li>\n\n\n\n<li>Self-Exciting Threshold Binomial AR(1) Model (Nachwuchsworkshop der DStatG, Hannover &#8211; September 2014)<\/li>\n<\/ul>\n","protected":false},"excerpt":{"rendered":"<p>Lehrveranstaltungen Publikationen orcid.org\/0000-0002-6581-0376 Vortr\u00e4ge<\/p>\n","protected":false},"author":98,"featured_media":0,"parent":120,"menu_order":3,"comment_status":"closed","ping_status":"closed","template":"","meta":{"footnotes":""},"categories":[8],"tags":[],"class_list":["post-117","page","type-page","status-publish","hentry","category-mitarbeiter"],"_links":{"self":[{"href":"https:\/\/www.hsu-hh.de\/mathstat\/wp-json\/wp\/v2\/pages\/117","targetHints":{"allow":["GET"]}}],"collection":[{"href":"https:\/\/www.hsu-hh.de\/mathstat\/wp-json\/wp\/v2\/pages"}],"about":[{"href":"https:\/\/www.hsu-hh.de\/mathstat\/wp-json\/wp\/v2\/types\/page"}],"author":[{"embeddable":true,"href":"https:\/\/www.hsu-hh.de\/mathstat\/wp-json\/wp\/v2\/users\/98"}],"replies":[{"embeddable":true,"href":"https:\/\/www.hsu-hh.de\/mathstat\/wp-json\/wp\/v2\/comments?post=117"}],"version-history":[{"count":44,"href":"https:\/\/www.hsu-hh.de\/mathstat\/wp-json\/wp\/v2\/pages\/117\/revisions"}],"predecessor-version":[{"id":2821,"href":"https:\/\/www.hsu-hh.de\/mathstat\/wp-json\/wp\/v2\/pages\/117\/revisions\/2821"}],"up":[{"embeddable":true,"href":"https:\/\/www.hsu-hh.de\/mathstat\/wp-json\/wp\/v2\/pages\/120"}],"wp:attachment":[{"href":"https:\/\/www.hsu-hh.de\/mathstat\/wp-json\/wp\/v2\/media?parent=117"}],"wp:term":[{"taxonomy":"category","embeddable":true,"href":"https:\/\/www.hsu-hh.de\/mathstat\/wp-json\/wp\/v2\/categories?post=117"},{"taxonomy":"post_tag","embeddable":true,"href":"https:\/\/www.hsu-hh.de\/mathstat\/wp-json\/wp\/v2\/tags?post=117"}],"curies":[{"name":"wp","href":"https:\/\/api.w.org\/{rel}","templated":true}]}}