{"id":73,"date":"2017-07-03T15:52:08","date_gmt":"2017-07-03T13:52:08","guid":{"rendered":"https:\/\/www.hsu-hh.de\/vorlage\/?page_id=73"},"modified":"2025-08-15T13:27:14","modified_gmt":"2025-08-15T11:27:14","slug":"startseite","status":"publish","type":"page","link":"https:\/\/www.hsu-hh.de\/mathematik\/","title":{"rendered":"Herzlich Willkommen an der Professur f\u00fcr Mathematik im Bauingenieurwesen\u00a0"},"content":{"rendered":"\n<p><figure class=\"wp-block-image alignright\" style=\"margin-bottom: -28px;margin-left: 10px\"><img decoding=\"async\" src=\"https:\/\/www.hsu-hh.de\/mathematik\/wp-content\/uploads\/sites\/819\/2025\/02\/Gruppenfoto.jpg\" alt=\"Gruppenfoto\" style=\"width:600px\" data-credit=\"HSU\/Gelhausen\"><\/figure>\n<p class=\"has-text-align-left\">Die Professur f\u00fcr Mathematik im Bauingenieurwesen unter Leitung von <a href=\"https:\/\/www.hsu-hh.de\/mathematik\/team#leitung\" data-type=\"page\" data-id=\"106\">Prof&#8217;in <abbr title=\"Doktor\">Dr.<\/abbr> Kathrin Welker<\/a> forscht zu aktuellen Fragestellungen auf den Gebieten der mathematischen Optimierung, Modellierung, Theorie und Numerik von partiellen Differentialgleichungen. Ein Fokus wird hierbei auf die Formoptimierung in Formenr\u00e4umen gelegt, wobei auch stochastische Aspekte im Modellierungsprozess ber\u00fccksichtigt werden.<\/p><\/p>\n\n\n\n<p>Formoptimierungsprobleme werden nicht nur unter analytischen Gesichtspunkten untersucht, sondern es werden auch numerische Methoden zur L\u00f6sung von diesen entwickelt.&nbsp; Dar\u00fcber hinaus werden Formenr\u00e4ume und ihre Struktur erforscht, vor allem mit Blick auf Riemannsche Mannigfaltigkeiten und Diffeologische R\u00e4ume. <\/p>\n\n\n\n<p>Ziele der Forschung sind die Bereitstellung von Formenr\u00e4umen unterschiedlichster Struktur, das Auffassen beschr\u00e4nkter Formoptimierungsprobleme als Optimierungsprobleme in den entsprechenden Formenr\u00e4umen, die Formulierung effizienter numerischer Methoden und die Schaffung schneller Optimierungsalgorithmen, die die unterschiedlichen Strukturen der Formenr\u00e4ume ausnutzen.<\/p>\n\n\n\n<div style=\"height:20px\" aria-hidden=\"true\" class=\"wp-block-spacer\"><\/div>\n\n\n\n<details class=\"wp-block-details is-layout-flow wp-block-details-is-layout-flow\" style=\"font-size:28px\" open><summary>Aktuell finanzierte Forschungsprojekte<\/summary>\n<div style=\"height:15px\" aria-hidden=\"true\" class=\"wp-block-spacer\"><\/div>\n\n\n\n<details class=\"wp-block-details is-layout-flow wp-block-details-is-layout-flow\" style=\"font-size:22px\" open><summary>Zuverl\u00e4ssigkeitsbasiertes Structural Health Monitoring von Infrastrukturbauwerken (gef\u00f6rdert im Rahmen des Zentrums f\u00fcr Digitalisierungs- und Technologieforschung der Bundeswehr)<\/summary>\n<div style=\"height:10px\" aria-hidden=\"true\" class=\"wp-block-spacer\"><\/div>\n\n\n\n<p><figure class=\"wp-block-image alignright\" style=\"margin-bottom: -27px\"><img loading=\"lazy\" decoding=\"async\" width=\"1024\" height=\"313\" class=\"wp-image-448\" style=\"width: 290px\" src=\"https:\/\/www.hsu-hh.de\/mathematik\/wp-content\/uploads\/sites\/819\/2021\/08\/DTEC-Logo-1024x313.png\" alt=\"Logo DTEC\" data-credit=\"Welker\" srcset=\"https:\/\/www.hsu-hh.de\/mathematik\/wp-content\/uploads\/sites\/819\/2021\/08\/DTEC-Logo-1024x313.png 1024w, https:\/\/www.hsu-hh.de\/mathematik\/wp-content\/uploads\/sites\/819\/2021\/08\/DTEC-Logo-300x92.png 300w, https:\/\/www.hsu-hh.de\/mathematik\/wp-content\/uploads\/sites\/819\/2021\/08\/DTEC-Logo-768x235.png 768w, https:\/\/www.hsu-hh.de\/mathematik\/wp-content\/uploads\/sites\/819\/2021\/08\/DTEC-Logo-1536x469.png 1536w, https:\/\/www.hsu-hh.de\/mathematik\/wp-content\/uploads\/sites\/819\/2021\/08\/DTEC-Logo-1100x336.png 1100w, https:\/\/www.hsu-hh.de\/mathematik\/wp-content\/uploads\/sites\/819\/2021\/08\/DTEC-Logo.png 1944w\" sizes=\"auto, (max-width: 1024px) 100vw, 1024px\" \/><\/figure>\n<p>Die Universit\u00e4t der Bundeswehr M\u00fcnchen und die Helmut-Schmidt-Universit\u00e4t \/ Universit\u00e4t der Bundeswehr Hamburg gr\u00fcndeten am 11. August 2020 ein neues &#8222;Zentrum f\u00fcr Digitalisierungs- und Technologieforschung der Bundeswehr&#8220; (dtec.bw). Das neue Zentrum unterliegt der akademischen Selbstverwaltung und vergibt im Rahmen von kompetitiven Antragsverfahren F\u00f6rdermittel f\u00fcr Projekte, die sich schwerpunktm\u00e4\u00dfig mit Digitalisierung und Technologietransfer befassen. In diesem Rahmen wird das interdisziplin\u00e4re Projekt &#8222;Zuverl\u00e4ssigkeitsbasiertes Structural Health Monitoring (SHM) von Infrastrukturbauwerken&#8220; mit 12,7 Millionen Euro f\u00fcr vier Jahre gef\u00f6rdert und ist im Jahr 2024 um zwei weitere Jahre verl\u00e4ngert worden. <\/p><\/p>\n\n\n\n<p>Das \u00fcbergeordnete Ziel des Projektes SHM ist es, neue innovative Methoden zu entwickeln, um Infrastrukturbauwerke zu \u00fcberwachen und deren Zustand kontinuierlich und zuverl\u00e4ssigkeitsbasiert zu bewerten. Hierzu arbeitet ein interdisziplin\u00e4res Team bestehend aus Ingenieuren\/innen und Mathematikern\/innen in Kooperation mit Industrieunternehmen zusammen. Die neuen Methoden sollen unter Nutzung von Daten verschiedenster Sensoren die zuverl\u00e4ssigkeitsbasierte digitale Zustandsbewertung von bestehenden Infrastrukturbauwerken erlauben. Die entwickelten SHM-Methoden haben den Anspruch, auf Bauwerke und Sch\u00e4den verschiedenster Art anwendbar zu sein. Endprodukt des Projekts ist ein \u00fcber den bisherigen Wissens- und Forschungsstand hinausgehendes, durchgehend digitales und integriertes System zur \u00dcberwachung von Infrastrukturbauwerken, dieses mit dem Building Information Modeling in einer l\u00fcckenlosen digitalen Prozesskette zusammenzuf\u00fchren und auf Basis aller zur Verf\u00fcgung stehenden Daten eine kontinuierliche Zustandsbewertung zu realisieren.<\/p>\n<\/details>\n\n\n\n<div style=\"height:15px\" aria-hidden=\"true\" class=\"wp-block-spacer\"><\/div>\n\n\n\n<details class=\"wp-block-details is-layout-flow wp-block-details-is-layout-flow\" style=\"font-size:22px\" open><summary>Permeable Wellenbrecher zum Schutz von baulichen Anlagen und G\u00fctern<\/summary>\n<div style=\"height:10px\" aria-hidden=\"true\" class=\"wp-block-spacer\"><\/div>\n\n\n\n<p>Da die Gefahr f\u00fcr dicht besiedelte K\u00fcstenregionen durch Sturmfluten mit dem Klimawandel ansteigt, ist das \u00fcbergeordnete Ziel des interdisziplin\u00e4ren Projekts &#8222;Permeable Wellenbrecher zum Schutz von baulichen Anlagen und G\u00fctern\u201c, Wellenbrecher zu optimieren und somit einen besseren K\u00fcstenschutz zu gew\u00e4hrleisten. Die Form eines Wellenbrechers und auch die Form der Schlitze (schr\u00e4g, gebogen, unterschiedlich gro\u00df) in dem Wellenbrecher sind entscheidend f\u00fcr die Effizienz: Zum Beispiel bestimmt die Form der Schlitze wie das Wasser hindurchstr\u00f6mt, sodass gezielt geformte Schlitze mehr Energie aus der Welle ableiten k\u00f6nnen. Das Teilprojekt an der Professur f\u00fcr Mathematik im Bauingenieurwesen hat zum Ziel, mathematische Methoden zu entwickeln, um Wellenbrecher zu optimieren. <\/p>\n<\/details>\n<\/details>\n\n\n\n<div style=\"height:20px\" aria-hidden=\"true\" class=\"wp-block-spacer\"><\/div>\n\n\n\n<details class=\"wp-block-details is-layout-flow wp-block-details-is-layout-flow\" style=\"font-size:28px\" open><summary>Ehemalig finanzierte Drittmittelprojekte<\/summary>\n<div style=\"height:15px\" aria-hidden=\"true\" class=\"wp-block-spacer\"><\/div>\n\n\n\n<details class=\"wp-block-details is-layout-flow wp-block-details-is-layout-flow\" style=\"font-size:22px\" open><summary>Semi-Smooth Newton-Verfahren in Formenr\u00e4umen (gef\u00f6rdert von der Deutschen Forschungsgemeinschaft)<\/summary>\n<div style=\"height:10px\" aria-hidden=\"true\" class=\"wp-block-spacer\"><\/div>\n\n\n\n<p><figure class=\"wp-block-image alignleft\" style=\"margin-bottom: -28px\"><img loading=\"lazy\" decoding=\"async\" width=\"1024\" height=\"131\" class=\"wp-image-463\" style=\"width: 300px;margin-right: 4pt;margin-top: 4pt\" src=\"https:\/\/www.hsu-hh.de\/mathematik\/wp-content\/uploads\/sites\/819\/2021\/08\/dfg_logo_schriftzug_blau-1024x131.jpg\" alt=\"Logo DFG\" data-credit=\"Welker\" srcset=\"https:\/\/www.hsu-hh.de\/mathematik\/wp-content\/uploads\/sites\/819\/2021\/08\/dfg_logo_schriftzug_blau-1024x131.jpg 1024w, https:\/\/www.hsu-hh.de\/mathematik\/wp-content\/uploads\/sites\/819\/2021\/08\/dfg_logo_schriftzug_blau-300x38.jpg 300w, https:\/\/www.hsu-hh.de\/mathematik\/wp-content\/uploads\/sites\/819\/2021\/08\/dfg_logo_schriftzug_blau-768x98.jpg 768w, https:\/\/www.hsu-hh.de\/mathematik\/wp-content\/uploads\/sites\/819\/2021\/08\/dfg_logo_schriftzug_blau.jpg 1057w\" sizes=\"auto, (max-width: 1024px) 100vw, 1024px\" \/><\/figure>\n<p>Die Deutsche Forschungsgemeinschaft (DFG) f\u00f6rdert innerhalb des Schwerpunktprogramms SPP 1962\/2 &#8222;Nichtglatte Systeme und Komplmentarit\u00e4tsprobleme mit verteilten Parametern: Simulation und mehrstufige Optimierung&#8220; insgesamt <a href=\"https:\/\/spp1962.wias-berlin.de\/projects.php?applicationID=0\" rel='nofollow'>22 Projekte<\/a> f\u00fcr jeweils 36 Monate, hierunter das Projekt &#8222;Semi-Smooth Newton-Verfahren in Formenr\u00e4umen&#8220; (SNewS).<\/p><\/p>\n\n\n\n<p><figure class=\"wp-block-image alignright\" style=\"margin-bottom: -31px\"><a href=\"https:\/\/spp1962.wias-berlin.de\" target=\"_blank\" rel=\"noopener\"><img loading=\"lazy\" decoding=\"async\" width=\"384\" height=\"116\" class=\"wp-image-447\" style=\"width: 290px\" src=\"https:\/\/www.hsu-hh.de\/mathematik\/wp-content\/uploads\/sites\/819\/2021\/08\/SPP1962-Logo.png\" alt=\"Logo SPP1962\" data-credit=\"Welker\" srcset=\"https:\/\/www.hsu-hh.de\/mathematik\/wp-content\/uploads\/sites\/819\/2021\/08\/SPP1962-Logo.png 384w, https:\/\/www.hsu-hh.de\/mathematik\/wp-content\/uploads\/sites\/819\/2021\/08\/SPP1962-Logo-300x91.png 300w\" sizes=\"auto, (max-width: 384px) 100vw, 384px\" \/><\/a><\/figure>\n<p>Das Projekt SNewS verfolgt einen neuen Ansatz, der es erm\u00f6glicht, Formoptimierungsprobleme mit variationellen Beschr\u00e4nkungen in Formenr\u00e4umen analytisch zu untersuchen und numerisch zu l\u00f6sen. Im Unterschied zu klassischen Problemen mit variationellen Beschr\u00e4nkungen, bei denen keine explizite Abh\u00e4ngigkeit von Gebieten vorhanden ist, ist die Untersuchung von Formoptimierungsproblemen mit variationellen Beschr\u00e4nkungen insbesondere aus zwei Gr\u00fcnden besonders anspruchsvoll: Erstens muss man notwendigerweise in nichtlinearen, nichtkonvexen und unendlichdimensionalen Formenr\u00e4umen arbeiten. Zweitens ist ein beliebiges Zielfunktional, das von der L\u00f6sung einer Variationsungleichung abh\u00e4ngt, nicht notwendigerweise formdifferenzierbar. Dies f\u00fchrt dazu, dass zum Beispiel die Adjungierte zum vorliegenden Formoptimierungsproblem nicht definiert und somit das Problem nicht direkt ohne Regularisierungstechniken gel\u00f6st werden kann. Das Aufsetzen eines Newton-Formableitungskonzepts ist der Leitgedanke des Antrags. Mithilfe dieses Konzepts k\u00f6nnen Formoptimierungsprobleme mit variationellen Beschr\u00e4nkungen, die im klassischen Sinn nicht formdifferenzierbar sind, analytisch und numerisch untersucht werden. Zudem k\u00f6nnen diese dann auch gel\u00f6st werden, ohne Regularisierungstechniken zu verwenden, die nicht selten nur zu approximativen L\u00f6sungen f\u00fchren.<\/p><\/p>\n\n\n\n<p><\/p>\n<\/details>\n\n\n\n<div style=\"height:15px\" aria-hidden=\"true\" class=\"wp-block-spacer\"><\/div>\n\n\n\n<details class=\"wp-block-details is-layout-flow wp-block-details-is-layout-flow\" style=\"font-size:22px\" open><summary>Simulationsbasierte Entwurfsoptimierung dynamischer Systeme unter Unsicherheiten (gef\u00f6rdert im Rahmen der Landesforschungsf\u00f6rderung)<\/summary>\n<div style=\"height:10px\" aria-hidden=\"true\" class=\"wp-block-spacer\"><\/div>\n\n\n\n<p><figure class=\"wp-block-image alignright\" style=\"margin-bottom: -31px\"><a href=\"https:\/\/www.tuhh.de\/sensus\" target=\"_blank\" rel=\"noopener\"><img loading=\"lazy\" decoding=\"async\" width=\"1024\" height=\"229\" class=\"wp-image-450\" style=\"width: 300px\" src=\"https:\/\/www.hsu-hh.de\/mathematik\/wp-content\/uploads\/sites\/819\/2021\/08\/Sensus-Logo-1024x229.jpg\" alt=\"Logo SENSUS\" data-credit=\"Welker\" srcset=\"https:\/\/www.hsu-hh.de\/mathematik\/wp-content\/uploads\/sites\/819\/2021\/08\/Sensus-Logo-1024x229.jpg 1024w, https:\/\/www.hsu-hh.de\/mathematik\/wp-content\/uploads\/sites\/819\/2021\/08\/Sensus-Logo-300x67.jpg 300w, https:\/\/www.hsu-hh.de\/mathematik\/wp-content\/uploads\/sites\/819\/2021\/08\/Sensus-Logo-768x172.jpg 768w, https:\/\/www.hsu-hh.de\/mathematik\/wp-content\/uploads\/sites\/819\/2021\/08\/Sensus-Logo-1536x343.jpg 1536w, https:\/\/www.hsu-hh.de\/mathematik\/wp-content\/uploads\/sites\/819\/2021\/08\/Sensus-Logo-2048x458.jpg 2048w, https:\/\/www.hsu-hh.de\/mathematik\/wp-content\/uploads\/sites\/819\/2021\/08\/Sensus-Logo-1100x246.jpg 1100w\" sizes=\"auto, (max-width: 1024px) 100vw, 1024px\" \/><\/a><\/figure>\n<p>Die Beh\u00f6rde f\u00fcr Wissenschaft, Forschung und Gleichstellung (BWFG) f\u00f6rdert das interdisziplin\u00e4re Verbundprojekt \u201eSimulationsbasierte Entwurfsoptimierung dynamischer Systeme unter Unsicherheiten\u201c im Rahmen der Landesforschungsf\u00f6rderung Hamburg mit 1,25 Millionen Euro auf insgesamt 3,5 Jahre. In dem Projekt arbeiten Forschende der Technischen Universit\u00e4t Hamburg (TUHH), der Universit\u00e4t Hamburg (UHH) und der Helmut-Schmidt-Universit\u00e4t (<abbr title=\"Helmut Schmidt Universit\u00e4t\">HSU<\/abbr>) zusammen.<\/p><\/p>\n\n\n\n<p>Ziel des Verbundprojektes ist die Entwicklung innovativer Simulationsverfahren zur robusten Optimierung komplexer Bauteile. Durch die Verschmelzung von Methoden der Angewandten Mathematik und des Theoretischen Maschinenbaus werden hierzu Modelle entwickelt, die dynamische Betriebsbedingungen und unsichere Fertigungsprozesse bei der Optimierung erfassen. Insbesondere f\u00fcr wartungsintensive und wartungsfreie Produkte aus dem Hamburger Luftfahrt- und Medizintechnikumfeld ist ein robustes Design entscheidend. Aufgrund von drastisch reduzierten Zeit- und Finanzbudgets f\u00fcr die Entwicklung neuer Produkte wird die computergest\u00fctzte Optimierung virtueller Produktprototypen immer bedeutender. Je unabh\u00e4ngiger (robuster) die Leistungsmerkmale eines optimierten Produktdesigns von sp\u00e4teren fertigungs- oder betriebsbedingten Schwankungen sind, desto wirtschaftlicher l\u00e4sst sich das Produkt herstellen und betreiben.<\/p>\n<\/details>\n<\/details>\n\n\n\n<div style=\"height:20px\" aria-hidden=\"true\" class=\"wp-block-spacer\"><\/div>\n\n\n\n<details class=\"wp-block-details is-layout-flow wp-block-details-is-layout-flow\" style=\"font-size:28px\" open><summary>Aktuelle Stellenausschreibungen<\/summary>\n<div style=\"height:15px\" aria-hidden=\"true\" class=\"wp-block-spacer\"><\/div>\n\n\n\n<ul class=\"wp-block-list\">\n<li><p>Studentische Hilfskr\u00e4fte (auf Anfrage; bei Interesse bitte E-Mail an <a href=\"mailto:welker@hsu-hh.de\" rel='nofollow'>welker@hsu-hh.de<\/a>)<\/p><\/li>\n<\/ul>\n<\/details>\n","protected":false},"excerpt":{"rendered":"<p>Die Professur f\u00fcr Mathematik im Bauingenieurwesen unter Leitung von Prof&#8217;in Dr. Kathrin Welker forscht zu aktuellen Fragestellungen auf den Gebieten der mathematischen Optimierung, Modellierung, Theorie und Numerik von partiellen Differentialgleichungen. [&hellip;]<\/p>\n","protected":false},"author":26,"featured_media":0,"parent":0,"menu_order":0,"comment_status":"closed","ping_status":"closed","template":"","meta":{"footnotes":""},"categories":[35],"tags":[45,43,61,51,59,53,47,49,41],"class_list":["post-73","page","type-page","status-publish","hentry","category-startseite","tag-formenraum","tag-formoptimierung","tag-hsu-welker","tag-kathrin-welker","tag-kathrin-welker-hsu","tag-kathrin-welker-mathe","tag-shape-optimization","tag-shape-space","tag-welker"],"_links":{"self":[{"href":"https:\/\/www.hsu-hh.de\/mathematik\/wp-json\/wp\/v2\/pages\/73","targetHints":{"allow":["GET"]}}],"collection":[{"href":"https:\/\/www.hsu-hh.de\/mathematik\/wp-json\/wp\/v2\/pages"}],"about":[{"href":"https:\/\/www.hsu-hh.de\/mathematik\/wp-json\/wp\/v2\/types\/page"}],"author":[{"embeddable":true,"href":"https:\/\/www.hsu-hh.de\/mathematik\/wp-json\/wp\/v2\/users\/26"}],"replies":[{"embeddable":true,"href":"https:\/\/www.hsu-hh.de\/mathematik\/wp-json\/wp\/v2\/comments?post=73"}],"version-history":[{"count":260,"href":"https:\/\/www.hsu-hh.de\/mathematik\/wp-json\/wp\/v2\/pages\/73\/revisions"}],"predecessor-version":[{"id":1989,"href":"https:\/\/www.hsu-hh.de\/mathematik\/wp-json\/wp\/v2\/pages\/73\/revisions\/1989"}],"wp:attachment":[{"href":"https:\/\/www.hsu-hh.de\/mathematik\/wp-json\/wp\/v2\/media?parent=73"}],"wp:term":[{"taxonomy":"category","embeddable":true,"href":"https:\/\/www.hsu-hh.de\/mathematik\/wp-json\/wp\/v2\/categories?post=73"},{"taxonomy":"post_tag","embeddable":true,"href":"https:\/\/www.hsu-hh.de\/mathematik\/wp-json\/wp\/v2\/tags?post=73"}],"curies":[{"name":"wp","href":"https:\/\/api.w.org\/{rel}","templated":true}]}}