{"id":116,"date":"2018-01-17T14:07:04","date_gmt":"2018-01-17T13:07:04","guid":{"rendered":"https:\/\/www.hsu-hh.de\/vorlage\/?page_id=116"},"modified":"2023-07-13T13:30:05","modified_gmt":"2023-07-13T11:30:05","slug":"lehre","status":"publish","type":"page","link":"https:\/\/www.hsu-hh.de\/massivb\/lehre\/","title":{"rendered":"Lehre"},"content":{"rendered":"\n<h2 class=\"wp-block-heading\">Bachelorstudium<\/h2>\n\n\n\n<h3 class=\"wp-block-heading\"><span style=\"color: revert;font-size: revert;font-weight: revert\">Massivbau I<\/span>, 6 ECTS, 4. Trimester <\/h3>\n\n\n\n<p>Im Modul Massivbau I werden die nachfolgenden Inhalte vermittelt:<\/p>\n\n\n\n<ul class=\"wp-block-list\">\n<li>Sicherheitskonzept<\/li>\n\n\n\n<li>Grundlagen der Nachweise<\/li>\n\n\n\n<li>Bemessungskonzepte, Grenzzust\u00e4nde, Sicherheitsbeiwerte<\/li>\n\n\n\n<li>Einwirkungen auf Tragwerke<\/li>\n\n\n\n<li>Mechanische Eigenschaften und Verbund zwischen Stahl und Beton<\/li>\n\n\n\n<li>Tragverhalten und Tragf\u00e4higkeit von Zug- und Druckgliedern<\/li>\n\n\n\n<li>Bemessung f\u00fcr Biegung mit L\u00e4ngskraft, Querkraft und Torsion<\/li>\n\n\n\n<li>Bauliche Durchbildung<\/li>\n<\/ul>\n\n\n\n<h3 class=\"wp-block-heading\">Massivbau II, 4 ECTS, 6. Trimester<\/h3>\n\n\n\n<figure class=\"wp-block-image is-resized\"><img loading=\"lazy\" decoding=\"async\" src=\"https:\/\/www.hsu-hh.de\/massivb\/wp-content\/uploads\/sites\/847\/2023\/03\/titelblatt_fig1.png\" data-credit=\"\" alt=\"\" class=\"wp-image-486\" width=\"431\" height=\"269\" srcset=\"https:\/\/www.hsu-hh.de\/massivb\/wp-content\/uploads\/sites\/847\/2023\/03\/titelblatt_fig1.png 574w, https:\/\/www.hsu-hh.de\/massivb\/wp-content\/uploads\/sites\/847\/2023\/03\/titelblatt_fig1-300x188.png 300w\" sizes=\"auto, (max-width: 431px) 100vw, 431px\" \/><\/figure>\n\n\n\n<p>In diesem Modul werden die nachfolgenden Inhalte vermittelt:<\/p>\n\n\n\n<ul class=\"wp-block-list\">\n<li>Durchstanznachweise<\/li>\n\n\n\n<li>Bemessung in den Grenzzust\u00e4nden der Gebrauchstauglichkeit (Spannungen, Rissbreiten, Form\u00e4nderungen)<\/li>\n\n\n\n<li>Einf\u00fchrung in die Bemessung von Diskontinuit\u00e4tsbereichen mit Stabwerksmodellen: Konsolen, ausgeklinkte Tr\u00e4gerenden<\/li>\n\n\n\n<li>Schnittgr\u00f6\u00dfenermittlung und Bemessung einfacher Plattentragwerke <\/li>\n\n\n\n<li>Verfahren zur Schnittgr\u00f6\u00dfenermittlung im Stahlbetonbau, Rotationsf\u00e4higkeit und Schnittgr\u00f6\u00dfenumlagerung<\/li>\n<\/ul>\n\n\n\n<h3 class=\"wp-block-heading\">Stahlbetontragwerke, 5 ECTS, 7. Trimester<\/h3>\n\n\n\n<p>In diesem Modul werden die nachfolgenden Inhalte vermittelt:<\/p>\n\n\n\n<ul class=\"wp-block-list\">\n<li>Aussteifungssystem im Hochbau<\/li>\n\n\n\n<li>Bemessung und Konstruktion von Balken und Plattenbalken (gegliederte Querschnitte, Anschluss zwischen Steg und Gurten, Kraft\u00fcbertragung in Fugen, schiefe Biegung, Knicken),<\/li>\n\n\n\n<li>Bemessung und Konstruktion von St\u00fctzen (Bemessung nach Theorie I. und II. Ordnung)<\/li>\n\n\n\n<li>Bemessung und Konstruktion von Flachdecken<\/li>\n\n\n\n<li>Bemessung und Konstruktion von W\u00e4nden und wandartigen Tr\u00e4gern<\/li>\n\n\n\n<li>Bemessung und Konstruktion von Fundamenten<\/li>\n\n\n\n<li>Zwangbeanspruchung und Mindestbewehrung zur Begrenzung der Rissbreite bei dicken Bauteilen.<\/li>\n<\/ul>\n\n\n\n<h3 class=\"wp-block-heading\">Themen f\u00fcr Bachelorarbeit <\/h3>\n\n\n\n<ul class=\"wp-block-list\">\n<li>Evaluierung des Bemessungsmodells nach prEN 1992-1-1 anhand der ACI-DAfStb Datenbank f\u00fcr Balken ohne Querkraftbewehrung<\/li>\n<\/ul>\n\n\n\n<p class=\"has-text-align-right\">Betreuer: MSc. Yakubi<\/p>\n\n\n\n<ul class=\"wp-block-list\">\n<li>Querkrafttragf\u00e4higkeit von Balken mit Querkraftbewehrung nach prEN 1992-1-1 im Vergleich mit den experimentellen Ergebnissen und den vorhandenen Bemessungsans\u00e4tzen<\/li>\n<\/ul>\n\n\n\n<p class=\"has-text-align-right\">Betreuer: MSc. Yakubi<\/p>\n\n\n\n<ul class=\"wp-block-list\">\n<li>Untersuchung verschiedener Materialmodelle f\u00fcr Beton bei der FE-Modellierung hinsichtlich des Biege- und Querkrafttragverhaltens<\/li>\n<\/ul>\n\n\n\n<p class=\"has-text-align-right\">Betreuer: <abbr title=\"Doktor\">Dr.<\/abbr> Gedik<\/p>\n\n\n\n<ul class=\"wp-block-list\">\n<li>Investigation on the fracture properties of engineered cementitious composite containing PE and PVA fibers<\/li>\n<\/ul>\n\n\n\n<p class=\"has-text-align-right\">Betreuer: MSc. Kian<\/p>\n\n\n\n<ul class=\"wp-block-list\">\n<li>Grundlegende Recherche zum Einfluss der D\u00fcbelwirkung auf die Querkraftragf\u00e4higkeit von Balken ohne Querkraftbewehrung<\/li>\n<\/ul>\n\n\n\n<p class=\"has-text-align-right\">Betreuer: MSc. Yakubi<\/p>\n\n\n\n<ul class=\"wp-block-list\">\n<li>Grundlegende Recherche zum Einfluss des Gr\u00f6\u00dftkorndurchmessers auf die Querkraftragf\u00e4higkeit von Balken ohne Querkraftbewehrung<\/li>\n<\/ul>\n\n\n\n<p class=\"has-text-align-right\">Betreuer: MSc. Yakubi<\/p>\n\n\n\n<h2 class=\"wp-block-heading\">Masterstudium<\/h2>\n\n\n\n<h3 class=\"wp-block-heading\">Spannbetonbau, 5 ECTS, 9. Trimester<\/h3>\n\n\n\n<ul class=\"wp-block-list\">\n<li>Vorspanntechnologie<\/li>\n\n\n\n<li>Zeitabh\u00e4ngiges Materialverhalten<\/li>\n\n\n\n<li>Schnittgr\u00f6\u00dfen infolge Vorspannung<\/li>\n\n\n\n<li>Spannkraftverluste<\/li>\n\n\n\n<li>Schnittgr\u00f6\u00dfenumlagerung<\/li>\n\n\n\n<li>Nachweise im Grenzzustand der Tragf\u00e4higkeit <\/li>\n\n\n\n<li>Nachweise im Grenzzustand der Gebrauchstauglichkeit<\/li>\n\n\n\n<li>Vordimensionierung und bauliche Durchbildung von Spannbetontragwerken.<\/li>\n<\/ul>\n\n\n\n<h3 class=\"wp-block-heading\">Massivbr\u00fcckenbau, 5 ECTS, 10. Trimester<\/h3>\n\n\n\n<figure class=\"wp-block-image size-full is-resized\"><img loading=\"lazy\" decoding=\"async\" src=\"https:\/\/www.hsu-hh.de\/massivb\/wp-content\/uploads\/sites\/847\/2023\/03\/titelblatt_fig2.png\" data-credit=\"\" alt=\"\" class=\"wp-image-493\" width=\"431\" height=\"269\" srcset=\"https:\/\/www.hsu-hh.de\/massivb\/wp-content\/uploads\/sites\/847\/2023\/03\/titelblatt_fig2.png 574w, https:\/\/www.hsu-hh.de\/massivb\/wp-content\/uploads\/sites\/847\/2023\/03\/titelblatt_fig2-300x188.png 300w\" sizes=\"auto, (max-width: 431px) 100vw, 431px\" \/><\/figure>\n\n\n\n<ul class=\"wp-block-list\">\n<li>Geschichte des Massivbr\u00fcckenbaues<\/li>\n\n\n\n<li>Br\u00fcckenentwurf<\/li>\n\n\n\n<li>Einwirkungen auf Br\u00fccken<\/li>\n\n\n\n<li>\u00dcberbau<\/li>\n\n\n\n<li>Lagerung<\/li>\n\n\n\n<li>Unterbauten<\/li>\n\n\n\n<li>Bauverfahren<\/li>\n<\/ul>\n\n\n\n<h2 class=\"wp-block-heading\">Interdisziplin\u00e4re Studienanteile <\/h2>\n\n\n\n<h3 class=\"wp-block-heading\">Historische, architektonische und technische Aspekte des Br\u00fcckenbaus<\/h3>\n\n\n\n<ul class=\"wp-block-list\">\n<li>Geschichte des Br\u00fcckenbaues<\/li>\n\n\n\n<li>Architektonischer Br\u00fcckenentwurf<\/li>\n\n\n\n<li>Sicherheitskonzept und Grundlagen der Bemessung von Br\u00fcckentragwerken<\/li>\n\n\n\n<li>Einwirkungen auf Br\u00fccken<\/li>\n\n\n\n<li>Technische Gestaltung der Br\u00fcckenelemente<\/li>\n\n\n\n<li>Bauverfahren<\/li>\n<\/ul>\n","protected":false},"excerpt":{"rendered":"<p>Bachelorstudium Massivbau I, 6 ECTS, 4. Trimester Im Modul Massivbau I werden die nachfolgenden Inhalte vermittelt: Massivbau II, 4 ECTS, 6. Trimester In diesem Modul werden die nachfolgenden Inhalte vermittelt: [&hellip;]<\/p>\n","protected":false},"author":26,"featured_media":0,"parent":0,"menu_order":0,"comment_status":"closed","ping_status":"closed","template":"","meta":{"footnotes":""},"categories":[6],"tags":[],"class_list":["post-116","page","type-page","status-publish","hentry","category-lehre"],"_links":{"self":[{"href":"https:\/\/www.hsu-hh.de\/massivb\/wp-json\/wp\/v2\/pages\/116","targetHints":{"allow":["GET"]}}],"collection":[{"href":"https:\/\/www.hsu-hh.de\/massivb\/wp-json\/wp\/v2\/pages"}],"about":[{"href":"https:\/\/www.hsu-hh.de\/massivb\/wp-json\/wp\/v2\/types\/page"}],"author":[{"embeddable":true,"href":"https:\/\/www.hsu-hh.de\/massivb\/wp-json\/wp\/v2\/users\/26"}],"replies":[{"embeddable":true,"href":"https:\/\/www.hsu-hh.de\/massivb\/wp-json\/wp\/v2\/comments?post=116"}],"version-history":[{"count":20,"href":"https:\/\/www.hsu-hh.de\/massivb\/wp-json\/wp\/v2\/pages\/116\/revisions"}],"predecessor-version":[{"id":653,"href":"https:\/\/www.hsu-hh.de\/massivb\/wp-json\/wp\/v2\/pages\/116\/revisions\/653"}],"wp:attachment":[{"href":"https:\/\/www.hsu-hh.de\/massivb\/wp-json\/wp\/v2\/media?parent=116"}],"wp:term":[{"taxonomy":"category","embeddable":true,"href":"https:\/\/www.hsu-hh.de\/massivb\/wp-json\/wp\/v2\/categories?post=116"},{"taxonomy":"post_tag","embeddable":true,"href":"https:\/\/www.hsu-hh.de\/massivb\/wp-json\/wp\/v2\/tags?post=116"}],"curies":[{"name":"wp","href":"https:\/\/api.w.org\/{rel}","templated":true}]}}