{"id":73,"date":"2017-07-03T15:52:08","date_gmt":"2017-07-03T13:52:08","guid":{"rendered":"https:\/\/www.hsu-hh.de\/vorlage\/?page_id=73"},"modified":"2023-02-21T10:13:09","modified_gmt":"2023-02-21T09:13:09","slug":"startseite","status":"publish","type":"page","link":"https:\/\/www.hsu-hh.de\/marketing\/","title":{"rendered":"Betriebswirtschaftslehre, insbesondere Marketing"},"content":{"rendered":"\n<h2 class=\"wp-block-heading\"><abbr title=\"Professor\">Prof.<\/abbr> <abbr title=\"Doktor\">Dr.<\/abbr> C. Fantapi\u00e9 Altobelli<\/h2>\n\n\n\n<p>Helmut-Schmidt-Universit\u00e4t<br>Universit\u00e4t der Bundeswehr Hamburg<br>Holstenhofweg 85<br>22043 Hamburg<\/p>\n\n\n\n<p>Telefon: 040-6541-2772<br>Email: claudia.fantapie[at]hsu-hh.de<\/p>\n","protected":false},"excerpt":{"rendered":"<p>Prof. Dr. C. Fantapi\u00e9 Altobelli Helmut-Schmidt-Universit\u00e4tUniversit\u00e4t der Bundeswehr HamburgHolstenhofweg 8522043 Hamburg Telefon: 040-6541-2772Email: claudia.fantapie[at]hsu-hh.de<\/p>\n","protected":false},"author":1,"featured_media":0,"parent":0,"menu_order":0,"comment_status":"closed","ping_status":"closed","template":"","meta":{"footnotes":""},"categories":[35],"tags":[],"class_list":["post-73","page","type-page","status-publish","hentry","category-startseite"],"_links":{"self":[{"href":"https:\/\/www.hsu-hh.de\/marketing\/wp-json\/wp\/v2\/pages\/73","targetHints":{"allow":["GET"]}}],"collection":[{"href":"https:\/\/www.hsu-hh.de\/marketing\/wp-json\/wp\/v2\/pages"}],"about":[{"href":"https:\/\/www.hsu-hh.de\/marketing\/wp-json\/wp\/v2\/types\/page"}],"author":[{"embeddable":true,"href":"https:\/\/www.hsu-hh.de\/marketing\/wp-json\/wp\/v2\/users\/1"}],"replies":[{"embeddable":true,"href":"https:\/\/www.hsu-hh.de\/marketing\/wp-json\/wp\/v2\/comments?post=73"}],"version-history":[{"count":16,"href":"https:\/\/www.hsu-hh.de\/marketing\/wp-json\/wp\/v2\/pages\/73\/revisions"}],"predecessor-version":[{"id":1134,"href":"https:\/\/www.hsu-hh.de\/marketing\/wp-json\/wp\/v2\/pages\/73\/revisions\/1134"}],"wp:attachment":[{"href":"https:\/\/www.hsu-hh.de\/marketing\/wp-json\/wp\/v2\/media?parent=73"}],"wp:term":[{"taxonomy":"category","embeddable":true,"href":"https:\/\/www.hsu-hh.de\/marketing\/wp-json\/wp\/v2\/categories?post=73"},{"taxonomy":"post_tag","embeddable":true,"href":"https:\/\/www.hsu-hh.de\/marketing\/wp-json\/wp\/v2\/tags?post=73"}],"curies":[{"name":"wp","href":"https:\/\/api.w.org\/{rel}","templated":true}]}}