{"id":308,"date":"2017-11-07T12:43:29","date_gmt":"2017-11-07T11:43:29","guid":{"rendered":"https:\/\/www.hsu-hh.de\/marketing\/?page_id=308"},"modified":"2025-12-18T09:25:14","modified_gmt":"2025-12-18T08:25:14","slug":"lehre","status":"publish","type":"page","link":"https:\/\/www.hsu-hh.de\/marketing\/lehre","title":{"rendered":"Lehre"},"content":{"rendered":"\n<h1 class=\"wp-block-heading\">Wintertrimester 2026<\/h1>\n\n\n\n<p><strong>Bachelor-Thesis\/Bachelor-Kolloquium, n. V.<\/strong><\/p>\n\n\n\n<p><strong>Internationales Management und Marketing: Internationales Marketing<\/strong><br><abbr title=\"Professor\">Prof.<\/abbr> <abbr title=\"Doktor\">Dr.<\/abbr> Fantapi\u00e9 Altobelli<br>Di 9:45-11:15 Uhr (bis 17.3.2026)<br>Geb\u00e4ude H1, Raum 405\/406<\/p>\n\n\n\n<p><strong>Internationales Management und Marketing: Strategisches internationales Management<\/strong><br><abbr title=\"Professor\">Prof.<\/abbr> <abbr title=\"Doktor\">Dr.<\/abbr> Fantapi\u00e9 Altobelli<br>Mo 9:45-11:15 Uhr (am 16.3.2026)<br>Geb\u00e4ude H1, Raum 405\/406<\/p>\n\n\n\n<p><strong>Master-Thesis\/Master-Kolloquium IM, n.V.<\/strong><\/p>\n\n\n\n<hr class=\"wp-block-separator has-alpha-channel-opacity\" \/>\n\n\n\n<h2 class=\"wp-block-heading\">Fr\u00fchjahrstrimester 2025<\/h2>\n\n\n\n<p><strong>Marketing (WS10B01)<\/strong><br><abbr title=\"Professor\">Prof.<\/abbr> Fantapi\u00e9 Altobelli<br><br>Dienstag, 14:00-15:30 Uhr (bis 17.6.2025)<br>Dienstag 15:45-17:15 Uhr (bis 17.6.2025)<br>* 27.5. &#8211; Lehre findet digital statt<br>Geb\u00e4ude H1, H\u00f6rsaal 1<\/p>\n\n\n\n<p><strong>Master-Thesis\/Master Kolloquium IM (WS25B97), n.V.<\/strong><br><abbr title=\"Professor\">Prof.<\/abbr> <abbr title=\"Doktor\">Dr.<\/abbr> Fantapi\u00e9 Altobelli<\/p>\n\n\n\n<p><strong>Seminar IM (WS23B63): Einf\u00fchrung zur Seminararbeit, n.V.<\/strong><br><abbr title=\"Professor\">Prof.<\/abbr> <abbr title=\"Doktor\">Dr.<\/abbr> Fantapi\u00e9 Altobelli<br>Steffen Heim<\/p>\n\n\n\n<p><strong>Seminar Marketing (WS16B15)<\/strong><br><abbr title=\"Professor\">Prof.<\/abbr> <abbr title=\"Doktor\">Dr.<\/abbr> Fantapi\u00e9 Altobelli<br>Mittwoch 8:30-9:30 Uhr (am 9.4.2024), Geb\u00e4ude H1, Raum 108<br>Mittwoch 8:00-9:30 Uhr (21.5.-18.6.2025), Geb\u00e4ude H1, Raum 108<br>Mittwoch 9:45-11:15 Uhr (21.5.-18.6.2025), Geb\u00e4ude H1, Raum 108<br>* 28.5. &#8211; Lehre findet digital statt<\/p>\n\n\n\n<p><strong>Wissenschaftstheorie und empirische Sozialforschung: Empirische Sozialforschung (WS22B32)<\/strong><br><abbr title=\"Professor\">Prof.<\/abbr> <abbr title=\"Doktor\">Dr.<\/abbr> Fantapi\u00e9 Altobelli<br>Dienstag 8:00-9.30 Uhr (bis 17.6.2025), Geb\u00e4ude H1, H\u00f6rsaal 2<br>* 27.5. &#8211; Lehre findet digital statt<\/p>\n\n\n\n<p><strong>Marketingprojekt (WS16B02)<\/strong><br><abbr title=\"Doktor\">Dr.<\/abbr> Nick Zuschke<br>Montag, 09:45 \u2013 11:15 (bis 12.05.2025), Geb\u00e4ude H 1, Raum 109<br>Mittwoch, 09:45 \u2013 11:15 (bis 14.05.2025), Geb\u00e4ude H 1, Raum 108<\/p>\n\n\n\n<hr class=\"wp-block-separator has-alpha-channel-opacity\" \/>\n\n\n\n<h2 class=\"wp-block-heading\">Wintertrimester 2025<\/h2>\n\n\n\n<p><strong>Internationales Management und Marketing: Internationales Marketing (WS21B60)<\/strong><br><abbr title=\"Professor\">Prof.<\/abbr> <abbr title=\"Doktor\">Dr.<\/abbr> Fantapi\u00e9 Altobelli<br>Dienstag 9.45-11.15 Uhr (bis 18.3.2025)<br>Geb\u00e4ude H 1, Raum 405\/406<\/p>\n\n\n\n<p><strong>Internationales Management und Marketing: Strategisches internationales Management (WS21B60)<\/strong><br><abbr title=\"Professor\">Prof.<\/abbr> <abbr title=\"Doktor\">Dr.<\/abbr> Fantapi\u00e9 Altobelli<br>Montag 9.45-11.15 Uhr (bis 17.3.2025)<br>Geb\u00e4ude H 1, Raum 405\/406<\/p>\n\n\n\n<p><strong>Master-Thesis \/ Master-Kolloquium IM (WS25B97), n.V.<\/strong><\/p>\n\n\n\n<hr class=\"wp-block-separator has-alpha-channel-opacity is-style-wide\" \/>\n","protected":false},"excerpt":{"rendered":"<p>Wintertrimester 2026 Bachelor-Thesis\/Bachelor-Kolloquium, n. V. Internationales Management und Marketing: Internationales MarketingProf. Dr. Fantapi\u00e9 AltobelliDi 9:45-11:15 Uhr (bis 17.3.2026)Geb\u00e4ude H1, Raum 405\/406 Internationales Management und Marketing: Strategisches internationales ManagementProf. Dr. Fantapi\u00e9 [&hellip;]<\/p>\n","protected":false},"author":36,"featured_media":0,"parent":0,"menu_order":0,"comment_status":"closed","ping_status":"closed","template":"","meta":{"footnotes":""},"categories":[6],"tags":[],"class_list":["post-308","page","type-page","status-publish","hentry","category-lehre"],"_links":{"self":[{"href":"https:\/\/www.hsu-hh.de\/marketing\/wp-json\/wp\/v2\/pages\/308","targetHints":{"allow":["GET"]}}],"collection":[{"href":"https:\/\/www.hsu-hh.de\/marketing\/wp-json\/wp\/v2\/pages"}],"about":[{"href":"https:\/\/www.hsu-hh.de\/marketing\/wp-json\/wp\/v2\/types\/page"}],"author":[{"embeddable":true,"href":"https:\/\/www.hsu-hh.de\/marketing\/wp-json\/wp\/v2\/users\/36"}],"replies":[{"embeddable":true,"href":"https:\/\/www.hsu-hh.de\/marketing\/wp-json\/wp\/v2\/comments?post=308"}],"version-history":[{"count":49,"href":"https:\/\/www.hsu-hh.de\/marketing\/wp-json\/wp\/v2\/pages\/308\/revisions"}],"predecessor-version":[{"id":1443,"href":"https:\/\/www.hsu-hh.de\/marketing\/wp-json\/wp\/v2\/pages\/308\/revisions\/1443"}],"wp:attachment":[{"href":"https:\/\/www.hsu-hh.de\/marketing\/wp-json\/wp\/v2\/media?parent=308"}],"wp:term":[{"taxonomy":"category","embeddable":true,"href":"https:\/\/www.hsu-hh.de\/marketing\/wp-json\/wp\/v2\/categories?post=308"},{"taxonomy":"post_tag","embeddable":true,"href":"https:\/\/www.hsu-hh.de\/marketing\/wp-json\/wp\/v2\/tags?post=308"}],"curies":[{"name":"wp","href":"https:\/\/api.w.org\/{rel}","templated":true}]}}