{"id":1430,"date":"2025-08-26T11:44:31","date_gmt":"2025-08-26T09:44:31","guid":{"rendered":"https:\/\/www.hsu-hh.de\/marketing\/?page_id=1430"},"modified":"2025-09-09T11:02:24","modified_gmt":"2025-09-09T09:02:24","slug":"valerie-isabel-fabrice-m-sc","status":"publish","type":"page","link":"https:\/\/www.hsu-hh.de\/marketing\/valerie-isabel-fabrice-m-sc","title":{"rendered":"Valerie Isabel Fabrice, M.A."},"content":{"rendered":"\n<p>Wissenschaftliche Mitarbeiterin<\/p>\n\n\n\n<div class=\"wp-block-columns is-layout-flex wp-container-core-columns-is-layout-9d6595d7 wp-block-columns-is-layout-flex\">\n<div class=\"wp-block-column is-layout-flow wp-block-column-is-layout-flow\">\n<p>Helmut-Schmidt-Universit\u00e4t<br>Fakult\u00e4t f\u00fcr Wirtschafts- und Sozialwissenschaften<br>Holstenhofweg 85<br>22043 Hamburg<\/p>\n<\/div>\n\n\n\n<div class=\"wp-block-column is-layout-flow wp-block-column-is-layout-flow\">\n<p><strong>Raum:&nbsp;<\/strong>H1, 2142<br><strong>Telefon:<\/strong>&nbsp;+4940 6541 2802<br><strong>E-Mail:<\/strong> <a href=\"mailto:fabricev@hsu-hh.de\" rel='nofollow'>fabricev@hsu-hh.de<\/a><\/p>\n<\/div>\n\n\n\n<div class=\"wp-block-column is-layout-flow wp-block-column-is-layout-flow\">\n<figure class=\"wp-block-image size-full is-resized is-style-rounded\"><img loading=\"lazy\" decoding=\"async\" width=\"552\" height=\"700\" src=\"https:\/\/www.hsu-hh.de\/marketing\/wp-content\/uploads\/sites\/691\/2025\/09\/Valerie-Fabrice-.png\" data-credit=\"Fabrice\" alt=\"\" class=\"wp-image-1435\" style=\"width:199px;height:auto\" srcset=\"https:\/\/www.hsu-hh.de\/marketing\/wp-content\/uploads\/sites\/691\/2025\/09\/Valerie-Fabrice-.png 552w, https:\/\/www.hsu-hh.de\/marketing\/wp-content\/uploads\/sites\/691\/2025\/09\/Valerie-Fabrice--237x300.png 237w\" sizes=\"auto, (max-width: 552px) 100vw, 552px\" \/><\/figure>\n<\/div>\n<\/div>\n\n\n\n<p><strong>Sprechstunde<\/strong><br>nach Vereinbarung<\/p>\n\n\n\n<hr class=\"wp-block-separator has-alpha-channel-opacity\" \/>\n\n\n\n<h3 class=\"wp-block-heading\">Akademischer Werdegang<\/h3>\n\n\n\n<p>10\/2022 \u2013 03\/2025: Master of International Business and Sustainability (M.A.), Universit\u00e4t Hamburg, Grande \u00c9cole EM Strasbourg Business School, Macquarie University Sydney<\/p>\n\n\n\n<ul class=\"wp-block-list\">\n<li>Masterarbeit: <em>Vereinbarkeit von Unternehmensethik und Profitabilit\u00e4t \u2013 Barrieren, Treiber und Erfolgsstrategien f\u00fcr mehr Tierwohl und Legitimit\u00e4t in der deutschen Nutztierhaltung<\/em>\u00a0<\/li>\n<\/ul>\n\n\n\n<p>10\/2018 \u2013 10\/2021: Bachelor Sc. Betriebswirtschaftslehre, Universit\u00e4t Hamburg<\/p>\n\n\n\n<ul class=\"wp-block-list\">\n<li>Bachelorarbeit: <em>Erfolgsfaktoren von Social Media Marketing am Beispiel von Instagram<\/em><\/li>\n<\/ul>\n\n\n\n<p><strong>\u00ad<\/strong><\/p>\n\n\n\n<h3 class=\"wp-block-heading\">Berufserfahrung<\/h3>\n\n\n\n<p>Seit 2018: verschiedene Reservedienstleistungen<\/p>\n\n\n\n<ul class=\"wp-block-list\">\n<li>im Multinationalen Headquarter Eurocorps, Strasbourg (Ausarbeitung einer internationalen Social Media Kommunikationsstrategie)<\/li>\n\n\n\n<li>an der F\u00fchrungsakademie der Bundeswehr, Hamburg (Kommunikationsmanagerin, Online-Redakteurin)<\/li>\n\n\n\n<li>NATO-Weiterbildung Information Environment Assessment, Brunssum<\/li>\n<\/ul>\n\n\n\n<p>03\/2019 &#8211; 12\/2024 Wissenschaftliche Hilfskraft und Tutorin, Universit\u00e4t Hamburg<\/p>\n\n\n\n<ul class=\"wp-block-list\">\n<li>Lehrstuhl f\u00fcr Marketing &amp; Customer Insights<\/li>\n\n\n\n<li>Lehrstuhl f\u00fcr Dialogmarketing<\/li>\n<\/ul>\n\n\n\n<p>10\/2016 \u2013 10\/2018 Ausbildung zum Reserveoffizier der Luftwaffe (MilNW)<\/p>\n","protected":false},"excerpt":{"rendered":"<p>Wissenschaftliche Mitarbeiterin Helmut-Schmidt-Universit\u00e4tFakult\u00e4t f\u00fcr Wirtschafts- und SozialwissenschaftenHolstenhofweg 8522043 Hamburg Raum:&nbsp;H1, 2142Telefon:&nbsp;+4940 6541 2802E-Mail: fabricev@hsu-hh.de Sprechstundenach Vereinbarung Akademischer Werdegang 10\/2022 \u2013 03\/2025: Master of International Business and Sustainability (M.A.), Universit\u00e4t Hamburg, [&hellip;]<\/p>\n","protected":false},"author":36,"featured_media":0,"parent":0,"menu_order":0,"comment_status":"closed","ping_status":"closed","template":"","meta":{"footnotes":""},"categories":[8],"tags":[],"class_list":["post-1430","page","type-page","status-publish","hentry","category-team"],"_links":{"self":[{"href":"https:\/\/www.hsu-hh.de\/marketing\/wp-json\/wp\/v2\/pages\/1430","targetHints":{"allow":["GET"]}}],"collection":[{"href":"https:\/\/www.hsu-hh.de\/marketing\/wp-json\/wp\/v2\/pages"}],"about":[{"href":"https:\/\/www.hsu-hh.de\/marketing\/wp-json\/wp\/v2\/types\/page"}],"author":[{"embeddable":true,"href":"https:\/\/www.hsu-hh.de\/marketing\/wp-json\/wp\/v2\/users\/36"}],"replies":[{"embeddable":true,"href":"https:\/\/www.hsu-hh.de\/marketing\/wp-json\/wp\/v2\/comments?post=1430"}],"version-history":[{"count":6,"href":"https:\/\/www.hsu-hh.de\/marketing\/wp-json\/wp\/v2\/pages\/1430\/revisions"}],"predecessor-version":[{"id":1440,"href":"https:\/\/www.hsu-hh.de\/marketing\/wp-json\/wp\/v2\/pages\/1430\/revisions\/1440"}],"wp:attachment":[{"href":"https:\/\/www.hsu-hh.de\/marketing\/wp-json\/wp\/v2\/media?parent=1430"}],"wp:term":[{"taxonomy":"category","embeddable":true,"href":"https:\/\/www.hsu-hh.de\/marketing\/wp-json\/wp\/v2\/categories?post=1430"},{"taxonomy":"post_tag","embeddable":true,"href":"https:\/\/www.hsu-hh.de\/marketing\/wp-json\/wp\/v2\/tags?post=1430"}],"curies":[{"name":"wp","href":"https:\/\/api.w.org\/{rel}","templated":true}]}}