{"id":1289,"date":"2024-01-22T09:58:44","date_gmt":"2024-01-22T08:58:44","guid":{"rendered":"https:\/\/www.hsu-hh.de\/marketing\/?page_id=1289"},"modified":"2026-01-07T12:18:28","modified_gmt":"2026-01-07T11:18:28","slug":"veroeffentlichungen-ehemaliger-doktoranden-und-postdocs","status":"publish","type":"page","link":"https:\/\/www.hsu-hh.de\/marketing\/veroeffentlichungen-ehemaliger-doktoranden-und-postdocs","title":{"rendered":"Ver\u00f6ffentlichungen ehemaliger Doktoranden und Postdocs"},"content":{"rendered":"\n<p><strong>Monographien<\/strong><\/p>\n\n\n\n<ul class=\"wp-block-list\">\n<li>Boji\u0107, B. (2024): Selbstwahrnehmung von Frauen in nicht-traditionellen Berufsrollen: eine Determinante zur Erkl\u00e4rung der geschlechtsspezifischen Arbeitsmarktsegragation in Deutschland? Hamburg.<\/li>\n\n\n\n<li>Heikes, H. (2023): Erfolgsfaktoren von TV-Serien: Eine empirische Analyse am Beispiel des US-amerikanischen TV-Serienmarkts, Hamburg.<\/li>\n\n\n\n<li>Arslan, L. (2022): Nachhaltiger Konsum im Bereich Kleidung: eine empirische Untersuchung des Kaufverhaltens von Konsument:innen, Baden-Baden.<\/li>\n\n\n\n<li>Schietzel-Kalkbrenner, J. M. (2022): Die Sharing Economy im Tourismus: Einfluss der Pers\u00f6nlichkeit auf die Nutzung von digitalen Plattformen zur Unterkunftsvermittlung, Wiesbaden.<\/li>\n\n\n\n<li>Khazaeinejad, P. (2021): Effects of perceived risk on the acceptance of remote mobile payment systems: a comparative study between Iran and Germany, Hamburg.<\/li>\n\n\n\n<li>Kramer,\u00a0R.\u00a0(2017): Vergleichende Werbung f\u00fcr die Positionierung neuer Marken, Wiesbaden.<\/li>\n\n\n\n<li>Jurowskaja, E. (2016): \u201eName and Shame\u201c \u2013 Die Bedeutung der Aufkl\u00e4rung zur Bek\u00e4mpfung von Ambush-Marketing, Hamburg.<\/li>\n\n\n\n<li>Meister,&nbsp;S.&nbsp;(2012):&nbsp;Brand&nbsp;Communities&nbsp;for Fast Moving Consumer Goods, Wiesbaden.<\/li>\n\n\n\n<li>Binger, S. (2010): Erfolgsfaktoren im Gr\u00fcndungsprozess von Business Improvement Districts, Hamburg.<\/li>\n\n\n\n<li>Fehling, T. (2010): Globale Markenf\u00fchrung und Konsumentenverhalten. Konsumentenwahrnehmung der globalen Markenf\u00fchrung und der Globalit\u00e4t von Marken, Hamburg.<\/li>\n\n\n\n<li>L\u00fcbcke, M. (2010): In Line or Out of Control? Kommunikative Anschlussnahme in Online-Diskursen, Wiesbaden.<\/li>\n\n\n\n<li>Hoffmann, S. (2009): Produktzugaben. Eine empirische Analyse ihrer Wirksamkeit als Instrument der Verkaufsf\u00f6rderung, Wiesbaden.<\/li>\n\n\n\n<li>Hoffmann, S. (<abbr title=\"Herausgeber\">Hrsg.<\/abbr>) (2008): So gelingen Seminar-, Bachelor und Masterarbeiten. Ein Leitfaden f\u00fcr BWLer und VWLer: Von der Recherche bis zur fertigen Arbeit, Heidenau.<\/li>\n\n\n\n<li>Koch, P. (2008): Optimizing Distribution Systems in Asset Management. Institutional Arrangements as Key Factor of Success, Wiesbaden.<\/li>\n\n\n\n<li>Granzow, T. J. (2005): Ein integriertes Stadtmarketing- und Finanzierungskonzept f\u00fcr Kommunen. Theoretische Fundierung und empirische Analyse, Hamburg.<\/li>\n\n\n\n<li>Hoffmann, S.; Hoya, C. (2005): Grundstudium \u2013 was dann? Leitfaden f\u00fcr das B W L \u2013 und V W L \u2013 Hauptstudium, 3., aktualisierte und erw.&nbsp;&nbsp;<abbr title=\"Auflage\">Aufl.<\/abbr>, Heidenau.<\/li>\n\n\n\n<li>Schikarski, A. (2005): Markenbildung und Markenwechsel im deregulierten Strommarkt: verhaltenswissenschaftliche Determinanten und Implikationen, Wiesbaden.<\/li>\n\n\n\n<li>G\u00f6bel, M. (2003): Die Beurteilung von Dienstleistungen. Grundlage f\u00fcr ein erfolgreiches Marketing am Beispiel Freier Berufe, Wiesbaden.<\/li>\n\n\n\n<li>Nienaber, K. (2003): Internationalisierung mittelst\u00e4ndischer Unternehmen, Hamburg.<\/li>\n\n\n\n<li>Harms, A.-K. (2002): Adoption technologiebasierter Self-Service-Innovationen. Analyse der Wirkungsmechanismen im Entscheidungsprozess der Konsumenten, Wiesbaden.<\/li>\n\n\n\n<li>Moini-Araghi G\u00fctzkow, P. (2002): Privatisierung von Bundesfernstra\u00dfen. Grundlagen, Erfahrungen und Entwicklung eines innovativen Modells auf Basis des Versteigerungsverfahrens, Aachen.<\/li>\n\n\n\n<li>Hoffmann, S. (1998): Optimales&nbsp;Online-Marketing. Marketingm\u00f6glichkeiten und anwendergerechte Gestaltung des Mediums&nbsp;Online, Wiesbaden. Peters, G. (1998): Die Profilierungsfunktion von Handelsmarken im Lebensmitteleinzelhandel, Aachen.<\/li>\n<\/ul>\n\n\n\n<hr class=\"wp-block-separator has-alpha-channel-opacity is-style-wide\" \/>\n\n\n\n<p><strong>Aufs\u00e4tze in Zeitschriften, Handb\u00fcchern und Sammelb\u00e4nden<\/strong><\/p>\n\n\n\n<ul class=\"wp-block-list\">\n<li>Hattke, F.; Hensel, D.; Kalucza, J. (2019): Emotional Responses to Bureaucratic Red Tape, in: Academy of Management Best Paper Proceedings, Vol. 2019, No. 1,&nbsp;<a href=\"https:\/\/doi.org\/10.5465\/AMBPP.2019.134\" rel='nofollow'>https:\/\/doi.org\/10.5465\/AMBPP.2019.134<\/a>&nbsp;.<\/li>\n\n\n\n<li>Hattke, F.; Hensel, D.; Kalucza, J. (2019): Emotional Responses to Bureaucratic Red Tape, in: Public Administration Review, Vol. 80, No. 1, pp. 53-63,&nbsp;<a href=\"https:\/\/doi.org\/10.1111\/puar.13116\" rel='nofollow'>https:\/\/doi.org\/10.1111\/puar.13116<\/a>&nbsp;.<\/li>\n\n\n\n<li>Asseburg, J.; Hattke, J.; Hensel, D.; Homberg, F.; Vogel, R. (2019): The tacit dimension of public sector attraction in multi-incentive settings, in: Journal of Public Administration Research and Theory, Vol. 30, No. 1, pp. 41-59,&nbsp;<a href=\"https:\/\/doi.org\/10.1093\/jopart\/muz004\" rel='nofollow'>https:\/\/doi.org\/10.1093\/jopart\/muz004<\/a>&nbsp;.<\/li>\n\n\n\n<li>Teichert, T.; M\u00fchlbach, C. (2018): Der Gl\u00fccksspielmarkt aus Nachfragersicht \u2013 Erkundung von Konvergenzen bei Online-Gamingprodukten, Reihe \u201eGl\u00fccksspielforschung\u201c, Springer Gabler, Wiesbaden.<\/li>\n\n\n\n<li>Teichert, T.; M\u00fchlbach, C. (2018):&nbsp;The second health care market: market mapping based upon consumer perception, in: Das Gesundheitswesen, 80, 247-249.<\/li>\n\n\n\n<li>Eberhard, D. (2017): Translating means-end research into advertising strategy using the meccas model, in: Economia Agro-Alimentare, Vol. 3, pp. 333-356<\/li>\n\n\n\n<li>Hattke, F.;&nbsp;Vogel,&nbsp;R.; Znanewitz&nbsp; J. (2017): Satisfied with red tape? Leadership, civic duty, and career intention in&nbsp;the&nbsp;military, in:&nbsp;Public&nbsp;Management&nbsp;Review, 2017,&nbsp;pp. 1-24,&nbsp;<a href=\"http:\/\/dx.doi.org\/10.1080\/14719037.2017.1335341\" rel='nofollow'>http:\/\/dx.doi.org\/10.1080\/14719037.2017.1335341<\/a>.<\/li>\n\n\n\n<li>Hensel, D.; Iorga, A.; Wolter, L.; Znanewitz, J. (2017): Conducting neuromarketing studies ethically \u2013 practitioners perspectives, in: Cogent Psychology,&nbsp;Vol. 4, No. 1,&nbsp;pp.&nbsp;1-13.<\/li>\n\n\n\n<li>Teichert, T.; Gainsbury, S.; M\u00fchlbach, C. (2017):&nbsp;Positioning&nbsp;of&nbsp;online gambling and gaming products from a consumer perspective: A blurring&nbsp;of&nbsp;perceived boundaries, in: Computers in&nbsp;Human&nbsp;Behavior, Vol. 75, pp. 757-765.<\/li>\n\n\n\n<li>Znanewitz, J. (2017): Prosozialer Regelbruch von Vorgesetzten zur Bindung von Mitarbeitern? B\u00fcrokratie und (Innere) F\u00fchrung in der Bundeswehr, in: Diskussionsbeitr\u00e4ge des Instituts f\u00fcr Marketing (ISSN 2193-8482), 2017, Nr. 9, S. 1-44.<\/li>\n\n\n\n<li>Hattke, F.; Vogel, R.; Znanewitz, J. (2016):&nbsp;Satisfied with Red Tape? Leadership Styles and Career Intention in&nbsp;the&nbsp;Federal Armed Forces Germany, Proceedings&nbsp;of&nbsp;the&nbsp;20th Annual&nbsp;International IRSPM Conference \u201cCollaborative, Globalized and Interdisciplinary: Moving&nbsp;the&nbsp;Public&nbsp;Management&nbsp;Debate Forward\u201d, City&nbsp;University&nbsp;of&nbsp;Hong Kong and The Polytechnic&nbsp;University&nbsp;of&nbsp;Hong Kong, China,&nbsp;<a href=\"http:\/\/programme.exordo.com\/irspm2016\/delegates\/presentation\/190\/\" rel='nofollow'>http:\/\/programme.exordo.com\/irspm2016\/delegates\/presentation\/190\/<\/a>.<\/li>\n\n\n\n<li>Hensel, D.; Wolter, L.; Znanewitz, J. (2016):&nbsp;A Guideline for Ethical Aspects in Conducting Neuromarketing Studies, in: Thomas, A.R., Pop, N.A., Iorga, A.M., and Ducu, C. (Eds.): Ethics and Neuromarketing \u2013 Implications for Market Research and Business Practice,&nbsp;pp.&nbsp;65-87, Springer International Publishing,&nbsp;<a href=\"http:\/\/link.springer.com\/chapter\/10.1007\/978-3-319-45609-6_4\" rel='nofollow'>http:\/\/link.springer.com\/chapter\/10.1007\/978-3-319-45609-6_4<\/a>&nbsp;.<\/li>\n\n\n\n<li>Reichert, M. (2016): Domestic Country Bias and&nbsp;Product&nbsp;Quality&nbsp;Perception. Difference in Country-of-Origin Effect Size Relevance for Foreign vs. Domestic Products, in: Proceedings&nbsp;of&nbsp;the&nbsp;5th Annual Conference on Enterprise Marketing and Globalization (EMG 2016), Singapore,&nbsp;pp.&nbsp;152-159.<\/li>\n\n\n\n<li>Schl\u00fcschen, A. (2016): Celebrity Endorsement in Social Media, in: Lee, I. (ed.): Encyclopedia&nbsp;of&nbsp;E-Commerce&nbsp;Development, Implementation, and&nbsp;Management, Vol. 1, Hershey, PA,&nbsp;pp.&nbsp;1940-1956.<\/li>\n\n\n\n<li>Znanewitz, J.; Gilch, K. (2016): Storytelling \u2013 A guideline and an implication in the Bundeswehr\u2019s (personnel) marketing, in: transfer: Werbeforschung &amp; Praxis, Nr. 4, S. 62-67.<\/li>\n\n\n\n<li>Reichert, M. (2016): The unleashed dragon: A scenario analysis&nbsp;of&nbsp;Chinese truck manufacturers conquering western markets, in:&nbsp;International&nbsp;Journal&nbsp;of&nbsp;Technology Marketing, Vol. 11, No. 4,&nbsp;pp.&nbsp;453-471.<\/li>\n\n\n\n<li>Hensel, D.;&nbsp;Wolter, L.; Znanewitz, J.&nbsp;(2016): A Guideline for Ethical Aspects in Conducting Neuromarketing Studies, in: Thomas, A. R.; Pop, N. A.; Iorga, A. M.; Ducu, C. (eds.): Ethics and Neuromarketing \u2013 Implications for Market Research and Business Practice. Springer.<\/li>\n\n\n\n<li>Hoffmann, S. (2011): Der Einsatz von Produktzugaben am Point&nbsp;of&nbsp;Sale, in: Planung &amp; Analyse,&nbsp;&nbsp;<abbr title=\"Jahrgang\">Jg.<\/abbr>&nbsp;38, Nr.&nbsp;2,&nbsp;S.&nbsp;36-38.<\/li>\n\n\n\n<li>Goltz, E.; Trellert, U. (2009):&nbsp;Wohnsituation und Wohnzufriedenheit \u00e4lterer Menschen in Mietwohnungen im Amt Gerswalde \u2013 Perspektiven zum Altersgerechten Wohnen. In: Bundesministerium f\u00fcr Verkehr, Bau und Stadtentwicklung (BMVBS) und Bundesinstitut f\u00fcr Bau-, Stadt- und Raumforschung (BBSR) (<abbr title=\"Herausgeber\">Hrsg.<\/abbr>): L\u00e4ndliche R\u00e4ume im demographischen Wandel.&nbsp;BBSR-online-Publikation 34. S. 61-72.<\/li>\n\n\n\n<li>Binger,&nbsp;S.; B\u00fcttner, F. (2008): Erfolgsfaktoren bei der Gr\u00fcndung und Umsetzung von BIDs. In: Die Raumplanung,&nbsp;Nr.&nbsp;138\/139,&nbsp;S.&nbsp;129-134. <\/li>\n\n\n\n<li>Binger,&nbsp;S.; B\u00fcttner, F.; Schmidt, D. (2007): BIDs in: Hamburg: Aktuelle Entwicklungen und Forschungsergebnisse, in: Neues&nbsp; Verwaltungsmanagement&nbsp;Nr.&nbsp;C5.12,&nbsp;S.&nbsp;1-39.<\/li>\n\n\n\n<li>Born, K. M.; Goltz, E. (2007): The migration of the elderly into peripheral areas \u2013 A key to regional development? A case study from East Germany with potential implications for the Mediterranean.&nbsp;In Roca, Zoran D., T., Terkenli, T., Plieninger, T., H\u00f6chtl, F (<abbr title=\"Herausgeber\">Hrsg.<\/abbr>) (2006): European Landcapes and Landscapes: The Mediterranean and Beyond. Lissabon, S. 265-278.<\/li>\n\n\n\n<li>Binger,&nbsp;S.; Klimach, D.; B\u00fcttner, F. (2006): Prozesssteuerung in&nbsp;BID&nbsp;Verfahren, in: Die Raumplanung,&nbsp;Nr.&nbsp;126\/127,&nbsp;S.&nbsp;131-135.<\/li>\n\n\n\n<li>Binger,&nbsp;S.; Klimach, D. (2006): BIDs in Hamburg-Bericht aus den Pilotprojekten Bergedorf und Neuer Wall, in: PlanerIn, Fachzeitschrift f\u00fcr Stadt-, Regional- und Landesplanung,&nbsp;S.&nbsp;45-47.<\/li>\n\n\n\n<li>B\u00fcttner, F.; Binger,&nbsp;S.&nbsp;(2005): Business Improvement Districts, ein Erfahrungsbericht, in: Neues Verwaltungsmanagement, C5.5,&nbsp;S.&nbsp;1-40. <\/li>\n\n\n\n<li>Goltz, E.; Born, K. M. (2005): Zuwanderung \u00e4lterer Menschen in l\u00e4ndliche R\u00e4ume \u2013 eine Studie aus Brandenburg. In: Geographische Rundschau. Jahrgang 57. Heft 3. S. 52-57.<\/li>\n\n\n\n<li>Goltz, E.; Stachen, J. (2005): \u201eBest Ager\u201c \u2013 Eine Chance f\u00fcr die Peripherie?-&nbsp;Raumwirksame Konsequenzen der Migration \u00c4lterer. In: Ziener, K., Carstensen, I.; Goltz; (<abbr title=\"Herausgeber\">Hrsg.<\/abbr>): Bewegende R\u00e4ume. Streiflichter multidisziplin\u00e4rer Raumverst\u00e4ndnisse. Selbstverlag der Institute Humangeographie und Geoinformatik der Universit\u00e4t Potsdam.&nbsp;&nbsp;Praxis Kultur- und Sozialgeographie 36. S. 171-183.<\/li>\n\n\n\n<li>Ziener, K., Carstensen, I.; Goltz; E. (<abbr title=\"Herausgeber\">Hrsg.<\/abbr>) (2005): Bewegende R\u00e4ume. Streiflichter multidisziplin\u00e4rer Raumverst\u00e4ndnisse. Selbstverlag der Institute Humangeographie und Geoinformatik der Universit\u00e4t Potsdam.&nbsp;&nbsp;Praxis Kultur- und Sozialgeographie 36. S. 207.<\/li>\n\n\n\n<li>Born, K. M, Goltz, E.; Saupe, G. (2004): Wanderungsmotive \u00e4lterer Menschen. Ein anderer Blick auf die Entwicklungsprobleme peripherer R\u00e4ume in Brandenburg. In: Raumforschung und Raumordnung. Heft 2. 2004. S. 109-120.<\/li>\n\n\n\n<li>Harms, A.-K. (2003): Die Bedeutung von Inhibitoren im Adoptionsprozess technologiebasierter Self-Service-Innovationen, in: Marketing \u2013 Zeitschrift f\u00fcr Forschung und Praxis, 25.&nbsp;&nbsp;<abbr title=\"Jahrgang\">Jg.<\/abbr>,&nbsp; Heft 4,&nbsp;S.&nbsp;257-272.<\/li>\n\n\n\n<li>Holtmann, D., Holtmann, E., G\u00f6rl, T., Goltz, E., Buchheister, C. (2002): Zur Pr\u00e4vention von Kriminalit\u00e4t, Gewalt und Fremdenfeindlichkeit durch die Gremien kommunaler Kriminalit\u00e4tsverh\u00fctung im Land Brandenburg. Potsdamer Beitr\u00e4ge zur Sozialforschung 15. Potsdam.<\/li>\n\n\n\n<li>Goltz, E. (2001): Regionale Bev\u00f6lkerungsprozesse im Wirkungsbereich kommunaler Akteure \u2013 Beispiele aus l\u00e4ndlich peripheren R\u00e4umen des Landes Brandenburg \/ Landkreis Prignitz. Potsdamer Geographische Forschungen 20. Potsdam. 160 Seiten, Anhang.<\/li>\n\n\n\n<li>Goltz, E.; Sitter, R. (2001):&nbsp;Regionale&nbsp;Unterschiede&nbsp;in&nbsp;der&nbsp;Gewaltkriminalit\u00e4t&nbsp;im&nbsp;Land&nbsp;Brandenburg:&nbsp;empirische&nbsp;Analyse&nbsp;anhand&nbsp;ausgew\u00e4hlter Strukturdaten. Potsdamer Beitr\u00e4ge zur Sozialforschung 14. Potsdam.<\/li>\n\n\n\n<li>Peters, G. (1999): Verkaufsstellen im Kundenfokus; in: Lebensmittel Zeitung, Nr.&nbsp;5,&nbsp;S.&nbsp;56.<\/li>\n\n\n\n<li>Peters, G. (1999): Verkaufsstellenprofilierung \u2013 Stiefkind Handelsmarke; in: Absatzwirtschaft, Nr.&nbsp;3,&nbsp;S.&nbsp;76-82.<\/li>\n\n\n\n<li>Peters, G. (1999): Wie Eigenmarken beworben werden; in: Lebensmittel Zeitung, Nr.&nbsp;17,&nbsp;S.&nbsp;82.<\/li>\n\n\n\n<li>Grosskopf, A.-K. (1998): Der Markt der \u00e4lteren Konsumenten \u2013 Rahmenbedingungen und marketingstrategische Ansatzpunkte, in: Werbeforschung &amp; Praxis, 1\/98,&nbsp;S.&nbsp;20-26. (sp\u00e4terer Name: Harms, A.-K.).<\/li>\n\n\n\n<li>Peters, G. (1998): Der Preis ist nicht immer entscheidend; in: Lebensmittel Zeitung, Nr.&nbsp;21,&nbsp;S.&nbsp;56-57.<\/li>\n<\/ul>\n","protected":false},"excerpt":{"rendered":"<p>Monographien Aufs\u00e4tze in Zeitschriften, Handb\u00fcchern und Sammelb\u00e4nden<\/p>\n","protected":false},"author":36,"featured_media":0,"parent":0,"menu_order":0,"comment_status":"closed","ping_status":"closed","template":"","meta":{"footnotes":""},"categories":[4],"tags":[],"class_list":["post-1289","page","type-page","status-publish","hentry","category-forschung"],"_links":{"self":[{"href":"https:\/\/www.hsu-hh.de\/marketing\/wp-json\/wp\/v2\/pages\/1289","targetHints":{"allow":["GET"]}}],"collection":[{"href":"https:\/\/www.hsu-hh.de\/marketing\/wp-json\/wp\/v2\/pages"}],"about":[{"href":"https:\/\/www.hsu-hh.de\/marketing\/wp-json\/wp\/v2\/types\/page"}],"author":[{"embeddable":true,"href":"https:\/\/www.hsu-hh.de\/marketing\/wp-json\/wp\/v2\/users\/36"}],"replies":[{"embeddable":true,"href":"https:\/\/www.hsu-hh.de\/marketing\/wp-json\/wp\/v2\/comments?post=1289"}],"version-history":[{"count":6,"href":"https:\/\/www.hsu-hh.de\/marketing\/wp-json\/wp\/v2\/pages\/1289\/revisions"}],"predecessor-version":[{"id":1450,"href":"https:\/\/www.hsu-hh.de\/marketing\/wp-json\/wp\/v2\/pages\/1289\/revisions\/1450"}],"wp:attachment":[{"href":"https:\/\/www.hsu-hh.de\/marketing\/wp-json\/wp\/v2\/media?parent=1289"}],"wp:term":[{"taxonomy":"category","embeddable":true,"href":"https:\/\/www.hsu-hh.de\/marketing\/wp-json\/wp\/v2\/categories?post=1289"},{"taxonomy":"post_tag","embeddable":true,"href":"https:\/\/www.hsu-hh.de\/marketing\/wp-json\/wp\/v2\/tags?post=1289"}],"curies":[{"name":"wp","href":"https:\/\/api.w.org\/{rel}","templated":true}]}}