{"id":1246,"date":"2023-08-31T08:47:19","date_gmt":"2023-08-31T06:47:19","guid":{"rendered":"https:\/\/www.hsu-hh.de\/marketing\/?page_id=1246"},"modified":"2025-02-05T11:02:11","modified_gmt":"2025-02-05T10:02:11","slug":"julia-zabel","status":"publish","type":"page","link":"https:\/\/www.hsu-hh.de\/marketing\/julia-zabel","title":{"rendered":"Julia Zabel, M.Sc."},"content":{"rendered":"\n<p>Wissenschaftliche Mitarbeiterin<\/p>\n\n\n\n<div class=\"wp-block-columns is-layout-flex wp-container-core-columns-is-layout-9d6595d7 wp-block-columns-is-layout-flex\">\n<div class=\"wp-block-column is-layout-flow wp-block-column-is-layout-flow\">\n<p>Helmut-Schmidt-Universit\u00e4t<br>Fakult\u00e4t f\u00fcr Wirtschafts- und Sozialwissenschaften<br>Holstenhofweg 85<br>22043 Hamburg<\/p>\n<\/div>\n\n\n\n<div class=\"wp-block-column is-layout-flow wp-block-column-is-layout-flow\">\n<p><strong>Raum:&nbsp;<\/strong>H1, 2142<br><strong>Telefon:<\/strong>&nbsp;+4940 6541 3672<br><strong>E-Mail:<\/strong> <a href=\"mailto:zabelj@hsu-hh.de\" rel='nofollow'>zabelj@hsu-hh.de<\/a><\/p>\n<\/div>\n\n\n\n<div class=\"wp-block-column is-layout-flow wp-block-column-is-layout-flow\">\n<figure class=\"wp-block-image size-large is-resized is-style-rounded\"><img loading=\"lazy\" decoding=\"async\" width=\"1024\" height=\"864\" src=\"https:\/\/www.hsu-hh.de\/marketing\/wp-content\/uploads\/sites\/691\/2023\/09\/Julia-Zabel-1024x864.jpg\" data-credit=\"MAX LAUTENSCHLAEGER\" alt=\"\" class=\"wp-image-1271\" style=\"width:272px;height:230px\" srcset=\"https:\/\/www.hsu-hh.de\/marketing\/wp-content\/uploads\/sites\/691\/2023\/09\/Julia-Zabel-1024x864.jpg 1024w, https:\/\/www.hsu-hh.de\/marketing\/wp-content\/uploads\/sites\/691\/2023\/09\/Julia-Zabel-300x253.jpg 300w, https:\/\/www.hsu-hh.de\/marketing\/wp-content\/uploads\/sites\/691\/2023\/09\/Julia-Zabel-768x648.jpg 768w, https:\/\/www.hsu-hh.de\/marketing\/wp-content\/uploads\/sites\/691\/2023\/09\/Julia-Zabel-1536x1296.jpg 1536w, https:\/\/www.hsu-hh.de\/marketing\/wp-content\/uploads\/sites\/691\/2023\/09\/Julia-Zabel-2048x1728.jpg 2048w, https:\/\/www.hsu-hh.de\/marketing\/wp-content\/uploads\/sites\/691\/2023\/09\/Julia-Zabel-1100x928.jpg 1100w\" sizes=\"auto, (max-width: 1024px) 100vw, 1024px\" \/><\/figure>\n<\/div>\n<\/div>\n\n\n\n<p><strong>Sprechstunde<\/strong><br>nach Vereinbarung<\/p>\n\n\n\n<hr class=\"wp-block-separator has-alpha-channel-opacity\" \/>\n\n\n\n<p><strong>Arbeitstitel der Dissertation<\/strong><br>Sector Fluctuation in Public Service \u2013 Employer Choice and Change<\/p>\n\n\n\n<hr class=\"wp-block-separator has-alpha-channel-opacity\" \/>\n\n\n\n<p><strong>Ver\u00f6ffentlichungen<\/strong>:<br>Sander,&nbsp;P., &amp;&nbsp;Zabel,&nbsp;J.&nbsp;(2024).&nbsp;It is a match! How donors and nonprofit organizations come together on a matching donation platform.&nbsp;<em>Journal of Philanthropy and Marketing<\/em>,&nbsp;29(2), e1845.&nbsp;<a href=\"https:\/\/doi.org\/10.1002\/nvsm.1845\" rel='nofollow'>https:\/\/doi.org\/10.1002\/nvsm.1845<\/a><br>(Das Paper wurde mit 7 weiteren vom <em>Journal <\/em>of <em>Philantropy and Marketing<\/em> zu &#8222;Editors Choice 2024&#8220; gek\u00fcrt.)<\/p>\n\n\n\n<p><a href=\"https:\/\/videos.simpleshow.com\/v1KDLlesjR\" rel='nofollow'>Video: Es ist ein Match! Wie Spender und Non-Profit-Organisationen auf einer Matching-Spendenplattform zusammenfinden | DE<\/a><\/p>\n\n\n\n<p><\/p>\n\n\n\n<p><\/p>\n","protected":false},"excerpt":{"rendered":"<p>Wissenschaftliche Mitarbeiterin Helmut-Schmidt-Universit\u00e4tFakult\u00e4t f\u00fcr Wirtschafts- und SozialwissenschaftenHolstenhofweg 8522043 Hamburg Raum:&nbsp;H1, 2142Telefon:&nbsp;+4940 6541 3672E-Mail: zabelj@hsu-hh.de Sprechstundenach Vereinbarung Arbeitstitel der DissertationSector Fluctuation in Public Service \u2013 Employer Choice and Change Ver\u00f6ffentlichungen:Sander,&nbsp;P., &amp;&nbsp;Zabel,&nbsp;J.&nbsp;(2024).&nbsp;It [&hellip;]<\/p>\n","protected":false},"author":36,"featured_media":0,"parent":0,"menu_order":0,"comment_status":"closed","ping_status":"closed","template":"","meta":{"footnotes":""},"categories":[8],"tags":[],"class_list":["post-1246","page","type-page","status-publish","hentry","category-team"],"_links":{"self":[{"href":"https:\/\/www.hsu-hh.de\/marketing\/wp-json\/wp\/v2\/pages\/1246","targetHints":{"allow":["GET"]}}],"collection":[{"href":"https:\/\/www.hsu-hh.de\/marketing\/wp-json\/wp\/v2\/pages"}],"about":[{"href":"https:\/\/www.hsu-hh.de\/marketing\/wp-json\/wp\/v2\/types\/page"}],"author":[{"embeddable":true,"href":"https:\/\/www.hsu-hh.de\/marketing\/wp-json\/wp\/v2\/users\/36"}],"replies":[{"embeddable":true,"href":"https:\/\/www.hsu-hh.de\/marketing\/wp-json\/wp\/v2\/comments?post=1246"}],"version-history":[{"count":12,"href":"https:\/\/www.hsu-hh.de\/marketing\/wp-json\/wp\/v2\/pages\/1246\/revisions"}],"predecessor-version":[{"id":1380,"href":"https:\/\/www.hsu-hh.de\/marketing\/wp-json\/wp\/v2\/pages\/1246\/revisions\/1380"}],"wp:attachment":[{"href":"https:\/\/www.hsu-hh.de\/marketing\/wp-json\/wp\/v2\/media?parent=1246"}],"wp:term":[{"taxonomy":"category","embeddable":true,"href":"https:\/\/www.hsu-hh.de\/marketing\/wp-json\/wp\/v2\/categories?post=1246"},{"taxonomy":"post_tag","embeddable":true,"href":"https:\/\/www.hsu-hh.de\/marketing\/wp-json\/wp\/v2\/tags?post=1246"}],"curies":[{"name":"wp","href":"https:\/\/api.w.org\/{rel}","templated":true}]}}