{"id":1150,"date":"2023-02-21T10:35:21","date_gmt":"2023-02-21T09:35:21","guid":{"rendered":"https:\/\/www.hsu-hh.de\/marketing\/?page_id=1150"},"modified":"2024-12-13T09:33:58","modified_gmt":"2024-12-13T08:33:58","slug":"sekretariat","status":"publish","type":"page","link":"https:\/\/www.hsu-hh.de\/marketing\/sekretariat","title":{"rendered":"Jennifer H\u00fcbner"},"content":{"rendered":"\n<div class=\"wp-block-columns is-layout-flex wp-container-core-columns-is-layout-9d6595d7 wp-block-columns-is-layout-flex\">\n<div class=\"wp-block-column is-layout-flow wp-block-column-is-layout-flow\">\n<p>Helmut-Schmidt-Universit\u00e4t<br>Fakult\u00e4t f\u00fcr Wirtschafts- und<br>Sozialwissenschaften<br>Holstenhofweg 85<br>22043 Hamburg<\/p>\n<\/div>\n\n\n\n<div class=\"wp-block-column is-layout-flow wp-block-column-is-layout-flow\">\n<p><strong>Raum<\/strong>: H1, 2128<br><strong>Telefon:<\/strong> +49 40 6541-2375<br><strong>E-Mail:<\/strong> <a href=\"mailto:huebner@hsu-hh.de\" rel='nofollow'>huebner@hsu.hamburg<\/a><\/p>\n\n\n\n<p><br><\/p>\n<\/div>\n\n\n\n<div class=\"wp-block-column is-layout-flow wp-block-column-is-layout-flow\">\n<p><\/p>\n<\/div>\n<\/div>\n\n\n\n<p><strong>B\u00fcrozeiten<\/strong><br>Mo-Do 9-14 Uhr<\/p>\n","protected":false},"excerpt":{"rendered":"<p>Helmut-Schmidt-Universit\u00e4tFakult\u00e4t f\u00fcr Wirtschafts- undSozialwissenschaftenHolstenhofweg 8522043 Hamburg Raum: H1, 2128Telefon: +49 40 6541-2375E-Mail: huebner@hsu.hamburg B\u00fcrozeitenMo-Do 9-14 Uhr<\/p>\n","protected":false},"author":36,"featured_media":0,"parent":0,"menu_order":0,"comment_status":"closed","ping_status":"closed","template":"","meta":{"footnotes":""},"categories":[8],"tags":[],"class_list":["post-1150","page","type-page","status-publish","hentry","category-team"],"_links":{"self":[{"href":"https:\/\/www.hsu-hh.de\/marketing\/wp-json\/wp\/v2\/pages\/1150","targetHints":{"allow":["GET"]}}],"collection":[{"href":"https:\/\/www.hsu-hh.de\/marketing\/wp-json\/wp\/v2\/pages"}],"about":[{"href":"https:\/\/www.hsu-hh.de\/marketing\/wp-json\/wp\/v2\/types\/page"}],"author":[{"embeddable":true,"href":"https:\/\/www.hsu-hh.de\/marketing\/wp-json\/wp\/v2\/users\/36"}],"replies":[{"embeddable":true,"href":"https:\/\/www.hsu-hh.de\/marketing\/wp-json\/wp\/v2\/comments?post=1150"}],"version-history":[{"count":4,"href":"https:\/\/www.hsu-hh.de\/marketing\/wp-json\/wp\/v2\/pages\/1150\/revisions"}],"predecessor-version":[{"id":1345,"href":"https:\/\/www.hsu-hh.de\/marketing\/wp-json\/wp\/v2\/pages\/1150\/revisions\/1345"}],"wp:attachment":[{"href":"https:\/\/www.hsu-hh.de\/marketing\/wp-json\/wp\/v2\/media?parent=1150"}],"wp:term":[{"taxonomy":"category","embeddable":true,"href":"https:\/\/www.hsu-hh.de\/marketing\/wp-json\/wp\/v2\/categories?post=1150"},{"taxonomy":"post_tag","embeddable":true,"href":"https:\/\/www.hsu-hh.de\/marketing\/wp-json\/wp\/v2\/tags?post=1150"}],"curies":[{"name":"wp","href":"https:\/\/api.w.org\/{rel}","templated":true}]}}