{"id":1132,"date":"2023-02-21T10:16:49","date_gmt":"2023-02-21T09:16:49","guid":{"rendered":"https:\/\/www.hsu-hh.de\/marketing\/?page_id=1132"},"modified":"2025-04-17T08:50:32","modified_gmt":"2025-04-17T06:50:32","slug":"prof-dr-claudia-fantapie-altobelli","status":"publish","type":"page","link":"https:\/\/www.hsu-hh.de\/marketing\/prof-dr-claudia-fantapie-altobelli","title":{"rendered":"Prof. Dr. Claudia Fantapi\u00e9 Altobelli"},"content":{"rendered":"\n<p>Professurinhaberin<\/p>\n\n\n\n<div class=\"wp-block-columns is-layout-flex wp-container-core-columns-is-layout-9d6595d7 wp-block-columns-is-layout-flex\">\n<div class=\"wp-block-column is-layout-flow wp-block-column-is-layout-flow\">\n<p>Helmut-Schmidt-Universit\u00e4t<br>Fakult\u00e4t f\u00fcr Wirtschafts- und Sozialwissenschaften<br>Holstenhofweg 85<br>22043 Hamburg<\/p>\n<\/div>\n\n\n\n<div class=\"wp-block-column is-layout-flow wp-block-column-is-layout-flow\">\n<p><strong>Raum<\/strong>: H 1, Raum 2140<br><strong>Telefon<\/strong>: +4940 6541 2772<br><strong>E-Mail:<\/strong>\u00a0<a href=\"mailto:claudia.fantapi\u00e9@hsu-hh.de\" rel='nofollow'>claudia.fantapie[at]hsu-hh.de<\/a><\/p>\n<\/div>\n\n\n\n<div class=\"wp-block-column is-layout-flow wp-block-column-is-layout-flow\"><div class=\"wp-block-image is-style-rounded\">\n<figure class=\"aligncenter size-full is-resized\"><img loading=\"lazy\" decoding=\"async\" width=\"640\" height=\"886\" src=\"https:\/\/www.hsu-hh.de\/marketing\/wp-content\/uploads\/sites\/691\/2021\/05\/Fantapie.jpg\" data-credit=\"Prof. Fantapie\" alt=\"Fantapie\" class=\"wp-image-762\" style=\"width:141px;height:195px\" srcset=\"https:\/\/www.hsu-hh.de\/marketing\/wp-content\/uploads\/sites\/691\/2021\/05\/Fantapie.jpg 640w, https:\/\/www.hsu-hh.de\/marketing\/wp-content\/uploads\/sites\/691\/2021\/05\/Fantapie-217x300.jpg 217w\" sizes=\"auto, (max-width: 640px) 100vw, 640px\" \/><\/figure>\n<\/div><\/div>\n<\/div>\n\n\n\n<p><strong>Sprechstunde<\/strong><br>nach Vereinbarung<\/p>\n\n\n\n<hr class=\"wp-block-separator has-alpha-channel-opacity is-style-wide\" \/>\n\n\n\n<p><strong>Lebenslauf<\/strong><\/p>\n\n\n\n<p>Claudia Fantapi\u00e9 Altobelli is Professor of Business Administration and Marketing at Helmut-Schmidt-University in Hamburg, where she has been on faculty since 1995. At Helmut-Schmidt-University she covers the fields of marketing research, international marketing, media and advertising in research and teaching. Among others, she has done research in the fields of online marketing, international branding and virtual advertising. Currently, her main research field is marketing research with a focus on consumer neuroscience.<\/p>\n\n\n\n<hr class=\"wp-block-separator has-alpha-channel-opacity is-style-wide\" \/>\n\n\n\n<p><strong>Publikationen<\/strong><\/p>\n\n\n\n<p><a href=\"https:\/\/www.hsu-hh.de\/marketing\/monographien-2\">Monographien<\/a><br><a href=\"https:\/\/www.hsu-hh.de\/marketing\/herausgeberschaften-2\">Herausgeberschaften<\/a><br><a href=\"https:\/\/www.hsu-hh.de\/marketing\/aufsaetze-in-zeitschriften-handbuechern-und-sammelbaenden-2\">Aufs\u00e4tze in Zeitschriften, B\u00fcchern und Sammelb\u00e4nden<\/a><br><a href=\"https:\/\/www.hsu-hh.de\/marketing\/diskussionsbeitraege-des-instituts-fuer-marketing\">Diskussionsbeitr\u00e4ge des Instituts f\u00fcr Marketing<\/a> (ISSN 2193-8482)<br><a href=\"https:\/\/www.hsu-hh.de\/marketing\/veroeffentlichungen-ehemaliger-doktoranden-und-postdocs\">Ver\u00f6ffentlichungen ehemaliger Doktoranden und Postdocs<\/a><\/p>\n","protected":false},"excerpt":{"rendered":"<p>Professurinhaberin Helmut-Schmidt-Universit\u00e4tFakult\u00e4t f\u00fcr Wirtschafts- und SozialwissenschaftenHolstenhofweg 8522043 Hamburg Raum: H 1, Raum 2140Telefon: +4940 6541 2772E-Mail:\u00a0claudia.fantapie[at]hsu-hh.de Sprechstundenach Vereinbarung Lebenslauf Claudia Fantapi\u00e9 Altobelli is Professor of Business Administration and Marketing at [&hellip;]<\/p>\n","protected":false},"author":36,"featured_media":0,"parent":0,"menu_order":0,"comment_status":"closed","ping_status":"closed","template":"","meta":{"footnotes":""},"categories":[8],"tags":[],"class_list":["post-1132","page","type-page","status-publish","hentry","category-team"],"_links":{"self":[{"href":"https:\/\/www.hsu-hh.de\/marketing\/wp-json\/wp\/v2\/pages\/1132","targetHints":{"allow":["GET"]}}],"collection":[{"href":"https:\/\/www.hsu-hh.de\/marketing\/wp-json\/wp\/v2\/pages"}],"about":[{"href":"https:\/\/www.hsu-hh.de\/marketing\/wp-json\/wp\/v2\/types\/page"}],"author":[{"embeddable":true,"href":"https:\/\/www.hsu-hh.de\/marketing\/wp-json\/wp\/v2\/users\/36"}],"replies":[{"embeddable":true,"href":"https:\/\/www.hsu-hh.de\/marketing\/wp-json\/wp\/v2\/comments?post=1132"}],"version-history":[{"count":8,"href":"https:\/\/www.hsu-hh.de\/marketing\/wp-json\/wp\/v2\/pages\/1132\/revisions"}],"predecessor-version":[{"id":1398,"href":"https:\/\/www.hsu-hh.de\/marketing\/wp-json\/wp\/v2\/pages\/1132\/revisions\/1398"}],"wp:attachment":[{"href":"https:\/\/www.hsu-hh.de\/marketing\/wp-json\/wp\/v2\/media?parent=1132"}],"wp:term":[{"taxonomy":"category","embeddable":true,"href":"https:\/\/www.hsu-hh.de\/marketing\/wp-json\/wp\/v2\/categories?post=1132"},{"taxonomy":"post_tag","embeddable":true,"href":"https:\/\/www.hsu-hh.de\/marketing\/wp-json\/wp\/v2\/tags?post=1132"}],"curies":[{"name":"wp","href":"https:\/\/api.w.org\/{rel}","templated":true}]}}