{"id":1125,"date":"2023-02-21T10:18:16","date_gmt":"2023-02-21T09:18:16","guid":{"rendered":"https:\/\/www.hsu-hh.de\/marketing\/?page_id=1125"},"modified":"2026-01-08T10:41:42","modified_gmt":"2026-01-08T09:41:42","slug":"aufsaetze-in-zeitschriften-handbuechern-und-sammelbaenden-2","status":"publish","type":"page","link":"https:\/\/www.hsu-hh.de\/marketing\/aufsaetze-in-zeitschriften-handbuechern-und-sammelbaenden-2","title":{"rendered":"Aufs\u00e4tze in Zeitschriften, Handb\u00fcchern und Sammelb\u00e4nden"},"content":{"rendered":"\n<ul class=\"wp-block-list\">\n<li>Heim, S., Chan-Olmsted, S., Fantapi\u00e9 Altobelli, C., Fretschner, M. &amp; Wolter, L.C. (2025): Towards the measurement of consumer trust in media brands\u2014scale development and validation. Journal of Media Economics, 37(1), 20-45. <a href=\"https:\/\/www.tandfonline.com\/doi\/full\/10.1080\/08997764.2024.2433739\" rel='nofollow'>https:\/\/doi.org\/10.1080\/08997764.2024.2433739<\/a><\/li>\n\n\n\n<li>Heim, S., Chan-Olmsted, S., Fantapi\u00e9 Altobelli, C., Fretschner, M., &amp; Wolter, L.-C. (2024): Exploring trust in media brands today: Definition, dimensions and cross-national differences. International Journal on Media Management, 25(1\u20132), 59\u201389.\u00a0<a href=\"https:\/\/doi.org\/10.1080\/14241277.2024.2336266\" rel='nofollow'>https:\/\/doi.org\/10.1080\/14241277.2024.2336266<\/a><\/li>\n\n\n\n<li>Fantapi\u00e9 Altobelli, C. (2022): Produkttests, in: Wisu \u2013 Das Wirtschaftsstudium, Nr. 5, S. 562-571.<\/li>\n\n\n\n<li>Heim, S., Chan-Olmstedt, S., Fantapi\u00e9 Altobelli, C., Fretschner, M., &amp; Wolter, L.-C. (2022): Media Brand Trust Effects on Digital Advertising \u2013 towards a Conceptual Model. In H. Gundlach (Ed.), Internet-Intermedi\u00e4re und virtuelle Plattformen medien\u00f6konomisch betrachtet (pp. 177-191). Hamburg: Deutsche Gesellschaft f\u00fcr Publizistik- und Kommunikationswissenschaft e.V. <a href=\"https:\/\/doi.org\/10.21241\/ssoar.78777\" rel='nofollow'>https:\/\/doi.org\/10.21241\/ssoar.78777<\/a><\/li>\n\n\n\n<li>Greve, G., Schl\u00fcschen, A., &amp; Fantapi\u00e9 Altobelli, C. (2022): Brand Celebrities. Analysis of Celebrity Sponsorship Posts on Facebook.\u00a0International Journal of Internet Marketing and Advertising, Vol. 17, No, 1-2, pp-77-110.<\/li>\n\n\n\n<li>Schietzel-Kalkbrenner, J., &amp; Fantapi\u00e9 Altobelli, C. (2022): Pers\u00f6nlicher Austausch statt Servicepersonal \u2013 Treiber der Kundenakzeptanz von digitalen Unterkunftsplattformen am Beispiel Airbnb. In M. Bruhn &amp; K. Hadwich (<abbr title=\"Herausgeber\">Hrsg.<\/abbr>), Smart Services im Dienstleistungsmanagement, Forum Dienstleistungsmanagement, Wiesbaden: Springer, S. 167-195.<\/li>\n\n\n\n<li>Schietzel-Kalkbrenner, J., &amp; Fantapi\u00e9 Altobelli, C. (2022): Sharing Economy im Tourismus \u2013 Messung der wahrgenommenen Dienstleistungsqualit\u00e4t bei digitalen Unterkunftsvermittlern. In M. Bruhn &amp; K. Hadwich (<abbr title=\"Herausgeber\">Hrsg.<\/abbr>), Smart Services im Dienstleistungsmanagement, Forum Dienstleistungsmanagement, Wiesbaden: Springer, S. 529-554.<\/li>\n\n\n\n<li>Fantapi\u00e9 Altobelli, C.; Hensel, D. (2018): Ethik als Qualit\u00e4tsmerkmal in der neurowissenschaftlichen Marktforschung, in: Keller et al. (<abbr title=\"Herausgeber\">Hrsg.<\/abbr>): Qualit\u00e4t und Data Science in der Marktforschung, S. 61-80.<\/li>\n\n\n\n<li>Znanewitz, J.; Braun, L.; Hensel, D.; Fantapi\u00e9 Altobelli, C.; Hattke, F. (2018): A critical comparison of selected implicit measurement methods, in: Journal of Neuroscience, Psychology, and Economics, 2018, Vol. 11, No. 4, pp. 249-266,&nbsp;<a href=\"http:\/\/dx.doi.org\/10.1037\/npe0000086\" rel='nofollow'>http:\/\/dx.doi.org\/10.1037\/npe0000086<\/a>&nbsp;.<\/li>\n\n\n\n<li>Wolter, L. W.; Chan-Olmsted, S.;&nbsp;Fantapi\u00e9 Altobelli, C. (2017): Understanding Video Engagement on Global Service Networks \u2013 The Case of Twitter Users on Mobile Platforms, in: Bruhn, M,; &nbsp;Hadwich, K. (Hrsg): Dienstleistungen 4.0. Konzepte \u2013 Methoden \u2013 Instrumente. Band 1. Forum Dienstleistungsmanagement, Wiesbaden, S. 391-409.<\/li>\n\n\n\n<li>Fantapi\u00e9 Altobelli, C.; Sander, M. (2016): Internationale Markenf\u00fchrung, in: Esch, F.-R.&nbsp;(<abbr title=\"Herausgeber\">Hrsg.<\/abbr>): Handbuch Markenf\u00fchrung, Wiesbaden,&nbsp;S.&nbsp;1-18.<\/li>\n\n\n\n<li>Znanewitz, J.; Langhinrichs; B.; Fantapi\u00e9 Altobelli, C. (2016):&nbsp;Personalmarketing \u2013 die Ideen hinter der Kampagne, in: Reader Sicherheitspolitik, August 2016,&nbsp;S.&nbsp;1-10,&nbsp;<a href=\"https:\/\/www.bmvg.de\/portal\/a\/bmvg\/!ut\/p\/c4\/bY5BjsIwDEXPwgFIWmlAMDuYsoAlGyibym1NapE4lWNgw-FJkWaHLX1Zevb3txebm-FBDpQig7dnW3f02z5NGx7OJOoGlAFJ0xg9Kd0MsMM2KhpB6FGaLyuLJlCeAIVShs0A3Ps7u3RFn09MFAdM6fPSnqYIPZouMuqkiqyU1QloFDNGUT-Ru0gmhnpbF2W1Lcriv8rX5m93WK2X5U-13x4nw1HABbA1x3kHOYMdQ1g9N7PZGz5DOyg!\/\" rel='nofollow'>https:\/\/www.bmvg.de\/portal\/a\/bmvg\/!ut\/p\/c4\/bY5BjsIwDEXPwgFIWmlAMDuYsoAlGyibym1NapE4lWNgw-FJkWaHLX1Zevb3txebm-FBDpQig7dnW3f02z5NGx7OJOoGlAFJ0xg9Kd0MsMM2KhpB6FGaLyuLJlCeAIVShs0A3Ps7u3RFn09MFAdM6fPSnqYIPZouMuqkiqyU1QloFDNGUT-Ru0gmhnpbF2W1Lcriv8rX5m93WK2X5U-13x4nw1HABbA1x3kHOYMdQ1g9N7PZGz5DOyg!\/<\/a>.<\/li>\n\n\n\n<li>Reichert, M.; Fantapi\u00e9 Altobelli, C. (2016): Country-of-Origin Effects in Industrial Goods Markets. Do Country-of-Origin&nbsp;Image&nbsp;Effects Differ for Different Buying Center Members?, in: Journal&nbsp;of&nbsp;Business Market&nbsp;Management, Vol. 9, No. 2,&nbsp;pp.&nbsp;623-649.<\/li>\n\n\n\n<li>Znanewitz, J.; Langhinrichs, B.; Fantapi\u00e9 Altobelli, C.&nbsp;(2016): Personalmarketing \u2013 die Ideen hinter der Kampagne, in: Reader Sicherheitspolitik, August 2016,&nbsp;S.&nbsp;1-10.<\/li>\n\n\n\n<li>Wolter, L.-C.; Fantapi\u00e9 Altobelli, C. (2015): Werttreiber Fanpage-Engagement: Erfolgsfaktoren zur Integration von Markenfans, in: Bruhn, M.; Hadwich, K. (<abbr title=\"Herausgeber\">Hrsg.<\/abbr>): Forum Dienstleistungsmanagement 2015 \u2013 Interaktive Wertsch\u00f6pfung durch Dienstleistungen, Wiesbaden,&nbsp;S.&nbsp;701-725.<\/li>\n\n\n\n<li>Wolter, L.-C.; Fantapi\u00e9 Altobelli, C. (2015): Integration von Markenfans in die Wertsch\u00f6pfung von Medienunternehmen, in: Bruhn, M.; Hadwich, K. (<abbr title=\"Herausgeber\">Hrsg.<\/abbr>): Forum Dienstleistungsmanagement 2015 \u2013 Interaktive Wertsch\u00f6pfung durch Dienstleistungen, Wiesbaden,&nbsp;S.&nbsp;631-648.<\/li>\n\n\n\n<li>Fantapi\u00e9 Altobelli, C.; Znanewitz, J.; Hensel, D. (2015): Trendforschung, in: Wisu \u2013&nbsp;Das Wirtschaftsstudium, Nr.&nbsp;5,&nbsp;S.&nbsp;564-568.<\/li>\n\n\n\n<li>Fantapi\u00e9 Altobelli, C. (2013): Werbeforschung, in: Wisu \u2013 Das Wirtschaftsstudium, Nr.&nbsp;12\/13,&nbsp;S.&nbsp;1537-1546.<\/li>\n\n\n\n<li>Fantapi\u00e9 Altobelli, C.; Meister,&nbsp;S.&nbsp;(2013):&nbsp;Online&nbsp;Brand&nbsp;Communities&nbsp;\u2013 Are Members Different People, in: Dewenter,&nbsp;R.; Haucap, J.; Kehder, C. (<abbr title=\"Herausgeber\">Hrsg.<\/abbr>): Wettbewerb und Regulierung in Medien, Politik und M\u00e4rkten, Baden-Baden,&nbsp;S.&nbsp;155-182.<\/li>\n\n\n\n<li>Fantapi\u00e9 Altobelli, C.; Sander, M. (2013): Social Media im Handel, in: Crockford, G.; Ritschel, F.; Schmieder, U.-M. (<abbr title=\"Herausgeber\">Hrsg.<\/abbr>): Handel in Theorie und Praxis, Wiesbaden,&nbsp;S.&nbsp;571-592.<\/li>\n\n\n\n<li>Fantapi\u00e9 Altobelli, C.; Hilger, D. (2013): F-Commerce \u2013 M\u00f6glichkeiten und Grenzen von Facebook als Vertriebskanal am Beispiel von Dienstleistern, in: Bruhn, M.; Hadwich, K. (<abbr title=\"Herausgeber\">Hrsg.<\/abbr>): Dienstleistungsmanagement und Social Media, Wiesbaden,&nbsp;S. 469-490.<\/li>\n\n\n\n<li>Fantapi\u00e9 Altobelli, C.; Schwarzenberger, M. (2013): Social Media-Strategien bei Dienstleistungsunternehmen \u2013 Entwicklung und Implementierung mittels einer Social Media-Scorecard, in: Bruhn, M.; Hadwich, K. (<abbr title=\"Herausgeber\">Hrsg.<\/abbr>): Dienstleistungsmanagement und Social Media, Wiesbaden,&nbsp;S.&nbsp;65-86.<\/li>\n\n\n\n<li>Fantapi\u00e9 Altobelli, C.; Sander, M. (2013): Virtuelle Werbung im Sport, in: G. Nufer (<abbr title=\"Herausgeber\">Hrsg.<\/abbr>): Marketing im Sport, 3. Auflage, Wiesbaden,&nbsp;S.&nbsp;475-502.<\/li>\n\n\n\n<li>Fantapi\u00e9 Altobelli, C. (2012): Social Media und Marketing, in: Wisu \u2013 Das Wirtschaftsstudium, Nr.&nbsp;11\/12,&nbsp;S.&nbsp;1453-1458.<\/li>\n\n\n\n<li>Fantapi\u00e9 Altobelli, C.; Wolter, L. (2012): Potentiale Sozialer Netzwerke f\u00fcr Printmedienmarken \u2013 \u00dcberblick zu ersten empirischen Erkenntnissen aus der Forschung, in: Medienwirtschaft, 5.&nbsp;&nbsp;<abbr title=\"Jahrgang\">Jg.<\/abbr>, Nr.&nbsp;4,&nbsp;S.&nbsp;24-35.<\/li>\n\n\n\n<li>Fantapi\u00e9 Altobelli, C.; Jurowskaja, E. (2012): Sport-Sponsoring, in: Wisu \u2013 Das Wirtschaftsstudium, Nr.&nbsp;1,&nbsp;S.&nbsp;72-78.<\/li>\n\n\n\n<li>Fantapi\u00e9 Altobelli, C. (2011): Preisfindung, in: Wisu \u2013 Das Wirtschaftsstudium, Nr.&nbsp;10,&nbsp;S.&nbsp;1134-1143.<\/li>\n\n\n\n<li>Fantapi\u00e9 Altobelli, C. (2011): Markenimplementierung im Web 2.0, in: Bald, T.; Rutenbeck, H.; Keuper, F. (<abbr title=\"Herausgeber\">Hrsg.<\/abbr>): Innovative Markenf\u00fchrung und Markenimplementierung, Berlin.<\/li>\n\n\n\n<li>Fantapi\u00e9 Altobelli, C. (2011): Bloggen f\u00fcr die Marke, in: Markenartikel, Nr.&nbsp;7,&nbsp;S.&nbsp;100-102.<\/li>\n\n\n\n<li>Fantapi\u00e9 Altobelli, C. (2011): Produkttests, in: Wisu \u2013 Das Wirtschaftsstudium, Nr.&nbsp;4,&nbsp;S.&nbsp;531-540.<\/li>\n\n\n\n<li>Fantapi\u00e9 Altobelli, C.; Sander, M. (2011): Virtual Advertising in Sports Events \u2013 Does it Really Work?, in: International Journal&nbsp;of&nbsp;Sports Marketing and Sponsoring, S.&nbsp;225-239.<\/li>\n\n\n\n<li>Baumgarten, A.; Herstatt, C.; Fantapi\u00e9 Altobelli, C. (2011): Organization&nbsp;of&nbsp;International Market Introduction: Can Cooperation between Central Units and Local&nbsp;Product&nbsp;ManagementInfluence Success?, in: Tschirky, H. et al (<abbr title=\"Herausgeber\">Hrsg.<\/abbr>): Managing Innovation Driven Companies, Basingstoke, pp.&nbsp;37-55.<\/li>\n\n\n\n<li>Fantapi\u00e9 Altobelli, C. (2011): Sachgebiet \u201eWerbung\u201c, in I. Sjurts (<abbr title=\"Herausgeber\">Hrsg.<\/abbr>): Lexikon der Medienwirtschaft, 2. Auflage, Wiesbaden.<\/li>\n\n\n\n<li>Fantapi\u00e9 Altobelli, C.; Sander, M. (2011): Virtuelle Werbung im Sport, in: G. Nufer (<abbr title=\"Herausgeber\">Hrsg.<\/abbr>): Sportmarketing, 2. Auflage, Wiesbaden,&nbsp;S.&nbsp;265-292.<\/li>\n\n\n\n<li>Fantapi\u00e9 Altobelli, C. (2010): Chancen und Erfolgsfaktoren der Markenf\u00fchrung im Web 2.0, in:&nbsp;R.&nbsp;Berndt (<abbr title=\"Herausgeber\">Hrsg.<\/abbr>): Erfolgsfaktor Innovation, Berlin&nbsp; u. a., S.&nbsp;155-171.<\/li>\n\n\n\n<li>Hoffmann,&nbsp;S.; Eggers, F.; Fantapi\u00e9 Altobelli, C. (2010): Optimierung von Titelbl\u00e4ttern mit Hilfe der Choice-based&nbsp;Conjoint-Analyse, in: Medienwirtschaft, 3.&nbsp;<abbr title=\"Jahrgang\">Jg.<\/abbr>,&nbsp;Nr.&nbsp;3,&nbsp;S.&nbsp;18-25.<\/li>\n\n\n\n<li>Fantapi\u00e9 Altobelli, C.; Hoffmann, S. (2010): Verkaufsf\u00f6rderung, in: Wisu \u2013 Das Wirtschaftsstudium,&nbsp;&nbsp;<abbr title=\"Jahrgang\">Jg.<\/abbr>&nbsp;39,&nbsp;Nr.&nbsp;4,&nbsp;S.&nbsp;522-526.<\/li>\n\n\n\n<li>Fantapi\u00e9 Altobelli, C.; Sander, M. (2010): Impact&nbsp;of&nbsp;Virtual Advertising in Sports Events, Proceedings&nbsp;of&nbsp;the&nbsp;9th International Marketing Trends Conference 2010, Venice, January 21-23.<\/li>\n\n\n\n<li>Fantapi\u00e9 Altobelli, C. (2009): Chancen des Internet f\u00fcr die Markenf\u00fchrung, in: GEM (<abbr title=\"Herausgeber\">Hrsg.<\/abbr>): Marken im Einfluss des Internet, Berlin,&nbsp;S.&nbsp;59 \u2013 72.<\/li>\n\n\n\n<li>Fantapi\u00e9 Altobelli, C.; Hoffmann, S. (2008): Auswirkungen von Markenpiraterie auf das Konsumentenverhalten bei&nbsp;Online-Auktionen, in: Der Betriebswirt,&nbsp;&nbsp;<abbr title=\"Jahrgang\">Jg.<\/abbr>&nbsp;49,&nbsp;Nr. 1,&nbsp;S.&nbsp;12-17.<\/li>\n\n\n\n<li>Fantapi\u00e9 Altobelli, C.; Hoffmann, S. (2007):&nbsp;Online-Auktionen: Chancen und Risiken aus Anbieter- und Nachfragersicht, in: Bauer, H. H.; Gro\u00dfe-Leege, D.; R\u00f6sger, J. (<abbr title=\"Herausgeber\">Hrsg.<\/abbr>): Interactive Marketing im Web 2.0+, Konzepte und Anwendungen f\u00fcr ein erfolgreiches Marketingmanagement im Internet, M\u00fcnchen,&nbsp;S.&nbsp;295-314.<\/li>\n\n\n\n<li>Fantapi\u00e9 Altobelli, C.; Hoffmann, S. (2007): Qualitative und quantitative Marktforschung, in: Wisu \u2013 Das Wirtschaftsstudium, Nr.&nbsp;4,&nbsp;S.&nbsp;522 \u2013 534.<\/li>\n\n\n\n<li>Fantapi\u00e9 Altobelli, C.; Berndt,&nbsp;R. (2007): Internationales Produktmanagement, in: Albers, S.; Herrmann, A. (<abbr title=\"Herausgeber\">Hrsg.<\/abbr>): Handbuch Produktmanagement, 3.&nbsp;&nbsp;<abbr title=\"Auflage\">Aufl.<\/abbr>, Wiesbaden,&nbsp;S.&nbsp;789-814.<\/li>\n\n\n\n<li>Fantapi\u00e9 Altobelli, C.; Hoffmann, S. (2006): Reziprozit\u00e4t und Konsumentenvertrauen, in: Bauer, H.H.; Neumann, M.M.; Sch\u00fcle, A. (<abbr title=\"Herausgeber\">Hrsg.<\/abbr>):&nbsp;Konsumentenvertrauen, Konzepte und Anwendungen f\u00fcr ein nachhaltiges Kundenbindungsmanagement, M\u00fcnchen,&nbsp;S.&nbsp;53-62.<\/li>\n\n\n\n<li>Fantapi\u00e9 Altobelli, C. (2006): Internationalisierung kleiner und mittelst\u00e4ndischer Unternehmen, in: Berndt,&nbsp;R.&nbsp;(<abbr title=\"Herausgeber\">Hrsg.<\/abbr>): Managementkonzepte f\u00fcr kleine und mittlere Unternehmen, Berlin u. a.,&nbsp;S.&nbsp;111-128.<\/li>\n\n\n\n<li>Fantapi\u00e9 Altobelli, C. (2006): Chancen und Risiken des&nbsp;Online-Direktmarketing, in: Burmann, C.; Wirtz, B. (<abbr title=\"Herausgeber\">Hrsg.<\/abbr>): Ganzheitliches&nbsp;Direktmarketing, Wiesbaden,&nbsp;S.&nbsp;479-499.<\/li>\n\n\n\n<li>Fantapi\u00e9 Altobelli, C. (2004): Kompensationshandel als Sonderform des Au\u00dfenhandels, in: Zentes, J.; Morschett, D.; Schramm-Klein, H. (<abbr title=\"Herausgeber\">Hrsg.<\/abbr>):&nbsp;Au\u00dfenhandel. Marketingstrategien und Managementkonzepte , Wiesbaden,&nbsp;S.&nbsp;84-100.<\/li>\n\n\n\n<li>Fantapi\u00e9 Altobelli, C. (2004): Sachgebiet \u201eMultimedia\u201c, in: Bruhn, M.; Homburg, C. (<abbr title=\"Herausgeber\">Hrsg.<\/abbr>): Gablers Marketinglexikon, 2.&nbsp;&nbsp;<abbr title=\"Auflage\">Aufl.<\/abbr>, Wiesbaden.<\/li>\n\n\n\n<li>Fantapi\u00e9 Altobelli, C. (2004):&nbsp;E-Brands, in: M. Bruhn (<abbr title=\"Herausgeber\">Hrsg.<\/abbr>): Handbuch Markenartikel, Wiesbaden 2004,&nbsp;S.&nbsp;187-210.<\/li>\n\n\n\n<li>Fantapi\u00e9 Altobelli, C. (2004): Sachgebiet \u201eWerbung\u201c, in: Sjurts, I. (<abbr title=\"Herausgeber\">Hrsg.<\/abbr>): Lexikon der Medienwirtschaft, Wiesbaden.<\/li>\n\n\n\n<li>Fantapi\u00e9 Altobelli, C. (2003): Markenf\u00fchrung bei&nbsp;Online-Kooperationen \u2013 kompetitives oder kooperatives&nbsp;Branding?, in: B\u00fcttgen, M.; L\u00fccke, F. (<abbr title=\"Herausgeber\">Hrsg.<\/abbr>):&nbsp;Online-Kooperationen \u2013 Erfolg im&nbsp;E-Business&nbsp;durch strategische Partnerschaften, Wiesbaden,&nbsp;S.&nbsp;341-362.<\/li>\n\n\n\n<li>Fantapi\u00e9 Altobelli, C. (2002): Internet-Branding. Integration des&nbsp;Online-Marketing in den Kommunikationsmix von Unternehmen der \u201eOld Economy\u201c, in: Die Unternehmung,&nbsp;Nr.&nbsp;5,&nbsp;S.317-331.<\/li>\n\n\n\n<li>Fantapi\u00e9 Altobelli, C. (2002):&nbsp;Print&nbsp;contra&nbsp;Online: Herausforderung und Chance f\u00fcr Verlagsunternehmen, in: Fantapi\u00e9 Altobelli, C. (<abbr title=\"Herausgeber\">Hrsg.<\/abbr>):&nbsp;Print&nbsp;contra&nbsp;Online? Verlage im Internetzeitalter, M\u00fcnchen,&nbsp;S.&nbsp;9-19.<\/li>\n\n\n\n<li>Fantapi\u00e9 Altobelli, C.; Berndt,&nbsp;R. (2002): Internationales Produktmanagement, in: Albers, S.; Herrmann, A. (<abbr title=\"Herausgeber\">Hrsg.<\/abbr>):&nbsp;Handbuch Produktmanagement, 2.&nbsp;<abbr title=\"Auflage\">Aufl.<\/abbr>, Wiesbaden,&nbsp;S.&nbsp;773-800.<\/li>\n\n\n\n<li>Fantapi\u00e9 Altobelli, C.; Handke-Gkouveris, B. (2002): Die Marke im Fokus, in:&nbsp;e-commerce&nbsp;magazin, Nr.&nbsp;6,&nbsp;S.&nbsp;42-43.<\/li>\n\n\n\n<li>Fantapi\u00e9 Altobelli, C.; Sander, M. (2002): Markenaufbau von&nbsp;Internet-Startups, in: Berndt, R. (<abbr title=\"Herausgeber\">Hrsg.<\/abbr>):&nbsp;Management-Konzepte f\u00fcr die New Enonomy, Band 9 der Schriftenreihe der Graduate&nbsp;School&nbsp;of&nbsp;Business Administration (GSBA), Z\u00fcrich, Berlin&nbsp; u. a.,&nbsp;S.&nbsp;179-194.<\/li>\n\n\n\n<li>Fantapi\u00e9 Altobelli, C. (2001): Markenf\u00fchrung im Internet, in: Berndt, R. (<abbr title=\"Herausgeber\">Hrsg.<\/abbr>):&nbsp;E-Business&nbsp;Management, Band 8 der Schriftenreihe der Graduate&nbsp;School&nbsp;of&nbsp;Business Administration (GSBA), Z\u00fcrich, Berlin u. a.,&nbsp;S.&nbsp;179-194.<\/li>\n\n\n\n<li>Fantapi\u00e9 Altobelli, C. (2001): Sachgebiet \u201eMultimedia\u201c, in: Bruhn, M.; Homburg, C. (<abbr title=\"Herausgeber\">Hrsg.<\/abbr>):&nbsp;Gablers Marketinglexikon, Wiesbaden.<\/li>\n\n\n\n<li>Fantapi\u00e9 Altobelli, C. (2001): Internet-Marketing, in: Tscheulin, D. (<abbr title=\"Herausgeber\">Hrsg.<\/abbr>):&nbsp;Branchenspezifische Besonderheiten des Marketing, Wiesbaden,&nbsp;S.&nbsp;793-814.<\/li>\n\n\n\n<li>Fantapi\u00e9 Altobelli, C. (2000):&nbsp;E-Commerce&nbsp;im interaktiven Fernsehen, in: Bliemel, F.; Fassott, G.; Theobald, A. (<abbr title=\"Herausgeber\">Hrsg.<\/abbr>):&nbsp;Electronic&nbsp;Commerce, 3.&nbsp;<abbr title=\"Auflage\">Aufl.<\/abbr>, Wiesbaden,&nbsp;S.&nbsp;171-190.<\/li>\n\n\n\n<li>Fantapi\u00e9 Altobelli, C. (2000): Rahmenfaktor II: Formen und Erfolgsfaktoren interaktiver Werbung, in : transfer \u2013 Werbeforschung und Praxis, 2000,&nbsp;Nr.&nbsp;4,&nbsp;S.&nbsp;12-19.<\/li>\n\n\n\n<li>Fantapi\u00e9 Altobelli, C.; Berendt,&nbsp;R. (2000): Internationales Produktmanagement, in: Albers, S.; Herrmann, A. (<abbr title=\"Herausgeber\">Hrsg.<\/abbr>):&nbsp;Handbuch Produktmanagement, Wiesbaden,&nbsp;S.&nbsp;731-758.<\/li>\n\n\n\n<li>Fantapi\u00e9 Altobelli, C.; Grosskopf, A.-K. (2000):&nbsp;Customer&nbsp;Value&nbsp;schaffen und steigern durch Einsatz von&nbsp;Online-Medien, in: Hofmann, M.; Mertiens, M. (<abbr title=\"Herausgeber\">Hrsg.<\/abbr>):&nbsp;Customer-Lifetime-Value-Management, Wiesbaden,&nbsp;S.&nbsp;89-98.<\/li>\n\n\n\n<li>Fantapi\u00e9 Altobelli, C.; Grosskopf, A.-K. (2000): Internationales F&amp;E-Management, in: Berndt, R. (<abbr title=\"Herausgeber\">Hrsg.<\/abbr>):&nbsp;Innovatives&nbsp;Management, Band 7 der Schriftenreihe der Graduate&nbsp;School&nbsp;ofBusiness Administration (GSBA) Z\u00fcrich, Berlin u. a.,&nbsp;S.&nbsp;149-166.<\/li>\n\n\n\n<li>Fantapi\u00e9 Altobelli, C.; Fittkau,&nbsp;S.; Grosskopf, A.-K. (2000):&nbsp;Electronic&nbsp;Commerce 2000, in: Berndt,&nbsp;R. et al.&nbsp;(<abbr title=\"Herausgeber\">Hrsg.<\/abbr>):&nbsp;Management&nbsp;Strategies&nbsp;Beyond&nbsp;2000, Berlin&nbsp;&nbsp;u. a.,&nbsp;S.&nbsp;293-308.<\/li>\n\n\n\n<li>Fantapi\u00e9 Altobelli, C. (1999):&nbsp;Online-Marketing in der&nbsp;&nbsp;<abbr title=\"Informationstechnologie\">IT<\/abbr>\u2013 und&nbsp;TK-Branche \u2013 Plattform f\u00fcr anspruchsvolle Zielgruppen, in: Absatzwirtschaft, Nr.&nbsp;5,&nbsp;S.&nbsp;66-72.<\/li>\n\n\n\n<li>Fantapi\u00e9 Altobelli, C.; Gaitanides, M. (1999): Proze\u00dforganisation und Logistik, in: Weber, J.; Baumgarten, H. (<abbr title=\"Herausgeber\">Hrsg.<\/abbr>):&nbsp;Handbuch Logistik.&nbsp;Management&nbsp;von Material- und Warenflu\u00dfprozessen, Stuttgart,&nbsp;S.&nbsp;596-606.<\/li>\n\n\n\n<li>Fantapi\u00e9 Altobelli, C.; Grosskopf, A.-K. (1998):&nbsp;Online-Distribution im Consumer- und&nbsp;Business-to-Business-Bereich \u2013 Eine empirische Analyse am Beispiel der Informationstechnologie- und Telekommunikationsbranche, in: der markt, Sonderausgabe 3-4,&nbsp;S.&nbsp;146-160.<\/li>\n\n\n\n<li>Fantapi\u00e9 Altobelli, C. (1998): Umwelt- und Marktinformationen, in: Berndt, R.; Fantapi\u00e9 Altobelli, C., Schuster, P. (<abbr title=\"Herausgeber\">Hrsg.<\/abbr>): Springers Handbuch der Betriebswirtschaftslehre, Teil 5: Informationswirtschaft, Berlin u. a.,&nbsp;S.&nbsp;305-353.<\/li>\n\n\n\n<li>Fantapi\u00e9 Altobelli, C.; Hoffmann, S. (1998): Marketing im interaktiven Zeitalter, in:&nbsp;Change&nbsp;Management, Band. 5 der Schriftenreihe der Graduate&nbsp;School&nbsp;of&nbsp;Business Administration (GSBA) Z\u00fcrich, Berlin u. a.,&nbsp;S.&nbsp;261-276.<\/li>\n\n\n\n<li>Fantapi\u00e9 Altobelli, C.; Bouncken,&nbsp;R.&nbsp;B. (1998): Wertkettenanalyse von Dienstleistungs-Anbietern, in: Meyer, A. (<abbr title=\"Herausgeber\">Hrsg.<\/abbr>): Handbuch Dienstleistungsmarketing, Band I, Stuttgart,&nbsp;S.282-297.<\/li>\n\n\n\n<li>Fantapi\u00e9 Altobelli, C. (1997): Der optimale Web-Auftritt: ein Gesundheits-Informationsdienst, in: med online,&nbsp;Nr.&nbsp;7-8,&nbsp;S.&nbsp;18-19.<\/li>\n\n\n\n<li>Fantapi\u00e9 Altobelli, C.; Bouncken,&nbsp;R.; Hoffmann, S. (1997): Internet-Marketing in der Tourismusindustrie, in: Tourismus Journal,&nbsp;&nbsp;<abbr title=\"Jahrgang\">Jg.<\/abbr>1,&nbsp;Nr.&nbsp;3-4,&nbsp;S.&nbsp;325-342.<\/li>\n\n\n\n<li>Fantapi\u00e9 Altobelli, C.; Fittkau,&nbsp;S. (1997): Formen und Erfolgsfaktoren der&nbsp;Online-Distribution, in: Trommsdorff, V. (<abbr title=\"Herausgeber\">Hrsg.<\/abbr>): Handelsforschung 1997\/98. Kundenorientierung im Handel, Wiesbaden,&nbsp;S.&nbsp;397-417.<\/li>\n\n\n\n<li>Berndt,&nbsp;R.; Fantapi\u00e9 Altobelli, C. (1997): Proze\u00dfkostenrechnung im Rahmen des&nbsp;Reengineering, in: Business&nbsp;Reengineering,&nbsp;&nbsp;<abbr title=\"Band\">Bd.<\/abbr>&nbsp;4 der Schriftenreihe der Graduate&nbsp;School&nbsp;of Business Administration (GSBA) Z\u00fcrich, Berlin u .a.,&nbsp;S.&nbsp;191-201.<\/li>\n\n\n\n<li>Fantapi\u00e9 Altobelli, C. (1997):&nbsp;Online-Marketing im deutschsprachigen Raum, in Thexis, Nr.&nbsp;1,&nbsp;S.&nbsp;5-11.<\/li>\n\n\n\n<li>Fantapi\u00e9 Altobelli, C. (1996): Internet und integrierte Marktkommunikation, in:&nbsp;zfo, Nr.&nbsp;6,&nbsp;S.&nbsp;338-342.<\/li>\n\n\n\n<li>Fantapi\u00e9 Altobelli, C. (1996):&nbsp;Online-Marketing im WorldWideWeb, in: Kreile, R. (<abbr title=\"Herausgeber\">Hrsg.<\/abbr>): Medientage M\u00fcnchen \u2013 Werbegipfel M\u00fcnchen, Dokumentation \u201996, Band 1,&nbsp;S.&nbsp;121-127.<\/li>\n\n\n\n<li>Fantapi\u00e9 Altobelli, C.; Hoffmann, S. (1996):&nbsp;Online-Marketing, in: Weidner, L.E. (<abbr title=\"Herausgeber\">Hrsg.<\/abbr>): Handbuch Kommunikationspraxis, 14. Nachlieferung, Teil F\/II\/4,&nbsp;S.&nbsp;1-13.<\/li>\n\n\n\n<li>Fantapi\u00e9 Altobelli, C. (1996): Internet \u2013 kommender Wachstumsmarkt Europa, in: med online,&nbsp;Nr.&nbsp;6,&nbsp;S.18-19.<\/li>\n\n\n\n<li>Fantapi\u00e9 Altobelli, C. (1996): Herausforderung Osteuropa \u2013 Markteintritts- und Marktbearbeitungsstrategien, in: Global&nbsp;Management,&nbsp;&nbsp;<abbr title=\"Band\">Bd.<\/abbr>&nbsp;3 der Schriftenreihe \u201eHerausforderungen an das&nbsp;Management\u201c der Graduate&nbsp;School&nbsp;of&nbsp;Business Administration (GSBA) Z\u00fcrich, Berlin u. a.,&nbsp;S.&nbsp;97-111.<\/li>\n\n\n\n<li>Fantapi\u00e9 Altobelli, C. (1995): Wertkette, Schnittstellen-Management&nbsp;und&nbsp;TQM, in: Total&nbsp;Quality&nbsp;Management&nbsp;als Erfolgsstrategie,&nbsp;&nbsp;<abbr title=\"Band\">Bd.<\/abbr>&nbsp;2 der Schriftenreihe \u201eHerausforderungen an das&nbsp;Management\u201c der Graduate&nbsp;School&nbsp;of&nbsp;Business Administration (GSBA) Z\u00fcrich, Berlin u. a.,&nbsp;S.&nbsp;135-155.<\/li>\n\n\n\n<li>Berndt,&nbsp;R.; Fantapi\u00e9 Altobelli, C.; Sander, M. (1995): Internationale Kommunikationspolitik, in: Hermanns, A.; Wi\u00dfmeier, U. K. (<abbr title=\"Herausgeber\">Hrsg.<\/abbr>): Internationales Marketing-Management, M\u00fcnchen,&nbsp;S.&nbsp;176-224.<\/li>\n\n\n\n<li>Fantapi\u00e9 Altobelli, C. (1995): Wertkette, in: Tietz, B.; K\u00f6hler, R.; Zentes, J. (<abbr title=\"Herausgeber\">Hrsg.<\/abbr>): Handw\u00f6rterbuch des Marketing (HWM), Stuttgart,&nbsp;S.&nbsp;2709-2716.<\/li>\n\n\n\n<li>Fantapi\u00e9 Altobelli, C. (1994): Internationale Kompensationsgesch\u00e4fte als Antwort auf Rezession und Krise, in:&nbsp;Management-Qualit\u00e4t&nbsp;contra&nbsp;Rezession und Krise,&nbsp;&nbsp;<abbr title=\"Band\">Bd.<\/abbr>&nbsp;1 der Schriftenreihe \u201eHerausforderungen an das&nbsp;Management\u201c der Graduate&nbsp;School&nbsp;of&nbsp;Business Administration (GSBA) Z\u00fcrich, Berlin u. a.,&nbsp;S.&nbsp;165-175.<\/li>\n\n\n\n<li>Fantapi\u00e9 Altobelli, C. (1993): Erfahrungen mit Diffusionsmodellen unter besonderer Ber\u00fccksichtigung von Marketing-Variablen, in: Operations Research Proceedings 1992, Heidelberg,&nbsp;S.&nbsp;190-199.<\/li>\n\n\n\n<li>Fantapi\u00e9 Altobelli, C. (1993): Die \u201eNeuen Medien\u201c als Werbetr\u00e4ger, in: Berndt,&nbsp;R.; Hermanns, A. (<abbr title=\"Herausgeber\">Hrsg.<\/abbr>): Handbuch Marketing-Kommunikation, Wiesbaden,&nbsp;S.&nbsp;437-462.<\/li>\n\n\n\n<li>Fantapi\u00e9 Altobelli, C. (1993): Charakterisierung und Arten der Werbung, in: Berndt,&nbsp;R.; Hermanns, A. (<abbr title=\"Herausgeber\">Hrsg.<\/abbr>): Handbuch Marketing-Kommunikation, Wiesbaden,&nbsp;S.&nbsp;241-260.<\/li>\n\n\n\n<li>Fantapi\u00e9 Altobelli, C. (1992): Preisdifferenzierung, in: Das Wirtschaftsstudium, 21.&nbsp;&nbsp;<abbr title=\"Jahrgang\">Jg.<\/abbr>,&nbsp;Nr.&nbsp;1,&nbsp;S.&nbsp;2-8.<\/li>\n\n\n\n<li>Berndt,&nbsp;R.; Fantapi\u00e9 Altobelli, C. (1991): Warum Bildschirmtext in der Bundesrepublik Deutschland scheiterte \u2013 Eine diffusionstheoretische Analyse einer verfehlten Marketing-Politik, in: Zeitschrift f\u00fcr betriebswirtschaftliche Forschung, 43.&nbsp;&nbsp;<abbr title=\"Jahrgang\">Jg.<\/abbr>,&nbsp;Nr.&nbsp;11,&nbsp;S.&nbsp;955-970.<\/li>\n\n\n\n<li>Berndt,&nbsp;R.; Fantapi\u00e9 Altobelli, C. (1991): Die Diffusion von Videoger\u00e4ten in der Bundesrepublik Deutschland, in: Jahrbuch der Absatz- und Verbrauchsforschung, 37.&nbsp;&nbsp;<abbr title=\"Jahrgang\">Jg.<\/abbr>,&nbsp;Nr.3,&nbsp;S.&nbsp;245-257.<\/li>\n\n\n\n<li>Fantapi\u00e9 Altobelli, C. (1990): Diffusionsprozesse neuer Medien: Die Bedeutung der Kommunikationspolitik, in: Werbeforschung und Praxis, Nr.&nbsp;5,&nbsp;S.&nbsp;159-164.<\/li>\n\n\n\n<li>Berndt,&nbsp;R.; Fantapi\u00e9 Altobelli, C. (1988): Bruttoseitenpreise, verbreitete Auflagen und Anzeigenseiten verschiedener Zeitschriftengruppen \u2013 Eine vergleichende Analyse, in: Werbeforschung und Praxis, S.&nbsp;2-6.<\/li>\n<\/ul>\n","protected":false},"excerpt":{"rendered":"","protected":false},"author":36,"featured_media":0,"parent":0,"menu_order":0,"comment_status":"closed","ping_status":"closed","template":"","meta":{"footnotes":""},"categories":[4],"tags":[],"class_list":["post-1125","page","type-page","status-publish","hentry","category-forschung"],"_links":{"self":[{"href":"https:\/\/www.hsu-hh.de\/marketing\/wp-json\/wp\/v2\/pages\/1125","targetHints":{"allow":["GET"]}}],"collection":[{"href":"https:\/\/www.hsu-hh.de\/marketing\/wp-json\/wp\/v2\/pages"}],"about":[{"href":"https:\/\/www.hsu-hh.de\/marketing\/wp-json\/wp\/v2\/types\/page"}],"author":[{"embeddable":true,"href":"https:\/\/www.hsu-hh.de\/marketing\/wp-json\/wp\/v2\/users\/36"}],"replies":[{"embeddable":true,"href":"https:\/\/www.hsu-hh.de\/marketing\/wp-json\/wp\/v2\/comments?post=1125"}],"version-history":[{"count":8,"href":"https:\/\/www.hsu-hh.de\/marketing\/wp-json\/wp\/v2\/pages\/1125\/revisions"}],"predecessor-version":[{"id":1451,"href":"https:\/\/www.hsu-hh.de\/marketing\/wp-json\/wp\/v2\/pages\/1125\/revisions\/1451"}],"wp:attachment":[{"href":"https:\/\/www.hsu-hh.de\/marketing\/wp-json\/wp\/v2\/media?parent=1125"}],"wp:term":[{"taxonomy":"category","embeddable":true,"href":"https:\/\/www.hsu-hh.de\/marketing\/wp-json\/wp\/v2\/categories?post=1125"},{"taxonomy":"post_tag","embeddable":true,"href":"https:\/\/www.hsu-hh.de\/marketing\/wp-json\/wp\/v2\/tags?post=1125"}],"curies":[{"name":"wp","href":"https:\/\/api.w.org\/{rel}","templated":true}]}}