{"id":878,"date":"2021-01-29T12:47:35","date_gmt":"2021-01-29T11:47:35","guid":{"rendered":"https:\/\/www.hsu-hh.de\/lts\/?page_id=878"},"modified":"2022-04-22T12:55:29","modified_gmt":"2022-04-22T10:55:29","slug":"exist","status":"publish","type":"page","link":"https:\/\/www.hsu-hh.de\/lts\/de\/exist\/","title":{"rendered":"EXIST &#8211; Forschungstransfer Projekt n2- Photonics"},"content":{"rendered":"\n<p><\/p>\n\n\n\n<p>Im Rahmen der EXIST-Forschungstransferf\u00f6rderung wird am LTS eine innovative Technologie zur spektralen Verbreiterung von Ultrakurzpulslasern zur Marktreife gef\u00fchrt. F\u00fcr die Umsetzung dieses Vorhabens hat sich das interdisziplin\u00e4re Team aus Kilian Fritsch und Christian Franke zusammengeschlossen.<\/p>\n\n\n\n<p>Weitere Neuigkeiten \u00fcber das Projekt erfahren Sie in unserer Pressemitteilung: <a href=\"https:\/\/www.hsu-hh.de\/start-up-entwickelt-neue-laser-fuer-die-biowissenschaften\">&#8222;Start-up entwickelt neue Laser f\u00fcr die Biowissenschaften&#8220;<\/a>.<\/p>\n\n\n\n<p>Wir sind auf <a href=\"http:\/\/www.n2-photonics.de\" data-type=\"URL\" data-id=\"www.n2-photonics.de\" rel='nofollow'>unsere eigene Website<\/a> umgezogen. Dort pr\u00e4sentieren wir unser Produktportfolio und Fallbeispiele unserer Technologie im Einsatz. <\/p>\n\n\n\n<div class=\"wp-block-image\"><figure class=\"aligncenter size-large is-resized\"><img loading=\"lazy\" decoding=\"async\" src=\"https:\/\/www.hsu-hh.de\/lts\/wp-content\/uploads\/sites\/814\/2021\/08\/lab02-1024x683.jpg\" data-credit=\"Kilian Fritsch\" alt=\"Impulskompression\" class=\"wp-image-1232\" width=\"1127\" height=\"752\" srcset=\"https:\/\/www.hsu-hh.de\/lts\/wp-content\/uploads\/sites\/814\/2021\/08\/lab02-1024x683.jpg 1024w, https:\/\/www.hsu-hh.de\/lts\/wp-content\/uploads\/sites\/814\/2021\/08\/lab02-300x200.jpg 300w, https:\/\/www.hsu-hh.de\/lts\/wp-content\/uploads\/sites\/814\/2021\/08\/lab02-768x512.jpg 768w, https:\/\/www.hsu-hh.de\/lts\/wp-content\/uploads\/sites\/814\/2021\/08\/lab02-1536x1024.jpg 1536w, https:\/\/www.hsu-hh.de\/lts\/wp-content\/uploads\/sites\/814\/2021\/08\/lab02-2048x1365.jpg 2048w, https:\/\/www.hsu-hh.de\/lts\/wp-content\/uploads\/sites\/814\/2021\/08\/lab02-1100x733.jpg 1100w\" sizes=\"auto, (max-width: 1127px) 100vw, 1127px\" \/><\/figure><\/div>\n\n\n\n<div style=\"height:100px\" aria-hidden=\"true\" class=\"wp-block-spacer\"><\/div>\n\n\n\n<h2 class=\"wp-block-heading\"><strong>Das Team<\/strong><\/h2>\n\n\n\n<div style=\"height:25px\" aria-hidden=\"true\" class=\"wp-block-spacer\"><\/div>\n\n\n\n<div class=\"wp-block-columns is-layout-flex wp-container-core-columns-is-layout-9d6595d7 wp-block-columns-is-layout-flex\">\n<div class=\"wp-block-column is-layout-flow wp-block-column-is-layout-flow\" style=\"flex-basis:33.33%\">\n<div class=\"wp-block-image is-style-rounded\"><figure class=\"aligncenter size-medium is-resized\"><img loading=\"lazy\" decoding=\"async\" src=\"https:\/\/www.hsu-hh.de\/lts\/wp-content\/uploads\/sites\/814\/2021\/01\/Kilian-Fritsch_EXIST-e1611912304189-300x300.jpg\" data-credit=\"Kilian Fritsch\" alt=\"Kilian Fritsch\" class=\"wp-image-988\" width=\"247\" height=\"247\" srcset=\"https:\/\/www.hsu-hh.de\/lts\/wp-content\/uploads\/sites\/814\/2021\/01\/Kilian-Fritsch_EXIST-e1611912304189-300x300.jpg 300w, https:\/\/www.hsu-hh.de\/lts\/wp-content\/uploads\/sites\/814\/2021\/01\/Kilian-Fritsch_EXIST-e1611912304189-1024x1024.jpg 1024w, https:\/\/www.hsu-hh.de\/lts\/wp-content\/uploads\/sites\/814\/2021\/01\/Kilian-Fritsch_EXIST-e1611912304189-150x150.jpg 150w, https:\/\/www.hsu-hh.de\/lts\/wp-content\/uploads\/sites\/814\/2021\/01\/Kilian-Fritsch_EXIST-e1611912304189-768x768.jpg 768w, https:\/\/www.hsu-hh.de\/lts\/wp-content\/uploads\/sites\/814\/2021\/01\/Kilian-Fritsch_EXIST-e1611912304189-1100x1100.jpg 1100w, https:\/\/www.hsu-hh.de\/lts\/wp-content\/uploads\/sites\/814\/2021\/01\/Kilian-Fritsch_EXIST-e1611912304189-100x100.jpg 100w, https:\/\/www.hsu-hh.de\/lts\/wp-content\/uploads\/sites\/814\/2021\/01\/Kilian-Fritsch_EXIST-e1611912304189.jpg 1281w\" sizes=\"auto, (max-width: 247px) 100vw, 247px\" \/><\/figure><\/div>\n\n\n\n<p><\/p>\n<\/div>\n\n\n\n<div class=\"wp-block-column is-layout-flow wp-block-column-is-layout-flow\" style=\"flex-basis:66.66%\">\n<p><strong><a href=\"https:\/\/www.hsu-hh.de\/lts\/mitarbeiter\/kilian-fritsch\/\" data-type=\"page\" data-id=\"318\">Kilian Fritsch, M.Sc.<\/a><\/strong> experimentierte im Rahmen seiner Arbeit als Doktorand an der Ludwig-Maximilians-Universit\u00e4t und der Helmut-Schmidt-Universit\u00e4t an D\u00fcnnscheibenlasern sowie deren Impulskompressoren. Das Hauptaugenmerk lag auf der Entwicklung von leistungsskalierbaren und effizienten Verfahren zur nichtlinearen spektralen Verbreiterung und Impulskompression. <\/p>\n\n\n\n<p>Aufgrund seiner langj\u00e4hrigen Erfahrung auf dem Fachgebiet der Impulskompression, befasst sich Kilian schwerpunktm\u00e4\u00dfig mit der Weiterentwicklung dieser Kerntechnologie.<\/p>\n<\/div>\n<\/div>\n\n\n\n<div class=\"wp-block-columns is-layout-flex wp-container-core-columns-is-layout-9d6595d7 wp-block-columns-is-layout-flex\"><\/div>\n\n\n\n<div class=\"wp-block-columns is-layout-flex wp-container-core-columns-is-layout-9d6595d7 wp-block-columns-is-layout-flex\">\n<div class=\"wp-block-column is-layout-flow wp-block-column-is-layout-flow\" style=\"flex-basis:33.33%\">\n<div class=\"wp-block-image is-style-rounded\"><figure class=\"aligncenter size-medium is-resized\"><img loading=\"lazy\" decoding=\"async\" src=\"https:\/\/www.hsu-hh.de\/lts\/wp-content\/uploads\/sites\/814\/2021\/01\/Christian-Franke_EXIST-e1611912187951-300x300.jpg\" data-credit=\"Christian Franke\" alt=\"Christian Franke\" class=\"wp-image-986\" width=\"250\" height=\"250\" srcset=\"https:\/\/www.hsu-hh.de\/lts\/wp-content\/uploads\/sites\/814\/2021\/01\/Christian-Franke_EXIST-e1611912187951-300x300.jpg 300w, https:\/\/www.hsu-hh.de\/lts\/wp-content\/uploads\/sites\/814\/2021\/01\/Christian-Franke_EXIST-e1611912187951-1024x1024.jpg 1024w, https:\/\/www.hsu-hh.de\/lts\/wp-content\/uploads\/sites\/814\/2021\/01\/Christian-Franke_EXIST-e1611912187951-150x150.jpg 150w, https:\/\/www.hsu-hh.de\/lts\/wp-content\/uploads\/sites\/814\/2021\/01\/Christian-Franke_EXIST-e1611912187951-768x768.jpg 768w, https:\/\/www.hsu-hh.de\/lts\/wp-content\/uploads\/sites\/814\/2021\/01\/Christian-Franke_EXIST-e1611912187951-1100x1100.jpg 1100w, https:\/\/www.hsu-hh.de\/lts\/wp-content\/uploads\/sites\/814\/2021\/01\/Christian-Franke_EXIST-e1611912187951-100x100.jpg 100w, https:\/\/www.hsu-hh.de\/lts\/wp-content\/uploads\/sites\/814\/2021\/01\/Christian-Franke_EXIST-e1611912187951.jpg 1281w\" sizes=\"auto, (max-width: 250px) 100vw, 250px\" \/><\/figure><\/div>\n\n\n\n<p><\/p>\n<\/div>\n\n\n\n<div class=\"wp-block-column is-layout-flow wp-block-column-is-layout-flow\" style=\"flex-basis:66.66%\">\n<p><strong><a href=\"https:\/\/www.hsu-hh.de\/lts\/mitarbeiter\/christian-franke\/\" data-type=\"page\" data-id=\"882\">Christian Franke, M.Sc.<\/a><\/strong> hat Anfang 2018 sein interdisziplin\u00e4res Studium des Wirtschaftsingenieurwesens mit der Fachrichtung Maschinenbau abgeschlossen. Bis Ende 2020 arbeitete er als wissenschaftlicher Mitarbeiter am Fraunhofer IAPT. Dort leitete er den Bereich \u201cAdditive Academy &amp; Studies\u201d, welche Trainings- und Beratungsdienstleistungen zum industriellen Einsatz von additiver Fertigung anbietet.<\/p>\n\n\n\n<p>In diesem Projekt k\u00fcmmert sich Christian um die kaufm\u00e4nnischen Aufgaben, wie die strategische Gesch\u00e4ftsplanung sowie die anwendungsgetriebene Entwicklung optomechanischer Komponenten.<\/p>\n<\/div>\n<\/div>\n\n\n\n<div style=\"height:50px\" aria-hidden=\"true\" class=\"wp-block-spacer\"><\/div>\n\n\n\n<h2 class=\"wp-block-heading\">Die Innovation<\/h2>\n\n\n\n<div style=\"height:20px\" aria-hidden=\"true\" class=\"wp-block-spacer\"><\/div>\n\n\n\n<div class=\"wp-block-columns is-layout-flex wp-container-core-columns-is-layout-9d6595d7 wp-block-columns-is-layout-flex\">\n<div class=\"wp-block-column is-layout-flow wp-block-column-is-layout-flow\" style=\"flex-basis:66.66%\">\n<p><strong>Zielsetzung:<\/strong><br>Spektrale Verbreiterung und Erzeugung ultrakurzer Laserimpulse<\/p>\n\n\n\n<p><strong>Stand der Technik:<\/strong><br>Herk\u00f6mmliche Hochleistungslaser sind aufgrund der Eigenschaften ihrer Verst\u00e4rkerkristalle, zum Beispiel Yb:YAG oder Yb:YLF, auf etwa 200&nbsp;fs Impulsdauer begrenzt. Nachgeschaltete externe Impulskompressoren k\u00f6nnen diese auf unter 10 fs verk\u00fcrzen, indem sie in einem zweistufigen Verfahren zuerst das Frequenzspektrum des Lichts erweitern und anschlie\u00dfend durch Kompensation der entstandenen Phasenmodulation die Impulsdauer verk\u00fcrzen.<\/p>\n\n\n\n<p><strong>Problematik:<\/strong><br>Existierende Technologien stellen jedoch hohe Anspr\u00fcche an die Stabilit\u00e4t des Lasersystems sowie der Umgebung und erfordern viel Expertise f\u00fcr die anfallenden Wartungsarbeiten &#8211; sie sind also f\u00fcr eine gro\u00dftechnische, kommerzielle Anwendunge nur eingeschr\u00e4nkt verwendbar.<\/p>\n\n\n\n<p><strong>Die L\u00f6sung:<\/strong><br>Die Multipass-Impulskompressorstufe profitiert von den selbstabbildenden Eigenschaften der Multipass-Zelle, sodass sie \u00fcberaus tolerant gegen\u00fcber \u00e4u\u00dferen Einfl\u00fcssen ist. Die Frequenzverbreiterung (sogar Superkontinua) ist somit wesentlich stabiler, ben\u00f6tigt keinerlei Wartung und macht so ultrakurze Laserimpulse einem weiten Feld von Anwendungen in Industrie und Forschung zug\u00e4nglich. <\/p>\n<\/div>\n\n\n\n<div class=\"wp-block-column is-layout-flow wp-block-column-is-layout-flow\" style=\"flex-basis:33.33%\">\n<figure class=\"wp-block-image size-large\"><img decoding=\"async\" src=\"https:\/\/www.hsu-hh.de\/lts\/wp-content\/uploads\/sites\/814\/2021\/01\/Laser_EXIST-e1611928599855-1024x660.png\" alt=\"Laser\" class=\"wp-image-989\" \/><\/figure>\n<\/div>\n<\/div>\n\n\n\n<div style=\"height:51px\" aria-hidden=\"true\" class=\"wp-block-spacer\"><\/div>\n\n\n\n<h2 class=\"wp-block-heading\">Das Projekt<\/h2>\n\n\n\n<div style=\"height:25px\" aria-hidden=\"true\" class=\"wp-block-spacer\"><\/div>\n\n\n\n<div class=\"wp-block-columns is-layout-flex wp-container-core-columns-is-layout-9d6595d7 wp-block-columns-is-layout-flex\">\n<div class=\"wp-block-column is-layout-flow wp-block-column-is-layout-flow\" style=\"flex-basis:33.33%\">\n<div class=\"wp-block-columns is-layout-flex wp-container-core-columns-is-layout-9d6595d7 wp-block-columns-is-layout-flex\">\n<div class=\"wp-block-column is-layout-flow wp-block-column-is-layout-flow\">\n<figure class=\"wp-block-image size-large\"><img loading=\"lazy\" decoding=\"async\" width=\"994\" height=\"1024\" src=\"https:\/\/www.hsu-hh.de\/lts\/wp-content\/uploads\/sites\/814\/2021\/01\/BMWi_gef_bunt_jpg_300dpi_dt_L-994x1024.jpg\" data-credit=\"BMWi\" alt=\"BMWi_gef_bunt_jpg_300dpi_dt_L\" class=\"wp-image-1013\" srcset=\"https:\/\/www.hsu-hh.de\/lts\/wp-content\/uploads\/sites\/814\/2021\/01\/BMWi_gef_bunt_jpg_300dpi_dt_L-994x1024.jpg 994w, https:\/\/www.hsu-hh.de\/lts\/wp-content\/uploads\/sites\/814\/2021\/01\/BMWi_gef_bunt_jpg_300dpi_dt_L-291x300.jpg 291w, https:\/\/www.hsu-hh.de\/lts\/wp-content\/uploads\/sites\/814\/2021\/01\/BMWi_gef_bunt_jpg_300dpi_dt_L-768x791.jpg 768w, https:\/\/www.hsu-hh.de\/lts\/wp-content\/uploads\/sites\/814\/2021\/01\/BMWi_gef_bunt_jpg_300dpi_dt_L-1100x1133.jpg 1100w, https:\/\/www.hsu-hh.de\/lts\/wp-content\/uploads\/sites\/814\/2021\/01\/BMWi_gef_bunt_jpg_300dpi_dt_L.jpg 1165w\" sizes=\"auto, (max-width: 994px) 100vw, 994px\" \/><\/figure>\n<\/div>\n\n\n\n<div class=\"wp-block-column is-layout-flow wp-block-column-is-layout-flow\">\n<figure class=\"wp-block-image size-large\"><img loading=\"lazy\" decoding=\"async\" width=\"1024\" height=\"682\" src=\"https:\/\/www.hsu-hh.de\/lts\/wp-content\/uploads\/sites\/814\/2021\/01\/Logo-EXIST-jpg-1024x682.jpg\" data-credit=\"EXIST-Forschungstransfer\" alt=\"EXIST-Forschungstransfer\" class=\"wp-image-1014\" srcset=\"https:\/\/www.hsu-hh.de\/lts\/wp-content\/uploads\/sites\/814\/2021\/01\/Logo-EXIST-jpg-1024x682.jpg 1024w, https:\/\/www.hsu-hh.de\/lts\/wp-content\/uploads\/sites\/814\/2021\/01\/Logo-EXIST-jpg-300x200.jpg 300w, https:\/\/www.hsu-hh.de\/lts\/wp-content\/uploads\/sites\/814\/2021\/01\/Logo-EXIST-jpg-768x512.jpg 768w, https:\/\/www.hsu-hh.de\/lts\/wp-content\/uploads\/sites\/814\/2021\/01\/Logo-EXIST-jpg-1536x1024.jpg 1536w, https:\/\/www.hsu-hh.de\/lts\/wp-content\/uploads\/sites\/814\/2021\/01\/Logo-EXIST-jpg-1100x733.jpg 1100w, https:\/\/www.hsu-hh.de\/lts\/wp-content\/uploads\/sites\/814\/2021\/01\/Logo-EXIST-jpg.jpg 1772w\" sizes=\"auto, (max-width: 1024px) 100vw, 1024px\" \/><\/figure>\n<\/div>\n\n\n\n<div class=\"wp-block-column is-layout-flow wp-block-column-is-layout-flow\"><\/div>\n<\/div>\n\n\n\n<div class=\"wp-block-columns is-layout-flex wp-container-core-columns-is-layout-9d6595d7 wp-block-columns-is-layout-flex\">\n<div class=\"wp-block-column is-layout-flow wp-block-column-is-layout-flow\">\n<figure class=\"wp-block-image size-large\"><img loading=\"lazy\" decoding=\"async\" width=\"292\" height=\"150\" src=\"https:\/\/www.hsu-hh.de\/lts\/wp-content\/uploads\/sites\/814\/2021\/01\/Logo-ESF-rgb-jpg.jpg\" data-credit=\"\" alt=\"BMA_ESF_ES_RGB_SRweiss\" class=\"wp-image-1015\" \/><\/figure>\n<\/div>\n\n\n\n<div class=\"wp-block-column is-layout-flow wp-block-column-is-layout-flow\">\n<figure class=\"wp-block-image size-large\"><img loading=\"lazy\" decoding=\"async\" width=\"207\" height=\"231\" src=\"https:\/\/www.hsu-hh.de\/lts\/wp-content\/uploads\/sites\/814\/2021\/01\/Logo-EU-cmyk-jpg.jpg\" data-credit=\"EU\" alt=\"Logo-EU-cmyk-jpg\" class=\"wp-image-1016\" \/><\/figure>\n<\/div>\n\n\n\n<div class=\"wp-block-column is-layout-flow wp-block-column-is-layout-flow\">\n<figure class=\"wp-block-image size-large\"><img loading=\"lazy\" decoding=\"async\" width=\"467\" height=\"207\" src=\"https:\/\/www.hsu-hh.de\/lts\/wp-content\/uploads\/sites\/814\/2021\/01\/Claim-ESF-cmyk-jpg.jpg\" data-credit=\"ESF\" alt=\"Claim-ESF-cmyk-jpg\" class=\"wp-image-1017\" srcset=\"https:\/\/www.hsu-hh.de\/lts\/wp-content\/uploads\/sites\/814\/2021\/01\/Claim-ESF-cmyk-jpg.jpg 467w, https:\/\/www.hsu-hh.de\/lts\/wp-content\/uploads\/sites\/814\/2021\/01\/Claim-ESF-cmyk-jpg-300x133.jpg 300w\" sizes=\"auto, (max-width: 467px) 100vw, 467px\" \/><\/figure>\n<\/div>\n<\/div>\n<\/div>\n\n\n\n<div class=\"wp-block-column is-layout-flow wp-block-column-is-layout-flow\" style=\"flex-basis:66.66%\">\n<p><\/p>\n\n\n\n<p>Das Team \u00fcberzeugte die Expertenjury und erh\u00e4lt den <a href=\"https:\/\/www.exist.de\/DE\/Programm\/Exist-Forschungstransfer\/inhalt.html\" data-type=\"URL\" data-id=\"https:\/\/www.exist.de\/DE\/Programm\/Exist-Forschungstransfer\/inhalt.html\" rel='nofollow'>EXIST-Forschungstransfer<\/a> (BMWi) zur Entwicklung eines marktreifen Impulskompressors f\u00fcr Ultrakurzpulslaser. Dieses Programm richtet sich an herausragende forschungsbasierte Gr\u00fcndungsvorhaben, die mit aufw\u00e4ndigen und technologischen Entwicklungsarbeiten verbunden sind. Der F\u00f6rderumfang w\u00e4hrend der zweij\u00e4hrigen Projektphase bel\u00e4uft sich auf \u00fcber 800.000 Euro.<\/p>\n<\/div>\n<\/div>\n\n\n\n<p><\/p>\n<div class=\"shariff\"><ul class=\"shariff-buttons theme-default orientation-horizontal buttonsize-medium\"><li class=\"shariff-button facebook shariff-nocustomcolor\" style=\"background-color:#4273c8\"><a href=\"https:\/\/www.facebook.com\/sharer\/sharer.php?u=https%3A%2F%2Fwww.hsu-hh.de%2Flts%2Fde%2Fexist%2F\" title=\"Bei Facebook teilen\" aria-label=\"Bei Facebook teilen\" role=\"button\" rel=\"nofollow\" class=\"shariff-link\" style=\"; background-color:#3b5998; color:#fff\" target=\"_blank\"><span class=\"shariff-icon\" style=\"\"><svg width=\"32px\" height=\"20px\" xmlns=\"http:\/\/www.w3.org\/2000\/svg\" viewBox=\"0 0 18 32\"><path fill=\"#3b5998\" d=\"M17.1 0.2v4.7h-2.8q-1.5 0-2.1 0.6t-0.5 1.9v3.4h5.2l-0.7 5.3h-4.5v13.6h-5.5v-13.6h-4.5v-5.3h4.5v-3.9q0-3.3 1.9-5.2t5-1.8q2.6 0 4.1 0.2z\"\/><\/svg><\/span><span class=\"shariff-text\">teilen<\/span>&nbsp;<\/a><\/li><li class=\"shariff-button twitter shariff-nocustomcolor\" style=\"background-color:#595959\"><a href=\"https:\/\/twitter.com\/share?url=https%3A%2F%2Fwww.hsu-hh.de%2Flts%2Fde%2Fexist%2F&text=EXIST%20%E2%80%93%20Forschungstransfer%20Projekt%20n2-%20Photonics\" title=\"Bei X teilen\" aria-label=\"Bei X teilen\" role=\"button\" rel=\"noopener nofollow\" class=\"shariff-link\" style=\"; background-color:#000; color:#fff\" target=\"_blank\"><span class=\"shariff-icon\" style=\"\"><svg width=\"32px\" height=\"20px\" xmlns=\"http:\/\/www.w3.org\/2000\/svg\" viewBox=\"0 0 24 24\"><path fill=\"#000\" d=\"M14.258 10.152L23.176 0h-2.113l-7.747 8.813L7.133 0H0l9.352 13.328L0 23.973h2.113l8.176-9.309 6.531 9.309h7.133zm-2.895 3.293l-.949-1.328L2.875 1.56h3.246l6.086 8.523.945 1.328 7.91 11.078h-3.246zm0 0\"\/><\/svg><\/span><span class=\"shariff-text\">teilen<\/span>&nbsp;<\/a><\/li><\/ul><\/div>","protected":false},"excerpt":{"rendered":"<p>Im Rahmen der EXIST-Forschungstransferf\u00f6rderung wird am LTS eine innovative Technologie zur spektralen Verbreiterung von Ultrakurzpulslasern zur Marktreife gef\u00fchrt. F\u00fcr die Umsetzung dieses Vorhabens hat sich das interdisziplin\u00e4re Team aus Kilian [&hellip;]<\/p>\n","protected":false},"author":2518,"featured_media":0,"parent":0,"menu_order":0,"comment_status":"closed","ping_status":"closed","template":"","meta":{"footnotes":""},"categories":[108],"tags":[],"class_list":["post-878","page","type-page","status-publish","hentry","category-exist"],"_links":{"self":[{"href":"https:\/\/www.hsu-hh.de\/lts\/wp-json\/wp\/v2\/pages\/878","targetHints":{"allow":["GET"]}}],"collection":[{"href":"https:\/\/www.hsu-hh.de\/lts\/wp-json\/wp\/v2\/pages"}],"about":[{"href":"https:\/\/www.hsu-hh.de\/lts\/wp-json\/wp\/v2\/types\/page"}],"author":[{"embeddable":true,"href":"https:\/\/www.hsu-hh.de\/lts\/wp-json\/wp\/v2\/users\/2518"}],"replies":[{"embeddable":true,"href":"https:\/\/www.hsu-hh.de\/lts\/wp-json\/wp\/v2\/comments?post=878"}],"version-history":[{"count":42,"href":"https:\/\/www.hsu-hh.de\/lts\/wp-json\/wp\/v2\/pages\/878\/revisions"}],"predecessor-version":[{"id":1679,"href":"https:\/\/www.hsu-hh.de\/lts\/wp-json\/wp\/v2\/pages\/878\/revisions\/1679"}],"wp:attachment":[{"href":"https:\/\/www.hsu-hh.de\/lts\/wp-json\/wp\/v2\/media?parent=878"}],"wp:term":[{"taxonomy":"category","embeddable":true,"href":"https:\/\/www.hsu-hh.de\/lts\/wp-json\/wp\/v2\/categories?post=878"},{"taxonomy":"post_tag","embeddable":true,"href":"https:\/\/www.hsu-hh.de\/lts\/wp-json\/wp\/v2\/tags?post=878"}],"curies":[{"name":"wp","href":"https:\/\/api.w.org\/{rel}","templated":true}]}}