{"id":73,"date":"2017-07-03T15:52:08","date_gmt":"2017-07-03T13:52:08","guid":{"rendered":"https:\/\/www.hsu-hh.de\/vorlage\/?page_id=73"},"modified":"2024-07-08T13:47:54","modified_gmt":"2024-07-08T11:47:54","slug":"startseite","status":"publish","type":"page","link":"https:\/\/www.hsu-hh.de\/lts\/","title":{"rendered":""},"content":{"rendered":"\n<div class=\"wp-block-columns is-layout-flex wp-container-core-columns-is-layout-9d6595d7 wp-block-columns-is-layout-flex\">\n<div class=\"wp-block-column is-layout-flow wp-block-column-is-layout-flow\" style=\"flex-basis:66.66%\">\n<figure class=\"wp-block-image size-large is-resized background-grey is-style-default\"><a href=\"https:\/\/www.hsu-hh.de\/lts\/en\/team-en\/\" target=\"_blank\" rel=\"noopener\"><img loading=\"lazy\" decoding=\"async\" width=\"1024\" height=\"768\" src=\"https:\/\/www.hsu-hh.de\/lts\/wp-content\/uploads\/sites\/814\/2022\/01\/Team-26.02.2022-1-1024x768.jpg\" data-credit=\"LTS \/ HSU-HH\" alt=\"Team 26.02.2022\" class=\"wp-image-1329\" style=\"width:640px\" srcset=\"https:\/\/www.hsu-hh.de\/lts\/wp-content\/uploads\/sites\/814\/2022\/01\/Team-26.02.2022-1-1024x768.jpg 1024w, https:\/\/www.hsu-hh.de\/lts\/wp-content\/uploads\/sites\/814\/2022\/01\/Team-26.02.2022-1-300x225.jpg 300w, https:\/\/www.hsu-hh.de\/lts\/wp-content\/uploads\/sites\/814\/2022\/01\/Team-26.02.2022-1-768x576.jpg 768w, https:\/\/www.hsu-hh.de\/lts\/wp-content\/uploads\/sites\/814\/2022\/01\/Team-26.02.2022-1-1536x1152.jpg 1536w, https:\/\/www.hsu-hh.de\/lts\/wp-content\/uploads\/sites\/814\/2022\/01\/Team-26.02.2022-1-2048x1536.jpg 2048w, https:\/\/www.hsu-hh.de\/lts\/wp-content\/uploads\/sites\/814\/2022\/01\/Team-26.02.2022-1-1100x825.jpg 1100w\" sizes=\"auto, (max-width: 1024px) 100vw, 1024px\" \/><\/a><figcaption class=\"wp-element-caption\"><strong>Team of Laser Technology &amp; Spectroscopy<\/strong><\/figcaption><\/figure>\n\n\n\n<h3 class=\"wp-block-heading\">Do we shape the future? <\/h3>\n\n\n\n<p>Do you want to live in a changing world where the future is bright? You want to wake up in the morning and see that there are improvements and changes as compared to yesterday? If so, this is the time to contribute to the progress, make a difference, and change. Essentially this is what we are doing here in our team, researching, questioning things, developing new technologies, and inventing. We are mostly busy with the technologies related to ultrafast and nonlinear optics and hope that we can extend their impact to dark matter detection with EUV frequency combs, and advance the technologies further, help to improve nonlinear imaging with &lt;50 fs pulses, bring new infrared laser technology with Cr:ZnS oscillators, new methods for pulse shortening and compression and more (see our publications and research section).<\/p>\n\n\n\n<p>The future is bright, but only if we work on it hard and smart.&nbsp;&nbsp;<\/p>\n\n\n\n<figure class=\"wp-block-video\"><video height=\"1080\" style=\"aspect-ratio: 1920 \/ 1080;\" width=\"1920\" controls src=\"https:\/\/www.hsu-hh.de\/lts\/wp-content\/uploads\/sites\/814\/2024\/03\/HSU-LTS-lab-tour-February-2024_2_min.mp4\"><\/video><\/figure>\n\n\n\n<div class=\"wp-block-columns is-layout-flex wp-container-core-columns-is-layout-9d6595d7 wp-block-columns-is-layout-flex\">\n<div class=\"wp-block-column is-layout-flow wp-block-column-is-layout-flow\"><div class=\"wp-block-image is-resized\">\n<figure class=\"aligncenter size-medium\"><a href=\"https:\/\/www.hsu-hh.de\/lts\/research-2\/\"><img loading=\"lazy\" decoding=\"async\" width=\"240\" height=\"300\" src=\"https:\/\/www.hsu-hh.de\/lts\/wp-content\/uploads\/sites\/814\/2022\/08\/image_2022-08-22_152245487-240x300.png\" data-credit=\"HSU-HH\" alt=\"Forschung\" class=\"wp-image-2150\" srcset=\"https:\/\/www.hsu-hh.de\/lts\/wp-content\/uploads\/sites\/814\/2022\/08\/image_2022-08-22_152245487-240x300.png 240w, https:\/\/www.hsu-hh.de\/lts\/wp-content\/uploads\/sites\/814\/2022\/08\/image_2022-08-22_152245487.png 500w\" sizes=\"auto, (max-width: 240px) 100vw, 240px\" \/><\/a><\/figure>\n<\/div>\n\n\n<h2 class=\"wp-block-heading has-text-align-center\"><a href=\"https:\/\/www.hsu-hh.de\/lts\/research-2\/\">Research<\/a><\/h2>\n<\/div>\n\n\n\n<div class=\"wp-block-column is-layout-flow wp-block-column-is-layout-flow\"><div class=\"wp-block-image is-resized\">\n<figure class=\"aligncenter size-medium\"><a href=\"https:\/\/www.hsu-hh.de\/lts\/cooperations\/\"><img loading=\"lazy\" decoding=\"async\" width=\"240\" height=\"300\" src=\"https:\/\/www.hsu-hh.de\/lts\/wp-content\/uploads\/sites\/814\/2022\/08\/image_2022-08-22_152719710-240x300.png\" data-credit=\"HSU-HH\" alt=\"Kooperationen\" class=\"wp-image-2155\" srcset=\"https:\/\/www.hsu-hh.de\/lts\/wp-content\/uploads\/sites\/814\/2022\/08\/image_2022-08-22_152719710-240x300.png 240w, https:\/\/www.hsu-hh.de\/lts\/wp-content\/uploads\/sites\/814\/2022\/08\/image_2022-08-22_152719710.png 500w\" sizes=\"auto, (max-width: 240px) 100vw, 240px\" \/><\/a><\/figure>\n<\/div>\n\n\n<h2 class=\"wp-block-heading has-text-align-center\"><a href=\"https:\/\/www.hsu-hh.de\/lts\/cooperations\/\">Cooperations<\/a><\/h2>\n<\/div>\n\n\n\n<div class=\"wp-block-column is-layout-flow wp-block-column-is-layout-flow\"><div class=\"wp-block-image is-resized\">\n<figure class=\"aligncenter size-medium\"><a href=\"https:\/\/www.hsu-hh.de\/lts\/spin-offs\/\"><img loading=\"lazy\" decoding=\"async\" width=\"300\" height=\"300\" src=\"https:\/\/www.hsu-hh.de\/lts\/wp-content\/uploads\/sites\/814\/2022\/08\/comet-48516-300x300.png\" data-credit=\"SpinOff\" alt=\"SpinOff\" class=\"wp-image-2159\" srcset=\"https:\/\/www.hsu-hh.de\/lts\/wp-content\/uploads\/sites\/814\/2022\/08\/comet-48516-300x300.png 300w, https:\/\/www.hsu-hh.de\/lts\/wp-content\/uploads\/sites\/814\/2022\/08\/comet-48516-1024x1024.png 1024w, https:\/\/www.hsu-hh.de\/lts\/wp-content\/uploads\/sites\/814\/2022\/08\/comet-48516-150x150.png 150w, https:\/\/www.hsu-hh.de\/lts\/wp-content\/uploads\/sites\/814\/2022\/08\/comet-48516-768x768.png 768w, https:\/\/www.hsu-hh.de\/lts\/wp-content\/uploads\/sites\/814\/2022\/08\/comet-48516-1536x1536.png 1536w, https:\/\/www.hsu-hh.de\/lts\/wp-content\/uploads\/sites\/814\/2022\/08\/comet-48516-100x100.png 100w, https:\/\/www.hsu-hh.de\/lts\/wp-content\/uploads\/sites\/814\/2022\/08\/comet-48516-1100x1100.png 1100w, https:\/\/www.hsu-hh.de\/lts\/wp-content\/uploads\/sites\/814\/2022\/08\/comet-48516.png 1600w\" sizes=\"auto, (max-width: 300px) 100vw, 300px\" \/><\/a><\/figure>\n<\/div>\n\n\n<h2 class=\"wp-block-heading has-text-align-center\"><a href=\"https:\/\/www.hsu-hh.de\/lts\/spin-offs\/\">Spin-Offs<\/a><\/h2>\n<\/div>\n<\/div>\n<\/div>\n\n\n\n<div class=\"wp-block-column is-layout-flow wp-block-column-is-layout-flow\" style=\"flex-basis:33.33%\">\n<h2 class=\"wp-block-heading has-text-align-left\">Currently<\/h2>\n\n\n<div id=\"category_content_f8GqIZin\" class=\"hsu_category archive-page\"><article  id=\"post-2130\" class=\"category-list-item post-2130 post type-post status-publish format-standard hentry \"><a href=\"https:\/\/www.hsu-hh.de\/lts\/de\/solidaritaetslauf-hsu-2022-2\/\" title=\"Solidarit\u00e4tslauf HSU 2022\" ><div class=\"hsu_category_article-content-wrap\"><div class=\"hsu_category_article-content-wrap-inner\"><div>\t<header class=\"entry-header\">\t\t<h3 class=\"entry-title\">Solidarit\u00e4tslauf HSU 2022\t\t<\/h3>\t<\/header><div class=\"entry-content-excerpt\">Danke\u00a0Helmut-Schmidt-Universit\u00e4t\/Universit\u00e4t der Bundeswehr Hamburg\u00a0f\u00fcr die Organisation des Laufs. Es war eine gro\u00dfartige Gelegenheit zur Teambildung und wir haben es wirklich genossen.\u00a0Christian Franke hat den 2. Platz im Halbmarathon belegt. Herzlichen Gl\u00fcckwunsch!\u00a0<\/div> <\/div><\/div><\/div><\/a><\/article><article  id=\"post-1549\" class=\"category-list-item post-1549 post type-post status-publish format-standard hentry \"><a href=\"https:\/\/www.hsu-hh.de\/lts\/de\/girlsday-am-28-04-2022\/\" title=\"Girls\u2019Day am 28.04.2022\" ><div class=\"hsu_category_article-content-wrap\"><div class=\"hsu_category_article-content-wrap-inner\"><div>\t<header class=\"entry-header\">\t\t<h3 class=\"entry-title\">Girls\u2019Day am 28.04.2022\t\t<\/h3>\t<\/header><div class=\"entry-content-excerpt\">AB 15 JAHRE \u2013 SEI DABEI! Ihr erhaltet bei uns einen Einblick in den spannenden Alltag von Studierenden an der Universit\u00e4t der Bundeswehr Hamburg. K\u00f6nnt an Experimenten mit fl\u00fcssigem Stickstoff, Workshops, 3D\u2010Druck u.a. teilnehmen und habt einen exklusiven Eindruck in verschiedene Labore an der HSU-HH. Erfahrt was eine optische Pinzette ist oder schaut bei Versuchen&#8230;<\/div> <\/div><\/div><\/div><\/a><\/article><article  id=\"post-1222\" class=\"category-list-item post-1222 post type-post status-publish format-standard hentry \"><a href=\"https:\/\/www.hsu-hh.de\/lts\/de\/cleo-europe-2021-2\/\" title=\"CLEO Europe 2021\" ><div class=\"hsu_category_article-content-wrap\"><div class=\"hsu_category_article-content-wrap-inner\"><div>\t<header class=\"entry-header\">\t\t<h3 class=\"entry-title\">CLEO Europe 2021\t\t<\/h3>\t<\/header><div class=\"entry-content-excerpt\">Our team from LTS is proud to announce 6 contributions to the Conference on Lasers and Electro-Optics (CLEO) 2021. The CLEO\u00ae\/Europe-EQEC conference series has a strong tradition as a comprehensive and prestigious gathering of optics and photonics researchers and engineers in Europe. Three of the contributions will be oral presentations: Johann Gabriel Meyer: &#8222;Kerr-lens modelocked&#8230;<\/div> <\/div><\/div><\/div><\/a><\/article><\/div><div class=\"clearfix\"><\/div><\/div>\n<\/div>\n<div class=\"shariff\"><ul class=\"shariff-buttons theme-default orientation-horizontal buttonsize-medium\"><li class=\"shariff-button facebook shariff-nocustomcolor\" style=\"background-color:#4273c8\"><a href=\"https:\/\/www.facebook.com\/sharer\/sharer.php?u=https%3A%2F%2Fwww.hsu-hh.de%2Flts%2F\" title=\"Bei Facebook teilen\" aria-label=\"Bei Facebook teilen\" role=\"button\" rel=\"nofollow\" class=\"shariff-link\" style=\"; background-color:#3b5998; color:#fff\" target=\"_blank\"><span class=\"shariff-icon\" style=\"\"><svg width=\"32px\" height=\"20px\" xmlns=\"http:\/\/www.w3.org\/2000\/svg\" viewBox=\"0 0 18 32\"><path fill=\"#3b5998\" d=\"M17.1 0.2v4.7h-2.8q-1.5 0-2.1 0.6t-0.5 1.9v3.4h5.2l-0.7 5.3h-4.5v13.6h-5.5v-13.6h-4.5v-5.3h4.5v-3.9q0-3.3 1.9-5.2t5-1.8q2.6 0 4.1 0.2z\"\/><\/svg><\/span><span class=\"shariff-text\">teilen<\/span>&nbsp;<\/a><\/li><li class=\"shariff-button twitter shariff-nocustomcolor\" style=\"background-color:#595959\"><a href=\"https:\/\/twitter.com\/share?url=https%3A%2F%2Fwww.hsu-hh.de%2Flts%2F&text=\" title=\"Bei X teilen\" aria-label=\"Bei X teilen\" role=\"button\" rel=\"noopener nofollow\" class=\"shariff-link\" style=\"; background-color:#000; color:#fff\" target=\"_blank\"><span class=\"shariff-icon\" style=\"\"><svg width=\"32px\" height=\"20px\" xmlns=\"http:\/\/www.w3.org\/2000\/svg\" viewBox=\"0 0 24 24\"><path fill=\"#000\" d=\"M14.258 10.152L23.176 0h-2.113l-7.747 8.813L7.133 0H0l9.352 13.328L0 23.973h2.113l8.176-9.309 6.531 9.309h7.133zm-2.895 3.293l-.949-1.328L2.875 1.56h3.246l6.086 8.523.945 1.328 7.91 11.078h-3.246zm0 0\"\/><\/svg><\/span><span class=\"shariff-text\">teilen<\/span>&nbsp;<\/a><\/li><\/ul><\/div>","protected":false},"excerpt":{"rendered":"<p>Do we shape the future? Do you want to live in a changing world where the future is bright? You want to wake up in the morning and see that [&hellip;]<\/p>\n","protected":false},"author":3282,"featured_media":2687,"parent":0,"menu_order":0,"comment_status":"closed","ping_status":"closed","template":"","meta":{"footnotes":""},"categories":[7],"tags":[],"class_list":["post-73","page","type-page","status-publish","has-post-thumbnail","hentry","category-research"],"_links":{"self":[{"href":"https:\/\/www.hsu-hh.de\/lts\/wp-json\/wp\/v2\/pages\/73","targetHints":{"allow":["GET"]}}],"collection":[{"href":"https:\/\/www.hsu-hh.de\/lts\/wp-json\/wp\/v2\/pages"}],"about":[{"href":"https:\/\/www.hsu-hh.de\/lts\/wp-json\/wp\/v2\/types\/page"}],"author":[{"embeddable":true,"href":"https:\/\/www.hsu-hh.de\/lts\/wp-json\/wp\/v2\/users\/3282"}],"replies":[{"embeddable":true,"href":"https:\/\/www.hsu-hh.de\/lts\/wp-json\/wp\/v2\/comments?post=73"}],"version-history":[{"count":108,"href":"https:\/\/www.hsu-hh.de\/lts\/wp-json\/wp\/v2\/pages\/73\/revisions"}],"predecessor-version":[{"id":2937,"href":"https:\/\/www.hsu-hh.de\/lts\/wp-json\/wp\/v2\/pages\/73\/revisions\/2937"}],"wp:featuredmedia":[{"embeddable":true,"href":"https:\/\/www.hsu-hh.de\/lts\/wp-json\/wp\/v2\/media\/2687"}],"wp:attachment":[{"href":"https:\/\/www.hsu-hh.de\/lts\/wp-json\/wp\/v2\/media?parent=73"}],"wp:term":[{"taxonomy":"category","embeddable":true,"href":"https:\/\/www.hsu-hh.de\/lts\/wp-json\/wp\/v2\/categories?post=73"},{"taxonomy":"post_tag","embeddable":true,"href":"https:\/\/www.hsu-hh.de\/lts\/wp-json\/wp\/v2\/tags?post=73"}],"curies":[{"name":"wp","href":"https:\/\/api.w.org\/{rel}","templated":true}]}}