{"id":3161,"date":"2024-10-28T12:45:49","date_gmt":"2024-10-28T11:45:49","guid":{"rendered":"https:\/\/www.hsu-hh.de\/lts\/?page_id=3161"},"modified":"2024-10-28T12:47:18","modified_gmt":"2024-10-28T11:47:18","slug":"layout-002","status":"publish","type":"page","link":"https:\/\/www.hsu-hh.de\/lts\/layout-002\/","title":{"rendered":"ET \u2013 Beispielseite f\u00fcr Navigation und Gliederung"},"content":{"rendered":"\n<hr class=\"wp-block-separator has-alpha-channel-opacity is-style-wide\" \/>\n\n\n\n<h2 class=\"wp-block-heading\">Beispiel (etwas sehr \u00dcberladen) der Uni Ilmenau<\/h2>\n\n\n\n<p>Sch\u00f6n w\u00e4re die M\u00f6glichkeit Bl\u00f6cke An- und Auszuschalten [X]<\/p>\n\n\n\n<hr class=\"wp-block-separator has-alpha-channel-opacity\" \/>\n\n\n\n<figure class=\"wp-block-image size-full\"><img loading=\"lazy\" decoding=\"async\" width=\"945\" height=\"401\" src=\"https:\/\/www.hsu-hh.de\/lts\/wp-content\/uploads\/sites\/814\/2024\/10\/image.png\" data-credit=\"\" alt=\"\" class=\"wp-image-3107\" srcset=\"https:\/\/www.hsu-hh.de\/lts\/wp-content\/uploads\/sites\/814\/2024\/10\/image.png 945w, https:\/\/www.hsu-hh.de\/lts\/wp-content\/uploads\/sites\/814\/2024\/10\/image-300x127.png 300w, https:\/\/www.hsu-hh.de\/lts\/wp-content\/uploads\/sites\/814\/2024\/10\/image-768x326.png 768w\" sizes=\"auto, (max-width: 945px) 100vw, 945px\" \/><\/figure>\n\n\n\n<h2 class=\"wp-block-heading has-text-align-center\">New approach with &#8222;Details&#8220; Tags<\/h2>\n\n\n\n<details class=\"wp-block-details is-layout-flow wp-block-details-is-layout-flow\"><summary>click here for details<br>&#8212;&#8212;&#8212;&#8212;&#8212;&#8212;&#8212;&#8212;&#8211;<\/summary>\n<div class=\"wp-block-columns is-layout-flex wp-container-core-columns-is-layout-9d6595d7 wp-block-columns-is-layout-flex\">\n<div class=\"wp-block-column is-layout-flow wp-block-column-is-layout-flow\" style=\"flex-basis:75.66%\">\n<div class=\"wp-block-columns has-white-background-color has-background is-layout-flex wp-container-core-columns-is-layout-9d6595d7 wp-block-columns-is-layout-flex\">\n<div class=\"wp-block-column has-grey-background-color has-background is-layout-flow wp-block-column-is-layout-flow\">\n<figure class=\"wp-block-image size-medium\"><img loading=\"lazy\" decoding=\"async\" width=\"300\" height=\"200\" src=\"https:\/\/www.hsu-hh.de\/lts\/wp-content\/uploads\/sites\/814\/2024\/06\/DSCF2900-1-300x200.jpg\" data-credit=\"HSU\/LTS\" alt=\"\" class=\"wp-image-2875\" srcset=\"https:\/\/www.hsu-hh.de\/lts\/wp-content\/uploads\/sites\/814\/2024\/06\/DSCF2900-1-300x200.jpg 300w, https:\/\/www.hsu-hh.de\/lts\/wp-content\/uploads\/sites\/814\/2024\/06\/DSCF2900-1-1024x683.jpg 1024w, https:\/\/www.hsu-hh.de\/lts\/wp-content\/uploads\/sites\/814\/2024\/06\/DSCF2900-1-768x512.jpg 768w, https:\/\/www.hsu-hh.de\/lts\/wp-content\/uploads\/sites\/814\/2024\/06\/DSCF2900-1-1536x1024.jpg 1536w, https:\/\/www.hsu-hh.de\/lts\/wp-content\/uploads\/sites\/814\/2024\/06\/DSCF2900-1-2048x1365.jpg 2048w, https:\/\/www.hsu-hh.de\/lts\/wp-content\/uploads\/sites\/814\/2024\/06\/DSCF2900-1-1100x733.jpg 1100w\" sizes=\"auto, (max-width: 300px) 100vw, 300px\" \/><\/figure>\n\n\n\n<p class=\"has-text-align-center\">Studienangebot<\/p>\n\n\n\n<p class=\"has-text-align-center\" style=\"font-size:15px\">Bachelorstudieng\u00e4nge<br>Masterstudieng\u00e4nge<br>Bewerbung<br>Studienvorbereitung<br><abbr title=\"Freqently Asked Questions\">FAQ<\/abbr><\/p>\n<\/div>\n\n\n\n<div class=\"wp-block-column has-grey-background-color has-background is-layout-flow wp-block-column-is-layout-flow\">\n<figure class=\"wp-block-image size-medium\"><img loading=\"lazy\" decoding=\"async\" width=\"300\" height=\"200\" src=\"https:\/\/www.hsu-hh.de\/lts\/wp-content\/uploads\/sites\/814\/2024\/03\/AdobeStock_730300028_\u00a9_swillklitch-300x200.jpeg\" data-credit=\"swillklitch - stock.adobe.com\" alt=\"Artificial intelligence and technology\" class=\"wp-image-2742\" srcset=\"https:\/\/www.hsu-hh.de\/lts\/wp-content\/uploads\/sites\/814\/2024\/03\/AdobeStock_730300028_\u00a9_swillklitch-300x200.jpeg 300w, https:\/\/www.hsu-hh.de\/lts\/wp-content\/uploads\/sites\/814\/2024\/03\/AdobeStock_730300028_\u00a9_swillklitch-1024x683.jpeg 1024w, https:\/\/www.hsu-hh.de\/lts\/wp-content\/uploads\/sites\/814\/2024\/03\/AdobeStock_730300028_\u00a9_swillklitch-768x512.jpeg 768w, https:\/\/www.hsu-hh.de\/lts\/wp-content\/uploads\/sites\/814\/2024\/03\/AdobeStock_730300028_\u00a9_swillklitch-1536x1024.jpeg 1536w, https:\/\/www.hsu-hh.de\/lts\/wp-content\/uploads\/sites\/814\/2024\/03\/AdobeStock_730300028_\u00a9_swillklitch-2048x1365.jpeg 2048w, https:\/\/www.hsu-hh.de\/lts\/wp-content\/uploads\/sites\/814\/2024\/03\/AdobeStock_730300028_\u00a9_swillklitch-1100x733.jpeg 1100w\" sizes=\"auto, (max-width: 300px) 100vw, 300px\" \/><\/figure>\n\n\n\n<p class=\"has-text-align-center\">Uni Erleben<\/p>\n\n\n\n<p class=\"has-text-align-center\" style=\"font-size:16px\">Veranstaltungen<br>Campusbesuch<br>Sch\u00fcler\/innen forschen<br>Kinder- und Jugenduni<\/p>\n<\/div>\n\n\n\n<div class=\"wp-block-column has-grey-background-color has-background is-layout-flow wp-block-column-is-layout-flow\">\n<figure class=\"wp-block-image size-medium\"><a href=\"#AM1-1\" rel='nofollow'><img loading=\"lazy\" decoding=\"async\" width=\"300\" height=\"200\" src=\"https:\/\/www.hsu-hh.de\/lts\/wp-content\/uploads\/sites\/814\/2024\/06\/DSCF2903-300x200.jpg\" data-credit=\"HSU\/LTS\" alt=\"\" class=\"wp-image-2856\" style=\"object-fit:cover\" srcset=\"https:\/\/www.hsu-hh.de\/lts\/wp-content\/uploads\/sites\/814\/2024\/06\/DSCF2903-300x200.jpg 300w, https:\/\/www.hsu-hh.de\/lts\/wp-content\/uploads\/sites\/814\/2024\/06\/DSCF2903-1024x683.jpg 1024w, https:\/\/www.hsu-hh.de\/lts\/wp-content\/uploads\/sites\/814\/2024\/06\/DSCF2903-768x512.jpg 768w, https:\/\/www.hsu-hh.de\/lts\/wp-content\/uploads\/sites\/814\/2024\/06\/DSCF2903-1536x1024.jpg 1536w, https:\/\/www.hsu-hh.de\/lts\/wp-content\/uploads\/sites\/814\/2024\/06\/DSCF2903-2048x1365.jpg 2048w, https:\/\/www.hsu-hh.de\/lts\/wp-content\/uploads\/sites\/814\/2024\/06\/DSCF2903-1100x733.jpg 1100w\" sizes=\"auto, (max-width: 300px) 100vw, 300px\" \/><\/a><\/figure>\n\n\n\n<p class=\"has-text-align-center\">Studienstart<\/p>\n\n\n\n<p class=\"has-text-align-center\" style=\"font-size:16px\">Erste Schritte<br>Orientierungsangebote<br>Studienberatung und -orientierung<br>Wohne und Studienfinanzierung<br>Sudieren mit Beeintr\u00e4chtigung<br>Gesundheit und Familie<\/p>\n<\/div>\n\n\n\n<div class=\"wp-block-column has-grey-background-color has-background is-layout-flow wp-block-column-is-layout-flow\">\n<figure class=\"wp-block-image size-large\"><img loading=\"lazy\" decoding=\"async\" width=\"1024\" height=\"683\" src=\"https:\/\/www.hsu-hh.de\/lts\/wp-content\/uploads\/sites\/814\/2024\/06\/DSCF2900-1-1024x683.jpg\" data-credit=\"HSU\/LTS\" alt=\"\" class=\"wp-image-2875\" srcset=\"https:\/\/www.hsu-hh.de\/lts\/wp-content\/uploads\/sites\/814\/2024\/06\/DSCF2900-1-1024x683.jpg 1024w, https:\/\/www.hsu-hh.de\/lts\/wp-content\/uploads\/sites\/814\/2024\/06\/DSCF2900-1-300x200.jpg 300w, https:\/\/www.hsu-hh.de\/lts\/wp-content\/uploads\/sites\/814\/2024\/06\/DSCF2900-1-768x512.jpg 768w, https:\/\/www.hsu-hh.de\/lts\/wp-content\/uploads\/sites\/814\/2024\/06\/DSCF2900-1-1536x1024.jpg 1536w, https:\/\/www.hsu-hh.de\/lts\/wp-content\/uploads\/sites\/814\/2024\/06\/DSCF2900-1-2048x1365.jpg 2048w, https:\/\/www.hsu-hh.de\/lts\/wp-content\/uploads\/sites\/814\/2024\/06\/DSCF2900-1-1100x733.jpg 1100w\" sizes=\"auto, (max-width: 1024px) 100vw, 1024px\" \/><\/figure>\n\n\n\n<p class=\"has-text-align-center\">Studierendenleben<\/p>\n\n\n\n<p class=\"has-text-align-center\" style=\"font-size:16px\">Kultur<br>Sport<br>Vereine und Initiativen<br>Studentische Vertretungen<br>Hamburg<br><\/p>\n<\/div>\n<\/div>\n<\/div>\n\n\n\n<div class=\"wp-block-column is-layout-flow wp-block-column-is-layout-flow\">\n<h2 class=\"wp-block-heading has-text-align-center has-grey-background-color has-background\">Quick Links<\/h2>\n\n\n\n<p class=\"has-text-align-center has-grey-background-color has-background\"><br>Bewerbungsportal<br>Zugansgsvorraussetzungen<br>Sutdienberatung und -orientierung<br>Modul\u00fcbersichten<br>Studieren im Ausland<br><abbr title=\"Freqently Asked Questions\">FAQ<\/abbr><\/p>\n<\/div>\n<\/div>\n<\/details>\n\n\n\n<hr class=\"wp-block-separator has-alpha-channel-opacity\" \/>\n\n\n\n<p>Misc: <\/p>\n\n\n\n<ul class=\"wp-block-list\">\n<li>Zugeklappte\/Unsichtbare Texte werden von Google nicht indiziert<\/li>\n<\/ul>\n<div class=\"shariff\"><ul class=\"shariff-buttons theme-default orientation-horizontal buttonsize-medium\"><li class=\"shariff-button facebook shariff-nocustomcolor\" style=\"background-color:#4273c8\"><a href=\"https:\/\/www.facebook.com\/sharer\/sharer.php?u=https%3A%2F%2Fwww.hsu-hh.de%2Flts%2Flayout-002%2F\" title=\"Bei Facebook teilen\" aria-label=\"Bei Facebook teilen\" role=\"button\" rel=\"nofollow\" class=\"shariff-link\" style=\"; background-color:#3b5998; color:#fff\" target=\"_blank\"><span class=\"shariff-icon\" style=\"\"><svg width=\"32px\" height=\"20px\" xmlns=\"http:\/\/www.w3.org\/2000\/svg\" viewBox=\"0 0 18 32\"><path fill=\"#3b5998\" d=\"M17.1 0.2v4.7h-2.8q-1.5 0-2.1 0.6t-0.5 1.9v3.4h5.2l-0.7 5.3h-4.5v13.6h-5.5v-13.6h-4.5v-5.3h4.5v-3.9q0-3.3 1.9-5.2t5-1.8q2.6 0 4.1 0.2z\"\/><\/svg><\/span><span class=\"shariff-text\">teilen<\/span>&nbsp;<\/a><\/li><li class=\"shariff-button twitter shariff-nocustomcolor\" style=\"background-color:#595959\"><a href=\"https:\/\/twitter.com\/share?url=https%3A%2F%2Fwww.hsu-hh.de%2Flts%2Flayout-002%2F&text=ET%20%E2%80%93%20Beispielseite%20f%C3%BCr%20Navigation%20und%20Gliederung\" title=\"Bei X teilen\" aria-label=\"Bei X teilen\" role=\"button\" rel=\"noopener nofollow\" class=\"shariff-link\" style=\"; background-color:#000; color:#fff\" target=\"_blank\"><span class=\"shariff-icon\" style=\"\"><svg width=\"32px\" height=\"20px\" xmlns=\"http:\/\/www.w3.org\/2000\/svg\" viewBox=\"0 0 24 24\"><path fill=\"#000\" d=\"M14.258 10.152L23.176 0h-2.113l-7.747 8.813L7.133 0H0l9.352 13.328L0 23.973h2.113l8.176-9.309 6.531 9.309h7.133zm-2.895 3.293l-.949-1.328L2.875 1.56h3.246l6.086 8.523.945 1.328 7.91 11.078h-3.246zm0 0\"\/><\/svg><\/span><span class=\"shariff-text\">teilen<\/span>&nbsp;<\/a><\/li><\/ul><\/div>","protected":false},"excerpt":{"rendered":"<p>Beispiel (etwas sehr \u00dcberladen) der Uni Ilmenau Sch\u00f6n w\u00e4re die M\u00f6glichkeit Bl\u00f6cke An- und Auszuschalten [X] New approach with &#8222;Details&#8220; Tags Misc:<\/p>\n","protected":false},"author":3282,"featured_media":0,"parent":0,"menu_order":0,"comment_status":"closed","ping_status":"closed","template":"","meta":{"footnotes":""},"categories":[7],"tags":[],"class_list":["post-3161","page","type-page","status-publish","hentry","category-research"],"_links":{"self":[{"href":"https:\/\/www.hsu-hh.de\/lts\/wp-json\/wp\/v2\/pages\/3161","targetHints":{"allow":["GET"]}}],"collection":[{"href":"https:\/\/www.hsu-hh.de\/lts\/wp-json\/wp\/v2\/pages"}],"about":[{"href":"https:\/\/www.hsu-hh.de\/lts\/wp-json\/wp\/v2\/types\/page"}],"author":[{"embeddable":true,"href":"https:\/\/www.hsu-hh.de\/lts\/wp-json\/wp\/v2\/users\/3282"}],"replies":[{"embeddable":true,"href":"https:\/\/www.hsu-hh.de\/lts\/wp-json\/wp\/v2\/comments?post=3161"}],"version-history":[{"count":3,"href":"https:\/\/www.hsu-hh.de\/lts\/wp-json\/wp\/v2\/pages\/3161\/revisions"}],"predecessor-version":[{"id":3164,"href":"https:\/\/www.hsu-hh.de\/lts\/wp-json\/wp\/v2\/pages\/3161\/revisions\/3164"}],"wp:attachment":[{"href":"https:\/\/www.hsu-hh.de\/lts\/wp-json\/wp\/v2\/media?parent=3161"}],"wp:term":[{"taxonomy":"category","embeddable":true,"href":"https:\/\/www.hsu-hh.de\/lts\/wp-json\/wp\/v2\/categories?post=3161"},{"taxonomy":"post_tag","embeddable":true,"href":"https:\/\/www.hsu-hh.de\/lts\/wp-json\/wp\/v2\/tags?post=3161"}],"curies":[{"name":"wp","href":"https:\/\/api.w.org\/{rel}","templated":true}]}}