{"id":2845,"date":"2024-06-24T13:53:31","date_gmt":"2024-06-24T11:53:31","guid":{"rendered":"https:\/\/www.hsu-hh.de\/lts\/?page_id=2845"},"modified":"2024-06-26T16:19:54","modified_gmt":"2024-06-26T14:19:54","slug":"2845-2","status":"publish","type":"page","link":"https:\/\/www.hsu-hh.de\/lts\/de\/","title":{"rendered":""},"content":{"rendered":"\n<div class=\"wp-block-columns is-layout-flex wp-container-core-columns-is-layout-9d6595d7 wp-block-columns-is-layout-flex\">\n<div class=\"wp-block-column is-layout-flow wp-block-column-is-layout-flow\" style=\"flex-basis:66.66%\">\n<figure class=\"wp-block-image size-large is-resized background-grey is-style-default\"><a href=\"https:\/\/www.hsu-hh.de\/lts\/en\/team-en\/\" target=\"_blank\" rel=\"noopener\"><img loading=\"lazy\" decoding=\"async\" width=\"1024\" height=\"768\" src=\"https:\/\/www.hsu-hh.de\/lts\/wp-content\/uploads\/sites\/814\/2022\/01\/Team-26.02.2022-1-1024x768.jpg\" data-credit=\"LTS \/ HSU-HH\" alt=\"Team 26.02.2022\" class=\"wp-image-1329\" style=\"width:640px\" srcset=\"https:\/\/www.hsu-hh.de\/lts\/wp-content\/uploads\/sites\/814\/2022\/01\/Team-26.02.2022-1-1024x768.jpg 1024w, https:\/\/www.hsu-hh.de\/lts\/wp-content\/uploads\/sites\/814\/2022\/01\/Team-26.02.2022-1-300x225.jpg 300w, https:\/\/www.hsu-hh.de\/lts\/wp-content\/uploads\/sites\/814\/2022\/01\/Team-26.02.2022-1-768x576.jpg 768w, https:\/\/www.hsu-hh.de\/lts\/wp-content\/uploads\/sites\/814\/2022\/01\/Team-26.02.2022-1-1536x1152.jpg 1536w, https:\/\/www.hsu-hh.de\/lts\/wp-content\/uploads\/sites\/814\/2022\/01\/Team-26.02.2022-1-2048x1536.jpg 2048w, https:\/\/www.hsu-hh.de\/lts\/wp-content\/uploads\/sites\/814\/2022\/01\/Team-26.02.2022-1-1100x825.jpg 1100w\" sizes=\"auto, (max-width: 1024px) 100vw, 1024px\" \/><\/a><figcaption class=\"wp-element-caption\"><strong>Team of Laser Technology &amp; Spectroscopy<\/strong><\/figcaption><\/figure>\n\n\n\n<h3 class=\"wp-block-heading\">Do we shape the future? <\/h3>\n\n\n\n<p>Do you want to live in a changing world where the future is bright? You want to wake up in the morning and see that there are improvements and changes as compared to yesterday? If so, this is the time to contribute to the progress, make a difference, and change. Essentially this is what we are doing here in our team, researching, questioning things, developing new technologies, and inventing. We are mostly busy with the technologies related to ultrafast and nonlinear optics and hope that we can extend their impact to dark matter detection with EUV frequency combs, and advance the technologies further, help to improve nonlinear imaging with &lt;50 fs pulses, bring new infrared laser technology with Cr:ZnS oscillators, new methods for pulse shortening and compression and more (see our publications and research section).<\/p>\n\n\n\n<p>The future is bright, but only if we work on it hard and smart.&nbsp;&nbsp;<\/p>\n\n\n\n<figure class=\"wp-block-video\"><video height=\"1080\" style=\"aspect-ratio: 1920 \/ 1080;\" width=\"1920\" controls src=\"https:\/\/www.hsu-hh.de\/lts\/wp-content\/uploads\/sites\/814\/2024\/03\/HSU-LTS-lab-tour-February-2024_2_min.mp4\"><\/video><\/figure>\n\n\n\n<div class=\"wp-block-columns is-layout-flex wp-container-core-columns-is-layout-9d6595d7 wp-block-columns-is-layout-flex\">\n<div class=\"wp-block-column is-layout-flow wp-block-column-is-layout-flow\"><div class=\"wp-block-image is-resized\">\n<figure class=\"aligncenter size-medium\"><a href=\"https:\/\/www.hsu-hh.de\/lts\/forschung-0\/\"><img loading=\"lazy\" decoding=\"async\" width=\"240\" height=\"300\" src=\"https:\/\/www.hsu-hh.de\/lts\/wp-content\/uploads\/sites\/814\/2022\/08\/image_2022-08-22_152245487-240x300.png\" data-credit=\"HSU-HH\" alt=\"Forschung\" class=\"wp-image-2150\" srcset=\"https:\/\/www.hsu-hh.de\/lts\/wp-content\/uploads\/sites\/814\/2022\/08\/image_2022-08-22_152245487-240x300.png 240w, https:\/\/www.hsu-hh.de\/lts\/wp-content\/uploads\/sites\/814\/2022\/08\/image_2022-08-22_152245487.png 500w\" sizes=\"auto, (max-width: 240px) 100vw, 240px\" \/><\/a><\/figure>\n<\/div>\n\n\n<h2 class=\"wp-block-heading has-text-align-center\"><a href=\"https:\/\/www.hsu-hh.de\/lts\/forschung-0\/\">Research<\/a><\/h2>\n<\/div>\n\n\n\n<div class=\"wp-block-column is-layout-flow wp-block-column-is-layout-flow\"><div class=\"wp-block-image is-resized\">\n<figure class=\"aligncenter size-medium\"><a href=\"https:\/\/www.hsu-hh.de\/lts\/cooperations\/\"><img loading=\"lazy\" decoding=\"async\" width=\"240\" height=\"300\" src=\"https:\/\/www.hsu-hh.de\/lts\/wp-content\/uploads\/sites\/814\/2022\/08\/image_2022-08-22_152719710-240x300.png\" data-credit=\"HSU-HH\" alt=\"Kooperationen\" class=\"wp-image-2155\" srcset=\"https:\/\/www.hsu-hh.de\/lts\/wp-content\/uploads\/sites\/814\/2022\/08\/image_2022-08-22_152719710-240x300.png 240w, https:\/\/www.hsu-hh.de\/lts\/wp-content\/uploads\/sites\/814\/2022\/08\/image_2022-08-22_152719710.png 500w\" sizes=\"auto, (max-width: 240px) 100vw, 240px\" \/><\/a><\/figure>\n<\/div>\n\n\n<h2 class=\"wp-block-heading has-text-align-center\"><a href=\"https:\/\/www.hsu-hh.de\/lts\/cooperations\/\">Cooperations<\/a><\/h2>\n<\/div>\n\n\n\n<div class=\"wp-block-column is-layout-flow wp-block-column-is-layout-flow\"><div class=\"wp-block-image is-resized\">\n<figure class=\"aligncenter size-medium\"><a href=\"https:\/\/www.hsu-hh.de\/lts\/spin-offs\/\"><img loading=\"lazy\" decoding=\"async\" width=\"300\" height=\"300\" src=\"https:\/\/www.hsu-hh.de\/lts\/wp-content\/uploads\/sites\/814\/2022\/08\/comet-48516-300x300.png\" data-credit=\"SpinOff\" alt=\"SpinOff\" class=\"wp-image-2159\" srcset=\"https:\/\/www.hsu-hh.de\/lts\/wp-content\/uploads\/sites\/814\/2022\/08\/comet-48516-300x300.png 300w, https:\/\/www.hsu-hh.de\/lts\/wp-content\/uploads\/sites\/814\/2022\/08\/comet-48516-1024x1024.png 1024w, https:\/\/www.hsu-hh.de\/lts\/wp-content\/uploads\/sites\/814\/2022\/08\/comet-48516-150x150.png 150w, https:\/\/www.hsu-hh.de\/lts\/wp-content\/uploads\/sites\/814\/2022\/08\/comet-48516-768x768.png 768w, https:\/\/www.hsu-hh.de\/lts\/wp-content\/uploads\/sites\/814\/2022\/08\/comet-48516-1536x1536.png 1536w, https:\/\/www.hsu-hh.de\/lts\/wp-content\/uploads\/sites\/814\/2022\/08\/comet-48516-100x100.png 100w, https:\/\/www.hsu-hh.de\/lts\/wp-content\/uploads\/sites\/814\/2022\/08\/comet-48516-1100x1100.png 1100w, https:\/\/www.hsu-hh.de\/lts\/wp-content\/uploads\/sites\/814\/2022\/08\/comet-48516.png 1600w\" sizes=\"auto, (max-width: 300px) 100vw, 300px\" \/><\/a><\/figure>\n<\/div>\n\n\n<h2 class=\"wp-block-heading has-text-align-center\"><a href=\"https:\/\/www.hsu-hh.de\/lts\/spin-offs\/\">Spin-Offs<\/a><\/h2>\n<\/div>\n<\/div>\n<\/div>\n\n\n\n<div class=\"wp-block-column is-layout-flow wp-block-column-is-layout-flow\" style=\"flex-basis:33.33%\">\n<h2 class=\"wp-block-heading has-text-align-left\">Currently<\/h2>\n\n\n<div id=\"category_content_PAKRInyW\" class=\"hsu_category archive-page\"><article  id=\"post-2469\" class=\"category-list-item post-2469 post type-post status-publish format-standard hentry \"><a href=\"https:\/\/www.hsu-hh.de\/lts\/lts-goes-cleo-2023\/\" title=\"LTS goes CLEO EUROPE 2023\" ><div class=\"hsu_category_article-content-wrap\"><div class=\"hsu_category_article-content-wrap-inner\"><div>\t<header class=\"entry-header\">\t\t<h3 class=\"entry-title\">LTS goes CLEO EUROPE 2023\t\t<\/h3>\t<\/header><div class=\"entry-content-excerpt\">The coming CLEO\/Europe-EQEC conferences are scheduled to take place in&nbsp;Munich, Germany, from 26 to 30 June 2023. Our team of LTS is proud to announce some contributions. Yasmin Kopp Carrier-Envelope Offset Frequency Characterization of a 100 MW-Level Thin-Disk Oscillator The detection and characterization of the carrier-envelope offset frequency ofa 100 MW-level Kerr-lens mode-locked thin-disk oscillator&#8230;<\/div> <\/div><\/div><\/div><\/a><\/article><article  id=\"post-677\" class=\"category-list-item post-677 post type-post status-publish format-standard hentry \"><a href=\"https:\/\/www.hsu-hh.de\/lts\/677-2\/\" title=\"\" ><div class=\"hsu_category_article-content-wrap\"><div class=\"hsu_category_article-content-wrap-inner\"><div>\t<header class=\"entry-header\">\t\t<h3 class=\"entry-title\">\t\t<\/h3>\t<\/header><div class=\"entry-content-excerpt\"><\/div> <\/div><\/div><\/div><\/a><\/article><article  id=\"post-3165\" class=\"category-list-item post-3165 post type-post status-publish format-standard hentry \"><a href=\"https:\/\/www.hsu-hh.de\/lts\/layout-003\/\" title=\"Klimafreundliche elektrische Energie und Mobilit\u00e4t (B.Sc. \/ M.SC.)\" ><div class=\"hsu_category_article-content-wrap\"><div class=\"hsu_category_article-content-wrap-inner\"><div>\t<header class=\"entry-header\">\t\t<h3 class=\"entry-title\">Klimafreundliche elektrische Energie und Mobilit\u00e4t (B.Sc. \/ M.SC.)\t\t<\/h3>\t<\/header><div class=\"entry-content-excerpt\">Aufbau des Studiums Studienpl\u00e4ne FAQ Aufbau des Studiums Studienangebot Bachelorstudieng\u00e4ngeMasterstudieng\u00e4ngeBewerbungStudienvorbereitungFAQ HSU VeranstaltungenCampusbesuchSch\u00fcler\/innen forschenKinder- und Jugenduni Studienstart Erste SchritteOrientierungsangeboteStudienberatung und -orientierungWohne und StudienfinanzierungSudieren mit Beeintr\u00e4chtigungGesundheit und Familie Studierendenleben KulturSportVereine und InitiativenStudentische VertretungenHamburg Quick Links BewerbungsportalZugansgsvorraussetzungenSutdienberatung und -orientierungModul\u00fcbersichtenStudieren im AuslandFAQ \u25b2 TOP Studienpl\u00e4ne Klimafreundliche elektrische Energie und Mobilit\u00e4t (B.Sc.) Klimafreundliche elektrische Energie und Mobilit\u00e4t (M.Sc.) \u25b2 TOP&#8230;<\/div> <\/div><\/div><\/div><\/a><\/article><article  id=\"post-3161\" class=\"category-list-item post-3161 post type-post status-publish format-standard hentry \"><a href=\"https:\/\/www.hsu-hh.de\/lts\/layout-002\/\" title=\"ET \u2013 Beispielseite f\u00fcr Navigation und Gliederung\" ><div class=\"hsu_category_article-content-wrap\"><div class=\"hsu_category_article-content-wrap-inner\"><div>\t<header class=\"entry-header\">\t\t<h3 class=\"entry-title\">ET \u2013 Beispielseite f\u00fcr Navigation und Gliederung\t\t<\/h3>\t<\/header><div class=\"entry-content-excerpt\">Beispiel (etwas sehr \u00dcberladen) der Uni Ilmenau Sch\u00f6n w\u00e4re die M\u00f6glichkeit Bl\u00f6cke An- und Auszuschalten [X] New approach with &#8222;Details&#8220; Tags click here for details&#8212;&#8212;&#8212;&#8212;&#8212;&#8212;&#8212;&#8212;&#8211; Studienangebot Bachelorstudieng\u00e4ngeMasterstudieng\u00e4ngeBewerbungStudienvorbereitungFAQ Uni Erleben VeranstaltungenCampusbesuchSch\u00fcler\/innen forschenKinder- und Jugenduni Studienstart Erste SchritteOrientierungsangeboteStudienberatung und -orientierungWohne und StudienfinanzierungSudieren mit Beeintr\u00e4chtigungGesundheit und Familie Studierendenleben KulturSportVereine und InitiativenStudentische VertretungenHamburg Quick Links BewerbungsportalZugansgsvorraussetzungenSutdienberatung und -orientierungModul\u00fcbersichtenStudieren im&#8230;<\/div> <\/div><\/div><\/div><\/a><\/article><article  id=\"post-3145\" class=\"category-list-item post-3145 post type-post status-publish format-standard hentry \"><a href=\"https:\/\/www.hsu-hh.de\/lts\/testpage-misc\/\" title=\"TESTPAGE misc\" ><div class=\"hsu_category_article-content-wrap\"><div class=\"hsu_category_article-content-wrap-inner\"><div>\t<header class=\"entry-header\">\t\t<h3 class=\"entry-title\">TESTPAGE misc\t\t<\/h3>\t<\/header><div class=\"entry-content-excerpt\">Ziel: &#8222;Aufklapp&#8220;-Bereiche = #3 1. \u00dcbersicht der Bilder und Men\u00fcs (keine Interaktivit\u00e4t) Studienangebot Bachelor Master Zertifikat StudienanOrgaNISATION Erste Schritte Fristen und Termine Pr\u00fcfungsplan Informationen Universit\u00e4t Abschluss Studienberatung 2. Minimiert: Bilder + Men\u00fcs zugeklappt \u25bc Studienangebot Bachelor Master Studienanorganisation Erste Schritte Fristen und Termine Hier mal ein gaaaanz langer Text, der hoffentlich richtig umgebrochen wird\u00a0 Informationen&#8230;<\/div> <\/div><\/div><\/div><\/a><\/article><\/div><div class=\"clearfix\"><\/div><div class=\"col-xs-12 col-md-3 col-md-push-4\"><span class=\"link no-arrow\"><button class=\"gcategorymore hsu_btn\" id=\"PAKRInyW\"  data-postsPerPage=\"3\" data-order=\"DESC\" data-paged=\"2\" data-more_posts=\"1\" data-postexcerpt=\"1\" data-posttitle=\"1\" data-currentPostId=\"2845\" data-uid=\"PAKRInyW\" data-ajax=\"true\" >Mehr Beitr\u00e4ge<\/button><\/span><\/div><div class=\"clearfix\"><\/div><\/div>\n<\/div>\n<div class=\"shariff\"><ul class=\"shariff-buttons theme-default orientation-horizontal buttonsize-medium\"><li class=\"shariff-button facebook shariff-nocustomcolor\" style=\"background-color:#4273c8\"><a href=\"https:\/\/www.facebook.com\/sharer\/sharer.php?u=https%3A%2F%2Fwww.hsu-hh.de%2Flts%2Fde%2F\" title=\"Bei Facebook teilen\" aria-label=\"Bei Facebook teilen\" role=\"button\" rel=\"nofollow\" class=\"shariff-link\" style=\"; background-color:#3b5998; color:#fff\" target=\"_blank\"><span class=\"shariff-icon\" style=\"\"><svg width=\"32px\" height=\"20px\" xmlns=\"http:\/\/www.w3.org\/2000\/svg\" viewBox=\"0 0 18 32\"><path fill=\"#3b5998\" d=\"M17.1 0.2v4.7h-2.8q-1.5 0-2.1 0.6t-0.5 1.9v3.4h5.2l-0.7 5.3h-4.5v13.6h-5.5v-13.6h-4.5v-5.3h4.5v-3.9q0-3.3 1.9-5.2t5-1.8q2.6 0 4.1 0.2z\"\/><\/svg><\/span><span class=\"shariff-text\">teilen<\/span>&nbsp;<\/a><\/li><li class=\"shariff-button twitter shariff-nocustomcolor\" style=\"background-color:#595959\"><a href=\"https:\/\/twitter.com\/share?url=https%3A%2F%2Fwww.hsu-hh.de%2Flts%2Fde%2F&text=\" title=\"Bei X teilen\" aria-label=\"Bei X teilen\" role=\"button\" rel=\"noopener nofollow\" class=\"shariff-link\" style=\"; background-color:#000; color:#fff\" target=\"_blank\"><span class=\"shariff-icon\" style=\"\"><svg width=\"32px\" height=\"20px\" xmlns=\"http:\/\/www.w3.org\/2000\/svg\" viewBox=\"0 0 24 24\"><path fill=\"#000\" d=\"M14.258 10.152L23.176 0h-2.113l-7.747 8.813L7.133 0H0l9.352 13.328L0 23.973h2.113l8.176-9.309 6.531 9.309h7.133zm-2.895 3.293l-.949-1.328L2.875 1.56h3.246l6.086 8.523.945 1.328 7.91 11.078h-3.246zm0 0\"\/><\/svg><\/span><span class=\"shariff-text\">teilen<\/span>&nbsp;<\/a><\/li><\/ul><\/div>","protected":false},"excerpt":{"rendered":"<p>Do we shape the future? Do you want to live in a changing world where the future is bright? You want to wake up in the morning and see that [&hellip;]<\/p>\n","protected":false},"author":3282,"featured_media":2687,"parent":0,"menu_order":0,"comment_status":"closed","ping_status":"closed","template":"","meta":{"footnotes":""},"categories":[4],"tags":[],"class_list":["post-2845","page","type-page","status-publish","has-post-thumbnail","hentry","category-forschung"],"_links":{"self":[{"href":"https:\/\/www.hsu-hh.de\/lts\/wp-json\/wp\/v2\/pages\/2845","targetHints":{"allow":["GET"]}}],"collection":[{"href":"https:\/\/www.hsu-hh.de\/lts\/wp-json\/wp\/v2\/pages"}],"about":[{"href":"https:\/\/www.hsu-hh.de\/lts\/wp-json\/wp\/v2\/types\/page"}],"author":[{"embeddable":true,"href":"https:\/\/www.hsu-hh.de\/lts\/wp-json\/wp\/v2\/users\/3282"}],"replies":[{"embeddable":true,"href":"https:\/\/www.hsu-hh.de\/lts\/wp-json\/wp\/v2\/comments?post=2845"}],"version-history":[{"count":2,"href":"https:\/\/www.hsu-hh.de\/lts\/wp-json\/wp\/v2\/pages\/2845\/revisions"}],"predecessor-version":[{"id":2885,"href":"https:\/\/www.hsu-hh.de\/lts\/wp-json\/wp\/v2\/pages\/2845\/revisions\/2885"}],"wp:featuredmedia":[{"embeddable":true,"href":"https:\/\/www.hsu-hh.de\/lts\/wp-json\/wp\/v2\/media\/2687"}],"wp:attachment":[{"href":"https:\/\/www.hsu-hh.de\/lts\/wp-json\/wp\/v2\/media?parent=2845"}],"wp:term":[{"taxonomy":"category","embeddable":true,"href":"https:\/\/www.hsu-hh.de\/lts\/wp-json\/wp\/v2\/categories?post=2845"},{"taxonomy":"post_tag","embeddable":true,"href":"https:\/\/www.hsu-hh.de\/lts\/wp-json\/wp\/v2\/tags?post=2845"}],"curies":[{"name":"wp","href":"https:\/\/api.w.org\/{rel}","templated":true}]}}