{"id":2004,"date":"2022-07-05T13:11:02","date_gmt":"2022-07-05T11:11:02","guid":{"rendered":"https:\/\/www.hsu-hh.de\/lts\/?page_id=2004"},"modified":"2022-07-27T15:01:19","modified_gmt":"2022-07-27T13:01:19","slug":"cost-effective-air-purifiers-against-corona","status":"publish","type":"page","link":"https:\/\/www.hsu-hh.de\/lts\/cost-effective-air-purifiers-against-corona\/","title":{"rendered":"Cost-effective air purifiers against corona"},"content":{"rendered":"\n<p>More and more experts are calling for the use of air purifiers with HEPA filters to counteract the spread of the corona virus. In particular, facilities with a poor ventilation system and high occupancy density are equipped with various air purifiers. When choosing the device, the focus should be on three key indicators: a high volume flow, high efficiency and low noise.&nbsp;<\/p>\n\n\n\n<p>Interestingly, the technological solution that provides the perfect combination of these parameters has been used for decades. We are talking about so-called Filter Fan Units (FFUs), which are used in particular in the semiconductor and pharmaceutical industries. The FFUs are very robust and easy to operate. However, the biggest advantage of these units over commercial air cleaners is their low price. Employees under the leadership of <abbr title=\"Professor\">Prof.<\/abbr> <abbr title=\"Doktor\">Dr.<\/abbr> Pronin are therefore using mobile FFUs for an area-wide deployment of cost-efficient air purifiers at <abbr title=\"Helmut Schmidt Universit\u00e4t\">HSU<\/abbr>.&nbsp;&nbsp;<\/p>\n\n\n\n<div style=\"height:21px\" aria-hidden=\"true\" class=\"wp-block-spacer\"><\/div>\n\n\n\n<div class=\"wp-block-image is-style-default\"><figure class=\"aligncenter size-full\"><img loading=\"lazy\" decoding=\"async\" width=\"2560\" height=\"1396\" src=\"https:\/\/www.hsu-hh.de\/lts\/wp-content\/uploads\/sites\/814\/2021\/02\/Camo-Seminar-scaled.jpg\" data-credit=\"Ruben Koers\" alt=\"FFU Luftreiniger im Seminarraum\" class=\"wp-image-1177\" srcset=\"https:\/\/www.hsu-hh.de\/lts\/wp-content\/uploads\/sites\/814\/2021\/02\/Camo-Seminar-scaled.jpg 2560w, https:\/\/www.hsu-hh.de\/lts\/wp-content\/uploads\/sites\/814\/2021\/02\/Camo-Seminar-300x164.jpg 300w, https:\/\/www.hsu-hh.de\/lts\/wp-content\/uploads\/sites\/814\/2021\/02\/Camo-Seminar-1024x558.jpg 1024w, https:\/\/www.hsu-hh.de\/lts\/wp-content\/uploads\/sites\/814\/2021\/02\/Camo-Seminar-768x419.jpg 768w, https:\/\/www.hsu-hh.de\/lts\/wp-content\/uploads\/sites\/814\/2021\/02\/Camo-Seminar-1536x838.jpg 1536w, https:\/\/www.hsu-hh.de\/lts\/wp-content\/uploads\/sites\/814\/2021\/02\/Camo-Seminar-2048x1117.jpg 2048w, https:\/\/www.hsu-hh.de\/lts\/wp-content\/uploads\/sites\/814\/2021\/02\/Camo-Seminar-1100x600.jpg 1100w\" sizes=\"auto, (max-width: 2560px) 100vw, 2560px\" \/><figcaption>Fig.1 These air purifiers will soon be placed throughout <abbr title=\"Helmut Schmidt Universit\u00e4t\">HSU<\/abbr> as further protection against coronavirus.<\/figcaption><\/figure><\/div>\n\n\n\n<p><strong>How the project came about<\/strong><\/p>\n\n\n\n<p>It is October 2020. A PhD student of the LTS professorship is infected with Corona without knowing it. Together with <abbr title=\"Professor\">Prof.<\/abbr> Pronin and another PhD student, he works for over an hour in a small, poorly ventilated laboratory. Nevertheless, neither <abbr title=\"Professor\">Prof.<\/abbr> Pronin nor the other doctoral student became infected.&nbsp;&nbsp;<\/p>\n\n\n\n<p>&#8222;It surprised me what a high level of protection our surgical masks offered,&#8220; says <abbr title=\"Professor\">Prof.<\/abbr> Pronin. &#8222;But then I noticed that an air purifier (FFU, see Fig. 2) was running in the laser lab all the time.&#8220;&nbsp; They are designed to remove dust and other particles from the air in highly sensitive areas. Equipped with a HEPA 14 filter, they are thus also effective against dangerous corona aerosols. &#8222;I realize that we have also simply been lucky and there is no such thing as 100 percent protection. Nevertheless, we should use the technological means at our disposal. At the end of the day, masks are just filters. And there are much more powerful filters out there!&#8220;<br>The FFUs remove over 99.995% of all particles from the air <sup>1<\/sup>, helping not only against coronaviruses, but also against other pathogens and pollen.<br><br>his study <sup>2<\/sup> on the effectiveness of these devices caused a stir. According to this study, three key figures in particular are important for the choice of air purifier <sup>3<\/sup>:<br><a href=\"#volumenstrom\" rel='nofollow'>Volume flow<\/a>,<strong> <\/strong><a href=\"#wirksamkeit\" rel='nofollow'>Effectiveness<\/a><strong> <\/strong>und<strong> <\/strong><a href=\"#lautst\u00e4rke\" rel='nofollow'>Loudness<\/a>.<strong>&nbsp;<\/strong><\/p>\n\n\n\n<div style=\"height:67px\" aria-hidden=\"true\" class=\"wp-block-spacer\"><\/div>\n\n\n\n<div class=\"wp-block-columns is-layout-flex wp-container-core-columns-is-layout-9d6595d7 wp-block-columns-is-layout-flex\">\n<div class=\"wp-block-column is-layout-flow wp-block-column-is-layout-flow\" style=\"flex-basis:33.33%\">\n<figure class=\"wp-block-image size-large\"><img loading=\"lazy\" decoding=\"async\" width=\"826\" height=\"1024\" src=\"https:\/\/www.hsu-hh.de\/lts\/wp-content\/uploads\/sites\/814\/2021\/02\/ffu-lab-2-826x1024.jpg\" data-credit=\"Kilian Fritsch\" alt=\"Eine FFU im Laserlabor\" class=\"wp-image-1156\" srcset=\"https:\/\/www.hsu-hh.de\/lts\/wp-content\/uploads\/sites\/814\/2021\/02\/ffu-lab-2-826x1024.jpg 826w, https:\/\/www.hsu-hh.de\/lts\/wp-content\/uploads\/sites\/814\/2021\/02\/ffu-lab-2-242x300.jpg 242w, https:\/\/www.hsu-hh.de\/lts\/wp-content\/uploads\/sites\/814\/2021\/02\/ffu-lab-2-768x952.jpg 768w, https:\/\/www.hsu-hh.de\/lts\/wp-content\/uploads\/sites\/814\/2021\/02\/ffu-lab-2.jpg 851w\" sizes=\"auto, (max-width: 826px) 100vw, 826px\" \/><figcaption>Fig. 2 Laserlabor. The FFU is installed above the optical table to ensure a dust-free environment during the development of high-tech femtosecond lasers.<\/figcaption><\/figure>\n<\/div>\n\n\n\n<div class=\"wp-block-column is-layout-flow wp-block-column-is-layout-flow\" style=\"flex-basis:66.66%\">\n<p><strong>FFUs as air purifiers<br><br><\/strong><\/p>\n\n\n\n<p>Filter Fan Units use a HEPA 14 filter and perform at a high flow rate. Air purifiers with comparable values usually cost over \u20ac2,000. Such prices prevent widespread use. This gave <abbr title=\"Professor\">Prof.<\/abbr> Pronin the idea of using industrially used FFUs as a much cheaper alternative.&nbsp;&#8222;Thanks to the very manageable initial costs, we can install a large number of room air cleaners at <abbr title=\"Helmut Schmidt Universit\u00e4t\">HSU<\/abbr>,&#8220; explains <abbr title=\"Professor\">Prof.<\/abbr> Pronin. <abbr title=\"Helmut Schmidt Universit\u00e4t\">HSU<\/abbr> has already procured 20 FFUs as room air cleaners and ordered another 50 units. &#8222;I believe that with a suitable concept of masks and air purifiers, we can basically enable face-to-face teaching and create a safe atmosphere for students as well as colleagues during classes.&#8220;<\/p>\n\n\n\n<p><br>This project led to the spin-off company <a href=\"https:\/\/nordair-systems.de\" target=\"_blank\" rel=\"noreferrer noopener\">Nordair Systems<\/a>.<\/p>\n<\/div>\n<\/div>\n\n\n\n<p id=\"volumenstrom\"><strong>Volume flow<\/strong><\/p>\n\n\n\n<p>The volume flow rate indicates how many cubic meters of air can be cleaned per hour. In order to be sufficiently protected even in a room with several people, an air exchange rate of 6 &#8211; 10 per hour <sup>2 4<\/sup> is required. This means that the volume flow of the air purifiers should be about six to ten times the volume of the room per hour. This view is also shared by <abbr title=\"Professor\">Prof.<\/abbr> Curtius from Goethe University in his study on mobile air purifiers <sup>5<\/sup>.<\/p>\n\n\n\n<p id=\"wirksamkeit\"><strong>Effectiveness<\/strong><\/p>\n\n\n\n<p>The efficiency (or filtration efficiency) describes how effectively the air can be cleaned. For a quick overview of the collection efficiency, filters are classified according to the EN 1822 standard <sup>1<\/sup> . In medical facilities such as hospitals, HEPA 14 filters have been used for many years<sup> 6 7<\/sup> . These filters remove from the air over 99.995% of particles with a size around 0.3 \u03bcm <sup>8<\/sup> , the most difficult particle size to filter. Smaller particles around the 0.1 \u03bcm coronavirus size or larger aerosols contaminated with coronavirus are virtually 100% removed.<sup>2 9 10<\/sup> .&nbsp;<\/p>\n\n\n\n<p id=\"lautst\u00e4rke\"><strong>Loudness<\/strong><\/p>\n\n\n\n<p>The school class studied by <abbr title=\"Professor\">Prof.<\/abbr> Curtius found a volume of 48 dB(A) not disturbing <sup>5<\/sup>. Experience at <abbr title=\"Helmut Schmidt Universit\u00e4t\">HSU<\/abbr> has shown that at a volume above approx. 55 dB(A) the output is reduced again. In order to achieve a sufficient air exchange rate even in large rooms, several air cleaners can be used. This also offers the advantage that the air in the room is cleaned more homogeneously <sup>5<\/sup>.&nbsp;<\/p>\n\n\n\n<p id=\"uvc-luftreiniger\"><strong>UV-C Aircleaner<\/strong><\/p>\n\n\n\n<p>Some devices use UV-C radiation to render the viruses harmless by means of light with a wavelength of 100 nm to 280 nm <sup>11<\/sup>. However, the viruses must be irradiated for a certain time and the air must therefore be passed slowly through the purifier. This means that only a low volume flow is possible <sup>12<\/sup>.&nbsp;<\/p>\n\n\n\n<div style=\"height:87px\" aria-hidden=\"true\" class=\"wp-block-spacer\"><\/div>\n\n\n\n<p class=\"has-small-font-size\"><a href=\"https:\/\/weerhuisje.eu\/pdf\/EN1822-1-2009_Highefficiencyairfilters_EPA_HEPA_ULPA_Part1_Classification_performance.pdf\" target=\"_blank\" rel=\"noreferrer noopener\">1<\/a>) BRITISCH STANDARD,. (2009). High efficiency air filters (EPA, HEPA and ULPA) (BS EN1822-1:2009). Online abgerufen von: https:\/\/weerhuisje.eu\/pdf\/EN1822-1-2009_Highefficiencyairfilters_EPA_HEPA_ULPA_Part1_Classification_performance.pdf<br><br><a href=\"https:\/\/www.unibw.de\/lrt7\/raumluftreiniger.pdf (zuletzt abgerufen am 18.02.2021)\" target=\"_blank\" rel=\"noreferrer noopener\">2<\/a>) K\u00e4hler, C. J., Fuchs, T., &amp; Hain, R. (2020). K\u00f6nnen mobile Raumluftreiniger eine indirekte SARS-CoV-2 Infektionsgefahr durch Aerosole wirksam reduzieren. Hg. v. Universit\u00e4t der Bundeswehr M\u00fcnchen. Str\u00f6mungsmechanik und Aerodynamik. Online abgerufen von: https:\/\/www.unibw.de\/lrt7\/raumluftreiniger.pdf (zuletzt abgerufen am 18.02.2021).<br><br><a href=\"https:\/\/www.krankenhaushygiene.de\/pdfdata\/2020_09_03_DGKH_Stellungnahme_Zum_Einsatz_von_dezentralen_Luftreinigern_zur_Praevention.pdf\" target=\"_blank\" rel=\"noreferrer noopener\">3<\/a>) Exner, M., Walger, P., Gebel, J., Schmithausen, R., Kramer, A., &amp; Engelhart, S. (2020). Zum Einsatz von dezentralen mobilen Luftreinigungsger\u00e4ten im Rahmen der Pr\u00e4vention von COVID-19. Stellungnahme der Deutschen Gesellschaft f\u00fcr Krankenhaushygiene (DKKH). Bonn.<br><br><a href=\"https:\/\/www.ashrae.org\/file%20library\/technical%20resources\/standards%20and%20guidelines\/standards%20errata\/standards\/170_2017_a_20200901.pdf\" target=\"_blank\" rel=\"noreferrer noopener\">4<\/a>) American Society of Heating, Refrigerating and Air-Conditioning Engineers. (2020).&nbsp; Ventilation of Health Care Facilities (ANSI\/ASHRAE\/ASHE Standard 170-2017). Online abgerufen von: https:\/\/www.ashrae.org\/file%20library\/technical%20resources\/standards%20and%20guidelines\/standards%20errata\/standards\/170_2017_a_20200901.pdf<br><br><a href=\"https:\/\/www.medrxiv.org\/content\/10.1101\/2020.10.02.20205633v2.full-text\" target=\"_blank\" rel=\"noreferrer noopener\">5<\/a>) Curtius, J., Granzin, M., &amp; Schrod, J. (2021). Testing mobile air purifiers in a school classroom: Reducing the airborne transmission risk for SARS-CoV-2. Aerosol Science and Technology, 1-18.<br><br><a href=\"https:\/\/www.krankenhaushygiene.de\/ccUpload\/upload\/files\/leitlinien\/2015_12_rlta.pdf\" target=\"_blank\" rel=\"noreferrer noopener\">6<\/a>) Deutsche &nbsp; Gesellschaft &nbsp; f\u00fcr &nbsp; Krankenhaushygiene &nbsp; (2015) &nbsp; Krankenhaushygienische Leitlinie f\u00fcr die Planung, Ausf\u00fchrung und den Betrieb von Raumlufttechnischen Anlagen in&nbsp; R\u00e4umen&nbsp; des&nbsp; Gesundheitswesens.&nbsp; Hyg&nbsp; Med&nbsp; 2015; 40 &#8211; 12<br><br><a href=\"https:\/\/www.krankenhaushygiene.de\/pdfdata\/leitlinien\/rlt-anlagen_d_gelb.pdf\" target=\"_blank\" rel=\"noreferrer noopener\">7<\/a>) Deutsche&nbsp; Gesellschaft&nbsp; f\u00fcr&nbsp; Krankenhaushygiene&nbsp; (2002)&nbsp; Leitlinienentwurf:&nbsp; Ausf\u00fchrung&nbsp; und Betrieb von raumlufttechnischen Anlagen (RLT-Anlagen) in Krankenh\u00e4usern. Hyg Med 27. Jahrgang 2002 \u2013 Heft 3<br><br><a href=\"https:\/\/smartairfilters.com\/en\/blog\/can-hepa-filters-capture-nanoparticles\/\" target=\"_blank\" rel=\"noreferrer noopener\">8<\/a>) Robertson, P. (2019, 20. August)&nbsp; Can HEPA Filters Capture Nanoparticles? Clean Air Blog. https:\/\/smartairfilters.com\/en\/blog\/can-hepa-filters-capture-nanoparticles\/<br><br><a href=\"https:\/\/smartairfilters.com\/en\/blog\/can-air-purifiers-remove-filter-out-coronavirus\/\" target=\"_blank\" rel=\"noreferrer noopener\">9<\/a>) Robertson, P. (2021, 01. Januar) Can HEPA Filters and Air Purifiers Capture the Coronavirus? Clean Air Blog. https:\/\/smartairfilters.com\/en\/blog\/can-air-purifiers-remove-filter-out-coronavirus\/<br><br><a href=\"https:\/\/ntrs.nasa.gov\/api\/citations\/20170005166\/downloads\/20170005166.pdf\" target=\"_blank\" rel=\"noreferrer noopener\">10<\/a>) Perry, J. L., Agui, J. H., &amp; Vijayakimar, R. (2016). Submicron and nanoparticulate matter removal by HEPA-rated media filters and packed beds of granular materials.. Online abgerufen von: https:\/\/ntrs.nasa.gov\/api\/citations\/20170005166\/downloads\/20170005166.pdf (zuletzt abgerufen am 18.02.2021)<br><br><a href=\"https:\/\/www.researchgate.net\/publication\/286967555_Airborne_respiratory_diseases_and_mechanical_systems_for_control_of_microbes\" rel='nofollow'>11<\/a>) Kowalski, W. J., &amp; Bahnfleth, W. P. (1998). Airborne respiratory diseases and mechanical systems for control of microbes. HPAC Heating, Piping, Air Conditioning, 70(7).<br><br><a href=\"https:\/\/smartairfilters.com\/en\/blog\/uv-light-air-purifiers-effective-kill-disinfect-virus\/\" target=\"_blank\" rel=\"noreferrer noopener\">12<\/a>) Johnmin. (2020, 02. August). How do UV Light Air Purifiers Work and Can They Kill Viruses? Clean Air Blog. https:\/\/smartairfilters.com\/en\/blog\/uv-light-air-purifiers-effective-kill-disinfect-virus\/<br><br><a href=\"https:\/\/www.who.int\/news-room\/q-a-detail\/radiation-ultraviolet-(uv)\" target=\"_blank\" rel=\"noreferrer noopener\">13<\/a>) World Health Organization. (2016, 09. M\u00e4rz). Radiation: Ultraviolet (UV) radiation. https:\/\/www.who.int\/news-room\/q-a-detail\/radiation-ultraviolet-(uv)<br><br><a href=\"https:\/\/www.epa.gov\/sites\/production\/files\/2018-07\/documents\/residential_air_cleaners_-_a_technical_summary_3rd_edition.pdf\" target=\"_blank\" rel=\"noreferrer noopener\">14<\/a>) United States Environmental Protection Agency. (2018). Residential Air Cleaners &#8211; A Technical Summary (EPA 402-F-09-002).. Online abgerufen von: https:\/\/www.epa.gov\/sites\/production\/files\/2018-07\/documents\/residential_air_cleaners_-_a_technical_summary_3rd_edition.pdf<br><br><a href=\"https:\/\/www.cdc.gov\/infectioncontrol\/pdf\/guidelines\/environmental-guidelines-P.pdf\" target=\"_blank\" rel=\"noreferrer noopener\">15<\/a>) Centers for Disease Control and Prevention (CDC). (2019). Guidelines for Environmental Infection Control in Health-Care Facilities. Online abgerufen von: https:\/\/www.cdc.gov\/infectioncontrol\/pdf\/guidelines\/environmental-guidelines-P.pdf<br><br><a href=\"https:\/\/www.ncbi.nlm.nih.gov\/pmc\/articles\/PMC3382390\/\" target=\"_blank\" rel=\"noreferrer noopener\">16<\/a>) Medical Advisory Secretariat. (2005). Air cleaning technologies: an evidence-based analysis. Ontario health technology assessment series, 5(17), 1.<\/p>\n\n\n\n<div style=\"height:51px\" aria-hidden=\"true\" class=\"wp-block-spacer\"><\/div>\n\n\n\n<p><\/p>\n<div class=\"shariff\"><ul class=\"shariff-buttons theme-default orientation-horizontal buttonsize-medium\"><li class=\"shariff-button facebook shariff-nocustomcolor\" style=\"background-color:#4273c8\"><a href=\"https:\/\/www.facebook.com\/sharer\/sharer.php?u=https%3A%2F%2Fwww.hsu-hh.de%2Flts%2Fcost-effective-air-purifiers-against-corona%2F\" title=\"Bei Facebook teilen\" aria-label=\"Bei Facebook teilen\" role=\"button\" rel=\"nofollow\" class=\"shariff-link\" style=\"; background-color:#3b5998; color:#fff\" target=\"_blank\"><span class=\"shariff-icon\" style=\"\"><svg width=\"32px\" height=\"20px\" xmlns=\"http:\/\/www.w3.org\/2000\/svg\" viewBox=\"0 0 18 32\"><path fill=\"#3b5998\" d=\"M17.1 0.2v4.7h-2.8q-1.5 0-2.1 0.6t-0.5 1.9v3.4h5.2l-0.7 5.3h-4.5v13.6h-5.5v-13.6h-4.5v-5.3h4.5v-3.9q0-3.3 1.9-5.2t5-1.8q2.6 0 4.1 0.2z\"\/><\/svg><\/span><span class=\"shariff-text\">teilen<\/span>&nbsp;<\/a><\/li><li class=\"shariff-button twitter shariff-nocustomcolor\" style=\"background-color:#595959\"><a href=\"https:\/\/twitter.com\/share?url=https%3A%2F%2Fwww.hsu-hh.de%2Flts%2Fcost-effective-air-purifiers-against-corona%2F&text=Cost-effective%20air%20purifiers%20against%20corona\" title=\"Bei X teilen\" aria-label=\"Bei X teilen\" role=\"button\" rel=\"noopener nofollow\" class=\"shariff-link\" style=\"; background-color:#000; color:#fff\" target=\"_blank\"><span class=\"shariff-icon\" style=\"\"><svg width=\"32px\" height=\"20px\" xmlns=\"http:\/\/www.w3.org\/2000\/svg\" viewBox=\"0 0 24 24\"><path fill=\"#000\" d=\"M14.258 10.152L23.176 0h-2.113l-7.747 8.813L7.133 0H0l9.352 13.328L0 23.973h2.113l8.176-9.309 6.531 9.309h7.133zm-2.895 3.293l-.949-1.328L2.875 1.56h3.246l6.086 8.523.945 1.328 7.91 11.078h-3.246zm0 0\"\/><\/svg><\/span><span class=\"shariff-text\">teilen<\/span>&nbsp;<\/a><\/li><\/ul><\/div>","protected":false},"excerpt":{"rendered":"<p>More and more experts are calling for the use of air purifiers with HEPA filters to counteract the spread of the corona virus. In particular, facilities with a poor ventilation [&hellip;]<\/p>\n","protected":false},"author":3282,"featured_media":1153,"parent":0,"menu_order":0,"comment_status":"closed","ping_status":"closed","template":"","meta":{"footnotes":""},"categories":[7],"tags":[],"class_list":["post-2004","page","type-page","status-publish","has-post-thumbnail","hentry","category-research"],"_links":{"self":[{"href":"https:\/\/www.hsu-hh.de\/lts\/wp-json\/wp\/v2\/pages\/2004","targetHints":{"allow":["GET"]}}],"collection":[{"href":"https:\/\/www.hsu-hh.de\/lts\/wp-json\/wp\/v2\/pages"}],"about":[{"href":"https:\/\/www.hsu-hh.de\/lts\/wp-json\/wp\/v2\/types\/page"}],"author":[{"embeddable":true,"href":"https:\/\/www.hsu-hh.de\/lts\/wp-json\/wp\/v2\/users\/3282"}],"replies":[{"embeddable":true,"href":"https:\/\/www.hsu-hh.de\/lts\/wp-json\/wp\/v2\/comments?post=2004"}],"version-history":[{"count":6,"href":"https:\/\/www.hsu-hh.de\/lts\/wp-json\/wp\/v2\/pages\/2004\/revisions"}],"predecessor-version":[{"id":2115,"href":"https:\/\/www.hsu-hh.de\/lts\/wp-json\/wp\/v2\/pages\/2004\/revisions\/2115"}],"wp:featuredmedia":[{"embeddable":true,"href":"https:\/\/www.hsu-hh.de\/lts\/wp-json\/wp\/v2\/media\/1153"}],"wp:attachment":[{"href":"https:\/\/www.hsu-hh.de\/lts\/wp-json\/wp\/v2\/media?parent=2004"}],"wp:term":[{"taxonomy":"category","embeddable":true,"href":"https:\/\/www.hsu-hh.de\/lts\/wp-json\/wp\/v2\/categories?post=2004"},{"taxonomy":"post_tag","embeddable":true,"href":"https:\/\/www.hsu-hh.de\/lts\/wp-json\/wp\/v2\/tags?post=2004"}],"curies":[{"name":"wp","href":"https:\/\/api.w.org\/{rel}","templated":true}]}}