{"id":1860,"date":"2023-06-01T16:47:00","date_gmt":"2023-06-01T14:47:00","guid":{"rendered":"https:\/\/www.hsu-hh.de\/lts\/?page_id=1860"},"modified":"2024-03-12T16:59:02","modified_gmt":"2024-03-12T15:59:02","slug":"open-campus-2023-3","status":"publish","type":"page","link":"https:\/\/www.hsu-hh.de\/lts\/open-campus-2023-3\/","title":{"rendered":"24. June 2023 \u2013 OpenCampus@Lasertechnologie &amp; Spektroskopie+Ice cream"},"content":{"rendered":"<p><iframe loading=\"lazy\" title=\"Fakult\u00e4t f\u00fcr Elektrotechnik: R\u00fcckschau Open Campus 2022\" width=\"500\" height=\"281\" src=\"https:\/\/www.youtube.com\/embed\/o7x-K2DH9f4?feature=oembed\" frameborder=\"0\" allow=\"accelerometer; autoplay; clipboard-write; encrypted-media; gyroscope; picture-in-picture; web-share\" referrerpolicy=\"strict-origin-when-cross-origin\" allowfullscreen><\/iframe><\/p>\n\n\n<div class=\"wp-block-columns is-layout-flex wp-container-core-columns-is-layout-9d6595d7 wp-block-columns-is-layout-flex\">\n<div class=\"wp-block-column is-layout-flow wp-block-column-is-layout-flow\">\n<figure class=\"wp-block-image size-large is-style-default\"><img loading=\"lazy\" decoding=\"async\" width=\"1024\" height=\"583\" src=\"https:\/\/www.hsu-hh.de\/lts\/wp-content\/uploads\/sites\/814\/2022\/05\/image-1-1024x583.png\" data-credit=\"\" alt=\"\" class=\"wp-image-1841\" srcset=\"https:\/\/www.hsu-hh.de\/lts\/wp-content\/uploads\/sites\/814\/2022\/05\/image-1-1024x583.png 1024w, https:\/\/www.hsu-hh.de\/lts\/wp-content\/uploads\/sites\/814\/2022\/05\/image-1-300x171.png 300w, https:\/\/www.hsu-hh.de\/lts\/wp-content\/uploads\/sites\/814\/2022\/05\/image-1-768x437.png 768w, https:\/\/www.hsu-hh.de\/lts\/wp-content\/uploads\/sites\/814\/2022\/05\/image-1-1100x626.png 1100w, https:\/\/www.hsu-hh.de\/lts\/wp-content\/uploads\/sites\/814\/2022\/05\/image-1.png 1253w\" sizes=\"auto, (max-width: 1024px) 100vw, 1024px\" \/><\/figure>\n<\/div>\n\n\n\n<div class=\"wp-block-column is-layout-flow wp-block-column-is-layout-flow\">\n<figure class=\"wp-block-image size-large is-style-default\"><img loading=\"lazy\" decoding=\"async\" width=\"1024\" height=\"581\" src=\"https:\/\/www.hsu-hh.de\/lts\/wp-content\/uploads\/sites\/814\/2022\/05\/image-2-1024x581.png\" data-credit=\"\" alt=\"\" class=\"wp-image-1842\" srcset=\"https:\/\/www.hsu-hh.de\/lts\/wp-content\/uploads\/sites\/814\/2022\/05\/image-2-1024x581.png 1024w, https:\/\/www.hsu-hh.de\/lts\/wp-content\/uploads\/sites\/814\/2022\/05\/image-2-300x170.png 300w, https:\/\/www.hsu-hh.de\/lts\/wp-content\/uploads\/sites\/814\/2022\/05\/image-2-768x436.png 768w, https:\/\/www.hsu-hh.de\/lts\/wp-content\/uploads\/sites\/814\/2022\/05\/image-2.png 1058w\" sizes=\"auto, (max-width: 1024px) 100vw, 1024px\" \/><figcaption class=\"wp-element-caption\">Ice cream production<\/figcaption><\/figure>\n<\/div>\n<\/div>\n\n\n\n<div class=\"wp-block-columns is-layout-flex wp-container-core-columns-is-layout-9d6595d7 wp-block-columns-is-layout-flex\">\n<div class=\"wp-block-column is-layout-flow wp-block-column-is-layout-flow\">\n<figure class=\"wp-block-image size-full is-style-default\"><img loading=\"lazy\" decoding=\"async\" width=\"1001\" height=\"569\" src=\"https:\/\/www.hsu-hh.de\/lts\/wp-content\/uploads\/sites\/814\/2022\/05\/image-3.png\" data-credit=\"\" alt=\"\" class=\"wp-image-1844\" srcset=\"https:\/\/www.hsu-hh.de\/lts\/wp-content\/uploads\/sites\/814\/2022\/05\/image-3.png 1001w, https:\/\/www.hsu-hh.de\/lts\/wp-content\/uploads\/sites\/814\/2022\/05\/image-3-300x171.png 300w, https:\/\/www.hsu-hh.de\/lts\/wp-content\/uploads\/sites\/814\/2022\/05\/image-3-768x437.png 768w\" sizes=\"auto, (max-width: 1001px) 100vw, 1001px\" \/><figcaption class=\"wp-element-caption\"><sup>Open Campus 2022<\/sup><\/figcaption><\/figure>\n<\/div>\n\n\n\n<div class=\"wp-block-column is-layout-flow wp-block-column-is-layout-flow\">\n<figure class=\"wp-block-image size-large is-style-default\"><img loading=\"lazy\" decoding=\"async\" width=\"1024\" height=\"577\" src=\"https:\/\/www.hsu-hh.de\/lts\/wp-content\/uploads\/sites\/814\/2022\/05\/image-4-1024x577.png\" data-credit=\"\" alt=\"\" class=\"wp-image-1851\" srcset=\"https:\/\/www.hsu-hh.de\/lts\/wp-content\/uploads\/sites\/814\/2022\/05\/image-4-1024x577.png 1024w, https:\/\/www.hsu-hh.de\/lts\/wp-content\/uploads\/sites\/814\/2022\/05\/image-4-300x169.png 300w, https:\/\/www.hsu-hh.de\/lts\/wp-content\/uploads\/sites\/814\/2022\/05\/image-4-768x433.png 768w, https:\/\/www.hsu-hh.de\/lts\/wp-content\/uploads\/sites\/814\/2022\/05\/image-4-1100x620.png 1100w, https:\/\/www.hsu-hh.de\/lts\/wp-content\/uploads\/sites\/814\/2022\/05\/image-4.png 1228w\" sizes=\"auto, (max-width: 1024px) 100vw, 1024px\" \/><figcaption class=\"wp-element-caption\"><sup>Open Campus 2022<\/sup><\/figcaption><\/figure>\n<\/div>\n<\/div>\n\n\n\n<p>We would be delighted to welcome you to our Open Campus on June 24, 2023.<\/p>\n\n\n\n<p>You will get an insight into the exciting everyday life of scientists at the University of the Helmut Schmidt University Hamburg. You can participate in experiments with<strong> liquid nitrogen, optical tweezers and high-power lasers<\/strong> and get an exclusive impression of various laboratories for the Chair of Laser Technology and Spectroscopy.<\/p>\n\n\n\n<p>Slots for:<\/p>\n\n\n\n<p> Laser &amp; Icecream: 11:30, 13:00 und 13:45<br> The world in infrared: 11:15, 12:15 und 14:00<\/p>\n\n\n\n<p>Due to the limitation of the group size of approx. 10 people per event a <strong>registration is required<\/strong>.<\/p>\n\n\n\n<p>Please be at the Info-Point on the Campus at your selected time, we will pick you up there.<br>(You might also register there)<\/p>\n<div class=\"shariff\"><ul class=\"shariff-buttons theme-default orientation-horizontal buttonsize-medium\"><li class=\"shariff-button facebook shariff-nocustomcolor\" style=\"background-color:#4273c8\"><a href=\"https:\/\/www.facebook.com\/sharer\/sharer.php?u=https%3A%2F%2Fwww.hsu-hh.de%2Flts%2Fopen-campus-2023-3%2F\" title=\"Bei Facebook teilen\" aria-label=\"Bei Facebook teilen\" role=\"button\" rel=\"nofollow\" class=\"shariff-link\" style=\"; background-color:#3b5998; color:#fff\" target=\"_blank\"><span class=\"shariff-icon\" style=\"\"><svg width=\"32px\" height=\"20px\" xmlns=\"http:\/\/www.w3.org\/2000\/svg\" viewBox=\"0 0 18 32\"><path fill=\"#3b5998\" d=\"M17.1 0.2v4.7h-2.8q-1.5 0-2.1 0.6t-0.5 1.9v3.4h5.2l-0.7 5.3h-4.5v13.6h-5.5v-13.6h-4.5v-5.3h4.5v-3.9q0-3.3 1.9-5.2t5-1.8q2.6 0 4.1 0.2z\"\/><\/svg><\/span><span class=\"shariff-text\">teilen<\/span>&nbsp;<\/a><\/li><li class=\"shariff-button twitter shariff-nocustomcolor\" style=\"background-color:#595959\"><a href=\"https:\/\/twitter.com\/share?url=https%3A%2F%2Fwww.hsu-hh.de%2Flts%2Fopen-campus-2023-3%2F&text=24.%20June%202023%20%E2%80%93%20OpenCampus%40Lasertechnologie%20%26%20Spektroskopie%2BIce%20cream\" title=\"Bei X teilen\" aria-label=\"Bei X teilen\" role=\"button\" rel=\"noopener nofollow\" class=\"shariff-link\" style=\"; background-color:#000; color:#fff\" target=\"_blank\"><span class=\"shariff-icon\" style=\"\"><svg width=\"32px\" height=\"20px\" xmlns=\"http:\/\/www.w3.org\/2000\/svg\" viewBox=\"0 0 24 24\"><path fill=\"#000\" d=\"M14.258 10.152L23.176 0h-2.113l-7.747 8.813L7.133 0H0l9.352 13.328L0 23.973h2.113l8.176-9.309 6.531 9.309h7.133zm-2.895 3.293l-.949-1.328L2.875 1.56h3.246l6.086 8.523.945 1.328 7.91 11.078h-3.246zm0 0\"\/><\/svg><\/span><span class=\"shariff-text\">teilen<\/span>&nbsp;<\/a><\/li><\/ul><\/div>","protected":false},"excerpt":{"rendered":"<p>We would be delighted to welcome you to our Open Campus on June 24, 2023. You will get an insight into the exciting everyday life of scientists at the University [&hellip;]<\/p>\n","protected":false},"author":3282,"featured_media":1847,"parent":0,"menu_order":0,"comment_status":"closed","ping_status":"closed","template":"","meta":{"footnotes":""},"categories":[138,31,7],"tags":[],"class_list":["post-1860","page","type-page","status-publish","has-post-thumbnail","hentry","category-news-english","category-newsslider","category-research"],"_links":{"self":[{"href":"https:\/\/www.hsu-hh.de\/lts\/wp-json\/wp\/v2\/pages\/1860","targetHints":{"allow":["GET"]}}],"collection":[{"href":"https:\/\/www.hsu-hh.de\/lts\/wp-json\/wp\/v2\/pages"}],"about":[{"href":"https:\/\/www.hsu-hh.de\/lts\/wp-json\/wp\/v2\/types\/page"}],"author":[{"embeddable":true,"href":"https:\/\/www.hsu-hh.de\/lts\/wp-json\/wp\/v2\/users\/3282"}],"replies":[{"embeddable":true,"href":"https:\/\/www.hsu-hh.de\/lts\/wp-json\/wp\/v2\/comments?post=1860"}],"version-history":[{"count":32,"href":"https:\/\/www.hsu-hh.de\/lts\/wp-json\/wp\/v2\/pages\/1860\/revisions"}],"predecessor-version":[{"id":2707,"href":"https:\/\/www.hsu-hh.de\/lts\/wp-json\/wp\/v2\/pages\/1860\/revisions\/2707"}],"wp:featuredmedia":[{"embeddable":true,"href":"https:\/\/www.hsu-hh.de\/lts\/wp-json\/wp\/v2\/media\/1847"}],"wp:attachment":[{"href":"https:\/\/www.hsu-hh.de\/lts\/wp-json\/wp\/v2\/media?parent=1860"}],"wp:term":[{"taxonomy":"category","embeddable":true,"href":"https:\/\/www.hsu-hh.de\/lts\/wp-json\/wp\/v2\/categories?post=1860"},{"taxonomy":"post_tag","embeddable":true,"href":"https:\/\/www.hsu-hh.de\/lts\/wp-json\/wp\/v2\/tags?post=1860"}],"curies":[{"name":"wp","href":"https:\/\/api.w.org\/{rel}","templated":true}]}}