{"id":1116,"date":"2021-02-24T15:59:47","date_gmt":"2021-02-24T14:59:47","guid":{"rendered":"https:\/\/www.hsu-hh.de\/lts\/?page_id=1116"},"modified":"2022-07-27T15:00:04","modified_gmt":"2022-07-27T13:00:04","slug":"luftreiniger","status":"publish","type":"page","link":"https:\/\/www.hsu-hh.de\/lts\/de\/luftreiniger\/","title":{"rendered":"Kosteneffiziente Luftreiniger gegen Corona"},"content":{"rendered":"\n<p>Immer mehr Experten fordern den Einsatz von Luftreinigern mit HEPA Filtern, um der Verbreitung des Corona Virus entgegenzuwirken. Insbesondere Einrichtungen mit einem schlechten Bel\u00fcftungssystem und hoher Belegungsdichte werden mit verschiedenen Luftreinigern ausgestattet. Bei der Wahl des Ger\u00e4ts sollte der Fokus auf drei wesentlichen Kennzahlen liegen: ein hoher Volumenstrom, eine hohe Wirksamkeit und eine geringe Lautst\u00e4rke.&nbsp;<\/p>\n\n\n\n<p>Interessanterweise wird die technologische L\u00f6sung, die die perfekte Kombination dieser Parameter bietet, schon seit Jahrzehnten verwendet. Die Rede ist von sogenannten Filter Fan Units (FFUs), die insbesondere in der Halbleiter- und Pharmaindustrie eingesetzt werden. Die FFUs sind sehr robust und einfach zu bedienen. Der gr\u00f6\u00dfte Vorteil dieser Ger\u00e4te gegen\u00fcber kommerziellen Luftreinigern liegt jedoch in dem geringen Preis. Mitarbeiter unter der Leitung von <abbr title=\"Professor\">Prof.<\/abbr> <abbr title=\"Doktor\">Dr.<\/abbr> Pronin nutzen daher mobile FFUs f\u00fcr einen fl\u00e4chendeckenden Einsatz kosteneffizienter Luftreiniger an der <abbr title=\"Helmut Schmidt Universit\u00e4t\">HSU<\/abbr>.&nbsp;&nbsp;<\/p>\n\n\n\n<div style=\"height:21px\" aria-hidden=\"true\" class=\"wp-block-spacer\"><\/div>\n\n\n\n<div class=\"wp-block-image\"><figure class=\"aligncenter size-full\"><img loading=\"lazy\" decoding=\"async\" width=\"2560\" height=\"1396\" src=\"https:\/\/www.hsu-hh.de\/lts\/wp-content\/uploads\/sites\/814\/2021\/02\/Camo-Seminar-scaled.jpg\" data-credit=\"Ruben Koers\" alt=\"FFU Luftreiniger im Seminarraum\" class=\"wp-image-1177\" srcset=\"https:\/\/www.hsu-hh.de\/lts\/wp-content\/uploads\/sites\/814\/2021\/02\/Camo-Seminar-scaled.jpg 2560w, https:\/\/www.hsu-hh.de\/lts\/wp-content\/uploads\/sites\/814\/2021\/02\/Camo-Seminar-300x164.jpg 300w, https:\/\/www.hsu-hh.de\/lts\/wp-content\/uploads\/sites\/814\/2021\/02\/Camo-Seminar-1024x558.jpg 1024w, https:\/\/www.hsu-hh.de\/lts\/wp-content\/uploads\/sites\/814\/2021\/02\/Camo-Seminar-768x419.jpg 768w, https:\/\/www.hsu-hh.de\/lts\/wp-content\/uploads\/sites\/814\/2021\/02\/Camo-Seminar-1536x838.jpg 1536w, https:\/\/www.hsu-hh.de\/lts\/wp-content\/uploads\/sites\/814\/2021\/02\/Camo-Seminar-2048x1117.jpg 2048w, https:\/\/www.hsu-hh.de\/lts\/wp-content\/uploads\/sites\/814\/2021\/02\/Camo-Seminar-1100x600.jpg 1100w\" sizes=\"auto, (max-width: 2560px) 100vw, 2560px\" \/><figcaption>Fig.1 Diese Luftreiniger werden bald fl\u00e4chendeckend in der <abbr title=\"Helmut Schmidt Universit\u00e4t\">HSU<\/abbr> als weiterer Schutz vor dem Coronavirus aufgestellt.<\/figcaption><\/figure><\/div>\n\n\n\n<p><strong>Wie es zu dem Projekt kam<\/strong><\/p>\n\n\n\n<p>Es ist Oktober 2020. Ein Doktorand der LTS Professur ist mit Corona infiziert, ohne es zu wissen. Zusammen mit <abbr title=\"Professor\">Prof.<\/abbr> Pronin und einem anderen Doktoranden arbeitet er \u00fcber eine Stunde in einem kleinen, schlecht bel\u00fcfteten Labor. Trotzdem haben sich weder <abbr title=\"Professor\">Prof.<\/abbr> Pronin, noch der andere Doktorand angesteckt.&nbsp;&nbsp;<\/p>\n\n\n\n<p>\u201cEs \u00fcberraschte mich, was f\u00fcr einen hohen Schutz unsere OP-Masken bieten\u201d, erz\u00e4hlt <abbr title=\"Professor\">Prof.<\/abbr> Pronin. \u201cDoch dann fiel mir auf, dass im Laserlabor die ganze Zeit ein Luftreiniger (FFU, see Fig. 2) lief.\u201d&nbsp; Sie sollen in hochsensiblen Bereichen Staub und andere Partikel aus der Luft entfernen. Ausgestattet mit einem HEPA 14 Filter sind sie damit auch gegen die gef\u00e4hrlichen Corona Aerosole effektiv. \u201cMir ist bewusst, dass wir auch einfach Gl\u00fcck hatten und es keinen hundertprozentigen Schutz gibt. Dennoch sollten wir die technologischen Mittel nutzen, die uns zur Verf\u00fcgung stehen. Letztendlich sind Masken auch nur Filter. Und es gibt noch wesentlich leistungsst\u00e4rkere Filter!\u201d<br>Die FFUs entfernen \u00fcber 99,995% aller Partikel aus der Luft <sup>1<\/sup>. Damit<sup> <\/sup>helfen sie nicht nur gegen Coronaviren, sondern auch gegen andere Erreger und Pollen.<br><br>Luftreiniger als Schutzma\u00dfnahme sind keine neue Idee. <abbr title=\"Professor\">Prof.<\/abbr> K\u00e4hler von der Universit\u00e4t der Bundeswehr M\u00fcnchen sorgte bereits im August mit seiner Studie <sup>2<\/sup> zu der Effektivit\u00e4t dieser Ger\u00e4te f\u00fcr Aufsehen. Demnach seien f\u00fcr die Wahl des Luftreinigers insbesondere drei Kennzahlen wichtig <sup>3<\/sup>:<br><strong><a href=\"#volumenstrom\" rel='nofollow'>Volumenstrom<\/a><\/strong>,<strong> <a href=\"#wirksamkeit\" rel='nofollow'>Wirksamkeit<\/a> <\/strong>und<strong> <a href=\"#lautst\u00e4rke\" rel='nofollow'>Lautst\u00e4rke<\/a><\/strong>.<strong>&nbsp;<\/strong><\/p>\n\n\n\n<div style=\"height:67px\" aria-hidden=\"true\" class=\"wp-block-spacer\"><\/div>\n\n\n\n<div class=\"wp-block-columns is-layout-flex wp-container-core-columns-is-layout-9d6595d7 wp-block-columns-is-layout-flex\">\n<div class=\"wp-block-column is-layout-flow wp-block-column-is-layout-flow\" style=\"flex-basis:33.33%\">\n<figure class=\"wp-block-image size-large\"><img loading=\"lazy\" decoding=\"async\" width=\"826\" height=\"1024\" src=\"https:\/\/www.hsu-hh.de\/lts\/wp-content\/uploads\/sites\/814\/2021\/02\/ffu-lab-2-826x1024.jpg\" data-credit=\"Kilian Fritsch\" alt=\"Eine FFU im Laserlabor\" class=\"wp-image-1156\" srcset=\"https:\/\/www.hsu-hh.de\/lts\/wp-content\/uploads\/sites\/814\/2021\/02\/ffu-lab-2-826x1024.jpg 826w, https:\/\/www.hsu-hh.de\/lts\/wp-content\/uploads\/sites\/814\/2021\/02\/ffu-lab-2-242x300.jpg 242w, https:\/\/www.hsu-hh.de\/lts\/wp-content\/uploads\/sites\/814\/2021\/02\/ffu-lab-2-768x952.jpg 768w, https:\/\/www.hsu-hh.de\/lts\/wp-content\/uploads\/sites\/814\/2021\/02\/ffu-lab-2.jpg 851w\" sizes=\"auto, (max-width: 826px) 100vw, 826px\" \/><figcaption>Fig. 2 Laserlabor. Die FFU ist \u00fcber dem optischen Tisch installiert, um eine staubfreie Umgebung bei der Entwicklung von High-Tech Femtosekundenlasern zu gew\u00e4hrleisten.<\/figcaption><\/figure>\n<\/div>\n\n\n\n<div class=\"wp-block-column is-layout-flow wp-block-column-is-layout-flow\" style=\"flex-basis:66.66%\">\n<p><strong>FFUs als Luftreiniger <br><br><\/strong>Filter Fan Units nutzen einen HEPA 14 Filter und leisten einen hohen Volumenstrom. Luftreiniger mit vergleichbaren Werten kosten \u00fcblicherweise \u00fcber 2.000 \u20ac. Solche Preise verhindern einen fl\u00e4chendeckenden Einsatz. Das brachte <abbr title=\"Professor\">Prof.<\/abbr> Pronin auf die Idee, die industriell genutzten FFUs als weitaus g\u00fcnstigere Alternative einzusetzen.&nbsp;\u201cDank der sehr \u00fcberschaubaren Anschaffungskosten k\u00f6nnen wir eine Vielzahl von Raumluftreinigern in der <abbr title=\"Helmut Schmidt Universit\u00e4t\">HSU<\/abbr> installieren\u201d, erkl\u00e4rt <abbr title=\"Professor\">Prof.<\/abbr> Pronin. Die <abbr title=\"Helmut Schmidt Universit\u00e4t\">HSU<\/abbr> hat bereits 20 FFUs als Raumluftreiniger beschafft und weitere 50 Ger\u00e4te bestellt. \u201cIch glaube, dass wir mit einem passenden Konzept aus Masken und Luftreinigern Pr\u00e4senzunterricht grunds\u00e4tzlich erm\u00f6glichen k\u00f6nnen und eine sichere Atmosph\u00e4re f\u00fcr Studierende sowie Kolleginnen und Kollegen w\u00e4hrend des Unterrichts schaffen.\u201d<br><\/p>\n\n\n\n<p>Dieses Projekt f\u00fchrte zu dem Spin-off Unternehmen <a href=\"https:\/\/nordair-systems.de\" target=\"_blank\" rel=\"noreferrer noopener\">Nordair Systems<\/a>.<\/p>\n<\/div>\n<\/div>\n\n\n\n<p id=\"volumenstrom\"><strong>Volumenstrom<\/strong><\/p>\n\n\n\n<p>Der Volumenstrom gibt an, wieviele Kubikmeter Luft pro Stunde gereinigt werden k\u00f6nnen. Um auch in einem Raum mit mehreren Personen ausreichend gesch\u00fctzt zu sein, bedarf es einer Luftwechselrate von 6 &#8211; 10 pro Stunde <sup>2 4 <\/sup>. Das bedeutet, dass der Volumenstrom der Luftreiniger etwa das sechs- bis zehnfache des Raumvolumens pro Stunde betragen sollte. Diese Ansicht teilt auch <abbr title=\"Professor\">Prof.<\/abbr> Curtius von der Goethe-Universit\u00e4t in seiner Studie zu mobilen Luftreinigern <sup>5<\/sup>.<\/p>\n\n\n\n<p id=\"wirksamkeit\"><strong>Wirksamkeit<\/strong><\/p>\n\n\n\n<p>Die Wirksamkeit (oder auch Abscheidegrad) beschreibt, wie effektiv die Luft gereinigt werden kann. F\u00fcr einen schnellen \u00dcberblick zum Abscheidegrad werden Filter nach der Norm EN 1822 klassifiziert <sup>1<\/sup> . In medizinischen Einrichtungen wie Krankenh\u00e4usern werden seit vielen Jahren HEPA 14 Filter verwendet <sup>6<\/sup> <sup>7 <\/sup>. Diese Filter entfernen \u00fcber 99,995% der Partikeln mit einer Gr\u00f6\u00dfe um die 0,3 \u03bcm <sup>8<\/sup>, der am schwierigsten zu filternden Partikelgr\u00f6\u00dfe, aus der Luft. Kleinere Partikel in der Gr\u00f6\u00dfe des Coronavirus um die 0,1 \u03bcm oder gr\u00f6\u00dfere mit Coronaviren kontaminierte Aerosole werden praktisch zu 100% abgeschieden.<sup>2<\/sup> <sup>9<\/sup> <sup>10<\/sup> .&nbsp;<\/p>\n\n\n\n<p id=\"lautst\u00e4rke\"><strong>Lautst\u00e4rke<\/strong><\/p>\n\n\n\n<p>Die von <abbr title=\"Professor\">Prof.<\/abbr> Curtius untersuchte Schulklasse empfand eine Lautst\u00e4rke von 48 dB(A) als nicht st\u00f6rend <sup>5<\/sup>.&nbsp; Erfahrungen an der <abbr title=\"Helmut Schmidt Universit\u00e4t\">HSU<\/abbr> haben gezeigt, dass bei einer Lautst\u00e4rke \u00fcber ca. 55 dB(A) die Leistung wieder reduziert wird. Um auch in gro\u00dfen R\u00e4umen eine ausreichende Luftwechselrate zu erreichen, k\u00f6nnen mehrere Luftreiniger verwendet werden. Dies bietet zudem den Vorteil, dass die Luft im Raum homogener gereinigt wird <sup>5<\/sup>.&nbsp;<\/p>\n\n\n\n<p id=\"uvc-luftreiniger\"><strong>UV-C Luftreiniger<\/strong><\/p>\n\n\n\n<p>Einige Ger\u00e4te nutzen UV-C Strahlung, um die Viren durch Licht mit einer Wellenl\u00e4nge von 100 nm bis 280 nm unsch\u00e4dlich zu machen <sup>11<\/sup>. Dabei m\u00fcssen die Viren jedoch f\u00fcr eine gewisse Zeit bestrahlt werden und die Luft demnach langsam durch den Reiniger gef\u00fchrt werden. Dadurch ist nur ein geringer Volumenstrom m\u00f6glich <sup>12<\/sup>.&nbsp;<\/p>\n\n\n\n<div style=\"height:87px\" aria-hidden=\"true\" class=\"wp-block-spacer\"><\/div>\n\n\n\n<p class=\"has-small-font-size\"><a href=\"https:\/\/weerhuisje.eu\/pdf\/EN1822-1-2009_Highefficiencyairfilters_EPA_HEPA_ULPA_Part1_Classification_performance.pdf\" target=\"_blank\" rel=\"noreferrer noopener\">1<\/a>) BRITISCH STANDARD,. (2009). High efficiency air filters (EPA, HEPA and ULPA) (BS EN1822-1:2009). Online abgerufen von: https:\/\/weerhuisje.eu\/pdf\/EN1822-1-2009_Highefficiencyairfilters_EPA_HEPA_ULPA_Part1_Classification_performance.pdf<br><br><a href=\"https:\/\/www.unibw.de\/lrt7\/raumluftreiniger.pdf (zuletzt abgerufen am 18.02.2021)\" target=\"_blank\" rel=\"noreferrer noopener\">2<\/a>) K\u00e4hler, C. J., Fuchs, T., &amp; Hain, R. (2020). K\u00f6nnen mobile Raumluftreiniger eine indirekte SARS-CoV-2 Infektionsgefahr durch Aerosole wirksam reduzieren. Hg. v. Universit\u00e4t der Bundeswehr M\u00fcnchen. Str\u00f6mungsmechanik und Aerodynamik. Online abgerufen von: https:\/\/www.unibw.de\/lrt7\/raumluftreiniger.pdf (zuletzt abgerufen am 18.02.2021).<br><br><a href=\"https:\/\/www.krankenhaushygiene.de\/pdfdata\/2020_09_03_DGKH_Stellungnahme_Zum_Einsatz_von_dezentralen_Luftreinigern_zur_Praevention.pdf\" target=\"_blank\" rel=\"noreferrer noopener\">3<\/a>) Exner, M., Walger, P., Gebel, J., Schmithausen, R., Kramer, A., &amp; Engelhart, S. (2020). Zum Einsatz von dezentralen mobilen Luftreinigungsger\u00e4ten im Rahmen der Pr\u00e4vention von COVID-19. Stellungnahme der Deutschen Gesellschaft f\u00fcr Krankenhaushygiene (DKKH). Bonn.<br><br><a href=\"https:\/\/www.ashrae.org\/file%20library\/technical%20resources\/standards%20and%20guidelines\/standards%20errata\/standards\/170_2017_a_20200901.pdf\" target=\"_blank\" rel=\"noreferrer noopener\">4<\/a>) American Society of Heating, Refrigerating and Air-Conditioning Engineers. (2020).&nbsp; Ventilation of Health Care Facilities (ANSI\/ASHRAE\/ASHE Standard 170-2017). Online abgerufen von: https:\/\/www.ashrae.org\/file%20library\/technical%20resources\/standards%20and%20guidelines\/standards%20errata\/standards\/170_2017_a_20200901.pdf<br><br><a href=\"https:\/\/www.medrxiv.org\/content\/10.1101\/2020.10.02.20205633v2.full-text\" target=\"_blank\" rel=\"noreferrer noopener\">5<\/a>) Curtius, J., Granzin, M., &amp; Schrod, J. (2021). Testing mobile air purifiers in a school classroom: Reducing the airborne transmission risk for SARS-CoV-2. Aerosol Science and Technology, 1-18.<br><br><a href=\"https:\/\/www.krankenhaushygiene.de\/ccUpload\/upload\/files\/leitlinien\/2015_12_rlta.pdf\" target=\"_blank\" rel=\"noreferrer noopener\">6<\/a>) Deutsche &nbsp; Gesellschaft &nbsp; f\u00fcr &nbsp; Krankenhaushygiene &nbsp; (2015) &nbsp; Krankenhaushygienische Leitlinie f\u00fcr die Planung, Ausf\u00fchrung und den Betrieb von Raumlufttechnischen Anlagen in&nbsp; R\u00e4umen&nbsp; des&nbsp; Gesundheitswesens.&nbsp; Hyg&nbsp; Med&nbsp; 2015; 40 &#8211; 12<br><br><a href=\"https:\/\/www.krankenhaushygiene.de\/pdfdata\/leitlinien\/rlt-anlagen_d_gelb.pdf\" target=\"_blank\" rel=\"noreferrer noopener\">7<\/a>) Deutsche&nbsp; Gesellschaft&nbsp; f\u00fcr&nbsp; Krankenhaushygiene&nbsp; (2002)&nbsp; Leitlinienentwurf:&nbsp; Ausf\u00fchrung&nbsp; und Betrieb von raumlufttechnischen Anlagen (RLT-Anlagen) in Krankenh\u00e4usern. Hyg Med 27. Jahrgang 2002 \u2013 Heft 3<br><br><a href=\"https:\/\/smartairfilters.com\/en\/blog\/can-hepa-filters-capture-nanoparticles\/\" target=\"_blank\" rel=\"noreferrer noopener\">8<\/a>) Robertson, P. (2019, 20. August)&nbsp; Can HEPA Filters Capture Nanoparticles? Clean Air Blog. https:\/\/smartairfilters.com\/en\/blog\/can-hepa-filters-capture-nanoparticles\/<br><br><a href=\"https:\/\/smartairfilters.com\/en\/blog\/can-air-purifiers-remove-filter-out-coronavirus\/\" target=\"_blank\" rel=\"noreferrer noopener\">9<\/a>) Robertson, P. (2021, 01. Januar) Can HEPA Filters and Air Purifiers Capture the Coronavirus? Clean Air Blog. https:\/\/smartairfilters.com\/en\/blog\/can-air-purifiers-remove-filter-out-coronavirus\/<br><br><a href=\"https:\/\/ntrs.nasa.gov\/api\/citations\/20170005166\/downloads\/20170005166.pdf\" target=\"_blank\" rel=\"noreferrer noopener\">10<\/a>) Perry, J. L., Agui, J. H., &amp; Vijayakimar, R. (2016). Submicron and nanoparticulate matter removal by HEPA-rated media filters and packed beds of granular materials.. Online abgerufen von: https:\/\/ntrs.nasa.gov\/api\/citations\/20170005166\/downloads\/20170005166.pdf (zuletzt abgerufen am 18.02.2021)<br><br><a href=\"https:\/\/www.researchgate.net\/publication\/286967555_Airborne_respiratory_diseases_and_mechanical_systems_for_control_of_microbes\" rel='nofollow'>11<\/a>) Kowalski, W. J., &amp; Bahnfleth, W. P. (1998). Airborne respiratory diseases and mechanical systems for control of microbes. HPAC Heating, Piping, Air Conditioning, 70(7).<br><br><a href=\"https:\/\/smartairfilters.com\/en\/blog\/uv-light-air-purifiers-effective-kill-disinfect-virus\/\" target=\"_blank\" rel=\"noreferrer noopener\">12<\/a>) Johnmin. (2020, 02. August). How do UV Light Air Purifiers Work and Can They Kill Viruses? Clean Air Blog. https:\/\/smartairfilters.com\/en\/blog\/uv-light-air-purifiers-effective-kill-disinfect-virus\/<br><br><a href=\"https:\/\/www.who.int\/news-room\/q-a-detail\/radiation-ultraviolet-(uv)\" target=\"_blank\" rel=\"noreferrer noopener\">13<\/a>) World Health Organization. (2016, 09. M\u00e4rz). Radiation: Ultraviolet (UV) radiation. https:\/\/www.who.int\/news-room\/q-a-detail\/radiation-ultraviolet-(uv)<br><br><a href=\"https:\/\/www.epa.gov\/sites\/production\/files\/2018-07\/documents\/residential_air_cleaners_-_a_technical_summary_3rd_edition.pdf\" target=\"_blank\" rel=\"noreferrer noopener\">14<\/a>) United States Environmental Protection Agency. (2018). Residential Air Cleaners &#8211; A Technical Summary (EPA 402-F-09-002).. Online abgerufen von: https:\/\/www.epa.gov\/sites\/production\/files\/2018-07\/documents\/residential_air_cleaners_-_a_technical_summary_3rd_edition.pdf<br><br><a href=\"https:\/\/www.cdc.gov\/infectioncontrol\/pdf\/guidelines\/environmental-guidelines-P.pdf\" target=\"_blank\" rel=\"noreferrer noopener\">15<\/a>) Centers for Disease Control and Prevention (CDC). (2019). Guidelines for Environmental Infection Control in Health-Care Facilities. Online abgerufen von: https:\/\/www.cdc.gov\/infectioncontrol\/pdf\/guidelines\/environmental-guidelines-P.pdf<br><br><a href=\"https:\/\/www.ncbi.nlm.nih.gov\/pmc\/articles\/PMC3382390\/\" target=\"_blank\" rel=\"noreferrer noopener\">16<\/a>) Medical Advisory Secretariat. (2005). Air cleaning technologies: an evidence-based analysis. Ontario health technology assessment series, 5(17), 1.<\/p>\n\n\n\n<div style=\"height:51px\" aria-hidden=\"true\" class=\"wp-block-spacer\"><\/div>\n\n\n\n<p><\/p>\n<div class=\"shariff\"><ul class=\"shariff-buttons theme-default orientation-horizontal buttonsize-medium\"><li class=\"shariff-button facebook shariff-nocustomcolor\" style=\"background-color:#4273c8\"><a href=\"https:\/\/www.facebook.com\/sharer\/sharer.php?u=https%3A%2F%2Fwww.hsu-hh.de%2Flts%2Fde%2Fluftreiniger%2F\" title=\"Bei Facebook teilen\" aria-label=\"Bei Facebook teilen\" role=\"button\" rel=\"nofollow\" class=\"shariff-link\" style=\"; background-color:#3b5998; color:#fff\" target=\"_blank\"><span class=\"shariff-icon\" style=\"\"><svg width=\"32px\" height=\"20px\" xmlns=\"http:\/\/www.w3.org\/2000\/svg\" viewBox=\"0 0 18 32\"><path fill=\"#3b5998\" d=\"M17.1 0.2v4.7h-2.8q-1.5 0-2.1 0.6t-0.5 1.9v3.4h5.2l-0.7 5.3h-4.5v13.6h-5.5v-13.6h-4.5v-5.3h4.5v-3.9q0-3.3 1.9-5.2t5-1.8q2.6 0 4.1 0.2z\"\/><\/svg><\/span><span class=\"shariff-text\">teilen<\/span>&nbsp;<\/a><\/li><li class=\"shariff-button twitter shariff-nocustomcolor\" style=\"background-color:#595959\"><a href=\"https:\/\/twitter.com\/share?url=https%3A%2F%2Fwww.hsu-hh.de%2Flts%2Fde%2Fluftreiniger%2F&text=Kosteneffiziente%20Luftreiniger%20gegen%20Corona\" title=\"Bei X teilen\" aria-label=\"Bei X teilen\" role=\"button\" rel=\"noopener nofollow\" class=\"shariff-link\" style=\"; background-color:#000; color:#fff\" target=\"_blank\"><span class=\"shariff-icon\" style=\"\"><svg width=\"32px\" height=\"20px\" xmlns=\"http:\/\/www.w3.org\/2000\/svg\" viewBox=\"0 0 24 24\"><path fill=\"#000\" d=\"M14.258 10.152L23.176 0h-2.113l-7.747 8.813L7.133 0H0l9.352 13.328L0 23.973h2.113l8.176-9.309 6.531 9.309h7.133zm-2.895 3.293l-.949-1.328L2.875 1.56h3.246l6.086 8.523.945 1.328 7.91 11.078h-3.246zm0 0\"\/><\/svg><\/span><span class=\"shariff-text\">teilen<\/span>&nbsp;<\/a><\/li><\/ul><\/div>","protected":false},"excerpt":{"rendered":"<p>Immer mehr Experten fordern den Einsatz von Luftreinigern mit HEPA Filtern, um der Verbreitung des Corona Virus entgegenzuwirken. Insbesondere Einrichtungen mit einem schlechten Bel\u00fcftungssystem und hoher Belegungsdichte werden mit verschiedenen [&hellip;]<\/p>\n","protected":false},"author":2518,"featured_media":1153,"parent":0,"menu_order":0,"comment_status":"closed","ping_status":"closed","template":"","meta":{"footnotes":""},"categories":[4],"tags":[],"class_list":["post-1116","page","type-page","status-publish","has-post-thumbnail","hentry","category-forschung"],"_links":{"self":[{"href":"https:\/\/www.hsu-hh.de\/lts\/wp-json\/wp\/v2\/pages\/1116","targetHints":{"allow":["GET"]}}],"collection":[{"href":"https:\/\/www.hsu-hh.de\/lts\/wp-json\/wp\/v2\/pages"}],"about":[{"href":"https:\/\/www.hsu-hh.de\/lts\/wp-json\/wp\/v2\/types\/page"}],"author":[{"embeddable":true,"href":"https:\/\/www.hsu-hh.de\/lts\/wp-json\/wp\/v2\/users\/2518"}],"replies":[{"embeddable":true,"href":"https:\/\/www.hsu-hh.de\/lts\/wp-json\/wp\/v2\/comments?post=1116"}],"version-history":[{"count":19,"href":"https:\/\/www.hsu-hh.de\/lts\/wp-json\/wp\/v2\/pages\/1116\/revisions"}],"predecessor-version":[{"id":2113,"href":"https:\/\/www.hsu-hh.de\/lts\/wp-json\/wp\/v2\/pages\/1116\/revisions\/2113"}],"wp:featuredmedia":[{"embeddable":true,"href":"https:\/\/www.hsu-hh.de\/lts\/wp-json\/wp\/v2\/media\/1153"}],"wp:attachment":[{"href":"https:\/\/www.hsu-hh.de\/lts\/wp-json\/wp\/v2\/media?parent=1116"}],"wp:term":[{"taxonomy":"category","embeddable":true,"href":"https:\/\/www.hsu-hh.de\/lts\/wp-json\/wp\/v2\/categories?post=1116"},{"taxonomy":"post_tag","embeddable":true,"href":"https:\/\/www.hsu-hh.de\/lts\/wp-json\/wp\/v2\/tags?post=1116"}],"curies":[{"name":"wp","href":"https:\/\/api.w.org\/{rel}","templated":true}]}}