{"id":9,"date":"2016-06-07T18:09:30","date_gmt":"2016-06-07T16:09:30","guid":{"rendered":"https:\/\/webbox.hsu-hh.de\/vorlage\/?page_id=9"},"modified":"2019-11-12T13:14:11","modified_gmt":"2019-11-12T12:14:11","slug":"impressum","status":"publish","type":"page","link":"https:\/\/www.hsu-hh.de\/lsm\/impressum","title":{"rendered":"Impressum"},"content":{"rendered":"<h2>Angaben gem. \u00a7 5 Telemediengesetz<\/h2>\n<p><strong>Herausgeber<\/strong><br \/>\n<abbr title=\"Universit\u00e4tsprofessor\">Univ.-Prof.<\/abbr> <abbr title=\"Doktor der Ingenieurwissenschaften\">Dr.-Ing.<\/abbr> Markus Schatz<br \/>\nProfessur f\u00fcr Str\u00f6mungsmaschinen in der Energietechnik<br \/>\nHelmut-Schmidt-Universit\u00e4t<br \/>\nUniversit\u00e4t der Bundeswehr Hamburg<br \/>\nHolstenhofweg 85<br \/>\n22043 Hamburg<\/p>\n<p><strong>Telefon<\/strong><br \/>\n(0 40) 65 41 &#8211; 27 25<\/p>\n<p><strong>Telefax<\/strong><br \/>\n(040) 6541-2436<\/p>\n<p><strong>E-Mail<\/strong><br \/>\n<a href=\"mailto:joos@hsu-hh.de\" rel='nofollow'>schatz(at)hsu-hh.de<\/a><\/p>\n<p><strong>Inhaltlich Verantwortliche gem\u00e4\u00df \u00a7 7 Telemediengesetz<\/strong><br \/>\n<abbr title=\"Universit\u00e4tsprofessor\">Univ.-Prof.<\/abbr> <abbr title=\"Doktor der Ingenieurwissenschaften\">Dr.-Ing.<\/abbr> Markus Schatz<\/p>\n<p><strong>Haftungsausschluss:<\/strong><\/p>\n<p>Trotz sorgf\u00e4ltiger inhaltlicher Kontrolle \u00fcbernehmen wir keine Haftung f\u00fcr die Richtigkeit, Vollst\u00e4ndigkeit und Aktualit\u00e4t unserer Webseiten sowie f\u00fcr die Inhalte externer Links. F\u00fcr den Inhalt der verlinkten Seiten sind ausschlie\u00dflich deren Betreiber verantwortlich.<\/p>\n<p><strong>Urheberrechtsvermerk:<\/strong><\/p>\n<p>Das Layout, s\u00e4mtliche Grafiken und Fotos sowie die Textbeitr\u00e4ge sind urheberrechtlich gesch\u00fctzt. Es gelten die gesetzlichen Bestimmungen. \u00c4nderungen d\u00fcrfen nicht vorgenommen werden. Bei Anfragen wenden Sie sich an den auf den jeweiligen Seiten erkenntlichen Autor.<\/p>\n","protected":false},"excerpt":{"rendered":"<p>Angaben gem. \u00a7 5 Telemediengesetz Herausgeber Univ.-Prof. Dr.-Ing. Markus Schatz Professur f\u00fcr Str\u00f6mungsmaschinen in der Energietechnik Helmut-Schmidt-Universit\u00e4t Universit\u00e4t der Bundeswehr Hamburg Holstenhofweg 85 22043 Hamburg Telefon (0 40) 65 41 [&hellip;]<\/p>\n","protected":false},"author":1,"featured_media":0,"parent":0,"menu_order":0,"comment_status":"closed","ping_status":"closed","template":"","meta":{"footnotes":""},"categories":[],"tags":[],"class_list":["post-9","page","type-page","status-publish","hentry"],"_links":{"self":[{"href":"https:\/\/www.hsu-hh.de\/lsm\/wp-json\/wp\/v2\/pages\/9","targetHints":{"allow":["GET"]}}],"collection":[{"href":"https:\/\/www.hsu-hh.de\/lsm\/wp-json\/wp\/v2\/pages"}],"about":[{"href":"https:\/\/www.hsu-hh.de\/lsm\/wp-json\/wp\/v2\/types\/page"}],"author":[{"embeddable":true,"href":"https:\/\/www.hsu-hh.de\/lsm\/wp-json\/wp\/v2\/users\/1"}],"replies":[{"embeddable":true,"href":"https:\/\/www.hsu-hh.de\/lsm\/wp-json\/wp\/v2\/comments?post=9"}],"version-history":[{"count":5,"href":"https:\/\/www.hsu-hh.de\/lsm\/wp-json\/wp\/v2\/pages\/9\/revisions"}],"predecessor-version":[{"id":1209,"href":"https:\/\/www.hsu-hh.de\/lsm\/wp-json\/wp\/v2\/pages\/9\/revisions\/1209"}],"wp:attachment":[{"href":"https:\/\/www.hsu-hh.de\/lsm\/wp-json\/wp\/v2\/media?parent=9"}],"wp:term":[{"taxonomy":"category","embeddable":true,"href":"https:\/\/www.hsu-hh.de\/lsm\/wp-json\/wp\/v2\/categories?post=9"},{"taxonomy":"post_tag","embeddable":true,"href":"https:\/\/www.hsu-hh.de\/lsm\/wp-json\/wp\/v2\/tags?post=9"}],"curies":[{"name":"wp","href":"https:\/\/api.w.org\/{rel}","templated":true}]}}