{"id":543,"date":"2018-03-13T11:10:29","date_gmt":"2018-03-13T10:10:29","guid":{"rendered":"https:\/\/www.hsu-hh.de\/lsm\/?page_id=543"},"modified":"2019-11-14T14:36:19","modified_gmt":"2019-11-14T13:36:19","slug":"literatur-dissertationen","status":"publish","type":"page","link":"https:\/\/www.hsu-hh.de\/lsm\/literatur-dissertationen","title":{"rendered":"Dissertationen"},"content":{"rendered":"<p><a id=\"d_SA\" rel='nofollow'><\/a><\/p>\n<h3>2017-2010<\/h3>\n<h3><a id=\"d_jw2010\" rel='nofollow'><\/a>Jahresauswahl:<\/h3>\n<ul>\n<li><a href=\"#d_2017\" rel='nofollow'>2017<\/a>, <a href=\"#d_2015\" rel='nofollow'>2015<\/a>, <a href=\"#d_2014\" rel='nofollow'>2014<\/a>, <a href=\"#d_2013\" rel='nofollow'>2013<\/a>, <a href=\"#d_2012\" rel='nofollow'>2012<\/a>, <a href=\"#d_2011\" rel='nofollow'>2011<\/a><\/li>\n<\/ul>\n<h2><a id=\"d_2017\" rel='nofollow'><\/a>2017:<a href=\"#d_jw2010\" rel='nofollow'><img loading=\"lazy\" decoding=\"async\" class=\"alignright wp-image-625 size-full\" src=\"https:\/\/www.hsu-hh.de\/lsm\/wp-content\/uploads\/sites\/733\/2018\/02\/zum_Accordionanfang.gif\" alt=\"zur Jahresauswahl\" width=\"26\" height=\"14\" data-credit=\"\" \/><\/a><\/h2>\n<p><strong>Neupert, N.:<\/strong><\/p>\n<ul>\n<li>Experimentelle Untersuchung einer tropfenbeladenen Str\u00f6mung in einer Ebenen Verdichterkaskade, 2018<\/li>\n<\/ul>\n<h2><strong> <a id=\"d_2015\" rel='nofollow'><\/a>2015:<a href=\"#d_jw2010\" rel='nofollow'><img loading=\"lazy\" decoding=\"async\" class=\"alignright wp-image-625 size-full\" src=\"https:\/\/www.hsu-hh.de\/lsm\/wp-content\/uploads\/sites\/733\/2018\/02\/zum_Accordionanfang.gif\" alt=\"zur Jahresauswahl\" width=\"26\" height=\"14\" \/><\/a><\/strong><\/h2>\n<p><strong>Moser, N.:<\/strong><\/p>\n<ul>\n<li>Experimentelle und numeroische Untersuchung des Einflusses von rotationssymmetrischen Seitenwandkonturen auf die Str\u00f6mung in Regelstufen von Dampfturbinen, 2015<\/li>\n<\/ul>\n<p>&nbsp;<\/p>\n<h2><strong><a id=\"d_2014\" rel='nofollow'><\/a>2014:<a href=\"#d_jw2010\" rel='nofollow'><img loading=\"lazy\" decoding=\"async\" class=\"alignright wp-image-625 size-full\" src=\"https:\/\/www.hsu-hh.de\/lsm\/wp-content\/uploads\/sites\/733\/2018\/02\/zum_Accordionanfang.gif\" alt=\"zur Jahresauswahl\" width=\"26\" height=\"14\" \/><\/a><\/strong><\/h2>\n<p><strong>Ulmer, C. S.:<\/strong><\/p>\n<ul>\n<li><a href=\"http:\/\/edoc.sub.uni-hamburg.de\/hsu\/volltexte\/2015\/3096\/\" rel='nofollow'>Numerische Simulation turbulenter reaktiver Str\u00f6mungen mittels PDF-Transportgleichung unter Einbindung von Grafikprozessoren und adaptiver Tabellierung chemischer Reaktionen<\/a>, 2014<\/li>\n<\/ul>\n<p>&nbsp;<\/p>\n<p><strong>Clari, M. B.:<\/strong><\/p>\n<ul>\n<li><a href=\"http:\/\/edoc.sub.uni-hamburg.de\/hsu\/volltexte\/2014\/3079\/\" rel='nofollow'>Untersuchung von instation\u00e4ren Str\u00f6mungsabl\u00f6sungen in den Diffusoren von Regelungsventilen von Dampfturbinen<\/a>, 2014<\/li>\n<\/ul>\n<p>&nbsp;<\/p>\n<h2><strong><a id=\"d_2013\" rel='nofollow'><\/a>2013:<a href=\"#d_jw2010\" rel='nofollow'><img loading=\"lazy\" decoding=\"async\" class=\"alignright wp-image-625 size-full\" src=\"https:\/\/www.hsu-hh.de\/lsm\/wp-content\/uploads\/sites\/733\/2018\/02\/zum_Accordionanfang.gif\" alt=\"zur Jahresauswahl\" width=\"26\" height=\"14\" \/><\/a><\/strong><\/h2>\n<p><strong>Ober B.:<\/strong><\/p>\n<ul>\n<li><a href=\"http:\/\/edoc.sub.uni-hamburg.de\/hsu\/volltexte\/2013\/3032\/\" rel='nofollow'>Experimental investigation on the Aerodynamic Performance of a Compressor Cascade in Droplet Laden Flow<\/a>, 2013<\/li>\n<\/ul>\n<p>&nbsp;<\/p>\n<h2><strong><a id=\"d_2012\" rel='nofollow'><\/a>2012:<a href=\"#d_jw2010\" rel='nofollow'><img loading=\"lazy\" decoding=\"async\" class=\"alignright wp-image-625 size-full\" src=\"https:\/\/www.hsu-hh.de\/lsm\/wp-content\/uploads\/sites\/733\/2018\/02\/zum_Accordionanfang.gif\" alt=\"zur Jahresauswahl\" width=\"26\" height=\"14\" \/><\/a><\/strong><\/h2>\n<p><strong>Nowakowski T.:<\/strong><\/p>\n<ul>\n<li>Verbrennungsverhalten regenerativer Gase unter gasturbinentypischen Bedingungen, 2012<\/li>\n<\/ul>\n<p>&nbsp;<\/p>\n<p><strong>Grosse L.F.:<br \/>\n<\/strong><\/p>\n<ul>\n<li><a href=\"http:\/\/edoc.sub.uni-hamburg.de\/hsu\/volltexte\/2012\/2999\/\" rel='nofollow'>Simulation von turbulenten, reaktiven Brennkammerstr\u00f6mungen mit Nutzung von k\u00fcnstlichen neuronalen Netzen zur Beschreibung der chemischen Reaktionskinetik<\/a>, 2012<\/li>\n<\/ul>\n<p>&nbsp;<\/p>\n<h2><strong><a id=\"d_2011\" rel='nofollow'><\/a>2011:<a href=\"#d_jw2010\" rel='nofollow'><img loading=\"lazy\" decoding=\"async\" class=\"alignright wp-image-625 size-full\" src=\"https:\/\/www.hsu-hh.de\/lsm\/wp-content\/uploads\/sites\/733\/2018\/02\/zum_Accordionanfang.gif\" alt=\"zur Jahresauswahl\" width=\"26\" height=\"14\" \/><\/a><\/strong><\/h2>\n<p><strong>Eisfeld T.:<\/strong><\/p>\n<ul>\n<li><a href=\"http:\/\/edoc.sub.uni-hamburg.de\/hsu\/volltexte\/2012\/2955\/\" rel='nofollow'>Experimentelle Untersuchung der Aerodynamik einer mit Wassertropfen beladenen Luftstr\u00f6mung in einem ebenen Verdichtergitter<\/a>, 2011<\/li>\n<\/ul>\n<h3>2009-2000<\/h3>\n<h3><a id=\"d_jw2000\" rel='nofollow'><\/a>Jahresauswahl:<\/h3>\n<ul>\n<li><a href=\"#d_2008\" rel='nofollow'>2008<\/a>, <a href=\"#d_2007\" rel='nofollow'>2007<\/a>, <a href=\"#d_2005\" rel='nofollow'>2005<\/a>, <a href=\"#d_2003\" rel='nofollow'>2003<\/a>, <a href=\"#d_2000\" rel='nofollow'>2000<\/a><\/li>\n<\/ul>\n<p>&nbsp;<\/p>\n<h2><strong><a id=\"d_2008\" rel='nofollow'><\/a>2008:<a href=\"#d_jw2000\" rel='nofollow'><img loading=\"lazy\" decoding=\"async\" class=\"alignright wp-image-625 size-full\" src=\"https:\/\/www.hsu-hh.de\/lsm\/wp-content\/uploads\/sites\/733\/2018\/02\/zum_Accordionanfang.gif\" alt=\"zur Jahresauswahl\" width=\"26\" height=\"14\" \/><\/a><\/strong><\/h2>\n<p><strong>W\u00e4chter, Christian:<\/strong><\/p>\n<ul>\n<li><a href=\"http:\/\/edoc.sub.uni-hamburg.de\/hsu\/volltexte\/2008\/1411\/\" rel='nofollow'>Modellierung, Regelung und Simulation des Betriebsverhaltens eines <abbr title=\"Solid Oxide Fuel Cell\">SOFC<\/abbr>\/GT-Hybridkraftwerks<\/a>, 2008<\/li>\n<\/ul>\n<p>&nbsp;<\/p>\n<h2><strong><a id=\"d_2007\" rel='nofollow'><\/a>2007:<a href=\"#d_jw2000\" rel='nofollow'><img loading=\"lazy\" decoding=\"async\" class=\"alignright wp-image-625 size-full\" src=\"https:\/\/www.hsu-hh.de\/lsm\/wp-content\/uploads\/sites\/733\/2018\/02\/zum_Accordionanfang.gif\" alt=\"zur Jahresauswahl\" width=\"26\" height=\"14\" \/><\/a><\/strong><\/h2>\n<p><strong>Harder, Sebastian:<\/strong><\/p>\n<ul>\n<li><a href=\"http:\/\/edoc.sub.uni-hamburg.de\/hsu\/volltexte\/2007\/990\/\" rel='nofollow'>Lagrange-Monte-Carlo-PDF Simulation zur Beschreibung turbulenter, reaktiver Brennkammerstr\u00f6mungen<\/a>, 2007<\/li>\n<\/ul>\n<p>&nbsp;<\/p>\n<p><strong>Matysiak, Andreas:<\/strong><\/p>\n<ul>\n<li><a href=\"http:\/\/edoc.sub.uni-hamburg.de\/hsu\/volltexte\/2007\/1081\/\" rel='nofollow'>Euler-Lagrange Verfahren zur Simulation tropfenbeladener Str\u00f6mung in einem Verdichtergitter<\/a>, 2007<\/li>\n<\/ul>\n<p>&nbsp;<\/p>\n<p><strong>Ulrichs, Enno:<\/strong><\/p>\n<ul>\n<li><a href=\"http:\/\/edoc.sub.uni-hamburg.de\/hsu\/volltexte\/2007\/1083\/\" rel='nofollow'>Experimental investigations into the behavior and influence of water droplets in a compressor cascade flow<\/a>, 2007<\/li>\n<\/ul>\n<p>&nbsp;<\/p>\n<h2><strong><a id=\"d_2005\" rel='nofollow'><\/a>2005:<a href=\"#d_jw2000\" rel='nofollow'><img loading=\"lazy\" decoding=\"async\" class=\"alignright wp-image-625 size-full\" src=\"https:\/\/www.hsu-hh.de\/lsm\/wp-content\/uploads\/sites\/733\/2018\/02\/zum_Accordionanfang.gif\" alt=\"zur Jahresauswahl\" width=\"26\" height=\"14\" \/><\/a><\/strong><\/h2>\n<p><strong>Putra, Alexin:<\/strong><\/p>\n<ul>\n<li><a href=\"http:\/\/edoc.sub.uni-hamburg.de\/hsu\/volltexte\/2005\/510\/\" rel='nofollow'>Untersuchungen zur Sekund\u00e4rstr\u00f6mung eines radialen Turbinengitters<\/a>, 2005<\/li>\n<\/ul>\n<p>&nbsp;<\/p>\n<h2><strong><a id=\"d_2003\" rel='nofollow'><\/a>2003:<a href=\"#d_jw2000\" rel='nofollow'><img loading=\"lazy\" decoding=\"async\" class=\"alignright wp-image-625 size-full\" src=\"https:\/\/www.hsu-hh.de\/lsm\/wp-content\/uploads\/sites\/733\/2018\/02\/zum_Accordionanfang.gif\" alt=\"zur Jahresauswahl\" width=\"26\" height=\"14\" \/><\/a><\/strong><\/h2>\n<p><strong>Krake, Andreas:<\/strong><\/p>\n<ul>\n<li>Experimentelle Untersuchung des Geschwindigkeitsfeldes im Arbeitskanal eines Seitenkanalverdichters, 2003.<\/li>\n<\/ul>\n<p>&nbsp;<\/p>\n<h2><strong><a id=\"d_2000\" rel='nofollow'><\/a>2000:<a href=\"#d_jw2000\" rel='nofollow'><img loading=\"lazy\" decoding=\"async\" class=\"alignright wp-image-625 size-full\" src=\"https:\/\/www.hsu-hh.de\/lsm\/wp-content\/uploads\/sites\/733\/2018\/02\/zum_Accordionanfang.gif\" alt=\"zur Jahresauswahl\" width=\"26\" height=\"14\" \/><\/a><\/strong><\/h2>\n<p><strong>zur Nieden, Henning:<\/strong><\/p>\n<ul>\n<li>Anpassung der Gas-Pfad-Analyse an Erfordernisse der Diagnose einer milit\u00e4rischen Flugtriebwerksflotte, 2000.<\/li>\n<\/ul>\n<p>&nbsp;<\/p>\n<p><strong>Andrick, Oliver:<\/strong><\/p>\n<ul>\n<li>Anwendung optischer und konventioneller Messverfahren zur Beurteilung von Temperaturinhomogeni\u00e4ten im Abgasstrahl eines Wellenleistungstriebwerks, 2000<\/li>\n<\/ul>\n<p>&nbsp;<\/p>\n<p><strong>H\u00f6ben-St\u00f6rmer:<\/strong><\/p>\n<ul>\n<li>Thermodynamische Zustandsdiagnose einer Gasturbinenanlage mit rekuperativer W\u00e4rmer\u00fcckgewinnung, 2000.<\/li>\n<\/ul>\n<h3>1999-1990<\/h3>\n<p><a id=\"d_jw1990\" rel='nofollow'><\/a>Jahresauswahl:<\/p>\n<ul>\n<li><a href=\"#d_1998\" rel='nofollow'>1998<\/a>, <a href=\"#d_1997\" rel='nofollow'>1997<\/a>, <a href=\"#d_1996\" rel='nofollow'>1996<\/a>, <a href=\"#d_1994\" rel='nofollow'>1994<\/a>, <a href=\"#d_1993\" rel='nofollow'>1993<\/a>, <a href=\"#d_1992\" rel='nofollow'>1992<\/a>, <a href=\"#d_1991\" rel='nofollow'>1991<\/a><\/li>\n<\/ul>\n<p>&nbsp;<\/p>\n<h2><strong><a id=\"d_1998\" rel='nofollow'><\/a>1998:<a href=\"#d_jw1990\" rel='nofollow'><img loading=\"lazy\" decoding=\"async\" class=\"alignright wp-image-625 size-full\" src=\"https:\/\/www.hsu-hh.de\/lsm\/wp-content\/uploads\/sites\/733\/2018\/02\/zum_Accordionanfang.gif\" alt=\"zur Jahresauswahl\" width=\"26\" height=\"14\" \/><\/a><\/strong><\/h2>\n<p><strong>Jakiel, Christoph:<\/strong><\/p>\n<ul>\n<li>Vermessung der r\u00e4umlichen Str\u00f6mung eines ebenen Turbinengitters mittels drucksensitiver Lumineszenzfarbstoffe und Rayleigh-Streulicht, 1998.<\/li>\n<\/ul>\n<p>&nbsp;<\/p>\n<h2><strong><a id=\"d_1997\" rel='nofollow'><\/a>1997:<a href=\"#d_jw1990\" rel='nofollow'><img loading=\"lazy\" decoding=\"async\" class=\"alignright wp-image-625 size-full\" src=\"https:\/\/www.hsu-hh.de\/lsm\/wp-content\/uploads\/sites\/733\/2018\/02\/zum_Accordionanfang.gif\" alt=\"zur Jahresauswahl\" width=\"26\" height=\"14\" \/><\/a><\/strong><\/h2>\n<p><strong>Schultz, Karl-Ferdinand:<\/strong><\/p>\n<ul>\n<li>Experimentelle Untersuchung des Str\u00f6mungsfeldes eines radialen Turbinenleitgitters im transsonischen Geschwindigkeitsbereich, 1997.<\/li>\n<\/ul>\n<p>&nbsp;<\/p>\n<h2><strong><a id=\"d_1996\" rel='nofollow'><\/a>1996:<a href=\"#d_jw1990\" rel='nofollow'><img loading=\"lazy\" decoding=\"async\" class=\"alignright wp-image-625 size-full\" src=\"https:\/\/www.hsu-hh.de\/lsm\/wp-content\/uploads\/sites\/733\/2018\/02\/zum_Accordionanfang.gif\" alt=\"zur Jahresauswahl\" width=\"26\" height=\"14\" \/><\/a><\/strong><\/h2>\n<p><strong>Eisenberg, Bernhard:<\/strong><\/p>\n<ul>\n<li>Theoretische und experimentelle Untersuchungen zur Auslegung der Repitierstufe eines modernen Industrie- Axialkompressors, 1996.<\/li>\n<\/ul>\n<p>&nbsp;<\/p>\n<p><strong>Berghaus, Holger:<\/strong><\/p>\n<ul>\n<li>Diagnose mit der GPA an einer Gasturbine und einem Flugtriebwerk, 1996.<\/li>\n<\/ul>\n<p>&nbsp;<\/p>\n<p><strong>Sieber, Olaf:<\/strong><\/p>\n<ul>\n<li>Quantitative Dichtefeldmessung mit Rayleigh-Streulicht am Laufschaufelprofil VKI-1 und Vergleich mit einer numerischen Simulation, 1996.<\/li>\n<\/ul>\n<p>&nbsp;<\/p>\n<h2><strong><a id=\"d_1994\" rel='nofollow'><\/a>1994:<a href=\"#d_jw1990\" rel='nofollow'><img loading=\"lazy\" decoding=\"async\" class=\"alignright wp-image-625 size-full\" src=\"https:\/\/www.hsu-hh.de\/lsm\/wp-content\/uploads\/sites\/733\/2018\/02\/zum_Accordionanfang.gif\" alt=\"zur Jahresauswahl\" width=\"26\" height=\"14\" \/><\/a><\/strong><\/h2>\n<p><strong>Vo\u00df, Heinrich:<\/strong><\/p>\n<ul>\n<li>Beanspruchungsanalyse der hinteren Stufen von Industrie- Axialverdichtern, 1994.<\/li>\n<\/ul>\n<p>&nbsp;<\/p>\n<h2><strong><a id=\"d_1993\" rel='nofollow'><\/a>1993:<a href=\"#d_jw1990\" rel='nofollow'><img loading=\"lazy\" decoding=\"async\" class=\"alignright wp-image-625 size-full\" src=\"https:\/\/www.hsu-hh.de\/lsm\/wp-content\/uploads\/sites\/733\/2018\/02\/zum_Accordionanfang.gif\" alt=\"zur Jahresauswahl\" width=\"26\" height=\"14\" \/><\/a><\/strong><\/h2>\n<p><strong>Ni, Jung-Ren:<\/strong><\/p>\n<ul>\n<li>Experimentelle Untersuchungen \u00fcber instation\u00e4re Diffusorstr\u00f6mungen im Radialverdichter, 1993.<\/li>\n<\/ul>\n<p>&nbsp;<\/p>\n<h2><strong><a id=\"d_1992\" rel='nofollow'><\/a>1992:<a href=\"#d_jw1990\" rel='nofollow'><img loading=\"lazy\" decoding=\"async\" class=\"alignright wp-image-625 size-full\" src=\"https:\/\/www.hsu-hh.de\/lsm\/wp-content\/uploads\/sites\/733\/2018\/02\/zum_Accordionanfang.gif\" alt=\"zur Jahresauswahl\" width=\"26\" height=\"14\" \/><\/a><\/strong><\/h2>\n<p><strong>Schmidt, K.-J.:<br \/>\n<\/strong><\/p>\n<ul>\n<li>Experimentelle und theoretische Untersuchungen zum instationaren Betriebsverhalten von Gasturbinentriebwerken, 1992.<\/li>\n<\/ul>\n<p>&nbsp;<\/p>\n<p><strong>Schmidt, R.-G.:<br \/>\n<\/strong><\/p>\n<ul>\n<li>Experimentelle und theoretische Untersuchungen zur realen Expansion in einer mehrstufigen Na\u00dfdampfturbine, 1992.<\/li>\n<\/ul>\n<p>&nbsp;<\/p>\n<p><strong>Sch\u00f6lch, Michael:<br \/>\n<\/strong><\/p>\n<ul>\n<li>Beschreibung des Teillastverhaltens einer Radialturbine durch Mittenschnitt- und Mehrschnittrechnung, 1992.<\/li>\n<\/ul>\n<p>&nbsp;<\/p>\n<h2><strong><a id=\"d_1991\" rel='nofollow'><\/a>1991:<a href=\"#d_jw1990\" rel='nofollow'><img loading=\"lazy\" decoding=\"async\" class=\"alignright wp-image-625 size-full\" src=\"https:\/\/www.hsu-hh.de\/lsm\/wp-content\/uploads\/sites\/733\/2018\/02\/zum_Accordionanfang.gif\" alt=\"zur Jahresauswahl\" width=\"26\" height=\"14\" \/><\/a><\/strong><\/h2>\n<p><strong>Kurz, Rainer:<br \/>\n<\/strong><\/p>\n<ul>\n<li>Experimentelle und theoretische Untersuchungen an gleichf\u00f6rmig und ungleichf\u00f6rmig geteilten Turbinengittern, 1991.<\/li>\n<\/ul>\n<h3>1989-1983<\/h3>\n<p><a id=\"d_jw1980\" rel='nofollow'><\/a>Jahresauswahl:<\/p>\n<ul>\n<li><a href=\"#d_1988\" rel='nofollow'>1988<\/a>, <a href=\"#d_1986\" rel='nofollow'>1986<\/a>, <a href=\"#d_1983\" rel='nofollow'>1983<\/a><\/li>\n<\/ul>\n<p>&nbsp;<\/p>\n<h2><strong><a id=\"d_1988\" rel='nofollow'><\/a>1988:<a href=\"#d_jw1980\" rel='nofollow'><img loading=\"lazy\" decoding=\"async\" class=\"alignright wp-image-625 size-full\" src=\"https:\/\/www.hsu-hh.de\/lsm\/wp-content\/uploads\/sites\/733\/2018\/02\/zum_Accordionanfang.gif\" alt=\"zur Jahresauswahl\" width=\"26\" height=\"14\" \/><\/a><\/strong><\/h2>\n<p><strong>Aust, Norbert:<\/strong><\/p>\n<ul>\n<li>Ein Verfahren zur digitalen Simulation instation\u00e4rer Vorg\u00e4nge in Verdichteranlagen, 1988.<\/li>\n<\/ul>\n<p>&nbsp;<\/p>\n<p><strong>Beinecke, Dieter:<\/strong><\/p>\n<ul>\n<li>Methode zur Vorausberechnung der Kennlinien von Radialverdichterstufen mit kleiner Durchflu\u00dfzahl, 1988.<\/li>\n<\/ul>\n<p>&nbsp;<\/p>\n<h2><strong><a id=\"d_1986\" rel='nofollow'><\/a>1986:<a href=\"#d_jw1980\" rel='nofollow'><img loading=\"lazy\" decoding=\"async\" class=\"alignright wp-image-625 size-full\" src=\"https:\/\/www.hsu-hh.de\/lsm\/wp-content\/uploads\/sites\/733\/2018\/02\/zum_Accordionanfang.gif\" alt=\"zur Jahresauswahl\" width=\"26\" height=\"14\" \/><\/a><\/strong><\/h2>\n<p><strong>Ha\u00df, J\u00fcrgen:<\/strong><\/p>\n<ul>\n<li>Verfahren zur Auswertung von Messungen instation\u00e4rer Vorg\u00e4nge an einem Gasturbinentriebwerk,1986.<\/li>\n<\/ul>\n<p>&nbsp;<\/p>\n<h2><strong><a id=\"d_1983\" rel='nofollow'><\/a>1983:<a href=\"#d_jw1980\" rel='nofollow'><img loading=\"lazy\" decoding=\"async\" class=\"alignright wp-image-625 size-full\" src=\"https:\/\/www.hsu-hh.de\/lsm\/wp-content\/uploads\/sites\/733\/2018\/02\/zum_Accordionanfang.gif\" alt=\"zur Jahresauswahl\" width=\"26\" height=\"14\" \/><\/a><\/strong><\/h2>\n<p><strong>Sugeng, Fredijanto:<\/strong><\/p>\n<ul>\n<li>Experimenteller Beitrag zur Bestimmung der Schaufelkr\u00e4fte bei instation\u00e4rer Gitterstr\u00f6mung, 1983.<\/li>\n<\/ul>\n","protected":false},"excerpt":{"rendered":"<p>2017-2010 Jahresauswahl: 2017, 2015, 2014, 2013, 2012, 2011 2017: Neupert, N.: Experimentelle Untersuchung einer tropfenbeladenen Str\u00f6mung in einer Ebenen Verdichterkaskade, 2018 2015: Moser, N.: Experimentelle und numeroische Untersuchung des Einflusses [&hellip;]<\/p>\n","protected":false},"author":139,"featured_media":0,"parent":0,"menu_order":0,"comment_status":"closed","ping_status":"closed","template":"","meta":{"footnotes":""},"categories":[90],"tags":[],"class_list":["post-543","page","type-page","status-publish","hentry","category-dissertationen"],"_links":{"self":[{"href":"https:\/\/www.hsu-hh.de\/lsm\/wp-json\/wp\/v2\/pages\/543","targetHints":{"allow":["GET"]}}],"collection":[{"href":"https:\/\/www.hsu-hh.de\/lsm\/wp-json\/wp\/v2\/pages"}],"about":[{"href":"https:\/\/www.hsu-hh.de\/lsm\/wp-json\/wp\/v2\/types\/page"}],"author":[{"embeddable":true,"href":"https:\/\/www.hsu-hh.de\/lsm\/wp-json\/wp\/v2\/users\/139"}],"replies":[{"embeddable":true,"href":"https:\/\/www.hsu-hh.de\/lsm\/wp-json\/wp\/v2\/comments?post=543"}],"version-history":[{"count":25,"href":"https:\/\/www.hsu-hh.de\/lsm\/wp-json\/wp\/v2\/pages\/543\/revisions"}],"predecessor-version":[{"id":1478,"href":"https:\/\/www.hsu-hh.de\/lsm\/wp-json\/wp\/v2\/pages\/543\/revisions\/1478"}],"wp:attachment":[{"href":"https:\/\/www.hsu-hh.de\/lsm\/wp-json\/wp\/v2\/media?parent=543"}],"wp:term":[{"taxonomy":"category","embeddable":true,"href":"https:\/\/www.hsu-hh.de\/lsm\/wp-json\/wp\/v2\/categories?post=543"},{"taxonomy":"post_tag","embeddable":true,"href":"https:\/\/www.hsu-hh.de\/lsm\/wp-json\/wp\/v2\/tags?post=543"}],"curies":[{"name":"wp","href":"https:\/\/api.w.org\/{rel}","templated":true}]}}