{"id":453,"date":"2018-02-08T14:55:22","date_gmt":"2018-02-08T13:55:22","guid":{"rendered":"https:\/\/www.hsu-hh.de\/lsm\/?page_id=453"},"modified":"2018-02-08T14:55:22","modified_gmt":"2018-02-08T13:55:22","slug":"lehre-studien_bachelor_masterarbeiten","status":"publish","type":"page","link":"https:\/\/www.hsu-hh.de\/lsm\/lehre-studien_bachelor_masterarbeiten","title":{"rendered":"Studien Bachelor Masterarbeiten"},"content":{"rendered":"<h3>Numerische Beurteilung des Einflusses der Profilpfeilung auf Sekund\u00e4rstr\u00f6mungen in einer Verdichterstatorpassage<\/h3>\n<p>Betrachtet man das Str\u00f6mungsfeld durch ein Verdichtergitter finden sich neben den Profilverlusten an der Schaufel selbst besonders in den Randbereichen, an Nabe und Geh\u00e4use, Quellen gro\u00dfen Verlustes. Hier treten Str\u00f6mungen quer zur Hauptstr\u00f6mung auf, die nicht am Druckaufbau partizipieren. Grund hierf\u00fcr ist das Zusammentreffen der Grenzschichten von Profil und Wand. Hier bilden sich Wirbelstrukturen, die Energie dissipieren und so ma\u00dfgeblich zu den Str\u00f6mungsverlusten beitragen. Diese Sekund\u00e4rstr\u00f6mungen sind vielf\u00e4ltig, waren in der Vergangenheit Gegenstand ausgiebiger Forschungen und sind heute gut verstanden. Dennoch m\u00fcssen sie im Bauteilentwurf immer neu betrachtet werden. Nur eine exakte Kenntnis dar\u00fcber wie und in welcher St\u00e4rke Sekund\u00e4rstr\u00f6mungen auftreten und miteinander interagieren kann in der weiteren Auslegung daf\u00fcr genutzt werden, die Geometrie anzupassen und so den Wirkungsgrad zu verbessern. Eine M\u00f6glichkeit zur Wirkungsgradsteigerung ist die Pfeilung der Schaufelprofile. Die reduzierte lokale Anstr\u00f6mgeschwindigkeit \u00e4ndert das Geschwindigkeitsgef\u00e4lle zur Seitenwand und beeinflusst so die Auspr\u00e4gung sekund\u00e4rer Str\u00f6mungsstrukturen.<\/p>\n<p>Ziel der Abschlussarbeit ist es durch Gegen\u00fcberstellung von Konfiguration mit gepfeilten und nicht-gepfeilten Schaufeln das Potential dieser Ma\u00dfnahme hinsichtlich Str\u00f6mungsverlusten zu bewerten.<\/p>\n<p>Dazu sind folgende Arbeiten zu erledigen:<\/p>\n<ul>\n<li>Literaturrecherche zu Sekund\u00e4rstr\u00f6mungen im Verdichter und deren Einfluss auf die Hauptstr\u00f6mung und Aerodynamik des Verdichtergitters<\/li>\n<li>Numerische Untersuchung (ANSYS CFX) eines Verdichtergitters mit Blockprofil und Seitenwandgrenzschichten<\/li>\n<li>Pfeilung der Schaufeln und Vergleich von Verlusten\/ Sekund\u00e4rstrukturen mit der Blockprofil-Konfiguration<\/li>\n<\/ul>\n<p>Die Ergebnisse der durchgef\u00fchrten Arbeiten sind zu dokumentieren, einzureichen und im Rahmen der Verteidigung zu pr\u00e4sentieren.<\/p>\n<ul>\n<li><strong>Vorkenntnisse:<\/strong><br \/>\n&#8211;<\/li>\n<li><strong>Beginn:<\/strong><br \/>\nsofort<\/li>\n<li><strong>Betreuung:<\/strong><br \/>\n<a href=\"https:\/\/www.hsu-hh.de\/lsm\/mitarbeiter-silvio-geist\">M. Sc. Silvio Geist<\/a><\/li>\n<\/ul>\n<p>&nbsp;<\/p>\n<h3>Turbinenk\u00fchlung (Literaturrecherche)<\/h3>\n<p>Um m\u00f6glichst hohe Turbineneintrittstemperaturen zu erm\u00f6glichen, werden die ersten Stufen der Turbinen der Gasturbinen gek\u00fchlt. Ziel der Studienarbeit ist es, den einfluss der K\u00fchlung auf den thermodynamischen Entspannungsprozess darzustellen, Korrelationen zum W\u00e4rme\u00fcbergang auf der Heisgas- und K\u00fchlgasseite zusammenzustellen und ausgef\u00fchrte K\u00fchlgeometrien zusammenzustellen.<\/p>\n<p>Aufgabe der Studienarbeit ist:<\/p>\n<ul>\n<li>Thermodynamische Darstellung der gek\u00fchlte Entspannung<\/li>\n<li>Zusammenstellung von Korrelationen zum heisgas- und k\u00fchlgasseitigen W\u00e4rme\u00fcbergang<\/li>\n<li>Ausgef\u00fchrte K\u00fchlgeometrien<\/li>\n<li>Vergleichende Bewertung der unterschiedlichen Konzepte,<\/li>\n<li>die abschliessende Dokumentation<\/li>\n<\/ul>\n<p>&nbsp;<\/p>\n<ul>\n<li><strong>Vorkenntnisse:<\/strong><br \/>\n&#8211;<\/li>\n<li><strong>Beginn:<\/strong><br \/>\nsofort<\/li>\n<li><strong>Betreuung:<\/strong><br \/>\n<a href=\"https:\/\/www.hsu-hh.de\/lsm\/leiter\">Prof. <abbr title=\"Doktor der Ingenieurwissenschaften\">Dr.-Ing.<\/abbr> Franz Joos<\/a><\/li>\n<\/ul>\n<h3>Axialturbine<\/h3>\n<p>Im Rahmen eines BMWi gef\u00f6rderten Drittmittelprojektes sollen Versuche an der vorhandenen Axialturbine durchgef\u00fchrt werden. Hierzu ist die Axialturbine entsprechend anzupassen. Gegenstand der Diplom- <abbr title=\"beziehungsweise\">bzw.<\/abbr> Studienarbeit ist die \u00dcberpr\u00fcfung der vorhandenen Hardware, die Auslegung entsprechend den neuen Anforderungen und die fertigungskorrekte Konstruktion der ben\u00f6tigten Teile in enger Zusammenarbeit mit dem Industriepartner. Die Arbeit kann von Hamburg aus durchgef\u00fchrt werden.<\/p>\n<ul>\n<li><strong>Vorkenntnisse:<\/strong><br \/>\n&#8211;<\/li>\n<li><strong>Beginn:<\/strong><br \/>\nsofort<\/li>\n<li><strong>Betreuung:<\/strong><br \/>\n<a href=\"https:\/\/www.hsu-hh.de\/lsm\/leiter\">Prof. <abbr title=\"Doktor der Ingenieurwissenschaften\">Dr.-Ing.<\/abbr> Franz Joos<\/a><\/li>\n<\/ul>\n","protected":false},"excerpt":{"rendered":"<p>Numerische Beurteilung des Einflusses der Profilpfeilung auf Sekund\u00e4rstr\u00f6mungen in einer Verdichterstatorpassage Betrachtet man das Str\u00f6mungsfeld durch ein Verdichtergitter finden sich neben den Profilverlusten an der Schaufel selbst besonders in den [&hellip;]<\/p>\n","protected":false},"author":139,"featured_media":0,"parent":0,"menu_order":0,"comment_status":"closed","ping_status":"closed","template":"","meta":{"footnotes":""},"categories":[82],"tags":[],"class_list":["post-453","page","type-page","status-publish","hentry","category-studien_bachelor_masterarbeiten"],"_links":{"self":[{"href":"https:\/\/www.hsu-hh.de\/lsm\/wp-json\/wp\/v2\/pages\/453","targetHints":{"allow":["GET"]}}],"collection":[{"href":"https:\/\/www.hsu-hh.de\/lsm\/wp-json\/wp\/v2\/pages"}],"about":[{"href":"https:\/\/www.hsu-hh.de\/lsm\/wp-json\/wp\/v2\/types\/page"}],"author":[{"embeddable":true,"href":"https:\/\/www.hsu-hh.de\/lsm\/wp-json\/wp\/v2\/users\/139"}],"replies":[{"embeddable":true,"href":"https:\/\/www.hsu-hh.de\/lsm\/wp-json\/wp\/v2\/comments?post=453"}],"version-history":[{"count":6,"href":"https:\/\/www.hsu-hh.de\/lsm\/wp-json\/wp\/v2\/pages\/453\/revisions"}],"predecessor-version":[{"id":468,"href":"https:\/\/www.hsu-hh.de\/lsm\/wp-json\/wp\/v2\/pages\/453\/revisions\/468"}],"wp:attachment":[{"href":"https:\/\/www.hsu-hh.de\/lsm\/wp-json\/wp\/v2\/media?parent=453"}],"wp:term":[{"taxonomy":"category","embeddable":true,"href":"https:\/\/www.hsu-hh.de\/lsm\/wp-json\/wp\/v2\/categories?post=453"},{"taxonomy":"post_tag","embeddable":true,"href":"https:\/\/www.hsu-hh.de\/lsm\/wp-json\/wp\/v2\/tags?post=453"}],"curies":[{"name":"wp","href":"https:\/\/api.w.org\/{rel}","templated":true}]}}