{"id":1162,"date":"2019-11-11T08:23:45","date_gmt":"2019-11-11T07:23:45","guid":{"rendered":"https:\/\/www.hsu-hh.de\/lsm\/?page_id=1162"},"modified":"2024-01-29T08:02:57","modified_gmt":"2024-01-29T07:02:57","slug":"stellenangebote","status":"publish","type":"page","link":"https:\/\/www.hsu-hh.de\/lsm\/stellenangebote","title":{"rendered":"Stellenangebote"},"content":{"rendered":"<h3>Studentische Hilfskraft<\/h3>\n<p>Die Professur f\u00fcr Str\u00f6mungsmaschinen in der Energietechnik sucht zur Unterst\u00fctzung des Lehrstuhls studentische oder wissenschaftliche Hilfskr\u00e4fte. Sie k\u00f6nnen sich gerne jederzeit initiativ bei uns bewerben oder sich direkt bei uns nach verf\u00fcgbaren Stellen erkundigen.<\/p>\n<p>\u00a0<\/p>\n\n\n<h3 class=\"wp-block-heading\">Wissenschaftlicher Mitarbeiter<\/h3>\n\n\n\n<p>Die Professur f\u00fcr Str\u00f6mungsmaschinen in der Energietechnik sucht zur Unterst\u00fctzung des Lehrstuhls einen Wissenschaftlichen Mitarbeiter. Gerne k\u00f6nnen Sie sich auch jederzeit initiativ bei uns bewerben.<\/p>\n\n\n\n<p><\/p>\n\n\n\n<p><\/p>\n\n\n\n<p>&#8212;&#8212;&#8212;&#8212;&#8212;&#8212;&#8212;&#8212;&#8212;&#8212;&#8212;&#8212;&#8212;&#8212;-<\/p>\n\n\n\n<p>Ansprechpartner:<\/p>\n\n\n\n<p><abbr title=\"Professor\">Prof.<\/abbr> Markus Schatz<\/p>\n\n\n\n<p>Mail: schatz@hsu-hh.de<\/p>\n","protected":false},"excerpt":{"rendered":"<p>Studentische Hilfskraft Die Professur f\u00fcr Str\u00f6mungsmaschinen in der Energietechnik sucht zur Unterst\u00fctzung des Lehrstuhls studentische oder wissenschaftliche Hilfskr\u00e4fte. Sie k\u00f6nnen sich gerne jederzeit initiativ bei uns bewerben oder sich direkt [&hellip;]<\/p>\n","protected":false},"author":82,"featured_media":0,"parent":0,"menu_order":0,"comment_status":"closed","ping_status":"closed","template":"","meta":{"footnotes":""},"categories":[4],"tags":[],"class_list":["post-1162","page","type-page","status-publish","hentry","category-forschung"],"_links":{"self":[{"href":"https:\/\/www.hsu-hh.de\/lsm\/wp-json\/wp\/v2\/pages\/1162","targetHints":{"allow":["GET"]}}],"collection":[{"href":"https:\/\/www.hsu-hh.de\/lsm\/wp-json\/wp\/v2\/pages"}],"about":[{"href":"https:\/\/www.hsu-hh.de\/lsm\/wp-json\/wp\/v2\/types\/page"}],"author":[{"embeddable":true,"href":"https:\/\/www.hsu-hh.de\/lsm\/wp-json\/wp\/v2\/users\/82"}],"replies":[{"embeddable":true,"href":"https:\/\/www.hsu-hh.de\/lsm\/wp-json\/wp\/v2\/comments?post=1162"}],"version-history":[{"count":27,"href":"https:\/\/www.hsu-hh.de\/lsm\/wp-json\/wp\/v2\/pages\/1162\/revisions"}],"predecessor-version":[{"id":1987,"href":"https:\/\/www.hsu-hh.de\/lsm\/wp-json\/wp\/v2\/pages\/1162\/revisions\/1987"}],"wp:attachment":[{"href":"https:\/\/www.hsu-hh.de\/lsm\/wp-json\/wp\/v2\/media?parent=1162"}],"wp:term":[{"taxonomy":"category","embeddable":true,"href":"https:\/\/www.hsu-hh.de\/lsm\/wp-json\/wp\/v2\/categories?post=1162"},{"taxonomy":"post_tag","embeddable":true,"href":"https:\/\/www.hsu-hh.de\/lsm\/wp-json\/wp\/v2\/tags?post=1162"}],"curies":[{"name":"wp","href":"https:\/\/api.w.org\/{rel}","templated":true}]}}