{"id":810,"date":"2023-03-22T09:33:21","date_gmt":"2023-03-22T08:33:21","guid":{"rendered":"https:\/\/www.hsu-hh.de\/log\/?page_id=810"},"modified":"2023-09-04T12:53:05","modified_gmt":"2023-09-04T10:53:05","slug":"universelle-greifsysteme","status":"publish","type":"page","link":"https:\/\/www.hsu-hh.de\/log\/universelle-greifsysteme\/","title":{"rendered":"Universelle Greifsysteme"},"content":{"rendered":"\n<p>Die Anforderungen an Greifsysteme f\u00fcr logistische Prozesse unterscheidet sich stark von denen f\u00fcr Produktionssysteme. Statt sehr pr\u00e4zise  immer wieder die gleichen Objekte unter konstanten Bedingungen zu greifen, m\u00fcssen vielfach sehr unterschiedliche Objekte von einem Greifsysteme sicher und unter ver\u00e4nderlichen Umgebungsbedingungen bewegt werden. Daher sind klassisch Greifer, wie Backen- oder Klemmgreifer, vielfach ungeeignet. Ein Ansatz f\u00fcr universelle Logistikgreifer bieten softrobotische Prinzipien. Hier werden statt starrer Verbindungen und Antriebe nachgibige Strukturen eingesetzt, die sich passiv oder aktiv anpassen k\u00f6nnen. Ein Beispiel sind elastische Greifer, die aus speziell geformten Elastomerh\u00fcllen bestehen, die bei einer Druck\u00e4nderung eine gew\u00fcnschte Bewegung ausf\u00fchren. Neben der Erforschung derartiger elastischer Strukturen und Materialien f\u00fcr Greif- und Aktorsysteme wird auch an der Integration von Sensorik und dem Entwurf von Regelungsstrategien f\u00fcr Greifproesse geforscht.<\/p>\n\n\n\n<div class=\"wp-block-columns is-layout-flex wp-container-core-columns-is-layout-9d6595d7 wp-block-columns-is-layout-flex\">\n<div class=\"wp-block-column is-layout-flow wp-block-column-is-layout-flow\">\n<figure class=\"wp-block-image size-large\"><img loading=\"lazy\" decoding=\"async\" width=\"1024\" height=\"744\" src=\"https:\/\/www.hsu-hh.de\/log\/wp-content\/uploads\/sites\/855\/2023\/04\/Salat1-1024x744.png\" data-credit=\"S. Ulrich\" alt=\"\" class=\"wp-image-889\" srcset=\"https:\/\/www.hsu-hh.de\/log\/wp-content\/uploads\/sites\/855\/2023\/04\/Salat1-1024x744.png 1024w, https:\/\/www.hsu-hh.de\/log\/wp-content\/uploads\/sites\/855\/2023\/04\/Salat1-300x218.png 300w, https:\/\/www.hsu-hh.de\/log\/wp-content\/uploads\/sites\/855\/2023\/04\/Salat1-768x558.png 768w, https:\/\/www.hsu-hh.de\/log\/wp-content\/uploads\/sites\/855\/2023\/04\/Salat1-1536x1116.png 1536w, https:\/\/www.hsu-hh.de\/log\/wp-content\/uploads\/sites\/855\/2023\/04\/Salat1-1100x799.png 1100w, https:\/\/www.hsu-hh.de\/log\/wp-content\/uploads\/sites\/855\/2023\/04\/Salat1.png 1550w\" sizes=\"auto, (max-width: 1024px) 100vw, 1024px\" \/><\/figure>\n<\/div>\n\n\n\n<div class=\"wp-block-column is-layout-flow wp-block-column-is-layout-flow\">\n<figure class=\"wp-block-image size-large is-resized\"><img loading=\"lazy\" decoding=\"async\" src=\"https:\/\/www.hsu-hh.de\/log\/wp-content\/uploads\/sites\/855\/2023\/04\/Spielzeug-1024x762.png\" data-credit=\"S. Ulrich\" alt=\"\" class=\"wp-image-891\" style=\"width:521px;height:387px\" width=\"521\" height=\"387\" srcset=\"https:\/\/www.hsu-hh.de\/log\/wp-content\/uploads\/sites\/855\/2023\/04\/Spielzeug-1024x762.png 1024w, https:\/\/www.hsu-hh.de\/log\/wp-content\/uploads\/sites\/855\/2023\/04\/Spielzeug-300x223.png 300w, https:\/\/www.hsu-hh.de\/log\/wp-content\/uploads\/sites\/855\/2023\/04\/Spielzeug-768x571.png 768w, https:\/\/www.hsu-hh.de\/log\/wp-content\/uploads\/sites\/855\/2023\/04\/Spielzeug-1536x1143.png 1536w, https:\/\/www.hsu-hh.de\/log\/wp-content\/uploads\/sites\/855\/2023\/04\/Spielzeug-1100x818.png 1100w, https:\/\/www.hsu-hh.de\/log\/wp-content\/uploads\/sites\/855\/2023\/04\/Spielzeug.png 1633w\" sizes=\"auto, (max-width: 521px) 100vw, 521px\" \/><\/figure>\n<\/div>\n<\/div>\n\n\n\n<p><\/p>\n\n\n\n<p><strong>Forschungsschwerpunkte:<\/strong><\/p>\n\n\n\n<ul class=\"wp-block-list\">\n<li>Strukturen f\u00fcr elastische Aktuatoren<\/li>\n\n\n\n<li>Greiferdesign<\/li>\n\n\n\n<li>Elastomerentwicklung<\/li>\n\n\n\n<li>Integration von Sensoren<\/li>\n\n\n\n<li>Regelungsstrategien Greifer und Handhabungsprozesse<\/li>\n<\/ul>\n\n\n\n<p><strong>Ansprechpartner:<\/strong> <a href=\"https:\/\/www.hsu-hh.de\/log\/dr-ing-stephan-ulrich\/\" data-type=\"page\" data-id=\"802\"><abbr title=\"Doktor\">Dr.<\/abbr> Stephan Ulrich<\/a><\/p>\n\n\n\n<p><strong>Ver\u00f6ffentlichungen:<\/strong><\/p>\n\n\n\n<ul class=\"wp-block-list\">\n<li>DE 10 2014 106 929 A1:&nbsp;<em>Aktorelement.<\/em>&nbsp;(2014)<\/li>\n\n\n\n<li>DE 10 2016 125 271.9:<em>Modulares Aktorsystem, Fluidaktor und Kupplungsvorrichtung f\u00fcr ein modulares Aktorsystem<\/em>. (2016)<\/li>\n\n\n\n<li>Ulrich, S.; Bruns, R.; Freyer, H.:&nbsp;<em>Complex Motions with Anisotropic Elastomeric Actuators.<\/em>&nbsp;Proc. 12<sup>th<\/sup>&nbsp;International Conference on New Actuators, ed. H. Borgmann, &nbsp;&nbsp; Bremen, (2012)<\/li>\n\n\n\n<li>Krivenkov, K.; Ulrich, S.; Bruns, R.;&nbsp;<em>Dynamic model of the electrorheological fluid based on measurement results<\/em>. 13th Int. Conf. On Electrorheological Fluids and Magnetorheological Suspensions (ERMR2012), Journal of Physics: Conference Series, 412 (2013) 012014, 2013<\/li>\n\n\n\n<li>Isermann, J.; Ulrich,&nbsp;S.; Bruns, R.:&nbsp;<em>Generierung von Konstruktionsmerkmalen zur Entwicklung eines bio-inspirierten Kommissionier-Greifers f\u00fcr die Intralogistik mittels Clusteranalyse<\/em>.&nbsp;In: Tagungsband zum 9. Fachkolloquium der Wissenschaftlichen Gesellschaft f\u00fcr Technische Logistik e. V. (WGTL). Dortmund, 2013,&nbsp;S.&nbsp;177-188.&nbsp;<abbr title=\"International Standard Book Number\">ISBN<\/abbr>&nbsp;978-3-86975-085-9<\/li>\n\n\n\n<li>Isermann, J.; Ulrich,&nbsp;S.; Bruns, R.:&nbsp;<em>Greifergest\u00fctzte Automatisierung in der Intralogistik \u2013 Die Clusteranalyse hilft bei der Konstruktion<\/em>.&nbsp;In: Hebezeuge F\u00f6rdermittel 1-2. Berlin, 2014,&nbsp;S.&nbsp;36-39. ISSN 0017-9442 A 06792<\/li>\n\n\n\n<li>Freyer,&nbsp;H.; Breitfeld, A.; Ulrich,&nbsp;S.; Bruns, R.; Wulfsberg, J.:&nbsp;<em>3D-printed elastomeric bellow actuator for linear motion<\/em><em>.<\/em>&nbsp;iCat-2014 Proceedings, (2014),&nbsp;<abbr title=\"International Standard Book Number\">ISBN<\/abbr>&nbsp;978-961-281-579-0<\/li>\n\n\n\n<li>Isermann, J.; Ulrich,&nbsp;S.; Bruns, R.:&nbsp;<em>Design of highly elastic bending actuators for use in bio-inspired picking gripper.<\/em>14th International Conference on New Actuators &amp; 8th International Exhibition on Smart Actuators and Drive Systems, Bremen 2014,&nbsp;S.&nbsp;269-272.&nbsp;<abbr title=\"International Standard Book Number\">ISBN<\/abbr>&nbsp;978-3-933339-22-5<\/li>\n\n\n\n<li>Breitfeld, A.; Freyer,&nbsp;H.; Ulrich,&nbsp;S.; Wulfsberg, J.; Bruns, R.:&nbsp;<em>Elastomeric Bellows Hydraulic Acutator with Integrated Electrorheological Valve.<\/em>&nbsp;14th International Conference on New Actuators &amp; 8th International Exhibition on Smart Actuators and Drive Systems, Bremen 2014,&nbsp;S.&nbsp;70-73.&nbsp;<abbr title=\"International Standard Book Number\">ISBN<\/abbr>&nbsp;978-3-933339-22-5<\/li>\n\n\n\n<li>Isermann, J.; Ulrich,&nbsp;S.; Bruns, R.:&nbsp;<em>Konstruktive Gestaltung eines bio-inspirierten Kommissioniergreifers f\u00fcr intralogistische Handhabungsaufgaben.<\/em>&nbsp;In: Tagungsband zum 10. Fachkoloquium der Wissenschaftlichen Gesellschaft f\u00fcr Technische Logistik e.V. (WGTL). M\u00fcnchen, 2014,&nbsp;S.&nbsp;177-188.&nbsp;<abbr title=\"International Standard Book Number\">ISBN<\/abbr>&nbsp;978-3-941702-47-9<\/li>\n\n\n\n<li>Freyer,&nbsp;H.; Heinken,&nbsp;H.; Krivenkov,&nbsp;K.; Breitfeld, A.; Ulrich,&nbsp;S.; Bruns, R.; Wulfsberg, J.:&nbsp;<em>Electrorheological Self-amplifiying Microvalve<\/em><em>.<\/em>Applied Mechanics and Materials Vol. 704 (2015) pp313-319<\/li>\n\n\n\n<li>Freyer,&nbsp;H.; Breitfeld, A.; Ulrich, S.; Schneider,&nbsp;S.; Bruns, R.; Wulfsberg, J.:&nbsp;<em>Scale effects of the rheological properties of electrorheological suspensions.<\/em>Journal of Intelligent Material Systems and Structures, Vol. 26(14):1856-1860, 2015<\/li>\n\n\n\n<li>Isermann, J.; Ulrich,&nbsp;S.; Bruns, R.:&nbsp;<em>Surveying and Closed-Loop Control Study of Highly Elastic Bending Actuator for Biomimetic Gripping.<\/em>&nbsp;15th International Conference on New Actuators &amp; 9th International Exhibition on Smart Actuators and Drive Systems, Bremen 2016,&nbsp;S.&nbsp;565-568.&nbsp;<abbr title=\"International Standard Book Number\">ISBN<\/abbr>&nbsp;978-3-933339-26-3<\/li>\n\n\n\n<li>Isermann, J.; Ulrich,&nbsp;S.; Bruns, R.:&nbsp;<em>Modellierung, Regelung und Erprobung eines pneumatischen Biegeaktors f\u00fcr den Antrieb eines flexiblen Intralogistikgreifers<\/em>. In: Tagungsband zum 12. Fachkolloquium der Wissenschaftlichen Gesellschaft f\u00fcr Technische Logistik e.V. (WGTL). Stuttgart, 2016,&nbsp;S.&nbsp;225-232.&nbsp;<abbr title=\"International Standard Book Number\">ISBN<\/abbr>&nbsp;978-3-00-054201-5<\/li>\n\n\n\n<li>Ulrich, S.; Klitsch, C.; Bruns, R.:&nbsp;<em>Greifsysteme f\u00fcr die Intralogistik.&nbsp;<\/em>In: F\u00f6rdern und Heben, 2017, S.16-18<\/li>\n\n\n\n<li>Ulrich,&nbsp;S.; Isermann, J.;&nbsp; Bruns, R.; Klitsch, C.; Dick, I.:&nbsp;<em>Methode zur Bewertung der Zuverl\u00e4ssigkeit von komple- xen Greifprozessen in der Logistik.<\/em>&nbsp;Logistics Journal: Proceedings, ISSN 2192-9084, 2017<\/li>\n\n\n\n<li>Schw\u00e4ke, K.; Dick, I; Bruns, R.; Ulrich,&nbsp;S.:&nbsp;<em>Entwicklung eines flexiblen, vollautomatischen Kom-missionierroboters<\/em>. Logistics Journal: Proceedings, ISSN 2192-9084, 2017<\/li>\n\n\n\n<li>Ulrich,&nbsp;S.; Buhrdorf, C.; Klitsch, C.; Bruns, R.:&nbsp;<em>Entwicklung eines Baukastensystems f\u00fcr universelles Greifen mit flexiblen Aktoren<\/em>. Logistics Journal: Proceedings, ISSN 2192-9084, 2018<\/li>\n\n\n\n<li>Dick, I.; Ulrich,&nbsp;S.; Bruns, R.:&nbsp;<em>Autonomes Greifen mit individuell zusammengestellten Greifern des Greifer-Baukastens<\/em>. Logistics Journal: Proceedings, ISSN 2192-9084, 2018<\/li>\n<\/ul>\n\n\n\n<p><\/p>\n","protected":false},"excerpt":{"rendered":"<p>Die Anforderungen an Greifsysteme f\u00fcr logistische Prozesse unterscheidet sich stark von denen f\u00fcr Produktionssysteme. Statt sehr pr\u00e4zise immer wieder die gleichen Objekte unter konstanten Bedingungen zu greifen, m\u00fcssen vielfach sehr [&hellip;]<\/p>\n","protected":false},"author":133,"featured_media":0,"parent":0,"menu_order":0,"comment_status":"closed","ping_status":"closed","template":"","meta":{"footnotes":""},"categories":[4],"tags":[],"class_list":["post-810","page","type-page","status-publish","hentry","category-forschung"],"_links":{"self":[{"href":"https:\/\/www.hsu-hh.de\/log\/wp-json\/wp\/v2\/pages\/810","targetHints":{"allow":["GET"]}}],"collection":[{"href":"https:\/\/www.hsu-hh.de\/log\/wp-json\/wp\/v2\/pages"}],"about":[{"href":"https:\/\/www.hsu-hh.de\/log\/wp-json\/wp\/v2\/types\/page"}],"author":[{"embeddable":true,"href":"https:\/\/www.hsu-hh.de\/log\/wp-json\/wp\/v2\/users\/133"}],"replies":[{"embeddable":true,"href":"https:\/\/www.hsu-hh.de\/log\/wp-json\/wp\/v2\/comments?post=810"}],"version-history":[{"count":7,"href":"https:\/\/www.hsu-hh.de\/log\/wp-json\/wp\/v2\/pages\/810\/revisions"}],"predecessor-version":[{"id":990,"href":"https:\/\/www.hsu-hh.de\/log\/wp-json\/wp\/v2\/pages\/810\/revisions\/990"}],"wp:attachment":[{"href":"https:\/\/www.hsu-hh.de\/log\/wp-json\/wp\/v2\/media?parent=810"}],"wp:term":[{"taxonomy":"category","embeddable":true,"href":"https:\/\/www.hsu-hh.de\/log\/wp-json\/wp\/v2\/categories?post=810"},{"taxonomy":"post_tag","embeddable":true,"href":"https:\/\/www.hsu-hh.de\/log\/wp-json\/wp\/v2\/tags?post=810"}],"curies":[{"name":"wp","href":"https:\/\/api.w.org\/{rel}","templated":true}]}}