{"id":802,"date":"2023-03-22T08:49:16","date_gmt":"2023-03-22T07:49:16","guid":{"rendered":"https:\/\/www.hsu-hh.de\/log\/?page_id=802"},"modified":"2024-12-04T09:32:23","modified_gmt":"2024-12-04T08:32:23","slug":"dr-ing-stephan-ulrich","status":"publish","type":"page","link":"https:\/\/www.hsu-hh.de\/log\/dr-ing-stephan-ulrich\/","title":{"rendered":"Prof. Dr.-Ing. Stephan Ulrich"},"content":{"rendered":"\n<div class=\"wp-block-columns is-layout-flex wp-container-core-columns-is-layout-9d6595d7 wp-block-columns-is-layout-flex\">\n<div class=\"wp-block-column is-layout-flow wp-block-column-is-layout-flow\">\n<p><strong>Aktuelle Kontaktdaten<\/strong><\/p>\n\n\n\n<p>Siehe:  Universit\u00e4t der Bundeswehr M\u00fcnchen <a href=\"https:\/\/www.unibw.de\/mb\/institute\/we1\/we11\/personen\/prof-ulrich\" rel='nofollow'><abbr title=\"Professor\">Prof.<\/abbr> <abbr title=\"Doktor\">Dr.<\/abbr>&#8211;<abbr title=\"Ingenieur\">Ing.<\/abbr> Stephan Ulrich<\/a> <\/p>\n\n\n\n<p><\/p>\n\n\n\n<p><strong>Ehemailige Lehrveranstaltungen an der <abbr title=\"Helmut Schmidt Universit\u00e4t\">HSU<\/abbr><\/strong><\/p>\n\n\n\n<ul class=\"wp-block-list\">\n<li>Maschinenzeichnen \/ <abbr title=\"Computer-aided design\">CAD<\/abbr><\/li>\n\n\n\n<li>Rechnergest\u00fctzte Planung von Materialflusssystemen<\/li>\n\n\n\n<li>Material Handling and Warehouse Technology<\/li>\n<\/ul>\n\n\n\n<p><strong>Forschungsschwerpunkte<\/strong><\/p>\n\n\n\n<ul class=\"wp-block-list\">\n<li><a href=\"https:\/\/www.hsu-hh.de\/log\/autonomes-kommissionieren\/\" data-type=\"page\" data-id=\"805\">Autonome Kommissioniersysteme<\/a><\/li>\n\n\n\n<li><a href=\"https:\/\/www.hsu-hh.de\/log\/universelle-greifsysteme\/\" data-type=\"page\" data-id=\"810\">Universelle Greifsysteme<\/a><\/li>\n<\/ul>\n<\/div>\n\n\n\n<div class=\"wp-block-column is-layout-flow wp-block-column-is-layout-flow\">\n<figure class=\"wp-block-image size-large\"><img loading=\"lazy\" decoding=\"async\" width=\"1024\" height=\"683\" src=\"https:\/\/www.hsu-hh.de\/log\/wp-content\/uploads\/sites\/855\/2023\/03\/Ulrich_16.02.19_0004-1024x683.jpg\" data-credit=\"Stephan Ulrich\" alt=\"\" class=\"wp-image-769\" srcset=\"https:\/\/www.hsu-hh.de\/log\/wp-content\/uploads\/sites\/855\/2023\/03\/Ulrich_16.02.19_0004-1024x683.jpg 1024w, https:\/\/www.hsu-hh.de\/log\/wp-content\/uploads\/sites\/855\/2023\/03\/Ulrich_16.02.19_0004-300x200.jpg 300w, https:\/\/www.hsu-hh.de\/log\/wp-content\/uploads\/sites\/855\/2023\/03\/Ulrich_16.02.19_0004-768x512.jpg 768w, https:\/\/www.hsu-hh.de\/log\/wp-content\/uploads\/sites\/855\/2023\/03\/Ulrich_16.02.19_0004-1536x1024.jpg 1536w, https:\/\/www.hsu-hh.de\/log\/wp-content\/uploads\/sites\/855\/2023\/03\/Ulrich_16.02.19_0004-2048x1365.jpg 2048w, https:\/\/www.hsu-hh.de\/log\/wp-content\/uploads\/sites\/855\/2023\/03\/Ulrich_16.02.19_0004-1100x733.jpg 1100w\" sizes=\"auto, (max-width: 1024px) 100vw, 1024px\" \/><\/figure>\n<\/div>\n<\/div>\n\n\n\n<p><\/p>\n\n\n\n<p><strong>Patente und Patentanmeldungen<\/strong><\/p>\n\n\n\n<ul class=\"wp-block-list\">\n<li>EP 2 131 062 A1: <em>Elektrorheologischer Aktor zur aktiven Schwingungsentkopplung und Vorrichtung mit einem solchen<\/em>. &nbsp;&nbsp;&nbsp;&nbsp;&nbsp;&nbsp;&nbsp;&nbsp; (2009)<\/li>\n\n\n\n<li>DE 10 2013 015 610: <em>Aktor f\u00fcr Schwingungsentkopplung<\/em>. (2013)<\/li>\n\n\n\n<li>DE 10 2014 004 482 B3: <em>Hydraulisches Mikrostellsystem<\/em>. (2014)<\/li>\n\n\n\n<li>DE 10 2014 106 928 A1, EP 2 944 549 A2: <em>Gleisloser Routenzug<\/em>. (2014)<\/li>\n\n\n\n<li>DE 10 2014 106 929 A1: <em>Aktorelement.<\/em> (2014)<\/li>\n\n\n\n<li>DE 10 2014 109 191 A1: <em>Federungssystem f\u00fcr Fahrzeuge und Verfahren zum Federn von Fahrzeugteilen.<\/em> (2014)<\/li>\n\n\n\n<li>EP 2 833 038 A1, US 2015\/0027574 A1: <em>Ventil f\u00fcr feldsensitive Fl\u00fcssigkeiten und hydraulische Anlagen mit einem solchen Ventil. <\/em>&nbsp;(2015)<\/li>\n\n\n\n<li>EP 1 61 72789.6: <em>Aktive gelenkte Achse f\u00fcr gleislose Routenz\u00fcge.<\/em> (2016)<\/li>\n\n\n\n<li>DE 10 2016 125 271.9:<em>Modulares Aktorsystem, Fluidaktor und Kupplungsvorrichtung f\u00fcr ein modulares Aktorsystem<\/em>. (2016)<\/li>\n<\/ul>\n\n\n\n<p><strong>Dissertation<\/strong><\/p>\n\n\n\n<ul class=\"wp-block-list\">\n<li>ULRICH, S.: <em>Entwicklung eines elektrorheologischen Aktors f\u00fcr die aktive Schwingungsisolierung. <\/em>Dissertation, Helmut-Schmidt- Universit\u00e4t Hamburg, Shaker Verlag, Aachen, <abbr title=\"International Standard Book Number\">ISBN<\/abbr> 978-3- 8322-9123-5, (2010)<\/li>\n<\/ul>\n\n\n\n<p><strong>Ver\u00f6ffentlichungen<\/strong><\/p>\n\n\n\n<ul class=\"wp-block-list\">\n<li>Ulrich, S.; B\u00f6hme, G.; Bruns, R.: <em>The Capability of Electrorheological Actuators for Vibration Decoupling<\/em>. Proc. 11<sup>th<\/sup> International Conference on New Actuators, ed. H. Borgmann, &nbsp;&nbsp; Bremen, S. 842-845.&nbsp; <abbr title=\"International Standard Book Number\">ISBN<\/abbr> 3-43339-10-3, (2008)<\/li>\n\n\n\n<li>Ulrich, S.; B\u00f6hme, G.; Bruns, R.: <em>Measuring the response time and &nbsp;&nbsp;&nbsp;&nbsp;&nbsp; statistic rheological properties of electrorheological fluids with regard to the design of valves and their controllers<\/em>. Journal of &nbsp;&nbsp;&nbsp;&nbsp;&nbsp; Physics: Conference Series 149: 012031. ISSN 1742-6596, (2009)<\/li>\n\n\n\n<li>Ulrich, S.; Bruns, R.; B\u00f6hme, G.: <em>A New Electrorheological Actuator for Vibration Decoupling<\/em>. 12<sup>th<\/sup> International Conference on New Actuators, Bremen, S. 163-166. <abbr title=\"International Standard Book Number\">ISBN<\/abbr> 978-3-933339-12-6, &nbsp;&nbsp; (2010)<\/li>\n\n\n\n<li>Gurka, M.; Petricevic, R.; Schneider, S. Ulrich, S.: <em>Chracterization of Step Response Time and Bandwith of &nbsp; Electrorheological Fluids.<\/em> Journal of Intelligent Material Systems and Structures, 22(15):1745-1748, (2011)<\/li>\n\n\n\n<li>Ulrich, S.; Bruns, R.; Freyer, H.: <em>Complex Motions with Anisotropic Elastomeric Actuators.<\/em> Proc. 12<sup>th<\/sup> International Conference on New Actuators, ed. H. Borgmann, &nbsp;&nbsp; Bremen, (2012)<\/li>\n\n\n\n<li>Krivenkov, K.; Ulrich, S.; Bruns, R..: <em>An Electrorheological &nbsp;&nbsp;&nbsp; Counterforce Actuator for Efficient Vibration Decoupling in 3D.<\/em> Proc. 12<sup>th<\/sup> International Conference on New Actuators, ed. H. Borgmann, Bremen, (2012)<\/li>\n\n\n\n<li>Ulrich, S.; Freyer, H.; Krivenkov, K.; Schneider, S.; Bruns, R.: <em>Scale Effects of the Rehological Properties of Electrorheological Suspensions. <\/em>13<sup>th <\/sup>International Conference on Electrorheological Fluids and Magnetorheological Suspensions, Ankara, (2012)<\/li>\n\n\n\n<li>Krivenkov, K.; Ulrich, S.; Bruns, R.: <em>Dynamic Model of the Electrorheological Fluid Based on Measurement Results. <\/em>13<sup>th  <\/sup>International Conference on Electrorheological Fluids and Magnetorheological Suspensions, Ankara, (2012)<\/li>\n\n\n\n<li>Krivenkov, K.; Ulrich, S.; Bruns, R.: <em>Extending the Operation Range of ER-Actuators for Vibration Control through Novel Designs.<\/em> Journal of Intelligent Material Systems and Structures, (2012)<\/li>\n\n\n\n<li>Schneider,&nbsp;S.; Holtzmann,&nbsp;K., Ulrich,&nbsp;S.:<em>Efforts to establish standardized methods to characterize electrorheological suspensions.<\/em>&nbsp;13th Int. Conf. On Electrorheological Fluids and Magnetorheological Suspensions (ERMR2012), Journal of Physics: Conference Series,&nbsp;412(2013) 012011, 2013<\/li>\n\n\n\n<li>Krivenkov, K.; Ulrich, S.; Bruns, R.; <em>Dynamic model of the electrorheological fluid based on measurement results<\/em>. 13th Int. Conf. On Electrorheological Fluids and Magnetorheological Suspensions (ERMR2012), Journal of Physics: Conference Series, 412 (2013) 012014, 2013<\/li>\n\n\n\n<li>Isermann, J.; Ulrich,&nbsp;S.; Bruns, R.:&nbsp;<em>Generierung von Konstruktionsmerkmalen zur Entwicklung eines bio-inspirierten Kommissionier-Greifers f\u00fcr die Intralogistik mittels Clusteranalyse<\/em>.&nbsp;In: Tagungsband zum 9. Fachkolloquium der Wissenschaftlichen Gesellschaft f\u00fcr Technische Logistik e. V. (WGTL). Dortmund, 2013,&nbsp;S.&nbsp;177-188.&nbsp;<abbr title=\"International Standard Book Number\">ISBN<\/abbr>&nbsp;978-3-86975-085-9<\/li>\n\n\n\n<li>Bruns, R.;Piepenburg, B.; Ulrich, S.; Krivenkov, K.: <em>Simulationsgest\u00fctzte Untersuchung der Spurtreue von Routenz\u00fcgen.<\/em> In: Logistics Journals: Proceedings, 2013, ISSN 2192-9084<\/li>\n\n\n\n<li>Isermann, J.; Ulrich,&nbsp;S.; Bruns, R.:&nbsp;<em>Greifergest\u00fctzte Automatisierung in der Intralogistik &#8211; Die Clusteranalyse hilft bei der Konstruktion<\/em>.&nbsp;In: Hebezeuge F\u00f6rdermittel 1-2. Berlin, 2014,&nbsp;S.&nbsp;36-39. ISSN 0017-9442 A 06792<\/li>\n\n\n\n<li>Ulrich,&nbsp;S.; Bruns, R.; Krivenkov,&nbsp;K.:&nbsp;<em>Theoretische, simulative und experimentelle Untersuchung des Nachlaufverhaltens von Schleppz\u00fcgen.<\/em>&nbsp;10. Hamburger Staplertagung, 2014, Tagungsband:&nbsp;&nbsp;S.&nbsp;43-60,&nbsp;<abbr title=\"International Standard Book Number\">ISBN<\/abbr>&nbsp;978-3-86818-056-5<\/li>\n\n\n\n<li>Freyer,&nbsp;H.; Breitfeld, A.; Ulrich,&nbsp;S.; Bruns, R.; Wulfsberg, J.:&nbsp;<em>3D-printed elastomeric bellow actuator for linear motion<\/em><em>.<\/em> iCat-2014 Proceedings, (2014),&nbsp;<abbr title=\"International Standard Book Number\">ISBN<\/abbr>&nbsp;978-961-281-579-0<\/li>\n\n\n\n<li>Isermann, J.; Ulrich,&nbsp;S.; Bruns, R.:&nbsp;<em>Design of highly elastic bending actuators for use in bio-inspired picking gripper.<\/em>14th International Conference on New Actuators &amp; 8th International Exhibition on Smart Actuators and Drive Systems, Bremen 2014,&nbsp;S.&nbsp;269-272.&nbsp;<abbr title=\"International Standard Book Number\">ISBN<\/abbr>&nbsp;978-3-933339-22-5<\/li>\n\n\n\n<li>Breitfeld, A.; Freyer,&nbsp;H.; Ulrich,&nbsp;S.; Wulfsberg, J.; Bruns, R.:&nbsp;<em>Elastomeric Bellows Hydraulic Acutator with Integrated Electrorheological Valve.<\/em>&nbsp;14th International Conference on New Actuators &amp; 8th International Exhibition on Smart Actuators and Drive Systems, Bremen 2014,&nbsp;S.&nbsp;70-73.&nbsp;<abbr title=\"International Standard Book Number\">ISBN<\/abbr>&nbsp;978-3-933339-22-5<\/li>\n\n\n\n<li>Krivenkov, K.; Ulrich, S.; Bruns, R.: <em>Design, Simulation und Erprobung einer aktiven Sitzaufh\u00e4ngung f\u00fcr Nutzfahrzeuge. <\/em>In: Logistics Journals: Proceedings, 2014, ISSN 2192-9084<\/li>\n\n\n\n<li>Ulrich,&nbsp;S.; Bruns, R.; Krivenkov,&nbsp;K.:&nbsp;<em>Simulationsgest\u00fctzte Entwicklung eines Lenkkonzeptes f\u00fcr Routenz\u00fcgen<strong>.<\/strong><\/em>&nbsp;In: Logistics Journals: Proceedings, 2014, ISSN 2192-9084<\/li>\n\n\n\n<li>Isermann, J.; Ulrich,&nbsp;S.; Bruns, R.:&nbsp;<em>Konstruktive Gestaltung eines bio-inspirierten Kommissioniergreifers f\u00fcr intralogistische Handhabungsaufgaben.<\/em>&nbsp;In: Tagungsband zum 10. Fachkoloquium der Wissenschaftlichen Gesellschaft f\u00fcr Technische Logistik e.V. (WGTL). M\u00fcnchen, 2014,&nbsp;S.&nbsp;177-188.&nbsp;<abbr title=\"International Standard Book Number\">ISBN<\/abbr>&nbsp;978-3-941702-47-9<\/li>\n\n\n\n<li>Freyer,&nbsp;H.; Heinken,&nbsp;H.; Krivenkov,&nbsp;K.; Breitfeld, A.; Ulrich,&nbsp;S.; Bruns, R.; Wulfsberg, J.:&nbsp;<em>Electrorheological Self-amplifiying Microvalve<\/em><em>.<\/em> Applied Mechanics and Materials Vol. 704 (2015) pp313-319<\/li>\n\n\n\n<li>Freyer,&nbsp;H.; Breitfeld, A.; Ulrich, S.; Schneider,&nbsp;S.; Bruns, R.; Wulfsberg, J.:&nbsp;<em>Scale effects of the rheological properties of electrorheological suspensions.<\/em>Journal of Intelligent Material Systems and Structures, Vol. 26(14):1856-1860, 2015<\/li>\n\n\n\n<li>Heinken,&nbsp;H.; Krivenkov,&nbsp;K.; Ulrich,&nbsp;S.; Bruns, R.:&nbsp;<em>High-pressure electrorheological valve with full pQ-functionality for servohydraulic applications<\/em>.&nbsp;Journal of Intelligent Material Systems and Structures, Vol. 26(14):1959-1967, 2015<\/li>\n\n\n\n<li>Isermann, J.; Ulrich,&nbsp;S.; Bruns, R.:&nbsp;<em>Surveying and Closed-Loop Control Study of Highly Elastic Bending Actuator for Biomimetic Gripping.<\/em>&nbsp;15th International Conference on New Actuators &amp; 9th International Exhibition on Smart Actuators and Drive Systems, Bremen 2016,&nbsp;S.&nbsp;565-568.&nbsp;<abbr title=\"International Standard Book Number\">ISBN<\/abbr>&nbsp;978-3-933339-26-3<\/li>\n\n\n\n<li>Isermann, J.; Ulrich,&nbsp;S.; Bruns, R.:&nbsp;<em>Modellierung, Regelung und Erprobung eines pneumatischen Biegeaktors f\u00fcr den Antrieb eines flexiblen Intralogistikgreifers<\/em>. In: Tagungsband zum 12. Fachkolloquium der Wissenschaftlichen Gesellschaft f\u00fcr Technische Logistik e.V. (WGTL). Stuttgart, 2016,&nbsp;S.&nbsp;225-232.&nbsp;<abbr title=\"International Standard Book Number\">ISBN<\/abbr>&nbsp;978-3-00-054201-5<\/li>\n\n\n\n<li>Ulrich, S.; Bruns, R.; Krivnekov, K.: <em>Universelle selbstlenkende Routenzugachse mit h\u00f6chster Spurtreue.<\/em> In: Hebezeuge und F\u00f6rdermittel \u2013 Forschungskatalog Flurf\u00f6rderzeuge, 2016<\/li>\n\n\n\n<li>Ulrich, S.; Klitsch, C.; Bruns, R.: <em>Greifsysteme f\u00fcr die Intralogistik. <\/em>In: F\u00f6rdern und Heben, 2017, S.16-18<\/li>\n\n\n\n<li>Ulrich,&nbsp;S.; Isermann, J.;&nbsp; Bruns, R.; Klitsch, C.; Dick, I.:&nbsp;<em>Methode zur Bewertung der Zuverl\u00e4ssigkeit von komple- xen Greifprozessen in der Logistik.<\/em> Logistics Journal: Proceedings, ISSN 2192-9084, 2017<\/li>\n\n\n\n<li>Schw\u00e4ke, K.; Dick, I; Bruns, R.; Ulrich,&nbsp;S.: <em>Entwicklung eines flexiblen, vollautomatischen Kom-missionierroboters<\/em>. Logistics Journal: Proceedings, ISSN 2192-9084, 2017<\/li>\n\n\n\n<li>Heinken, H.; Ulrich,&nbsp;S.; Bruns, R.: <em>A High Response Electrorheological Servo Valve for Active Vibration Decoupling.<\/em><strong> <\/strong>15<sup>th<\/sup> International Conference on New Actuators, ed. H. Borgmann, &nbsp;&nbsp; Bremen, (2018)<\/li>\n\n\n\n<li>Ulrich, S.; Klitsch, C.; Bruns, R.: <em>Automatisierung von Routenzugsystemen. <\/em>In: Hebezeuge und F\u00f6rdermittel \u2013 Forschungskatalog Flurf\u00f6rderzeuge, 2018<\/li>\n\n\n\n<li>Bauerochs, T.; Ulrich, S.; Schneider, S.; Bruns, R.: Approach on the improvement of the durability of an electrorheological valve. Journal of intelligent Material Systems and Structures, DOI: 10.1177\/1045389X18799194, 2018<\/li>\n\n\n\n<li>Ulrich,&nbsp;S.; Buhrdorf, C.; Klitsch, C.; Bruns, R.: <em>Entwicklung eines Baukastensystems f\u00fcr universelles Greifen mit flexiblen Aktoren<\/em>. Logistics Journal: Proceedings, ISSN 2192-9084, 2018<\/li>\n\n\n\n<li>Dick, I.; Ulrich,&nbsp;S.; Bruns, R.: <em>Autonomes Greifen mit individuell zusammengestellten Greifern des Greifer-Baukastens<\/em>. Logistics Journal: Proceedings, ISSN 2192-9084, 2018<\/li>\n\n\n\n<li>Heinken, H.; Ulrich,&nbsp;S.; Bruns, R.; Schneider, S.: <em>High-response electrorheological servo valve<\/em>. Journal of Intelligent Material Systems and Structurs: DOI: 10.1177\/1045389X19873427, 2019<\/li>\n\n\n\n<li>Bauerochs, T.; Huo, X.; Yossifon, G.; Ulrich,&nbsp;S.; Schneider, S.; Bruns, R.: <em>Alternating current response and visualization of electrorheological fluid<\/em>. Journal of Intelligent Material Systems and Structurs: Vol.31(2) 288-296, 2020<\/li>\n\n\n\n<li>Bauerochs, T.; Huo, X.; Yossifon, G.; Ulrich,&nbsp;S.; Schneider, S.; Bruns, R.: <em>Description and visualization of the highly dynamic behavior of the electrorheological effect <\/em>. Journal of Intelligent Material Systems and Structurs: Vol.31(2) 308-317, 2020<\/li>\n\n\n\n<li>Ulrich,&nbsp;S.: <em>Spurtreue bei allen Fahrman\u00f6vern-Modulares Routenzugsystem-Trail <\/em>. Technische Logistik: Hebezeuge F\u00f6rdermittel Vol.7-8 20-21, 2020<\/li>\n\n\n\n<li>Stepanyuk, S.; Ulrich,&nbsp;S.; Bruns, R.: <em>Automatische elektrische Lenkung zur Effizienzsteigerung von Langguttransporten<strong>. <\/strong><\/em>&nbsp;Logistics Journal: Proceedings. DOI: 10.2195\/lj_Proc_stepanyuk_de_202112_01, 2021<\/li>\n\n\n\n<li>Dick, I.; Ulrich,&nbsp;S.; Bruns, R.: <em>Analyse und experimentelle Untersuchung eines Hand- habungsprozesses in der Pflanzenzucht im Hinblick auf die Anwendbarkeit eines automatisierten Greifsystems<strong>. <\/strong><\/em>&nbsp;Logistics Journal: Proceedings. DOI: 10.2195\/lj_Proc_dick_de_202112_01, 2021<\/li>\n\n\n\n<li>Stepanyuk, S.; Ulrich,&nbsp;S.: <em>Man\u00f6vrieren in engster Umgebung \u2013 Automatisch gelenkter Anh\u00e4nger f\u00fcr Transport und Kommissionierung von Langg\u00fctern<\/em>. Technische Logistik: Vol. 2 18-19, 2022<\/li>\n\n\n\n<li>Schw\u00e4ke, K.; Ulrich,&nbsp;S.; Bruns, R.: <em>SoftGripper als All-Rounder<\/em>. Werkstoffe: Vol 2 14-15, 2022<\/li>\n\n\n\n<li>Ulrich,&nbsp;S.: <em>Weich und elastisch- Modulare Greifer f\u00fcr das Handling von Lebensmitteln<\/em>. Robotik und Produktion: Vol 2 28-29, 2022<\/li>\n<\/ul>\n\n\n\n<p><\/p>\n\n\n\n<p><strong>Sonstiges<\/strong><\/p>\n\n\n\n<ul class=\"wp-block-list\">\n<li>Auszeichnung der entwickelten &#8222;Autonomen Routenzugsteuerung&#8220; mit dem EFOY-Award 2018 \u201eWarehouse Truck of the Year\u201c<\/li>\n\n\n\n<li>Auszeichnung der Dissertation mit dem Wissenschaftspreis<strong> <\/strong>der Jungheinrich-Stiftung und der Freunde und F\u00f6rderer der Helmut- Schmidt-Universit\u00e4t<\/li>\n<\/ul>\n","protected":false},"excerpt":{"rendered":"<p>Aktuelle Kontaktdaten Siehe: Universit\u00e4t der Bundeswehr M\u00fcnchen Prof. Dr.&#8211;Ing. Stephan Ulrich Ehemailige Lehrveranstaltungen an der HSU Forschungsschwerpunkte Patente und Patentanmeldungen Dissertation Ver\u00f6ffentlichungen Sonstiges<\/p>\n","protected":false},"author":133,"featured_media":0,"parent":0,"menu_order":0,"comment_status":"closed","ping_status":"closed","template":"","meta":{"footnotes":""},"categories":[4],"tags":[],"class_list":["post-802","page","type-page","status-publish","hentry","category-forschung"],"_links":{"self":[{"href":"https:\/\/www.hsu-hh.de\/log\/wp-json\/wp\/v2\/pages\/802","targetHints":{"allow":["GET"]}}],"collection":[{"href":"https:\/\/www.hsu-hh.de\/log\/wp-json\/wp\/v2\/pages"}],"about":[{"href":"https:\/\/www.hsu-hh.de\/log\/wp-json\/wp\/v2\/types\/page"}],"author":[{"embeddable":true,"href":"https:\/\/www.hsu-hh.de\/log\/wp-json\/wp\/v2\/users\/133"}],"replies":[{"embeddable":true,"href":"https:\/\/www.hsu-hh.de\/log\/wp-json\/wp\/v2\/comments?post=802"}],"version-history":[{"count":14,"href":"https:\/\/www.hsu-hh.de\/log\/wp-json\/wp\/v2\/pages\/802\/revisions"}],"predecessor-version":[{"id":1105,"href":"https:\/\/www.hsu-hh.de\/log\/wp-json\/wp\/v2\/pages\/802\/revisions\/1105"}],"wp:attachment":[{"href":"https:\/\/www.hsu-hh.de\/log\/wp-json\/wp\/v2\/media?parent=802"}],"wp:term":[{"taxonomy":"category","embeddable":true,"href":"https:\/\/www.hsu-hh.de\/log\/wp-json\/wp\/v2\/categories?post=802"},{"taxonomy":"post_tag","embeddable":true,"href":"https:\/\/www.hsu-hh.de\/log\/wp-json\/wp\/v2\/tags?post=802"}],"curies":[{"name":"wp","href":"https:\/\/api.w.org\/{rel}","templated":true}]}}