{"id":231,"date":"2021-03-08T16:37:06","date_gmt":"2021-03-08T15:37:06","guid":{"rendered":"https:\/\/www.hsu-hh.de\/log\/?page_id=231"},"modified":"2023-02-13T13:25:03","modified_gmt":"2023-02-13T12:25:03","slug":"5g","status":"publish","type":"page","link":"https:\/\/www.hsu-hh.de\/log\/5g\/","title":{"rendered":"5G in der Logistik"},"content":{"rendered":"\n<p><strong>Januar 2022 &#8211; F\u00f6rderung des Projekt 5G-trAAffic<\/strong><\/p>\n\n\n\n<p>Das BMVI f\u00f6rdert das Projekt 5G-trAAffic zur Erh\u00f6hung der Verkehrssicherheit unter Nutzung von 5G. Die Helmut-Schmidt-Universit\u00e4t \u00fcbernimmt die Projektkoordination und als Partner des Projekts sind die Stadt Aalen, die Hochschule Aalen, T-Systems, Bernard Technologies und das Fraunhofer IAO mit dem Anwendungszentrum KEIM beteiligt. Die Pressemitteilung zu dem Projekt finden Sie <a href=\"https:\/\/idw-online.de\/de\/news786557\" data-type=\"URL\" data-id=\"https:\/\/idw-online.de\/de\/news786557\" rel='nofollow'>hier<\/a>. Falls Sie dar\u00fcber hinaus gerne Kontakt zu aufnehmen m\u00f6chten, wenden Sie sich bitte an <strong>5GtrAAffic@hsu-hh.de<\/strong>.<\/p>\n\n\n\n<p><strong>Januar 2021 &#8211; Veranstaltung mit der BVL<\/strong><\/p>\n\n\n\n<p>Die Mobilfunklizenzen f\u00fcr den Mobilfunkstandard 5G wurden im Jahr 2019 <a rel=\"noreferrer noopener\" href=\"https:\/\/www.bundesnetzagentur.de\/SharedDocs\/Pressemitteilungen\/DE\/2019\/20190612_Frequenzauktion.html\" target=\"_blank\">versteigert<\/a>. Zahlreiche Initiativen, wie der <a rel=\"noreferrer noopener\" href=\"https:\/\/www.bmvi.de\/SharedDocs\/DE\/Artikel\/DG\/5g-innovationswettbewerb-tabelle.html\" target=\"_blank\">5G-Innovationswettbewerb<\/a>, wurden zur F\u00f6rderung durch den Bund initiiert. F\u00fcr die deutsche Industrie ist daraus eine Interessenvertretung f\u00fcr die industrielle Anwendung von 5G unter dem Namen <a rel=\"noreferrer noopener\" href=\"https:\/\/www.5g-acia.org\/\" target=\"_blank\">5G-ACIA<\/a> entstanden.<\/p>\n\n\n\n<p>Doch wie sieht es mit Chancen und M\u00f6glichkeiten in der Logistik aus? In Kooperation mit der Bundesvereinigung Logistik e. V. hat Frau <abbr title=\"Professor\">Prof.<\/abbr>&#8218;in Alice Kirchheim im Januar 2021 eine <a rel=\"noreferrer noopener\" href=\"https:\/\/www.bvl.de\/veranstaltungen\/regionalgruppen\/detailseite?event=2881\" data-type=\"URL\" data-id=\"https:\/\/www.bvl.de\/veranstaltungen\/regionalgruppen\/detailseite?event=2881\" target=\"_blank\">Veranstaltung<\/a> zu diesem Thema organisiert, ein kurzer R\u00fcckblick ist auch im <a rel=\"noreferrer noopener\" href=\"https:\/\/www.bvl.de\/files\/1951\/1988\/923\/LOG.Letter_02_2021.pdf\" data-type=\"URL\" data-id=\"https:\/\/www.bvl.de\/files\/1951\/1988\/923\/LOG.Letter_02_2021.pdf\" target=\"_blank\">Log.Letter <\/a>der BVL zu finden. Im Anschluss haben sich interessierte Vertreter aus der Industrie und der Wissenschaft zusammengeschlossen. Eine Gruppe fokussiert sich auf die Intralogistik, eine weitere auf die Hafenlogistik. <\/p>\n","protected":false},"excerpt":{"rendered":"<p>Januar 2022 &#8211; F\u00f6rderung des Projekt 5G-trAAffic Das BMVI f\u00f6rdert das Projekt 5G-trAAffic zur Erh\u00f6hung der Verkehrssicherheit unter Nutzung von 5G. Die Helmut-Schmidt-Universit\u00e4t \u00fcbernimmt die Projektkoordination und als Partner des [&hellip;]<\/p>\n","protected":false},"author":2931,"featured_media":0,"parent":0,"menu_order":0,"comment_status":"closed","ping_status":"closed","template":"","meta":{"footnotes":""},"categories":[4],"tags":[],"class_list":["post-231","page","type-page","status-publish","hentry","category-forschung"],"_links":{"self":[{"href":"https:\/\/www.hsu-hh.de\/log\/wp-json\/wp\/v2\/pages\/231","targetHints":{"allow":["GET"]}}],"collection":[{"href":"https:\/\/www.hsu-hh.de\/log\/wp-json\/wp\/v2\/pages"}],"about":[{"href":"https:\/\/www.hsu-hh.de\/log\/wp-json\/wp\/v2\/types\/page"}],"author":[{"embeddable":true,"href":"https:\/\/www.hsu-hh.de\/log\/wp-json\/wp\/v2\/users\/2931"}],"replies":[{"embeddable":true,"href":"https:\/\/www.hsu-hh.de\/log\/wp-json\/wp\/v2\/comments?post=231"}],"version-history":[{"count":19,"href":"https:\/\/www.hsu-hh.de\/log\/wp-json\/wp\/v2\/pages\/231\/revisions"}],"predecessor-version":[{"id":703,"href":"https:\/\/www.hsu-hh.de\/log\/wp-json\/wp\/v2\/pages\/231\/revisions\/703"}],"wp:attachment":[{"href":"https:\/\/www.hsu-hh.de\/log\/wp-json\/wp\/v2\/media?parent=231"}],"wp:term":[{"taxonomy":"category","embeddable":true,"href":"https:\/\/www.hsu-hh.de\/log\/wp-json\/wp\/v2\/categories?post=231"},{"taxonomy":"post_tag","embeddable":true,"href":"https:\/\/www.hsu-hh.de\/log\/wp-json\/wp\/v2\/tags?post=231"}],"curies":[{"name":"wp","href":"https:\/\/api.w.org\/{rel}","templated":true}]}}