{"id":247,"date":"2017-10-30T08:20:09","date_gmt":"2017-10-30T07:20:09","guid":{"rendered":"https:\/\/www.hsu-hh.de\/lek\/?page_id=247"},"modified":"2020-10-13T11:43:22","modified_gmt":"2020-10-13T09:43:22","slug":"lehre","status":"publish","type":"page","link":"https:\/\/www.hsu-hh.de\/lek\/lehre","title":{"rendered":"Lehre"},"content":{"rendered":"<p>Die Downloads f\u00fcr Studenten befinden sich auf den ILIAS E-Lernen Seiten der <abbr title=\"Helmut-Schmidt-Universit\u00e4t\">HSU<\/abbr><\/p>\n<p>Magazin &gt; Fakult\u00e4ten &gt; Fakult\u00e4t f\u00fcr Elektrotechnik &gt; Professur f\u00fcr Leistungselektronik<\/p>\n<p><a href=\"https:\/\/ilias.hsu-hh.de\/goto_unibw_cat_246723.html\" rel='nofollow'>Link zur E-Lernen Seite Leistungselektronik <\/a><\/p>\n<p>Das Passwort\u00a0 zum Beitritt f\u00fcr Ihren Kurs erfragen Sie bitte beim jeweiligen Betreuer.<\/p>\n<p>&nbsp;<\/p>\n<p>&nbsp;<\/p>\n<p>In der Professur wurden folgende studentische Arbeiten durchgef\u00fchrt:<\/p>\n<p><a href=\"https:\/\/www.hsu-hh.de\/lek\/lehre\/masterarbeiten\">Masterarbeiten<\/a><\/p>\n<p><a href=\"https:\/\/www.hsu-hh.de\/lek\/lehre\/studienarbeiten\">Studienarbeiten<\/a><\/p>\n<p><a href=\"https:\/\/www.hsu-hh.de\/lek\/lehre\/bachelorarbeiten\">Bachelorarbeiten<\/a><\/p>\n<p><a href=\"https:\/\/www.hsu-hh.de\/lek\/lehre\/diplomarbeiten\">Diplomarbeiten<\/a><\/p>\n","protected":false},"excerpt":{"rendered":"<p>Die Downloads f\u00fcr Studenten befinden sich auf den ILIAS E-Lernen Seiten der HSU Magazin &gt; Fakult\u00e4ten &gt; Fakult\u00e4t f\u00fcr Elektrotechnik &gt; Professur f\u00fcr Leistungselektronik Link zur E-Lernen Seite Leistungselektronik Das [&hellip;]<\/p>\n","protected":false},"author":34,"featured_media":0,"parent":0,"menu_order":0,"comment_status":"closed","ping_status":"closed","template":"","meta":{"footnotes":""},"categories":[60],"tags":[],"class_list":["post-247","page","type-page","status-publish","hentry","category-lehre"],"_links":{"self":[{"href":"https:\/\/www.hsu-hh.de\/lek\/wp-json\/wp\/v2\/pages\/247","targetHints":{"allow":["GET"]}}],"collection":[{"href":"https:\/\/www.hsu-hh.de\/lek\/wp-json\/wp\/v2\/pages"}],"about":[{"href":"https:\/\/www.hsu-hh.de\/lek\/wp-json\/wp\/v2\/types\/page"}],"author":[{"embeddable":true,"href":"https:\/\/www.hsu-hh.de\/lek\/wp-json\/wp\/v2\/users\/34"}],"replies":[{"embeddable":true,"href":"https:\/\/www.hsu-hh.de\/lek\/wp-json\/wp\/v2\/comments?post=247"}],"version-history":[{"count":31,"href":"https:\/\/www.hsu-hh.de\/lek\/wp-json\/wp\/v2\/pages\/247\/revisions"}],"predecessor-version":[{"id":645,"href":"https:\/\/www.hsu-hh.de\/lek\/wp-json\/wp\/v2\/pages\/247\/revisions\/645"}],"wp:attachment":[{"href":"https:\/\/www.hsu-hh.de\/lek\/wp-json\/wp\/v2\/media?parent=247"}],"wp:term":[{"taxonomy":"category","embeddable":true,"href":"https:\/\/www.hsu-hh.de\/lek\/wp-json\/wp\/v2\/categories?post=247"},{"taxonomy":"post_tag","embeddable":true,"href":"https:\/\/www.hsu-hh.de\/lek\/wp-json\/wp\/v2\/tags?post=247"}],"curies":[{"name":"wp","href":"https:\/\/api.w.org\/{rel}","templated":true}]}}