{"id":154,"date":"2017-09-05T07:19:20","date_gmt":"2017-09-05T05:19:20","guid":{"rendered":"https:\/\/www.hsu-hh.de\/lek\/?page_id=154"},"modified":"2020-06-18T13:13:34","modified_gmt":"2020-06-18T11:13:34","slug":"historisches","status":"publish","type":"page","link":"https:\/\/www.hsu-hh.de\/lek\/labor\/historisches","title":{"rendered":"Historisches"},"content":{"rendered":"<h2>Historisches im Labor Leistungselektronik<\/h2>\n<p>Die Professur Leistungselektronik verf\u00fcgt \u00fcber einen der wenigen noch funktionsf\u00e4higen Quecksilberdampf Gleichrichter in Deutschland.<\/p>\n<figure id=\"attachment_153\" aria-describedby=\"caption-attachment-153\" style=\"width: 1024px\" class=\"wp-caption alignnone\"><img loading=\"lazy\" decoding=\"async\" class=\"size-large wp-image-153\" src=\"https:\/\/www.hsu-hh.de\/lek\/wp-content\/uploads\/sites\/527\/2017\/09\/DSC_0409-1024x682.jpg\" alt=\"Historischer Gleichrichter\" width=\"1024\" height=\"682\" srcset=\"https:\/\/www.hsu-hh.de\/lek\/wp-content\/uploads\/sites\/527\/2017\/09\/DSC_0409-1024x682.jpg 1024w, https:\/\/www.hsu-hh.de\/lek\/wp-content\/uploads\/sites\/527\/2017\/09\/DSC_0409-300x200.jpg 300w, https:\/\/www.hsu-hh.de\/lek\/wp-content\/uploads\/sites\/527\/2017\/09\/DSC_0409-768x511.jpg 768w\" sizes=\"auto, (max-width: 1024px) 100vw, 1024px\" \/><figcaption id=\"caption-attachment-153\" class=\"wp-caption-text\">Quecksilberdampf Gleichrichter<\/figcaption><\/figure>\n<p>&nbsp;<\/p>\n","protected":false},"excerpt":{"rendered":"<p>Historisches im Labor Leistungselektronik Die Professur Leistungselektronik verf\u00fcgt \u00fcber einen der wenigen noch funktionsf\u00e4higen Quecksilberdampf Gleichrichter in Deutschland. &nbsp;<\/p>\n","protected":false},"author":34,"featured_media":0,"parent":161,"menu_order":0,"comment_status":"closed","ping_status":"closed","template":"","meta":{"footnotes":""},"categories":[53],"tags":[],"class_list":["post-154","page","type-page","status-publish","hentry","category-labor-leistungselektronik"],"_links":{"self":[{"href":"https:\/\/www.hsu-hh.de\/lek\/wp-json\/wp\/v2\/pages\/154","targetHints":{"allow":["GET"]}}],"collection":[{"href":"https:\/\/www.hsu-hh.de\/lek\/wp-json\/wp\/v2\/pages"}],"about":[{"href":"https:\/\/www.hsu-hh.de\/lek\/wp-json\/wp\/v2\/types\/page"}],"author":[{"embeddable":true,"href":"https:\/\/www.hsu-hh.de\/lek\/wp-json\/wp\/v2\/users\/34"}],"replies":[{"embeddable":true,"href":"https:\/\/www.hsu-hh.de\/lek\/wp-json\/wp\/v2\/comments?post=154"}],"version-history":[{"count":3,"href":"https:\/\/www.hsu-hh.de\/lek\/wp-json\/wp\/v2\/pages\/154\/revisions"}],"predecessor-version":[{"id":644,"href":"https:\/\/www.hsu-hh.de\/lek\/wp-json\/wp\/v2\/pages\/154\/revisions\/644"}],"up":[{"embeddable":true,"href":"https:\/\/www.hsu-hh.de\/lek\/wp-json\/wp\/v2\/pages\/161"}],"wp:attachment":[{"href":"https:\/\/www.hsu-hh.de\/lek\/wp-json\/wp\/v2\/media?parent=154"}],"wp:term":[{"taxonomy":"category","embeddable":true,"href":"https:\/\/www.hsu-hh.de\/lek\/wp-json\/wp\/v2\/categories?post=154"},{"taxonomy":"post_tag","embeddable":true,"href":"https:\/\/www.hsu-hh.de\/lek\/wp-json\/wp\/v2\/tags?post=154"}],"curies":[{"name":"wp","href":"https:\/\/api.w.org\/{rel}","templated":true}]}}