{"id":116,"date":"2017-08-31T15:02:31","date_gmt":"2017-08-31T13:02:31","guid":{"rendered":"https:\/\/www.hsu-hh.de\/lek\/?page_id=116"},"modified":"2017-10-20T13:38:43","modified_gmt":"2017-10-20T11:38:43","slug":"landskron","status":"publish","type":"page","link":"https:\/\/www.hsu-hh.de\/lek\/landskron","title":{"rendered":"Landskron"},"content":{"rendered":"<div class=\"ansprechparter-container\">\n<div class=\"row ansprechpartner-item ansprechparter-header\">\n<div class=\"ansprechparter-container\">\n<div class=\"row ansprechpartner-item ansprechparter-header\">\n<div class=\"col-xs-8 col-lg-12\" style=\"margin-bottom: 30px\">\n<div class=\"mobile-small\">Norman Landskron<\/div>\n<\/div>\n<div class=\"col-md-4 col-lg-3 col-xs-4 ansprechpartner-item img-circle center-block\" style=\"margin-bottom: 30px;float: right\">\n<div class=\"img-responsive-wrapper\"><img decoding=\"async\" class=\"img-circle img-responsive center-block\" src=\"\/wp-content\/themes\/hsu\/img\/dummy\/dummy_ansprechpartner.png\" alt=\"\" \/><\/div>\n<\/div>\n<div class=\"col-md-12 col-lg-3 col-xs-12 ansprechpartner-item kontakt\" style=\"margin-bottom: 30px;float: right\">\n<div class=\"row\">\n<div class=\"col-xs-6 col-lg-12\">\n<div class=\"row\">\n<div class=\"col-xs-12 col-lg-4 row-text bold\">Raum:<\/div>\n<div class=\"col-xs-12 col-lg-8 row-text\">1809<\/div>\n<\/div>\n<\/div>\n<div class=\"col-xs-6 col-lg-12\">\n<div class=\"row\">\n<div class=\"col-xs-12 col-lg-4 row-text bold\">Telefon:<\/div>\n<div class=\"col-xs-12 col-lg-8 row-text\">+49-40-6541-2194<\/div>\n<\/div>\n<\/div>\n<div class=\"col-xs-6 col-lg-12\">\n<div class=\"row\">\n<div class=\"col-xs-12 col-lg-4 row-text bold\">Fax:<\/div>\n<div class=\"col-xs-12 col-lg-8 row-text\">+49-40-6541-2834<\/div>\n<\/div>\n<\/div>\n<div class=\"col-xs-6 col-lg-12\">\n<div class=\"row\">\n<div class=\"col-xs-12 col-md-12 row-text bold\">Email:<\/div>\n<div class=\"col-xs-12 col-md-12 row-text\">norman.landskron@hsu-hh.de<\/div>\n<\/div>\n<\/div>\n<\/div>\n<\/div>\n<div class=\"col-md-6 col-lg-3 col-xs-12 ansprechpartner-item anschrift \">\n<div class=\"row-headline\">Besucheranschrift<\/div>\n<div class=\"row-text\">\n<p>Helmut-Schmidt-Universit\u00e4t<br \/>\nGeb\u00e4ude H2<\/p>\n<p>Holstenhofweg 85<br \/>\n22039 Hamburg<\/p>\n<\/div>\n<\/div>\n<div class=\"col-md-6 col-lg-3 col-xs-12 ansprechpartner-item anschrift\">\n<div class=\"row-headline\">Postanschrift<\/div>\n<div class=\"row-text\">\n<p>Helmut-Schmidt-Universit\u00e4t<br \/>\nFakult\u00e4t f\u00fcr Elektrotechnik<br \/>\nTechnische Informatik<\/p>\n<p>Holstenhofweg 85<br \/>\n22039 Hamburg<\/p>\n<\/div>\n<\/div>\n<\/div>\n<\/div>\n<div class=\"clearfix\"><\/div>\n<\/div>\n<\/div>\n<div class=\"clearfix\"><\/div>\n<p>&nbsp;<\/p>\n","protected":false},"excerpt":{"rendered":"<p>Norman Landskron Raum: 1809 Telefon: +49-40-6541-2194 Fax: +49-40-6541-2834 Email: norman.landskron@hsu-hh.de Besucheranschrift Helmut-Schmidt-Universit\u00e4t Geb\u00e4ude H2 Holstenhofweg 85 22039 Hamburg Postanschrift Helmut-Schmidt-Universit\u00e4t Fakult\u00e4t f\u00fcr Elektrotechnik Technische Informatik Holstenhofweg 85 22039 Hamburg &nbsp;<\/p>\n","protected":false},"author":34,"featured_media":0,"parent":0,"menu_order":0,"comment_status":"closed","ping_status":"closed","template":"","meta":{"footnotes":""},"categories":[44],"tags":[40,42],"class_list":["post-116","page","type-page","status-publish","hentry","category-mitarbeiter-im-labor","tag-landskron","tag-mitarbeiter-im-labor"],"_links":{"self":[{"href":"https:\/\/www.hsu-hh.de\/lek\/wp-json\/wp\/v2\/pages\/116","targetHints":{"allow":["GET"]}}],"collection":[{"href":"https:\/\/www.hsu-hh.de\/lek\/wp-json\/wp\/v2\/pages"}],"about":[{"href":"https:\/\/www.hsu-hh.de\/lek\/wp-json\/wp\/v2\/types\/page"}],"author":[{"embeddable":true,"href":"https:\/\/www.hsu-hh.de\/lek\/wp-json\/wp\/v2\/users\/34"}],"replies":[{"embeddable":true,"href":"https:\/\/www.hsu-hh.de\/lek\/wp-json\/wp\/v2\/comments?post=116"}],"version-history":[{"count":2,"href":"https:\/\/www.hsu-hh.de\/lek\/wp-json\/wp\/v2\/pages\/116\/revisions"}],"predecessor-version":[{"id":183,"href":"https:\/\/www.hsu-hh.de\/lek\/wp-json\/wp\/v2\/pages\/116\/revisions\/183"}],"wp:attachment":[{"href":"https:\/\/www.hsu-hh.de\/lek\/wp-json\/wp\/v2\/media?parent=116"}],"wp:term":[{"taxonomy":"category","embeddable":true,"href":"https:\/\/www.hsu-hh.de\/lek\/wp-json\/wp\/v2\/categories?post=116"},{"taxonomy":"post_tag","embeddable":true,"href":"https:\/\/www.hsu-hh.de\/lek\/wp-json\/wp\/v2\/tags?post=116"}],"curies":[{"name":"wp","href":"https:\/\/api.w.org\/{rel}","templated":true}]}}