{"id":75,"date":"2017-07-03T15:52:18","date_gmt":"2017-07-03T13:52:18","guid":{"rendered":"https:\/\/www.hsu-hh.de\/vorlage\/?page_id=75"},"modified":"2018-01-05T09:35:01","modified_gmt":"2018-01-05T08:35:01","slug":"startpage","status":"publish","type":"page","link":"https:\/\/www.hsu-hh.de\/laser\/en\/startpage","title":{"rendered":"Welcome to the Group of Experimental Physics and Material Sciences at HSU"},"content":{"rendered":"<p>Die Forschung zur Entwicklung und Anwendung neuer innovativer Laserstrahlquellen ist von herausragender Bedeutung f\u00fcr eine Vielzahl von Schl\u00fcsseltechnologien (Produktion, Messtechnik, Umwelt- und Lebenswissenschaften, Wehrtechnik). Wesentliche Forschungsziele auf dem Gebiet der Lasertechnologie sind zum einen die Steigerung von Effizienz und Leistung sowie die Erschlie\u00dfung neuer Wellenl\u00e4ngenbereiche durch Entwicklung neuer Materialien und Methoden, zum anderen die Nutzung solcher Quellen beispielsweise f\u00fcr spektroskopische oder messtechnische Anwendungen. Eine wichtige Schl\u00fcsselrolle spielt dabei die Materialforschung,\u00a0<abbr title=\"zum Beispiel\">z.B.<\/abbr>\u00a0durch die Herstellung neuer Laserkristalle oder Materialien f\u00fcr die optische Frequenzkonversion.<\/p>\n<p>Die Forschungarbeiten der Professur konzentriert sich auf die\u00a0Entwicklung neuer integriert-optischer Bauelemente und Laserquellen, Grundlagenforschung auf dem Gebiet der nichtlinearen Optik, die Mikrostrukturierung optischer Materialien, die optische Kommunikationstechnik und die faseroptische Sensorik. Es besteht eine gute Vernetzung zu anderen lokalen Forschungseinrichtungen (UHH, DESY).\u00a0In einem eher grundlagenorientierten Bereich besch\u00e4ftigen wir uns mit der nichtlinearen optischen Wellenausbreitung in Materialien mit periodisch strukturierten Materialeigenschaften (etwa durch Modulation des Brechungsindex).\u00a0Anwendungsnahe Forschungsprojekte betreffen unter anderem die Entwicklung kompakter optischer Fasersensoren\u00a0<abbr title=\"zum Beispiel\">z.B.<\/abbr>\u00a0f\u00fcr biomedizinische Anwendungen, miniaturisierter Laserstrahlquellen f\u00fcr den nahen und mittleren Infrarotbereich sowie Bauelemente f\u00fcr die optische Frequenzkonversion.<\/p>\n","protected":false},"excerpt":{"rendered":"<p>Die Forschung zur Entwicklung und Anwendung neuer innovativer Laserstrahlquellen ist von herausragender Bedeutung f\u00fcr eine Vielzahl von Schl\u00fcsseltechnologien (Produktion, Messtechnik, Umwelt- und Lebenswissenschaften, Wehrtechnik). Wesentliche Forschungsziele auf dem Gebiet der [&hellip;]<\/p>\n","protected":false},"author":1,"featured_media":0,"parent":0,"menu_order":0,"comment_status":"closed","ping_status":"closed","template":"","meta":{"footnotes":""},"categories":[],"tags":[],"class_list":["post-75","page","type-page","status-publish","hentry"],"_links":{"self":[{"href":"https:\/\/www.hsu-hh.de\/laser\/wp-json\/wp\/v2\/pages\/75","targetHints":{"allow":["GET"]}}],"collection":[{"href":"https:\/\/www.hsu-hh.de\/laser\/wp-json\/wp\/v2\/pages"}],"about":[{"href":"https:\/\/www.hsu-hh.de\/laser\/wp-json\/wp\/v2\/types\/page"}],"author":[{"embeddable":true,"href":"https:\/\/www.hsu-hh.de\/laser\/wp-json\/wp\/v2\/users\/1"}],"replies":[{"embeddable":true,"href":"https:\/\/www.hsu-hh.de\/laser\/wp-json\/wp\/v2\/comments?post=75"}],"version-history":[{"count":6,"href":"https:\/\/www.hsu-hh.de\/laser\/wp-json\/wp\/v2\/pages\/75\/revisions"}],"predecessor-version":[{"id":409,"href":"https:\/\/www.hsu-hh.de\/laser\/wp-json\/wp\/v2\/pages\/75\/revisions\/409"}],"wp:attachment":[{"href":"https:\/\/www.hsu-hh.de\/laser\/wp-json\/wp\/v2\/media?parent=75"}],"wp:term":[{"taxonomy":"category","embeddable":true,"href":"https:\/\/www.hsu-hh.de\/laser\/wp-json\/wp\/v2\/categories?post=75"},{"taxonomy":"post_tag","embeddable":true,"href":"https:\/\/www.hsu-hh.de\/laser\/wp-json\/wp\/v2\/tags?post=75"}],"curies":[{"name":"wp","href":"https:\/\/api.w.org\/{rel}","templated":true}]}}