{"id":944,"date":"2019-09-12T14:04:50","date_gmt":"2019-09-12T12:04:50","guid":{"rendered":"https:\/\/www.hsu-hh.de\/laft\/?page_id=944"},"modified":"2024-11-18T11:58:22","modified_gmt":"2024-11-18T10:58:22","slug":"lennart-hildebrandt","status":"publish","type":"page","link":"https:\/\/www.hsu-hh.de\/laft\/mitarbeiter\/lennart-hildebrandt","title":{"rendered":""},"content":{"rendered":"<script type=\"application\/ld+json\">[{\"@context\": \"https:\/\/www.schema.org\",\"@type\": \"Person\",\"name\": \"Dr.-Ing. Lennart Hildebrandt\",\"worksFor\": [{\t\"@type\": \"Organization\",\t\"name\": \"Helmut-Schmidt-Universit\u00e4t\",\t\"url\": \"https:\/\/www.hsu-hh.de\"\t, \"department\": {\"@type\": \"Organization\",\t\t\t\t\t\"name\": \"Technische Informatik\",\t\t\t\t\t\"location\": {\t\t\t\t\t\t\"@type\": \"PostalAddress\",\t\t\t\t\t\t\"addressLocality\": \"\",        \t\t\t\t\"postalCode\": \"22043\",        \t\t\t\t\"streetAddress\": \"Holstenhofweg 85 , Geb\u00e4ude H1\"\t\t\t\t\t}},\t\"location\": {\t\t\"@type\": \"PostalAddress\",    \t\"addressLocality\": \"\",    \t\"postalCode\": \"22008\",    \t\"postOfficeBoxNumber\": \"700822\"\t}   }],\"image\": \"https:\/\/www.hsu-hh.de\/laft\/wp-content\/uploads\/sites\/671\/2019\/09\/Lennart_Hildebrandt-e1692956829124-150x150.jpg\",\"telephone\": \"\",\"faxNumber\": \"\",\"email\": \"Lennart.Hildebrandt@hsu-hh.de\"}]<\/script><div class=\"clearfix\"><\/div><div class=\"ansprechparter-container \" style=\"margin-top:1em; \"><div class=\"row ansprechpartner-item ansprechparter-header\" ><div class=\"col-xs-8 col-lg-12\" style=\"margin-bottom: 30px;\"><h3 class=\"ansprechparter-headline\">Dr.-Ing. Lennart Hildebrandt<\/h3><\/div><\/div><div class=\"col-md-4 col-lg-3 col-xs-4 ansprechpartner-item floatright img-circle center-block\" style=\"margin-bottom: 30px;\"><div class=\"img-responsive-wrapper\"><img decoding=\"async\" src=\"https:\/\/www.hsu-hh.de\/laft\/wp-content\/uploads\/sites\/671\/2019\/09\/Lennart_Hildebrandt-e1692956829124-150x150.jpg\" alt=\"Lennart Hildebrandt\" class=\"img-circle img-responsive center-block\" \/><\/div><\/div><div class=\"col-md-12 col-lg-3 col-xs-12 ansprechpartner-item kontakt floatright\" style=\"margin-bottom: 30px; \"><div class=\"row\"><div class=\"col-xs-12 col-sm-6 col-lg-12\"><div class=\"row\"><div class=\"col-xs-4 col-lg-4 row-text bold\">E-Mail:<\/div><div class=\"row-text\" style=\"overflow:hidden; word-break: break-word\"><a href=\"mailto:Lennart.Hildebrandt@hsu-hh.de\" rel=\"nofollow\">Lennart.Hildebrandt@hsu-hh.de<\/a><\/div><\/div><\/div><\/div><\/div><div class=\"col-md-6 col-lg-3 col-xs-12 ansprechpartner-item anschrift floatright\" ><div class=\"row-headline\">Besucheranschrift<\/div><div class=\"dataBesucheranschrift\" style=\"\"><div class=\"row-text\">Helmut-Schmidt-Universit\u00e4t<\/div><div class=\"row-text\">Geb\u00e4ude H1<\/div><div class=\"row-text\">Holstenhofweg 85<\/div><div class=\"row-text\">22043 Hamburg<\/div><\/div><\/div><div class=\"col-md-6 col-lg-3 col-xs-12 ansprechpartner-item anschrift floatright\"><div class=\"row-headline\">Postanschrift<\/div><div class=\"dataPostanschrift\" style=\"\"><div class=\"row-text\">Helmut-Schmidt-Universit\u00e4t<\/div><div class=\"row-text\">Fakult\u00e4t f\u00fcr Elektrotechnik<\/div><div class=\"row-text\">Technische Informatik<\/div><div class=\"row-text\">Postfach 70 08 22<\/div><div class=\"row-text\">22008 Hamburg<\/div><\/div><\/div><\/div><div class=\"clearfix\"><\/div>\n\n\n<p><strong>Funktion<\/strong><\/p>\n\n\n\n<p>EHEMALIGE<\/p>\n\n\n\n<p><strong>Forschungsbereiche<\/strong><\/p>\n\n\n\n<p>Wertsch\u00f6pfungssystematik, Urbane Produktion, Additive Fertigungstechnologien<\/p>\n\n\n\n<p><strong>Ver\u00f6ffentlichungen<\/strong><\/p>\n\n\n\n<div class=\"wp-block-hsu-publicationblock\"><div class=\"img-area download-image\"><img decoding=\"async\" src=\"\/wp-content\/themes\/hsu\/img\/dummy\/downloads_dummy.png\" alt=\"Publikation Symbol-Icon\" \/><\/div><div class=\"content-area\">Hildebrandt, Lennart; Moritz, Manuel; Seidel, Benedikt; Redlich, Tobias; Wulfsberg, Jens P. (2020):<br \/>Urbane Mikrofabriken f\u00fcr die hybride Produktion. In: ZWF 115 (4), S. 191\u2013195. DOI:<br \/>10.3139\/104.112267.<\/div><\/div>\n\n\n\n<div class=\"wp-block-hsu-publicationblock\"><div class=\"img-area download-image\"><img decoding=\"async\" src=\"\/wp-content\/themes\/hsu\/img\/dummy\/downloads_dummy.png\" alt=\"Publikation Symbol-Icon\" \/><\/div><div class=\"content-area\">Hildebrandt, Lennart; Redlich, Tobias; Wulfsberg, Jens P. (2020): Pers\u00f6nliche Schutzausr\u00fcstung aus<br \/>der hybriden urbanen Mikrofabrik. In: ZWF 115 (9), S. 576\u2013580. DOI: 10.3139\/104.112394.<br \/>Hildebrandt, Lennart (2020): Making in the city via Open Source Hardware. OPEN. Grenoble,<br \/>05.03.2020.<\/div><\/div>\n\n\n\n<div class=\"wp-block-hsu-publicationblock\"><div class=\"img-area download-image\"><img decoding=\"async\" src=\"\/wp-content\/themes\/hsu\/img\/dummy\/downloads_dummy.png\" alt=\"Publikation Symbol-Icon\" \/><\/div><div class=\"content-area\">Hartig, Sascha; Duda, Sven; Hildebrandt, Lennart (2020): Urgent need hybrid production &#8211; what<br \/>COVID-19 can teach us about dislocated production through 3d-printing and the maker<br \/>scene. In: 3D printing in medicine 6 (1), S. 37. DOI: 10.1186\/s41205-020-00090-5.<\/div><\/div>\n\n\n\n<div class=\"wp-block-hsu-publicationblock\"><div class=\"img-area download-image\"><img decoding=\"async\" src=\"\/wp-content\/themes\/hsu\/img\/dummy\/downloads_dummy.png\" alt=\"Publikation Symbol-Icon\" \/><\/div><div class=\"content-area\">Hildebrandt, Lennart; Redlich, Tobias; Wulfsberg, Jens P. (2021): Production Planning And Control In<br \/>Distributed And Networked Open Production Sites \u2013 An Integrative Literature Review. Unter<br \/>Mitarbeit von Technische Informationsbibliothek (TIB), David Herberger und Marco H\u00fcbner:<br \/>Hannover : Institutionelles Repositorium der Leibniz Universit\u00e4t Hannover.<\/div><\/div>\n\n\n\n<div class=\"wp-block-hsu-publicationblock\"><div class=\"img-area download-image\"><img decoding=\"async\" src=\"\/wp-content\/themes\/hsu\/img\/dummy\/downloads_dummy.png\" alt=\"Publikation Symbol-Icon\" \/><\/div><div class=\"content-area\">Hildebrandt, Lennart; Moritz, Manuel; Redlich, Tobias; Wulfsberg, Jens P. (2022): Open Source Hard-<br \/>ware and Decentralized Urban Production for Urgently Needed Products during the COVID-<br \/>19 Pandemic. In: Dundar F. Kocaoglu (Hg.): Technology management and leadership in digi-<br \/>tal transformation &#8211; looking ahead to post-COVID era. PICMET &#8217;22 : Portland International<br \/>Conference on Management of Engineering and Technology : proceedings. 2022 Portland<br \/>International Conference on Management of Engineering and Technology (PICMET). Port-<br \/>land, OR, USA, 8\/7\/2022 &#8211; 8\/11\/2022. Portland State University; IEEE Technology and Engi-<br \/>neering Management Society. Piscataway, NJ: IEEE, S. 1\u201310.<\/div><\/div>\n\n\n\n<div class=\"wp-block-hsu-publicationblock\"><div class=\"img-area download-image\"><img decoding=\"async\" src=\"\/wp-content\/themes\/hsu\/img\/dummy\/downloads_dummy.png\" alt=\"Publikation Symbol-Icon\" \/><\/div><div class=\"content-area\">Hildebrandt, Lennart; Zadow, Svenja; Lange, Luisa; Langhammer, Michel; Moritz, Manuel; Redlich,<br \/>Tobias; Wulfsberg, Jens P. (2022): What are the Role and Capabilities of Fab Labs as a<br \/>Contribution to a Resilient City? Insights from the Fab City Hamburg. Unter Mitarbeit von<br \/>Technische Informationsbibliothek (TIB), David Herberger und Marco H\u00fcbner: Hannover :<br \/>Institutionelles Repositorium der Leibniz Universit\u00e4t Hannover.<\/div><\/div>\n\n\n\n<div class=\"wp-block-hsu-publicationblock\"><div class=\"img-area download-image\"><img decoding=\"async\" src=\"\/wp-content\/themes\/hsu\/img\/dummy\/downloads_dummy.png\" alt=\"Publikation Symbol-Icon\" \/><\/div><div class=\"content-area\">Hartig, Sascha; Hildebrandt, Lennart; Fette, Marc; Meyer, Tobias; Musienko, Eugen; Redlich, Tobias;<br \/>Wulfsberg, Jens (2022): Process parameter determination for small recycling plants for the<br \/>production of filament for FFF printing using the Taguchi method. In: Prog Addit Manuf 7 (1),<br \/>S. 87\u201397. DOI: 10.1007\/s40964-021-00218-x.<\/div><\/div>\n\n\n\n<div class=\"wp-block-hsu-publicationblock\"><div class=\"img-area download-image\"><img decoding=\"async\" src=\"\/wp-content\/themes\/hsu\/img\/dummy\/downloads_dummy.png\" alt=\"Publikation Symbol-Icon\" \/><\/div><div class=\"content-area\">Hildebrandt, Lennart (2023): Open PPS &#8211; Konzeption eines Modells zur Produktionsplanung und -steuerung f\u00fcr dezentrale, vernetzte und offene Produktionswerkst\u00e4tten, Dissertationsschrift, Helmut-Schmidt-Universit\u00e4t\/Universit\u00e4t der Bundeswehr Hamburg. DOI: 10.24405\/15109<\/div><\/div>\n","protected":false},"excerpt":{"rendered":"<p>Funktion EHEMALIGE Forschungsbereiche Wertsch\u00f6pfungssystematik, Urbane Produktion, Additive Fertigungstechnologien Ver\u00f6ffentlichungen<\/p>\n","protected":false},"author":84,"featured_media":0,"parent":1294,"menu_order":0,"comment_status":"closed","ping_status":"closed","template":"","meta":{"footnotes":""},"categories":[8],"tags":[],"class_list":["post-944","page","type-page","status-publish","hentry","category-team"],"_links":{"self":[{"href":"https:\/\/www.hsu-hh.de\/laft\/wp-json\/wp\/v2\/pages\/944","targetHints":{"allow":["GET"]}}],"collection":[{"href":"https:\/\/www.hsu-hh.de\/laft\/wp-json\/wp\/v2\/pages"}],"about":[{"href":"https:\/\/www.hsu-hh.de\/laft\/wp-json\/wp\/v2\/types\/page"}],"author":[{"embeddable":true,"href":"https:\/\/www.hsu-hh.de\/laft\/wp-json\/wp\/v2\/users\/84"}],"replies":[{"embeddable":true,"href":"https:\/\/www.hsu-hh.de\/laft\/wp-json\/wp\/v2\/comments?post=944"}],"version-history":[{"count":18,"href":"https:\/\/www.hsu-hh.de\/laft\/wp-json\/wp\/v2\/pages\/944\/revisions"}],"predecessor-version":[{"id":2538,"href":"https:\/\/www.hsu-hh.de\/laft\/wp-json\/wp\/v2\/pages\/944\/revisions\/2538"}],"up":[{"embeddable":true,"href":"https:\/\/www.hsu-hh.de\/laft\/wp-json\/wp\/v2\/pages\/1294"}],"wp:attachment":[{"href":"https:\/\/www.hsu-hh.de\/laft\/wp-json\/wp\/v2\/media?parent=944"}],"wp:term":[{"taxonomy":"category","embeddable":true,"href":"https:\/\/www.hsu-hh.de\/laft\/wp-json\/wp\/v2\/categories?post=944"},{"taxonomy":"post_tag","embeddable":true,"href":"https:\/\/www.hsu-hh.de\/laft\/wp-json\/wp\/v2\/tags?post=944"}],"curies":[{"name":"wp","href":"https:\/\/api.w.org\/{rel}","templated":true}]}}