{"id":855,"date":"2019-03-25T13:00:57","date_gmt":"2019-03-25T12:00:57","guid":{"rendered":"https:\/\/www.hsu-hh.de\/laft\/?page_id=855"},"modified":"2026-03-25T12:47:45","modified_gmt":"2026-03-25T11:47:45","slug":"sonja-buxbaum-conradi","status":"publish","type":"page","link":"https:\/\/www.hsu-hh.de\/laft\/mitarbeiter\/sonja-buxbaum-conradi","title":{"rendered":"Dr. rer. nat. Sonja Buxbaum-Conradi"},"content":{"rendered":"\n<figure class=\"wp-block-image size-full is-resized\"><img loading=\"lazy\" decoding=\"async\" width=\"609\" height=\"820\" src=\"https:\/\/www.hsu-hh.de\/laft\/wp-content\/uploads\/sites\/671\/2019\/03\/Sonja-Buxbaum-Conradi_kO.jpg\" data-credit=\"Sonja Buxbaum-Conradi\" alt=\"Sonja Buxbaum-Conradi\" class=\"wp-image-859\" style=\"aspect-ratio:0.7427063284867657;width:312px;height:auto\" srcset=\"https:\/\/www.hsu-hh.de\/laft\/wp-content\/uploads\/sites\/671\/2019\/03\/Sonja-Buxbaum-Conradi_kO.jpg 609w, https:\/\/www.hsu-hh.de\/laft\/wp-content\/uploads\/sites\/671\/2019\/03\/Sonja-Buxbaum-Conradi_kO-223x300.jpg 223w\" sizes=\"auto, (max-width: 609px) 100vw, 609px\" \/><\/figure>\n\n\n\n<div class=\"wp-block-columns is-layout-flex wp-container-core-columns-is-layout-9d6595d7 wp-block-columns-is-layout-flex\">\n<div class=\"wp-block-column is-layout-flow wp-block-column-is-layout-flow\">\n<p><strong>Funktion<\/strong><\/p>\n<\/div>\n\n\n\n<div class=\"wp-block-column is-layout-flow wp-block-column-is-layout-flow\">\n<p>Post-Doctoral Senior Research Fellow, Projektleitung<\/p>\n<\/div>\n<\/div>\n\n\n\n<div class=\"wp-block-columns is-layout-flex wp-container-core-columns-is-layout-9d6595d7 wp-block-columns-is-layout-flex\">\n<div class=\"wp-block-column is-layout-flow wp-block-column-is-layout-flow\">\n<p><strong>E-Mail<\/strong><\/p>\n<\/div>\n\n\n\n<div class=\"wp-block-column is-layout-flow wp-block-column-is-layout-flow\">\n<p>buxbaum-conradi@hsu-hh.de<\/p>\n<\/div>\n<\/div>\n\n\n\n<div class=\"wp-block-columns is-layout-flex wp-container-core-columns-is-layout-9d6595d7 wp-block-columns-is-layout-flex\">\n<div class=\"wp-block-column is-layout-flow wp-block-column-is-layout-flow\">\n<p><strong>Telefon<\/strong><\/p>\n<\/div>\n\n\n\n<div class=\"wp-block-column is-layout-flow wp-block-column-is-layout-flow\">\n<p>040 &#8211; 6541 &#8211; 2055<\/p>\n<\/div>\n<\/div>\n\n\n\n<div class=\"wp-block-columns is-layout-flex wp-container-core-columns-is-layout-9d6595d7 wp-block-columns-is-layout-flex\">\n<div class=\"wp-block-column is-layout-flow wp-block-column-is-layout-flow\">\n<p><strong>Fax<\/strong><\/p>\n<\/div>\n\n\n\n<div class=\"wp-block-column is-layout-flow wp-block-column-is-layout-flow\">\n<p>040 &#8211; 6541 &#8211; 2839<\/p>\n<\/div>\n<\/div>\n\n\n\n<div class=\"wp-block-columns is-layout-flex wp-container-core-columns-is-layout-9d6595d7 wp-block-columns-is-layout-flex\">\n<div class=\"wp-block-column is-layout-flow wp-block-column-is-layout-flow\">\n<p><strong>Raum, Geb\u00e4ude<\/strong><\/p>\n<\/div>\n\n\n\n<div class=\"wp-block-column is-layout-flow wp-block-column-is-layout-flow\">\n<p>1316, H1<\/p>\n<\/div>\n<\/div>\n\n\n\n<div class=\"wp-block-columns is-layout-flex wp-container-core-columns-is-layout-9d6595d7 wp-block-columns-is-layout-flex\">\n<div class=\"wp-block-column is-layout-flow wp-block-column-is-layout-flow\">\n<p><strong>Postanschrift<\/strong><\/p>\n<\/div>\n\n\n\n<div class=\"wp-block-column is-layout-flow wp-block-column-is-layout-flow\">\n<p>Helmut-Schmidt-Universit\u00e4t<br>Fakult\u00e4t f\u00fcr Maschinenbau<br>Laboratorium Fertigungstechnik<br>Holstenhofweg 85<br>22043 Hamburg<\/p>\n<\/div>\n<\/div>\n\n\n\n<div class=\"wp-block-columns is-layout-flex wp-container-core-columns-is-layout-9d6595d7 wp-block-columns-is-layout-flex\">\n<div class=\"wp-block-column is-layout-flow wp-block-column-is-layout-flow\">\n<p><strong><strong>Profiles<\/strong><\/strong><\/p>\n<\/div>\n\n\n\n<div class=\"wp-block-column is-layout-flow wp-block-column-is-layout-flow\">\n<p><a href=\"https:\/\/orcid.org\/0009-0007-1925-9556\" rel='nofollow'>ORCID<\/a><\/p>\n\n\n\n<p><a href=\"https:\/\/www.researchgate.net\/profile\/Sonja-Buxbaum-Conradi\" rel='nofollow'>ResearchGate<\/a><\/p>\n<\/div>\n<\/div>\n\n\n\n<div class=\"wp-block-columns is-layout-flex wp-container-core-columns-is-layout-9d6595d7 wp-block-columns-is-layout-flex\">\n<div class=\"wp-block-column is-layout-flow wp-block-column-is-layout-flow\">\n<p><strong><strong>Forschungsbereiche<\/strong><\/strong><\/p>\n<\/div>\n\n\n\n<div class=\"wp-block-column is-layout-flow wp-block-column-is-layout-flow\">\n<p>Globale Produktionsnetzwerke, Wissensmanagement, Open Production, Neue Wertsch\u00f6pfungsmuster in der Bottom-Up \u00d6konomie<\/p>\n<\/div>\n<\/div>\n\n\n\n<div class=\"wp-block-columns is-layout-flex wp-container-core-columns-is-layout-9d6595d7 wp-block-columns-is-layout-flex\">\n<div class=\"wp-block-column is-layout-flow wp-block-column-is-layout-flow\">\n<p><strong><strong>Forschungsprojekte<\/strong><\/strong><\/p>\n<\/div>\n\n\n\n<div class=\"wp-block-column is-layout-flow wp-block-column-is-layout-flow\">\n<p>Digitale, urbane Produktion (seit 2020)<\/p>\n\n\n\n<p>Digitale Lehre an den Bundeswehrfachschulen (seit 2017)<\/p>\n\n\n\n<p>Angewandtes Wissensmanagement in der Bundeswehr (2013 \u2013 2017)<\/p>\n\n\n\n<p>Systemisches Wissensmanagement im Luftfahrtcluster Hamburg Aviation (2011 \u2013 2014)<\/p>\n<\/div>\n<\/div>\n\n\n\n<hr class=\"wp-block-separator has-alpha-channel-opacity\" \/>\n\n\n\n<h2 class=\"wp-block-heading\">Ausgew\u00e4hlte Publikationen<\/h2>\n\n\n\n<p><strong><span style=\"text-decoration: underline\">Monographs<\/span><\/strong><br><br><strong>2018<\/strong><br><strong>Global and local knowledge dynamics in an industry during modular transition: A case study of the Airbus production network and the Aerospace Cluster in Hamburg, Northern Germany.<\/strong> Dissertationsschrift, University of Hamburg.(online available at \u00a0http:\/\/ediss.sub.uni-hamburg.de\/volltexte\/2018\/9292\/)<\/p>\n\n\n\n<p><br><strong>2010<\/strong><br><strong>Sozio-\u00f6konomische Entwicklung im nepalesischen Himalaya: Bikas, Nationalparks und der Traum von Shangri-La<\/strong>. Master Thesis, University of Hamburg.<br><br><strong><span style=\"text-decoration: underline\">Articles<\/span><\/strong><\/p>\n\n\n\n<p><br><strong>2019<\/strong><br><strong>The digitization of production and its impact on the transformation of regional relatedness: A case study of the composite material cluster in Stade (Northern Germany) <\/strong>(forthcoming jointly with Max-Peter Menzel)<br><strong>Creating an Open Source Hardware Infrastructure in Tunisia: Potentials and limitations<\/strong> (forthcoming)<br><strong>Open Labs: Erfahrungsbasiertes, vernetztes Lernen in offenen Produktionswerkst\u00e4tten<\/strong> (forthcoming jointly with Tobias Redlich and Sissy-Ve Basmer-Birkenfeld)<\/p>\n\n\n\n<p><br><strong>2018<\/strong><br>Basmer-Birkenfeld, S.; Branding, H.; Buxbaum-Conradi, S.; Oladele-Emmanuel, B. D., Redlich, J., Wulfsberg, J.: <strong>Cui bono? Nodes of Participation in the Maker Movement \u2013 A Case Analysis of FabLabs and Makerspaces in German- and Arabic-speaking countries.<\/strong> In: Nordisk Tidsskrift for Informationsvidenskab og Kulturformidling, \u00c5rg. 7 Nr. 2 (2018): Makerspaces, makers, and maker movement.<br>Buxbaum-Conradi, S.; Branding, J-H.; Basmer-Birkenfeld, S.; Osunyomi, B.D.; Redlich, T.; Langenfeld, M.; Wulfsberg, J.P.: <strong>Lokale Einbettung und globale Kollaborationsprozesse offener Produktionswerkst\u00e4tten: Ein Einblick in die deutsche und arabische Maker-Community.<\/strong> In: Redlich, T.; Moritz, M.; Wulsfsberg, J.P. (eds): Interdisziplin\u00e4re Perspektiven zur Zukunft der Wertsch\u00f6pfung, Wiesbaden. Springer 2018, pp. 79-92.<\/p>\n\n\n\n<p><br><strong>2016<\/strong><br>Buxbaum-Conradi, S.; Basmer-Birkenfeld, S.; Branding, J-H.; Osunyomi, B.D.; Redlich, T.; Langenfeld, M.; Wulfsberg, J.P.: <strong>Local Embedding and Global Collaboration of Open Innovation, Production and Maker Spaces \u2013 The (uncovered) potential of knowledge transfer and collaboration at the grassroots level.\u00a0Insights from the growing FabLab community.<\/strong> In: 1. interdisziplin\u00e4re Konferenz zur Zukunft der Wertsch\u00f6pfung (Konferenzband), Hamburg 2016, pp 37-52.<br>Buxbaum-Conradi, S.; Redlich, T.; Branding, J.-H.: <strong>Conceptualizing hybrid human-machine systems and interaction<\/strong>. In: Proceedings of the 49th Conference on System Science, 2016, Hawaii, pp. 551 \u2013 559.<br>Moritz, M.; Redlich, T.; Buxbaum-Conradi, S.; Basmer-Birkenfeld, S.; Osunyomi, B.D.; Wulfsberg, J.P.; Krenz, P.; Heubischl, S.: <strong>OpenLabs \u2013 Open Source Microfactories Enhancing the FabLab Idea<\/strong> In: Proceedings of the 49th Conference on System Science, 2016, Hawaii, pp. 707 \u2013 715.<br>Osunyomi, B.D.; Redlich, T.; Buxbaum-Conradi, S.; Moritz, M.; Wulfsberg, J.P.:<br><strong>Impact of the Fablab Ecosystem in the Sustainable Value Creation Process<\/strong> In: OIDA International Journal of Sustainable Development, (2016), 9(01), pp.21-36.<\/p>\n\n\n\n<p><br><strong>2015<\/strong><br>Buxbaum-Conradi, S.; Heubischl, S.; Redlich T.; Weidner, R.; Moritz, M.; Krenz, P.: <strong>Sozial nachhaltige Entwicklung technischer Unterst\u00fctzungssysteme<\/strong> In: Technische Unterst\u00fctzungssysteme, \u00a0Springer, Berlin, pp. 129 \u2013 139.<br>Buxbaum-Conradi, S.; Redlich T.; Branding, J.-H.: <strong>The human in the loop &#8211; Konzeptualisierung hybrider Mensch-Maschine-Systeme<\/strong> In: Technische Unterst\u00fctzungssysteme, \u00a0Springer, Berlin, pp. 52 \u2013 65.<br>Basmer-Birkenfeld S.V.; Redlich T.; Krenz P.; Buxbaum-Conradi S.; Wulfsberg J.P.; Bruhns F.L.: <strong>Modes of participation: Impact of ICTs on the importance of membership and participation<\/strong> In: Proceedings of 2nd International Conference on eDemocracy &amp; eGovernment ICEDEG, 08-10 April 2015, Quito, Ecuador, pp. 27-33.<br>Krenz, P.; Basmer-Birkenfeld S.V.; Buxbaum-Conradi S.; Redlich T.; Wulfsberg J.P: <strong>Facing the Conflict of Transparency and Non-Disclosure of Knowledge within Value Creation Networks<\/strong> In: Proceedings of 2nd International Conference on eDemocracy &amp; eGovernment ICEDEG, 08-10 April 2015, Quito, Ecuador, pp. 35-42.<br>Redlich T.; Basmer-Birkenfeld S.V.; Krenz P.; Buxbaum-Conradi, S.; Bruhns F.L.; Wulfsberg, J.P.: <strong>Why traditional (manufacturing) industry will suffer the fate of print media<\/strong> In: Proceedings of 6th International Multi-Conference on Complexity, Informatics and Cybernetics IMCIC (2015).<br>Basmer, S.; Buxbaum-Conradi, S.; Krenz, P.; Redlich, T.; Wulfsberg, J. P.; Bruhns, F. L.: <a href=\"http:\/\/www.sciencedirect.com\/science\/article\/pii\/S2212827114009159\" rel='nofollow'><strong>Open Production: Chances for Social Sustainability in Manufacturing<\/strong><\/a> In: Procedia CIRP 26 (2015), 12th Global Conference on Sustainable Manufacturing \u2013 Emerging Potentials, pp. 46-51,<br>Buxbaum-Conradi, S.; Menzel M.-P.; Krenz, P.; Basmer, S.; Redlich, T., Wulfsberg, J.P.: <strong>Modularization and the Dynamics of Inter-organizational Collaboration: Producing and Bridging Spatial and Organizational Distances<\/strong> In: IEEE Proceedings of the 48th Conference on System Science, (2015), Hawaii, pp. 4376-4385.<br>Redlich, T.; Wulf, S.; Moritz, M.; Krenz, P.; Buxbaum-Conradi, S.; Krenz, P. und Wulfsberg, J.P.: <strong>The Strategy of Openness in Industrial Production<\/strong> In: Proceedings of PICMET \u201915: Management of the Technology Age, Portland, USA, pp. 302-309.<br>Moritz, M.; Redlich, T.; Krenz, P.; Buxbaum-Conradi, S. und Wulfsberg, J.P.: <strong>Tesla Motors, Inc. \u2013 Pioneer towards a new strategic approach in the automobile industry along the open source movement?<\/strong> In: Proceedings of PICMET \u201915: Management of the Technology Age, Portland, USA, pp. 85-92.<br>Redlich, T.; Moritz, M.; Buxbaum-Conradi, S.; Krenz, P.; Heubischl, S. und Basmer-Birkenfeld, S.-V.: <strong>OpenLabs \u2013 Collaborative Industrialization with Distributed and Open Source Microfactories.<\/strong> In: Applied Mechanics &amp; Materials, Vol. 794, pp. 470-477.<br>Redlich, T.; Moritz, M.; Krenz, P.; Buxbaum-Conradi, S.; Basmer-Birkenfeld, S.-V. und Wulfsberg, J.P.: <a href=\"http:\/\/www.iiisci.org\/journal\/sci\/FullText.asp?var=&amp;id=HB261ZK15\" rel='nofollow'><strong>Survival through Openness \u2013 How Traditional Industry could avoid the Fate of Print Media<\/strong><\/a> In: Journal on Systemics, Cybernetics and Informatics: JSCI, Vol. 13 (1) 2015, pp. 17-24.<\/p>\n\n\n\n<p><br><strong>2014<\/strong><br>Redlich, T.; Wulf, S.; Buxbaum-Conradi, S.; Basmer, S.; Krenz, P. and Wulfsberg, J.P.: <a href=\"http:\/\/www.sciencedirect.com\/science\/article\/pii\/S2212827114000924\" rel='nofollow'><strong>The Impact of Openness on Value Co-Creation in Production Networks<\/strong><\/a> In: Procedia CIRP (16) 2014, 6th Conference on Industrial Product-Service Systems, Windsor (Canada), pp. 44-49.<br>Redlich, T.; Krenz, P.; Basmer, S.; Buxbaum-Conradi, S.; Wulfsberg, J.-P. and Bruhns, F.B : <strong>Openness and Trust in Value Co-Creation: Potentials for Inter-organizational Knowledge Transfer and New Business Models<\/strong>. In: Proceedings of PICMET 2014\u00a0Infrastructure and Service Integration, Kanazawa (Japan), pp. 217-225.<br>Krenz, P.; Basmer S; Buxbaum-Conradi, S.; Redlich, T.; Wulfsberg J. P.:<br><strong>Realizing Knowledge Management in Value Creation Systems Using Principles of Fuzzy Control.\u00a0<\/strong>In: Proceedings of PICMET 2014\u00a0Infrastructure and Service Integration, Kanazawa (Japan), pp. 1790-1798.<br>Krenz, P.; Basmer S; Buxbaum-Conradi, S.; Redlich, T.; Wulfsberg J. P.: <a href=\"http:\/\/www.sciencedirect.com\/science\/article\/pii\/S2212827114000912\" rel='nofollow'><strong>Knowledge Management in Value Creation Networks: Establishing a New Business Model through the Role of a Knowledge-Intermediary<\/strong><\/a> In: Procedia CIRP (16) 2014, 6th Conference on Industrial Product-Service Systems, pp. 38-44.<\/p>\n\n\n\n<p><br><strong>2013<\/strong><br>Krenz, P.; Basmer, S.; Buxbaum-Conradi, S.; Wulfsberg J. P.: <a href=\"http:\/\/link.springer.com\/chapter\/10.1007%7B3728c0ddcf5026c65bc0b4e995c837d09025c3e7fa253cea254631dfe46bf841%7D2F978-3-319-02054-9_66\" rel='nofollow'><strong>Hamburg Model of Knowledge Management<\/strong><\/a><strong>.<\/strong> In: Zaeh M. F. (Ed) Enabling Manufacturing Competitiveness and Economic Sustainability. Munich: Springer, 2013, pp. 389-394.<\/p>\n","protected":false},"excerpt":{"rendered":"<p>Funktion Post-Doctoral Senior Research Fellow, Projektleitung E-Mail buxbaum-conradi@hsu-hh.de Telefon 040 &#8211; 6541 &#8211; 2055 Fax 040 &#8211; 6541 &#8211; 2839 Raum, Geb\u00e4ude 1316, H1 Postanschrift Helmut-Schmidt-Universit\u00e4tFakult\u00e4t f\u00fcr MaschinenbauLaboratorium FertigungstechnikHolstenhofweg 8522043 [&hellip;]<\/p>\n","protected":false},"author":84,"featured_media":0,"parent":1294,"menu_order":0,"comment_status":"closed","ping_status":"closed","template":"","meta":{"footnotes":""},"categories":[8],"tags":[],"class_list":["post-855","page","type-page","status-publish","hentry","category-team"],"_links":{"self":[{"href":"https:\/\/www.hsu-hh.de\/laft\/wp-json\/wp\/v2\/pages\/855","targetHints":{"allow":["GET"]}}],"collection":[{"href":"https:\/\/www.hsu-hh.de\/laft\/wp-json\/wp\/v2\/pages"}],"about":[{"href":"https:\/\/www.hsu-hh.de\/laft\/wp-json\/wp\/v2\/types\/page"}],"author":[{"embeddable":true,"href":"https:\/\/www.hsu-hh.de\/laft\/wp-json\/wp\/v2\/users\/84"}],"replies":[{"embeddable":true,"href":"https:\/\/www.hsu-hh.de\/laft\/wp-json\/wp\/v2\/comments?post=855"}],"version-history":[{"count":7,"href":"https:\/\/www.hsu-hh.de\/laft\/wp-json\/wp\/v2\/pages\/855\/revisions"}],"predecessor-version":[{"id":3129,"href":"https:\/\/www.hsu-hh.de\/laft\/wp-json\/wp\/v2\/pages\/855\/revisions\/3129"}],"up":[{"embeddable":true,"href":"https:\/\/www.hsu-hh.de\/laft\/wp-json\/wp\/v2\/pages\/1294"}],"wp:attachment":[{"href":"https:\/\/www.hsu-hh.de\/laft\/wp-json\/wp\/v2\/media?parent=855"}],"wp:term":[{"taxonomy":"category","embeddable":true,"href":"https:\/\/www.hsu-hh.de\/laft\/wp-json\/wp\/v2\/categories?post=855"},{"taxonomy":"post_tag","embeddable":true,"href":"https:\/\/www.hsu-hh.de\/laft\/wp-json\/wp\/v2\/tags?post=855"}],"curies":[{"name":"wp","href":"https:\/\/api.w.org\/{rel}","templated":true}]}}