{"id":764,"date":"2019-01-21T14:26:34","date_gmt":"2019-01-21T13:26:34","guid":{"rendered":"https:\/\/www.hsu-hh.de\/laft\/?page_id=764"},"modified":"2024-11-18T12:00:39","modified_gmt":"2024-11-18T11:00:39","slug":"tobias-meyer","status":"publish","type":"page","link":"https:\/\/www.hsu-hh.de\/laft\/mitarbeiter\/tobias-meyer","title":{"rendered":"Tobias Meyer M.Sc."},"content":{"rendered":"<div>\n<table>\n<tbody>\n<tr>\n<td width=\"142\">Postanschrift<\/td>\n<td width=\"207\">Helmut-Schmidt-Universit\u00e4t<br \/>\nFakult\u00e4t f\u00fcr Maschinenbau<br \/>\nLaboratorium Fertigungstechnik<br \/>\nHolstenhofweg 85<br \/>\n22043 Hamburg<\/td>\n<td rowspan=\"8\" width=\"215\">|<img loading=\"lazy\" decoding=\"async\" class=\"alignnone  wp-image-1278\" src=\"https:\/\/www.hsu-hh.de\/laft\/wp-content\/uploads\/sites\/671\/2021\/02\/Tobias-Meyer.jpg\" alt=\"M.Sc. Tobias Meyer\" width=\"668\" height=\"572\" data-credit=\"TM\" srcset=\"https:\/\/www.hsu-hh.de\/laft\/wp-content\/uploads\/sites\/671\/2021\/02\/Tobias-Meyer.jpg 1378w, https:\/\/www.hsu-hh.de\/laft\/wp-content\/uploads\/sites\/671\/2021\/02\/Tobias-Meyer-300x257.jpg 300w, https:\/\/www.hsu-hh.de\/laft\/wp-content\/uploads\/sites\/671\/2021\/02\/Tobias-Meyer-1024x878.jpg 1024w, https:\/\/www.hsu-hh.de\/laft\/wp-content\/uploads\/sites\/671\/2021\/02\/Tobias-Meyer-768x658.jpg 768w, https:\/\/www.hsu-hh.de\/laft\/wp-content\/uploads\/sites\/671\/2021\/02\/Tobias-Meyer-1100x943.jpg 1100w\" sizes=\"auto, (max-width: 668px) 100vw, 668px\" \/><\/td>\n<\/tr>\n<tr>\n<td width=\"142\">Raum<\/td>\n<td width=\"207\"><\/td>\n<\/tr>\n<tr>\n<td width=\"142\">Geb\u00e4ude<\/td>\n<td width=\"207\"><\/td>\n<\/tr>\n<tr>\n<td width=\"142\">Telefon<\/td>\n<td width=\"207\"><\/td>\n<\/tr>\n<tr>\n<td width=\"142\">Fax<\/td>\n<td width=\"207\"><\/td>\n<\/tr>\n<tr>\n<td width=\"142\">Email<\/td>\n<td width=\"207\"><\/td>\n<\/tr>\n<tr>\n<td width=\"142\">Funktion<\/td>\n<td width=\"207\">EHEMALIGE<\/td>\n<\/tr>\n<tr>\n<td width=\"142\">Forschungsbereiche<\/td>\n<td width=\"207\">Additive Fertigungstechnologien<br \/>\nLeichtbau<br \/>\nProduktionstechnik<\/td>\n<\/tr>\n<tr>\n<td width=\"142\">Ver\u00f6ffentlichungen<\/td>\n<td colspan=\"2\" width=\"423\">\n<table>\n<tbody>\n<tr>\n<td width=\"51\">2019<\/td>\n<td width=\"403\">Meyer, T., Fette, F., Musienko, E., Wulfsberg, J.P. (2019). Nutzung von Selective Laser Melting zur Erzeugung von funktionsintegrierten Hochleistungsbaugruppen am Beispiel eines Pulsstrahltriebwerks. ZWF Zeitschrift fuer Wirtschaftlichen Fabrikbetrieb 114(9): S. 549-553. DOI: 10.3139\/104.112143Meyer, T., Musienko, E., Fette, F., Wulfsberg, J.P. (2019). Development of a Function-Integrated Pulse Jet Engine by Using Selective Laser Melting. 16th Rapid Design, Prototyping &amp; Manufacturing Conference.<\/td>\n<\/tr>\n<tr>\n<td width=\"51\">2018<\/td>\n<td width=\"403\">Weidner, R., Meyer, T., Wulfsberg, J.P. (2018). Towards soft, adjustable, self-unfoldable and modular robots \u2013 an approach, concept and exemplary application. Tagungsband des 3. Kongresses Montage Handhabung Industrieroboter. DOI: 10.1007\/978-3-662-56714-2_27<\/td>\n<\/tr>\n<tr>\n<td width=\"51\">2016<\/td>\n<td width=\"403\">Meyer, T., Weidner, R. (2016). Exoskelettale Wirbels\u00e4ulenstruktur zur Aufnahme und Umleitung von Kr\u00e4ften zur R\u00fcckenentlastung. 2. Transdisziplin\u00e4re Konferenz \u201cTechnische Unterst\u00fctzungssysteme, die die Menschen wirklich wollen\u201d, S. 567-576.Weidner, R., Meyer, T., Argubi-Wollesen, A., Wulfsberg, J.P. (2016). Towards a modular and wearable Support System for industrial Production. Applied Mechanics &amp; Materials, Vol. 840, S. 123 \u2013 131.<\/td>\n<\/tr>\n<tr>\n<td width=\"51\">2014<\/td>\n<td width=\"403\">Meyer, T., Breitfeld, A., Wulfsberg, J.P., Freyer, H., Bruns, R. (2014). Potentiale des Einsatzes von Generativen Fertigungsverfahren bei der Herstellung von individualisierten Komponenten f\u00fcr Mensch-Roboter-Hybridsysteme. 1. Transdisziplin\u00e4re Konferenz \u201cTechnische Unterst\u00fctzungssysteme, die die Menschen wirklich wollen\u201d, S. 153-162.<\/td>\n<\/tr>\n<\/tbody>\n<\/table>\n<\/td>\n<\/tr>\n<tr>\n<td width=\"142\"><\/td>\n<td colspan=\"2\" width=\"423\"><\/td>\n<\/tr>\n<\/tbody>\n<\/table>\n<\/div>\n","protected":false},"excerpt":{"rendered":"<p>Postanschrift Helmut-Schmidt-Universit\u00e4t Fakult\u00e4t f\u00fcr Maschinenbau Laboratorium Fertigungstechnik Holstenhofweg 85 22043 Hamburg | Raum Geb\u00e4ude Telefon Fax Email Funktion EHEMALIGE Forschungsbereiche Additive Fertigungstechnologien Leichtbau Produktionstechnik Ver\u00f6ffentlichungen 2019 Meyer, T., Fette, F., [&hellip;]<\/p>\n","protected":false},"author":84,"featured_media":0,"parent":1294,"menu_order":0,"comment_status":"closed","ping_status":"closed","template":"","meta":{"footnotes":""},"categories":[8],"tags":[],"class_list":["post-764","page","type-page","status-publish","hentry","category-team"],"_links":{"self":[{"href":"https:\/\/www.hsu-hh.de\/laft\/wp-json\/wp\/v2\/pages\/764","targetHints":{"allow":["GET"]}}],"collection":[{"href":"https:\/\/www.hsu-hh.de\/laft\/wp-json\/wp\/v2\/pages"}],"about":[{"href":"https:\/\/www.hsu-hh.de\/laft\/wp-json\/wp\/v2\/types\/page"}],"author":[{"embeddable":true,"href":"https:\/\/www.hsu-hh.de\/laft\/wp-json\/wp\/v2\/users\/84"}],"replies":[{"embeddable":true,"href":"https:\/\/www.hsu-hh.de\/laft\/wp-json\/wp\/v2\/comments?post=764"}],"version-history":[{"count":6,"href":"https:\/\/www.hsu-hh.de\/laft\/wp-json\/wp\/v2\/pages\/764\/revisions"}],"predecessor-version":[{"id":2546,"href":"https:\/\/www.hsu-hh.de\/laft\/wp-json\/wp\/v2\/pages\/764\/revisions\/2546"}],"up":[{"embeddable":true,"href":"https:\/\/www.hsu-hh.de\/laft\/wp-json\/wp\/v2\/pages\/1294"}],"wp:attachment":[{"href":"https:\/\/www.hsu-hh.de\/laft\/wp-json\/wp\/v2\/media?parent=764"}],"wp:term":[{"taxonomy":"category","embeddable":true,"href":"https:\/\/www.hsu-hh.de\/laft\/wp-json\/wp\/v2\/categories?post=764"},{"taxonomy":"post_tag","embeddable":true,"href":"https:\/\/www.hsu-hh.de\/laft\/wp-json\/wp\/v2\/tags?post=764"}],"curies":[{"name":"wp","href":"https:\/\/api.w.org\/{rel}","templated":true}]}}