{"id":757,"date":"2019-01-12T18:41:54","date_gmt":"2019-01-12T17:41:54","guid":{"rendered":"https:\/\/www.hsu-hh.de\/laft\/?page_id=757"},"modified":"2024-11-18T11:59:11","modified_gmt":"2024-11-18T10:59:11","slug":"marco-lahn","status":"publish","type":"page","link":"https:\/\/www.hsu-hh.de\/laft\/mitarbeiter\/marco-lahn","title":{"rendered":"Hauptmann Marco Lahn M.Sc."},"content":{"rendered":"<table>\n<tbody>\n<tr>\n<td width=\"168\">Postanschrift<\/td>\n<td width=\"259\">Helmut-Schmidt-Universit\u00e4t<br \/>\nFakult\u00e4t f\u00fcr Maschinenbau<br \/>\nLaboratorium Fertigungstechnik<br \/>\nHolstenhofweg 85<br \/>\n22043 Hamburg<\/td>\n<td rowspan=\"4\" width=\"269\">\u00a0<img loading=\"lazy\" decoding=\"async\" class=\"size-medium wp-image-758 aligncenter\" src=\"https:\/\/www.hsu-hh.de\/laft\/wp-content\/uploads\/sites\/671\/2019\/01\/MarcoLahn-214x300.jpg\" alt=\"MarcoLahn\" width=\"214\" height=\"300\" data-credit=\"Marco Lahn\" srcset=\"https:\/\/www.hsu-hh.de\/laft\/wp-content\/uploads\/sites\/671\/2019\/01\/MarcoLahn-214x300.jpg 214w, https:\/\/www.hsu-hh.de\/laft\/wp-content\/uploads\/sites\/671\/2019\/01\/MarcoLahn-768x1075.jpg 768w, https:\/\/www.hsu-hh.de\/laft\/wp-content\/uploads\/sites\/671\/2019\/01\/MarcoLahn-731x1024.jpg 731w, https:\/\/www.hsu-hh.de\/laft\/wp-content\/uploads\/sites\/671\/2019\/01\/MarcoLahn.jpg 1500w\" sizes=\"auto, (max-width: 214px) 100vw, 214px\" \/><\/td>\n<\/tr>\n<tr>\n<td width=\"168\">E-Mail<\/td>\n<td width=\"259\">marco.lahn@hsu-hh.de<\/td>\n<\/tr>\n<tr>\n<td width=\"168\">Funktion<\/td>\n<td width=\"259\">EHEMALIGE<\/td>\n<\/tr>\n<tr>\n<td width=\"168\">Forschungsbereiche<\/td>\n<td width=\"259\">Leichtbau<br \/>\nFaserverbundwerkstoffe und \u2013technologien<br \/>\nSimulation und Auslegung<\/td>\n<\/tr>\n<\/tbody>\n<\/table>\n","protected":false},"excerpt":{"rendered":"<p>Postanschrift Helmut-Schmidt-Universit\u00e4t Fakult\u00e4t f\u00fcr Maschinenbau Laboratorium Fertigungstechnik Holstenhofweg 85 22043 Hamburg \u00a0 E-Mail marco.lahn@hsu-hh.de Funktion EHEMALIGE Forschungsbereiche Leichtbau Faserverbundwerkstoffe und \u2013technologien Simulation und Auslegung<\/p>\n","protected":false},"author":84,"featured_media":0,"parent":1294,"menu_order":0,"comment_status":"closed","ping_status":"closed","template":"","meta":{"footnotes":""},"categories":[8],"tags":[],"class_list":["post-757","page","type-page","status-publish","hentry","category-team"],"_links":{"self":[{"href":"https:\/\/www.hsu-hh.de\/laft\/wp-json\/wp\/v2\/pages\/757","targetHints":{"allow":["GET"]}}],"collection":[{"href":"https:\/\/www.hsu-hh.de\/laft\/wp-json\/wp\/v2\/pages"}],"about":[{"href":"https:\/\/www.hsu-hh.de\/laft\/wp-json\/wp\/v2\/types\/page"}],"author":[{"embeddable":true,"href":"https:\/\/www.hsu-hh.de\/laft\/wp-json\/wp\/v2\/users\/84"}],"replies":[{"embeddable":true,"href":"https:\/\/www.hsu-hh.de\/laft\/wp-json\/wp\/v2\/comments?post=757"}],"version-history":[{"count":4,"href":"https:\/\/www.hsu-hh.de\/laft\/wp-json\/wp\/v2\/pages\/757\/revisions"}],"predecessor-version":[{"id":2541,"href":"https:\/\/www.hsu-hh.de\/laft\/wp-json\/wp\/v2\/pages\/757\/revisions\/2541"}],"up":[{"embeddable":true,"href":"https:\/\/www.hsu-hh.de\/laft\/wp-json\/wp\/v2\/pages\/1294"}],"wp:attachment":[{"href":"https:\/\/www.hsu-hh.de\/laft\/wp-json\/wp\/v2\/media?parent=757"}],"wp:term":[{"taxonomy":"category","embeddable":true,"href":"https:\/\/www.hsu-hh.de\/laft\/wp-json\/wp\/v2\/categories?post=757"},{"taxonomy":"post_tag","embeddable":true,"href":"https:\/\/www.hsu-hh.de\/laft\/wp-json\/wp\/v2\/tags?post=757"}],"curies":[{"name":"wp","href":"https:\/\/api.w.org\/{rel}","templated":true}]}}