{"id":73,"date":"2017-07-03T15:52:08","date_gmt":"2017-07-03T13:52:08","guid":{"rendered":"https:\/\/www.hsu-hh.de\/vorlage\/?page_id=73"},"modified":"2025-05-05T16:23:03","modified_gmt":"2025-05-05T14:23:03","slug":"startseite","status":"publish","type":"page","link":"https:\/\/www.hsu-hh.de\/laft\/","title":{"rendered":""},"content":{"rendered":"<div>\n<h2><strong>LaFT<\/strong><\/h2>\n<p>Mitgliedschaften und Kooperationspartner:<\/p>\n<\/p>\n<p><a href=\"https:\/\/www.acatech.de\/\" rel='nofollow'><img loading=\"lazy\" decoding=\"async\" class=\"alignnone wp-image-358\" src=\"https:\/\/www.hsu-hh.de\/laft\/wp-content\/uploads\/sites\/671\/2017\/09\/acatech_logo-300x125.jpg\" alt=\"acatech_logo\" width=\"144\" height=\"60\" data-credit=\"acatech\" srcset=\"https:\/\/www.hsu-hh.de\/laft\/wp-content\/uploads\/sites\/671\/2017\/09\/acatech_logo-300x125.jpg 300w, https:\/\/www.hsu-hh.de\/laft\/wp-content\/uploads\/sites\/671\/2017\/09\/acatech_logo-768x320.jpg 768w, https:\/\/www.hsu-hh.de\/laft\/wp-content\/uploads\/sites\/671\/2017\/09\/acatech_logo-1024x426.jpg 1024w\" sizes=\"auto, (max-width: 144px) 100vw, 144px\" \/> <\/a><a href=\"https:\/\/wgp.de\/de\/\" rel='nofollow'><img loading=\"lazy\" decoding=\"async\" class=\"alignnone wp-image-683\" src=\"https:\/\/www.hsu-hh.de\/laft\/wp-content\/uploads\/sites\/671\/2018\/08\/WGP-Logo-300x170.png\" alt=\"WGP\" width=\"106\" height=\"60\" srcset=\"https:\/\/www.hsu-hh.de\/laft\/wp-content\/uploads\/sites\/671\/2018\/08\/WGP-Logo-300x170.png 300w, https:\/\/www.hsu-hh.de\/laft\/wp-content\/uploads\/sites\/671\/2018\/08\/WGP-Logo-768x434.png 768w, https:\/\/www.hsu-hh.de\/laft\/wp-content\/uploads\/sites\/671\/2018\/08\/WGP-Logo-1024x579.png 1024w, https:\/\/www.hsu-hh.de\/laft\/wp-content\/uploads\/sites\/671\/2018\/08\/WGP-Logo.png 1155w\" sizes=\"auto, (max-width: 106px) 100vw, 106px\" \/><\/a> <a href=\"http:\/\/iftomm.net\/\" rel='nofollow'><img loading=\"lazy\" decoding=\"async\" class=\"alignnone wp-image-682\" src=\"https:\/\/www.hsu-hh.de\/laft\/wp-content\/uploads\/sites\/671\/2018\/08\/IFToMM_kG.jpg\" alt=\"IFToMM\" width=\"65\" height=\"60\" \/><\/a> <img loading=\"lazy\" decoding=\"async\" class=\"alignnone wp-image-681\" src=\"https:\/\/www.hsu-hh.de\/laft\/wp-content\/uploads\/sites\/671\/2018\/08\/HMI_ZE.jpg\" alt=\"MHI\" width=\"114\" height=\"60\" \/> <a href=\"https:\/\/www.euspen.eu\/\" rel='nofollow'><img loading=\"lazy\" decoding=\"async\" class=\"alignnone wp-image-680\" src=\"https:\/\/www.hsu-hh.de\/laft\/wp-content\/uploads\/sites\/671\/2018\/08\/Euspen_BE-300x137.jpg\" alt=\"Euspen\" width=\"131\" height=\"60\" srcset=\"https:\/\/www.hsu-hh.de\/laft\/wp-content\/uploads\/sites\/671\/2018\/08\/Euspen_BE-300x137.jpg 300w, https:\/\/www.hsu-hh.de\/laft\/wp-content\/uploads\/sites\/671\/2018\/08\/Euspen_BE.jpg 464w\" sizes=\"auto, (max-width: 131px) 100vw, 131px\" \/><\/a> <a href=\"http:\/\/www.hamburg-aviation.de\" rel='nofollow'>\u00a0<\/a><a href=\"http:\/\/www.hamburg-aviation.de\" rel='nofollow'><img loading=\"lazy\" decoding=\"async\" class=\"alignnone wp-image-679\" src=\"https:\/\/www.hsu-hh.de\/laft\/wp-content\/uploads\/sites\/671\/2018\/08\/Aviation_ty.jpg\" alt=\"HamburgAviation\" width=\"96\" height=\"60\" \/><\/a> <img loading=\"lazy\" decoding=\"async\" class=\"alignnone  wp-image-1244\" src=\"https:\/\/www.hsu-hh.de\/laft\/wp-content\/uploads\/sites\/671\/2021\/01\/MGA-Logo.png\" alt=\"MGA Logo\" width=\"121\" height=\"66\" data-credit=\"MGA\" srcset=\"https:\/\/www.hsu-hh.de\/laft\/wp-content\/uploads\/sites\/671\/2021\/01\/MGA-Logo.png 1566w, https:\/\/www.hsu-hh.de\/laft\/wp-content\/uploads\/sites\/671\/2021\/01\/MGA-Logo-300x164.png 300w, https:\/\/www.hsu-hh.de\/laft\/wp-content\/uploads\/sites\/671\/2021\/01\/MGA-Logo-1024x560.png 1024w, https:\/\/www.hsu-hh.de\/laft\/wp-content\/uploads\/sites\/671\/2021\/01\/MGA-Logo-768x420.png 768w, https:\/\/www.hsu-hh.de\/laft\/wp-content\/uploads\/sites\/671\/2021\/01\/MGA-Logo-1536x840.png 1536w, https:\/\/www.hsu-hh.de\/laft\/wp-content\/uploads\/sites\/671\/2021\/01\/MGA-Logo-1100x601.png 1100w\" sizes=\"auto, (max-width: 121px) 100vw, 121px\" \/><a href=\"https:\/\/composites-united.com\" rel='nofollow'><img loading=\"lazy\" decoding=\"async\" class=\"alignnone wp-image-1119\" src=\"https:\/\/www.hsu-hh.de\/laft\/wp-content\/uploads\/sites\/671\/2020\/09\/Logo_Composites-United-300x239.jpg\" alt=\"Composites United\" width=\"73\" height=\"58\" srcset=\"https:\/\/www.hsu-hh.de\/laft\/wp-content\/uploads\/sites\/671\/2020\/09\/Logo_Composites-United-300x239.jpg 300w, https:\/\/www.hsu-hh.de\/laft\/wp-content\/uploads\/sites\/671\/2020\/09\/Logo_Composites-United-768x611.jpg 768w, https:\/\/www.hsu-hh.de\/laft\/wp-content\/uploads\/sites\/671\/2020\/09\/Logo_Composites-United.jpg 995w\" sizes=\"auto, (max-width: 73px) 100vw, 73px\" \/><\/a><a href=\"http:\/\/agya.info\/\" rel='nofollow'><img loading=\"lazy\" decoding=\"async\" class=\"alignnone wp-image-705\" src=\"https:\/\/www.hsu-hh.de\/laft\/wp-content\/uploads\/sites\/671\/2018\/10\/agya-logo-300x294.jpg\" alt=\"agya-logo\" width=\"61\" height=\"60\" srcset=\"https:\/\/www.hsu-hh.de\/laft\/wp-content\/uploads\/sites\/671\/2018\/10\/agya-logo-300x294.jpg 300w, https:\/\/www.hsu-hh.de\/laft\/wp-content\/uploads\/sites\/671\/2018\/10\/agya-logo-150x150.jpg 150w, https:\/\/www.hsu-hh.de\/laft\/wp-content\/uploads\/sites\/671\/2018\/10\/agya-logo-100x100.jpg 100w, https:\/\/www.hsu-hh.de\/laft\/wp-content\/uploads\/sites\/671\/2018\/10\/agya-logo.jpg 519w\" sizes=\"auto, (max-width: 61px) 100vw, 61px\" \/> <\/a><a href=\"https:\/\/mobilitygoesadditive.com\" rel='nofollow'><img loading=\"lazy\" decoding=\"async\" class=\"alignnone wp-image-685\" src=\"https:\/\/www.hsu-hh.de\/laft\/wp-content\/uploads\/sites\/671\/2018\/08\/Label-EU-EFRE-300x157.jpg\" alt=\"EU-EFRE\" width=\"115\" height=\"60\" srcset=\"https:\/\/www.hsu-hh.de\/laft\/wp-content\/uploads\/sites\/671\/2018\/08\/Label-EU-EFRE-300x157.jpg 300w, https:\/\/www.hsu-hh.de\/laft\/wp-content\/uploads\/sites\/671\/2018\/08\/Label-EU-EFRE-768x401.jpg 768w, https:\/\/www.hsu-hh.de\/laft\/wp-content\/uploads\/sites\/671\/2018\/08\/Label-EU-EFRE-1024x535.jpg 1024w\" sizes=\"auto, (max-width: 115px) 100vw, 115px\" \/><\/a><\/p>\n<\/div>\n\n\n<p><\/p>\n\n\n\n<p>Das Laboratorium Fertigungstechnik (LaFT) geh\u00f6rt zur Fakult\u00e4t Maschinenbau der Helmut-Schmidt-Universit\u00e4t (<abbr title=\"Helmut Schmidt Universit\u00e4t\">HSU<\/abbr>), Universit\u00e4t der Bundeswehr Hamburg. In enger Kooperation mit forschenden und industriellen Partnern werden Grundlagen, innovative L\u00f6sungsans\u00e4tze und Methoden innerhalb der vier Gebiete Mikroproduktion, Robotik und Automatisierung, Wertsch\u00f6pfungssystematik sowie Neue Technologien und Materialien erforscht und entwickelt. <\/p>\n\n\n\n<p>Zentrale Forschungsthemen der Mikroproduktion sind mikrotechnische Fertigungskonzepte und \u2013einrichtungen als auch Entwicklungsmethoden. Unter anderem wurden in dem SPP1476 kleine modulare Werkzeugmaschinen f\u00fcr kleine Werkst\u00fccke (2010-2016) konzipiert und exemplarisch umgesetzt. <br>In der Robotik und Automatisierung werden Methoden und L\u00f6sungsans\u00e4tze entwickelt, um die Produktivit\u00e4t zu steigern und den Mitarbeiter kontextadaptiv zu unterst\u00fctzen. Hierzu z\u00e4hlen <abbr title=\"unter anderem\">u.a.<\/abbr> aufgaben- und personenangepasste Unterst\u00fctzungssysteme (<abbr title=\"zum Beispiel\">z.B.<\/abbr> Exoskelette), automatisierte Systeml\u00f6sungen zur Montage von <abbr title=\"zum Beispiel\">z.B.<\/abbr> Flugzeugen und Qualit\u00e4tspr\u00fcfung in der Automobilproduktion, die Verfahrensentwicklung f\u00fcr Festphasenf\u00fcgeverfahren als auch Methoden und Modelle zur Produktionsplanung und Technologiebewertung. <br>Seit 2014 erforscht die interdisziplin\u00e4re <abbr title=\"Bundesministerium f\u00fcr Bildung und Forschung\">BMBF<\/abbr>-Nachwuchsforschergruppe smart ASSIST unter Einbezug diverser Nutzergruppen technische, anziehbare Unterst\u00fctzungssysteme f\u00fcr die Produktion und den Alltag. <br>Die interdisziplin\u00e4re Arbeitsgruppe Wertsch\u00f6pfungssystematik befasst sich mit neuen Wertsch\u00f6pfungsmustern (Open Innovation, Open Production), Wissens- und Kooperationsmanagement und kollaborativer Industrialisierung. Im Rahmen von Forschungsprojekten werden <abbr title=\"zum Beispiel\">z.B.<\/abbr> Organisationen und Unternehmen bei der Entwicklung angewandten Wissensmanagements unterst\u00fctzt (<abbr title=\"zum Beispiel\">z.B.<\/abbr> Bundeswehr) und der internationale Technologie- und Wissenstransfer zwischen FabLabs untersucht. <br>Der Bereich Neue Technologien und Materialien umfasst Forschung und diverse Entwicklungen zur additiven Fertigung und zum Leichtbau mittels Verbundwerkstoffen in direkter Kooperation mit dem Composite Technology Center (CTC) von Airbus in Stade, im Rahmen des Arbeitskreises additive Fertigung in der Bundeswehr, im AM-Netzwerk von Airbus und mit weiteren Forschungspartnern wie dem Helmholtz-Zentrum Geesthacht und dem DESY in Hamburg. Zudem hat das LaFT Ende 2016 an der <abbr title=\"Helmut Schmidt Universit\u00e4t\">HSU<\/abbr> eine offene Werkstatt, das OpenLab Hamburg, zum Lernen und Experimentieren unter Anwendung neuer Technologien, <abbr title=\"zum Beispiel\">z.B.<\/abbr> additiver Fertigung, er\u00f6ffnet.<\/p>\n","protected":false},"excerpt":{"rendered":"<p>LaFT Mitgliedschaften und Kooperationspartner: \u00a0 Das Laboratorium Fertigungstechnik (LaFT) geh\u00f6rt zur Fakult\u00e4t Maschinenbau der Helmut-Schmidt-Universit\u00e4t (HSU), Universit\u00e4t der Bundeswehr Hamburg. In enger Kooperation mit forschenden und industriellen Partnern werden Grundlagen, [&hellip;]<\/p>\n","protected":false},"author":1,"featured_media":0,"parent":0,"menu_order":0,"comment_status":"closed","ping_status":"closed","template":"faculty.php","meta":{"footnotes":""},"categories":[35],"tags":[],"class_list":["post-73","page","type-page","status-publish","hentry","category-startseite"],"_links":{"self":[{"href":"https:\/\/www.hsu-hh.de\/laft\/wp-json\/wp\/v2\/pages\/73","targetHints":{"allow":["GET"]}}],"collection":[{"href":"https:\/\/www.hsu-hh.de\/laft\/wp-json\/wp\/v2\/pages"}],"about":[{"href":"https:\/\/www.hsu-hh.de\/laft\/wp-json\/wp\/v2\/types\/page"}],"author":[{"embeddable":true,"href":"https:\/\/www.hsu-hh.de\/laft\/wp-json\/wp\/v2\/users\/1"}],"replies":[{"embeddable":true,"href":"https:\/\/www.hsu-hh.de\/laft\/wp-json\/wp\/v2\/comments?post=73"}],"version-history":[{"count":33,"href":"https:\/\/www.hsu-hh.de\/laft\/wp-json\/wp\/v2\/pages\/73\/revisions"}],"predecessor-version":[{"id":2906,"href":"https:\/\/www.hsu-hh.de\/laft\/wp-json\/wp\/v2\/pages\/73\/revisions\/2906"}],"wp:attachment":[{"href":"https:\/\/www.hsu-hh.de\/laft\/wp-json\/wp\/v2\/media?parent=73"}],"wp:term":[{"taxonomy":"category","embeddable":true,"href":"https:\/\/www.hsu-hh.de\/laft\/wp-json\/wp\/v2\/categories?post=73"},{"taxonomy":"post_tag","embeddable":true,"href":"https:\/\/www.hsu-hh.de\/laft\/wp-json\/wp\/v2\/tags?post=73"}],"curies":[{"name":"wp","href":"https:\/\/api.w.org\/{rel}","templated":true}]}}