{"id":710,"date":"2018-10-24T09:24:51","date_gmt":"2018-10-24T07:24:51","guid":{"rendered":"https:\/\/www.hsu-hh.de\/laft\/?page_id=710"},"modified":"2021-02-10T09:49:56","modified_gmt":"2021-02-10T08:49:56","slug":"sebastian-herzog","status":"publish","type":"page","link":"https:\/\/www.hsu-hh.de\/laft\/mitarbeiter\/sebastian-herzog","title":{"rendered":"Hauptmann d.R. Sebastian Herzog M.Eng."},"content":{"rendered":"<table>\n<tbody>\n<tr>\n<td width=\"137\">Postanschrift<\/td>\n<td width=\"207\">Helmut-Schmidt-Universit\u00e4t<br \/>\nFakult\u00e4t f\u00fcr Maschinenbau<br \/>\nLaboratorium Fertigungstechnik<br \/>\nHolstenhofweg 85<br \/>\n22043 Hamburg<\/td>\n<td rowspan=\"7\" width=\"215\">\u00a0<img loading=\"lazy\" decoding=\"async\" class=\"size-medium wp-image-711 aligncenter\" src=\"https:\/\/www.hsu-hh.de\/laft\/wp-content\/uploads\/sites\/671\/2018\/10\/SebastianHerzog-200x300.jpg\" alt=\"SebastianHerzog\" width=\"200\" height=\"300\" srcset=\"https:\/\/www.hsu-hh.de\/laft\/wp-content\/uploads\/sites\/671\/2018\/10\/SebastianHerzog-200x300.jpg 200w, https:\/\/www.hsu-hh.de\/laft\/wp-content\/uploads\/sites\/671\/2018\/10\/SebastianHerzog-768x1154.jpg 768w, https:\/\/www.hsu-hh.de\/laft\/wp-content\/uploads\/sites\/671\/2018\/10\/SebastianHerzog-682x1024.jpg 682w\" sizes=\"auto, (max-width: 200px) 100vw, 200px\" \/><\/td>\n<\/tr>\n<tr>\n<td width=\"137\">Raum<\/td>\n<td width=\"207\">1262a<\/td>\n<\/tr>\n<tr>\n<td width=\"137\">Geb\u00e4ude<\/td>\n<td width=\"207\">H1<\/td>\n<\/tr>\n<tr>\n<td width=\"137\">Fax<\/td>\n<td width=\"207\">040 &#8211; 6541 &#8211; 2839<\/td>\n<\/tr>\n<tr>\n<td width=\"137\">E-Mail<\/td>\n<td width=\"207\">herzogs@hsu-hh.de<\/td>\n<\/tr>\n<tr>\n<td width=\"137\">Funktion<\/td>\n<td width=\"207\">Wissenschaftlicher Assoziierter<\/td>\n<\/tr>\n<tr>\n<td width=\"137\">Forschungsbereiche<\/td>\n<td width=\"207\">Flexibilisierung von Instandhaltungsprozessen komplexer Investitionsg\u00fcter<\/td>\n<\/tr>\n<\/tbody>\n<\/table>\n","protected":false},"excerpt":{"rendered":"<p>Postanschrift Helmut-Schmidt-Universit\u00e4t Fakult\u00e4t f\u00fcr Maschinenbau Laboratorium Fertigungstechnik Holstenhofweg 85 22043 Hamburg \u00a0 Raum 1262a Geb\u00e4ude H1 Fax 040 &#8211; 6541 &#8211; 2839 E-Mail herzogs@hsu-hh.de Funktion Wissenschaftlicher Assoziierter Forschungsbereiche Flexibilisierung von [&hellip;]<\/p>\n","protected":false},"author":84,"featured_media":0,"parent":1294,"menu_order":0,"comment_status":"closed","ping_status":"closed","template":"","meta":{"footnotes":""},"categories":[8],"tags":[],"class_list":["post-710","page","type-page","status-publish","hentry","category-team"],"_links":{"self":[{"href":"https:\/\/www.hsu-hh.de\/laft\/wp-json\/wp\/v2\/pages\/710","targetHints":{"allow":["GET"]}}],"collection":[{"href":"https:\/\/www.hsu-hh.de\/laft\/wp-json\/wp\/v2\/pages"}],"about":[{"href":"https:\/\/www.hsu-hh.de\/laft\/wp-json\/wp\/v2\/types\/page"}],"author":[{"embeddable":true,"href":"https:\/\/www.hsu-hh.de\/laft\/wp-json\/wp\/v2\/users\/84"}],"replies":[{"embeddable":true,"href":"https:\/\/www.hsu-hh.de\/laft\/wp-json\/wp\/v2\/comments?post=710"}],"version-history":[{"count":9,"href":"https:\/\/www.hsu-hh.de\/laft\/wp-json\/wp\/v2\/pages\/710\/revisions"}],"predecessor-version":[{"id":1001,"href":"https:\/\/www.hsu-hh.de\/laft\/wp-json\/wp\/v2\/pages\/710\/revisions\/1001"}],"up":[{"embeddable":true,"href":"https:\/\/www.hsu-hh.de\/laft\/wp-json\/wp\/v2\/pages\/1294"}],"wp:attachment":[{"href":"https:\/\/www.hsu-hh.de\/laft\/wp-json\/wp\/v2\/media?parent=710"}],"wp:term":[{"taxonomy":"category","embeddable":true,"href":"https:\/\/www.hsu-hh.de\/laft\/wp-json\/wp\/v2\/categories?post=710"},{"taxonomy":"post_tag","embeddable":true,"href":"https:\/\/www.hsu-hh.de\/laft\/wp-json\/wp\/v2\/tags?post=710"}],"curies":[{"name":"wp","href":"https:\/\/api.w.org\/{rel}","templated":true}]}}