{"id":666,"date":"2018-08-28T12:47:13","date_gmt":"2018-08-28T10:47:13","guid":{"rendered":"https:\/\/www.hsu-hh.de\/laft\/?page_id=666"},"modified":"2024-11-18T11:59:30","modified_gmt":"2024-11-18T10:59:30","slug":"marc-mayer","status":"publish","type":"page","link":"https:\/\/www.hsu-hh.de\/laft\/mitarbeiter\/marc-mayer","title":{"rendered":"Marc Mayer M.Sc."},"content":{"rendered":"<div>\n<table>\n<tbody>\n<tr>\n<td width=\"134\">Postanschrift<\/td>\n<td width=\"201\">Helmut-Schmidt-Universit\u00e4t<br \/>\nFakult\u00e4t f\u00fcr Maschinenbau<br \/>\nLaboratorium Fertigungstechnik<br \/>\nHolstenhofweg 85<br \/>\n22043 Hamburg<\/td>\n<td rowspan=\"5\" width=\"269\">|<img loading=\"lazy\" decoding=\"async\" class=\"wp-image-667 aligncenter\" src=\"https:\/\/www.hsu-hh.de\/laft\/wp-content\/uploads\/sites\/671\/2018\/08\/Marc-Mayer-1024x1024.jpg\" alt=\"Marc Mayer\" width=\"493\" height=\"493\" data-credit=\"Marc Mayer\" srcset=\"https:\/\/www.hsu-hh.de\/laft\/wp-content\/uploads\/sites\/671\/2018\/08\/Marc-Mayer-1024x1024.jpg 1024w, https:\/\/www.hsu-hh.de\/laft\/wp-content\/uploads\/sites\/671\/2018\/08\/Marc-Mayer-150x150.jpg 150w, https:\/\/www.hsu-hh.de\/laft\/wp-content\/uploads\/sites\/671\/2018\/08\/Marc-Mayer-300x300.jpg 300w, https:\/\/www.hsu-hh.de\/laft\/wp-content\/uploads\/sites\/671\/2018\/08\/Marc-Mayer-768x768.jpg 768w, https:\/\/www.hsu-hh.de\/laft\/wp-content\/uploads\/sites\/671\/2018\/08\/Marc-Mayer-100x100.jpg 100w\" sizes=\"auto, (max-width: 493px) 100vw, 493px\" \/><\/td>\n<\/tr>\n<tr>\n<td width=\"134\">Telefon<\/td>\n<td width=\"201\">04141 6089989<\/td>\n<\/tr>\n<tr>\n<td width=\"134\">E-Mail<\/td>\n<td width=\"201\">marc.mayer@hsu-hh.de<\/td>\n<\/tr>\n<tr>\n<td width=\"134\">Funktion<\/td>\n<td width=\"201\">EHEMALIGE<\/td>\n<\/tr>\n<tr>\n<td width=\"134\">Forschungsbereiche<\/td>\n<td width=\"201\">LeichtbauFaserverbundwerkstoffe und \u2013technologien<\/p>\n<p>Additive Fertigungsverfahren<\/td>\n<\/tr>\n<tr>\n<td width=\"134\">Publikationen<\/td>\n<td colspan=\"2\" width=\"470\">\n<ul>\n<li>Mayer M.; Buck J.; Fette M.; Kalies G.:<br \/>\n<strong>INNOVATIVE CONCEPT FOR INSERT INTEGRATION IN SMC APPLICATIONS TO INCREASE PULL-OUT FORCES<\/strong><br \/>\nSAMPE neXus: Virtual Event 2021<\/li>\n<li>Mayer M.; Driezen J.; Herrmann A.; Fette M.:<br \/>\n<strong>Additive Manufacturing (AM) \u2013 New Thought-provoking Impulse for Future Concepts and Today&#8217;s Challenges<\/strong><br \/>\nIn: ITHEC 2020, 5th International Conference &amp; Exhibition on Thermoplastic Composites, Bremen, Germany, 13 \u2013 15 October, Typesetting by Trageser <abbr title=\"Gesellschaft mit beschr\u00e4nkter Haftung\">GmbH<\/abbr>, Bremen, Germany, <abbr title=\"International Standard Book Number\">ISBN<\/abbr> 978-3-933339-32-4<\/li>\n<li>Mayer, M.; Buck, J.; Fette, M; B\u00f6nig, R.; Walther, A.<br \/>\n<strong>From offcuts to a high-performance material<\/strong><br \/>\nIn: 130. JEC Composites Magazine 2019, S. 61-63.<\/li>\n<li>Buck, J.; Mayer, M.; Fette, M.; Sch\u00f6nhoff, P.; Sch\u00fctt, M.<br \/>\n<strong>A NEW APPROACH ON THE INTEGRATION OF METALLIC LOAD INTRODUCTION ELEMENTS IN SMC-FOAM-SANDWICH STRUCTURES<\/strong><br \/>\nIn: Proceedings of the SAMPE CHINA 2019 Conference, Peking, China, 2019, pp. 19-26.<\/li>\n<li>Mayer M.; Fette M.; Buck J., Wulfsberg J.; Steffen S.; Walther A.; Keun C.:<br \/>\n<strong>USE OF RECYCLED CARBON FIBERS FOR LIGHTWEIGHT CONSTRUCTION APPLICATIONS WITH HIGH FIRE PROTECTION REQUIREMENTS<\/strong><br \/>\nIn: AST 2019, International Workshop on Aircraft System Technologies,SHAKER VERLAG,\u00a0<abbr title=\"International Standard Book Number\">ISBN<\/abbr>: 978-3-8440-6470-4.<\/li>\n<\/ul>\n<\/td>\n<\/tr>\n<\/tbody>\n<\/table>\n<\/div>\n","protected":false},"excerpt":{"rendered":"<p>Postanschrift Helmut-Schmidt-Universit\u00e4t Fakult\u00e4t f\u00fcr Maschinenbau Laboratorium Fertigungstechnik Holstenhofweg 85 22043 Hamburg | Telefon 04141 6089989 E-Mail marc.mayer@hsu-hh.de Funktion EHEMALIGE Forschungsbereiche LeichtbauFaserverbundwerkstoffe und \u2013technologien Additive Fertigungsverfahren Publikationen Mayer M.; Buck J.; [&hellip;]<\/p>\n","protected":false},"author":84,"featured_media":0,"parent":1294,"menu_order":0,"comment_status":"closed","ping_status":"closed","template":"","meta":{"footnotes":""},"categories":[8],"tags":[],"class_list":["post-666","page","type-page","status-publish","hentry","category-team"],"_links":{"self":[{"href":"https:\/\/www.hsu-hh.de\/laft\/wp-json\/wp\/v2\/pages\/666","targetHints":{"allow":["GET"]}}],"collection":[{"href":"https:\/\/www.hsu-hh.de\/laft\/wp-json\/wp\/v2\/pages"}],"about":[{"href":"https:\/\/www.hsu-hh.de\/laft\/wp-json\/wp\/v2\/types\/page"}],"author":[{"embeddable":true,"href":"https:\/\/www.hsu-hh.de\/laft\/wp-json\/wp\/v2\/users\/84"}],"replies":[{"embeddable":true,"href":"https:\/\/www.hsu-hh.de\/laft\/wp-json\/wp\/v2\/comments?post=666"}],"version-history":[{"count":12,"href":"https:\/\/www.hsu-hh.de\/laft\/wp-json\/wp\/v2\/pages\/666\/revisions"}],"predecessor-version":[{"id":2542,"href":"https:\/\/www.hsu-hh.de\/laft\/wp-json\/wp\/v2\/pages\/666\/revisions\/2542"}],"up":[{"embeddable":true,"href":"https:\/\/www.hsu-hh.de\/laft\/wp-json\/wp\/v2\/pages\/1294"}],"wp:attachment":[{"href":"https:\/\/www.hsu-hh.de\/laft\/wp-json\/wp\/v2\/media?parent=666"}],"wp:term":[{"taxonomy":"category","embeddable":true,"href":"https:\/\/www.hsu-hh.de\/laft\/wp-json\/wp\/v2\/categories?post=666"},{"taxonomy":"post_tag","embeddable":true,"href":"https:\/\/www.hsu-hh.de\/laft\/wp-json\/wp\/v2\/tags?post=666"}],"curies":[{"name":"wp","href":"https:\/\/api.w.org\/{rel}","templated":true}]}}