{"id":626,"date":"2018-08-13T10:33:50","date_gmt":"2018-08-13T08:33:50","guid":{"rendered":"https:\/\/www.hsu-hh.de\/laft\/?page_id=626"},"modified":"2018-08-13T11:45:13","modified_gmt":"2018-08-13T09:45:13","slug":"spp1476","status":"publish","type":"page","link":"https:\/\/www.hsu-hh.de\/laft\/forschung\/spp1476","title":{"rendered":"SPP1476: Kleine Werkzeugmaschinen f\u00fcr kleine Werkst\u00fccke"},"content":{"rendered":"<p>Das LaFT hatte die Sprecherrolle im abgeschlossenen DFG-Schwerpunktprogramm SPP1476 \u201eKleine Werkzeugmaschinen f\u00fcr kleine Werkst\u00fccke\u201c inne (Projektlaufzeit 2010-2016). Im Folgenden finden Sie die wichtigsten Information zum SPP.<img loading=\"lazy\" decoding=\"async\" class=\"size-medium wp-image-635 aligncenter\" src=\"https:\/\/www.hsu-hh.de\/laft\/wp-content\/uploads\/sites\/671\/2018\/08\/HMI_Logo_DEU-300x160.png\" alt=\"SPP1476_Logo_DEU\" width=\"300\" height=\"160\" srcset=\"https:\/\/www.hsu-hh.de\/laft\/wp-content\/uploads\/sites\/671\/2018\/08\/HMI_Logo_DEU-300x160.png 300w, https:\/\/www.hsu-hh.de\/laft\/wp-content\/uploads\/sites\/671\/2018\/08\/HMI_Logo_DEU-768x408.png 768w, https:\/\/www.hsu-hh.de\/laft\/wp-content\/uploads\/sites\/671\/2018\/08\/HMI_Logo_DEU-1024x544.png 1024w\" sizes=\"auto, (max-width: 300px) 100vw, 300px\" \/><\/p>\n<p>Das Schwerpunktprogramm SPP1476 \u201ekleine Werkzeugmaschinen f\u00fcr kleine Werkst\u00fccke\u201c, gef\u00f6rdert von der Deutschen Forschungsgemeinschaft (DFG), setzt sich aus Projekten 18 f\u00fchrender Institute der Produktionstechnik von 13 deutschen Universit\u00e4ten zusammen. \u00dcber den Projektzeitraum von 2010\u20132016 war das Ziel des Schwerpunktprogramms neuartige, gr\u00f6\u00dfenangepasste, modulare Werkzeugmaschinen f\u00fcr die Mikrofertigung verf\u00fcgbar zu machen. In enger\u00a0 Zusammenarbeit wurden an den unterschiedlichen Standorten neuartige Werkzeug- und Vorschubmodule entwickelt, so dass ben\u00f6tigte Maschinen ad hoc und aufgabenorientiert aus den funktionsverschiedenen Modulen integriert und desintegriert werden k\u00f6nnen.<\/p>\n<p>Der Abschlussbericht des SPP1476 wurde als Sammelband bei Springer ver\u00f6ffentlicht: <a href=\"https:\/\/www.springer.com\/de\/book\/9783319492674\" rel='nofollow'>LINK<\/a><\/p>\n<p>Eine Zusammenfassung der Projektinhalte und -ergebnisse ist den folgenden SPP-Flyern zu entnehmen:<\/p>\n<div class=\"col-xs-12 downloads-item\">\n<div class=\"row border-line\">\n<div class=\"thumbnail-area\"><img decoding=\"async\" class=\"download-image\" src=\"\/wp-content\/themes\/hsu\/img\/dummy\/downloads_dummy.png\" alt=\"\" \/><\/div>\n<div class=\"text-area\">SPP1147_Flyer_GER<\/div>\n<div class=\"download-area\"><a class=\"download-link\" href=\"https:\/\/www.hsu-hh.de\/laft\/wp-content\/uploads\/sites\/671\/2018\/08\/SPP1476_Flyer_GER.pdf\"><span class=\"download-name\">pdf laden<\/span><span class=\"donwload-icon\"><img decoding=\"async\" class=\"download-icon\" src=\"\/wp-content\/themes\/hsu\/img\/icons\/download_icon.png\" alt=\"download icon\" \/><\/span><span class=\"download-size\">7 MB<\/span><\/a><\/div>\n<\/div>\n<\/div>\n<div class=\"col-xs-12 downloads-item\">\n<div class=\"row border-line\">\n<div class=\"thumbnail-area\"><img decoding=\"async\" class=\"download-image\" src=\"\/wp-content\/themes\/hsu\/img\/dummy\/downloads_dummy.png\" alt=\"\" \/><\/div>\n<div class=\"text-area\">SPP1147_Flyer_ENG<\/div>\n<div class=\"download-area\"><a class=\"download-link\" href=\"https:\/\/www.hsu-hh.de\/laft\/wp-content\/uploads\/sites\/671\/2018\/08\/SPP1476_Flyer_ENG.pdf\"><span class=\"download-name\">pdf laden<\/span><span class=\"donwload-icon\"><img decoding=\"async\" class=\"download-icon\" src=\"\/wp-content\/themes\/hsu\/img\/icons\/download_icon.png\" alt=\"download icon\" \/><\/span><span class=\"download-size\">7 MB<\/span><\/a><\/div>\n<\/div>\n<\/div>\n<p>Die Zusammenfassung der Publikationen des SPP1476 untergliedert nach den einzelnen Projektpartnern ist dem folgenden Dokument zu entnehmen:<\/p>\n<div class=\"col-xs-12 downloads-item\">\n<div class=\"row border-line\">\n<div class=\"thumbnail-area\"><img decoding=\"async\" class=\"download-image\" src=\"\/wp-content\/themes\/hsu\/img\/dummy\/downloads_dummy.png\" alt=\"\" \/><\/div>\n<div class=\"text-area\">SPP1476_Publikationsverzeichnis<\/div>\n<div class=\"download-area\"><a class=\"download-link\" href=\"https:\/\/www.hsu-hh.de\/laft\/wp-content\/uploads\/sites\/671\/2018\/08\/SPP1476_Publikationsverzeichnis.pdf\"><span class=\"download-name\">pdf laden<\/span><span class=\"donwload-icon\"><img decoding=\"async\" class=\"download-icon\" src=\"\/wp-content\/themes\/hsu\/img\/icons\/download_icon.png\" alt=\"download icon\" \/><\/span><span class=\"download-size\">564 KB<\/span><\/a><\/div>\n<\/div>\n<\/div>\n<p>Projektseite in der GEPRIS-Datenbank der DFG: <a href=\"http:\/\/gepris.dfg.de\/gepris\/projekt\/130334929\" rel='nofollow'>LINK<\/a><\/p>\n<p>Sollten Sie weitere Fragen haben, sprechen Sie uns gerne an: <a href=\"mailto:laft@hsu-hh.de\" rel='nofollow'>E-Mail<\/a><\/p>\n","protected":false},"excerpt":{"rendered":"<p>Das LaFT hatte die Sprecherrolle im abgeschlossenen DFG-Schwerpunktprogramm SPP1476 \u201eKleine Werkzeugmaschinen f\u00fcr kleine Werkst\u00fccke\u201c inne (Projektlaufzeit 2010-2016). Im Folgenden finden Sie die wichtigsten Information zum SPP. Das Schwerpunktprogramm SPP1476 \u201ekleine [&hellip;]<\/p>\n","protected":false},"author":84,"featured_media":0,"parent":111,"menu_order":0,"comment_status":"closed","ping_status":"closed","template":"","meta":{"footnotes":""},"categories":[4],"tags":[],"class_list":["post-626","page","type-page","status-publish","hentry","category-forschung"],"_links":{"self":[{"href":"https:\/\/www.hsu-hh.de\/laft\/wp-json\/wp\/v2\/pages\/626","targetHints":{"allow":["GET"]}}],"collection":[{"href":"https:\/\/www.hsu-hh.de\/laft\/wp-json\/wp\/v2\/pages"}],"about":[{"href":"https:\/\/www.hsu-hh.de\/laft\/wp-json\/wp\/v2\/types\/page"}],"author":[{"embeddable":true,"href":"https:\/\/www.hsu-hh.de\/laft\/wp-json\/wp\/v2\/users\/84"}],"replies":[{"embeddable":true,"href":"https:\/\/www.hsu-hh.de\/laft\/wp-json\/wp\/v2\/comments?post=626"}],"version-history":[{"count":6,"href":"https:\/\/www.hsu-hh.de\/laft\/wp-json\/wp\/v2\/pages\/626\/revisions"}],"predecessor-version":[{"id":643,"href":"https:\/\/www.hsu-hh.de\/laft\/wp-json\/wp\/v2\/pages\/626\/revisions\/643"}],"up":[{"embeddable":true,"href":"https:\/\/www.hsu-hh.de\/laft\/wp-json\/wp\/v2\/pages\/111"}],"wp:attachment":[{"href":"https:\/\/www.hsu-hh.de\/laft\/wp-json\/wp\/v2\/media?parent=626"}],"wp:term":[{"taxonomy":"category","embeddable":true,"href":"https:\/\/www.hsu-hh.de\/laft\/wp-json\/wp\/v2\/categories?post=626"},{"taxonomy":"post_tag","embeddable":true,"href":"https:\/\/www.hsu-hh.de\/laft\/wp-json\/wp\/v2\/tags?post=626"}],"curies":[{"name":"wp","href":"https:\/\/api.w.org\/{rel}","templated":true}]}}